{"id":3730,"date":"2022-08-24T13:56:05","date_gmt":"2022-08-24T05:56:05","guid":{"rendered":"https:\/\/limegreen-okapi-448594.hostingersite.com\/?post_type=product&#038;p=3730"},"modified":"2022-09-05T10:43:35","modified_gmt":"2022-09-05T02:43:35","slug":"boiler-accident-drain-valve","status":"publish","type":"product","link":"https:\/\/raymonvalve.com\/de\/produkt\/boiler-accident-drain-valve\/","title":{"rendered":"Absperrventil f\u00fcr Kessel-St\u00f6rfallentleerung"},"content":{"rendered":"<p>Es kann f\u00fcr gro\u00dfe und mittelgro\u00dfe Generatoren verwendet werden, um den Fl\u00fcssigkeitsstand der Kesselglocke im angegebenen Bereich zu regeln. Es ist eines der Schl\u00fcsselventile in W\u00e4rmekraftwerken. Es kann auch manuell gesteuert und als Hochdruck-Differenzabsperrventil verwendet werden. Es kann auch in Erd\u00f6l- und chemischen Systemen verwendet werden. Regelt Fl\u00fcssigkeiten mit hohem Differenzdruck.<\/p>\n<p>Technische Daten:<\/p>\n<p>-DN:50-100<br \/>\n-Druck: PN250-420<br \/>\nANSI Klasse 900-2500<br \/>\n-Anschlussnorm: RF, RJ, BW, Linsendichtung -Temperatur: -20~+420\u2103 -Str\u00f6mungscharakteristik: Schalten zwei Positionen -Leckage: Klasse IV<\/p>\n<p>Werkstoff:<\/p>\n<p>-Ventilk\u00f6rper: 20# Schmiedeteil<br \/>\n\u2013 Innengarnitur: nitriergeh\u00e4rteter Edelstahl<\/p>\n<p>Optional:<\/p>\n<p>keine<\/p>\n<p>Eigenschaften:<\/p>\n<p>-Schmiedeteil, Winkelbauform, Z-Ventilk\u00f6rper<br \/>\n-Die Fl\u00fcssigkeit wird schrittweise entspannt, und die Str\u00f6mungsrichtung der Fl\u00fcssigkeit \u00e4ndert sich kontinuierlich. Erh\u00f6ht den Str\u00f6mungswiderstand, regelt die Durchflussrate und verhindert Kavitationssch\u00e4den an der Fl\u00fcssigkeit. Die zul\u00e4ssige Druckdifferenz im Ventil betr\u00e4gt 25 MPa<br \/>\n-Mehrstufiges Drosselungsdesign<br \/>\n-Die Drosselfl\u00e4che ist von der Dichtfl\u00e4che getrennt, und die Oberfl\u00e4che ist mit einem verschlei\u00dffesten Design f\u00fcr Feststoffpartikel geh\u00e4rtet<\/p>","protected":false},"excerpt":{"rendered":"<p>Es kann f\u00fcr gro\u00dfe und mittelgro\u00dfe Generatoren verwendet werden, um den Fl\u00fcssigkeitsstand der Kesselglocke im angegebenen Bereich zu regeln. Es ist eines der Schl\u00fcsselventile in W\u00e4rmekraftwerken. Es kann auch manuell gesteuert und als Hochdruck-Differenzabsperrventil verwendet werden. Es kann auch in Erd\u00f6l- und chemischen Systemen verwendet werden. Regelt Fl\u00fcssigkeiten mit hohem Differenzdruck.<\/p>","protected":false},"featured_media":3731,"comment_status":"open","ping_status":"closed","template":"","meta":{"site-sidebar-layout":"default","site-content-layout":"default","ast-site-content-layout":"default","site-content-style":"default","site-sidebar-style":"default","ast-global-header-display":"","ast-banner-title-visibility":"","ast-main-header-display":"","ast-hfb-above-header-display":"","ast-hfb-below-header-display":"","ast-hfb-mobile-header-display":"","site-post-title":"","ast-breadcrumbs-content":"","ast-featured-img":"","footer-sml-layout":"","ast-disable-related-posts":"","theme-transparent-header-meta":"default","adv-header-id-meta":"","stick-header-meta":"default","header-above-stick-meta":"","header-main-stick-meta":"","header-below-stick-meta":"","astra-migrate-meta-layouts":"default","ast-page-background-enabled":"default","ast-page-background-meta":{"desktop":{"background-color":"","background-image":"","background-repeat":"repeat","background-position":"center center","background-size":"auto","background-attachment":"scroll","background-type":"","background-media":"","overlay-type":"","overlay-color":"","overlay-opacity":"","overlay-gradient":""},"tablet":{"background-color":"","background-image":"","background-repeat":"repeat","background-position":"center center","background-size":"auto","background-attachment":"scroll","background-type":"","background-media":"","overlay-type":"","overlay-color":"","overlay-opacity":"","overlay-gradient":""},"mobile":{"background-color":"","background-image":"","background-repeat":"repeat","background-position":"center center","background-size":"auto","background-attachment":"scroll","background-type":"","background-media":"","overlay-type":"","overlay-color":"","overlay-opacity":"","overlay-gradient":""}},"ast-content-background-meta":{"desktop":{"background-color":"var(--ast-global-color-5)","background-image":"","background-repeat":"repeat","background-position":"center center","background-size":"auto","background-attachment":"scroll","background-type":"","background-media":"","overlay-type":"","overlay-color":"","overlay-opacity":"","overlay-gradient":""},"tablet":{"background-color":"var(--ast-global-color-5)","background-image":"","background-repeat":"repeat","background-position":"center center","background-size":"auto","background-attachment":"scroll","background-type":"","background-media":"","overlay-type":"","overlay-color":"","overlay-opacity":"","overlay-gradient":""},"mobile":{"background-color":"var(--ast-global-color-5)","background-image":"","background-repeat":"repeat","background-position":"center center","background-size":"auto","background-attachment":"scroll","background-type":"","background-media":"","overlay-type":"","overlay-color":"","overlay-opacity":"","overlay-gradient":""}}},"product_brand":[],"product_cat":[178,196,297],"product_tag":[],"class_list":{"0":"post-3730","1":"product","2":"type-product","3":"status-publish","4":"has-post-thumbnail","6":"product_cat-control-valves","7":"product_cat-power-station-valve","8":"product_cat-power-station-high-differential-pressure-control-valve","9":"desktop-align-left","10":"tablet-align-left","11":"mobile-align-left","12":"ast-product-gallery-layout-horizontal-slider","13":"ast-product-gallery-with-no-image","14":"ast-product-tabs-layout-horizontal","15":"ast-qv-on-image","17":"first","18":"instock","19":"shipping-taxable","20":"product-type-simple"},"_links":{"self":[{"href":"https:\/\/raymonvalve.com\/de\/wp-json\/wp\/v2\/product\/3730","targetHints":{"allow":["GET"]}}],"collection":[{"href":"https:\/\/raymonvalve.com\/de\/wp-json\/wp\/v2\/product"}],"about":[{"href":"https:\/\/raymonvalve.com\/de\/wp-json\/wp\/v2\/types\/product"}],"replies":[{"embeddable":true,"href":"https:\/\/raymonvalve.com\/de\/wp-json\/wp\/v2\/comments?post=3730"}],"wp:featuredmedia":[{"embeddable":true,"href":"https:\/\/raymonvalve.com\/de\/wp-json\/wp\/v2\/media\/3731"}],"wp:attachment":[{"href":"https:\/\/raymonvalve.com\/de\/wp-json\/wp\/v2\/media?parent=3730"}],"wp:term":[{"taxonomy":"product_brand","embeddable":true,"href":"https:\/\/raymonvalve.com\/de\/wp-json\/wp\/v2\/product_brand?post=3730"},{"taxonomy":"product_cat","embeddable":true,"href":"https:\/\/raymonvalve.com\/de\/wp-json\/wp\/v2\/product_cat?post=3730"},{"taxonomy":"product_tag","embeddable":true,"href":"https:\/\/raymonvalve.com\/de\/wp-json\/wp\/v2\/product_tag?post=3730"}],"curies":[{"name":"wp","href":"https:\/\/api.w.org\/{rel}","templated":true}]}}