{"id":3734,"date":"2022-08-24T14:05:12","date_gmt":"2022-08-24T06:05:12","guid":{"rendered":"https:\/\/limegreen-okapi-448594.hostingersite.com\/?post_type=product&#038;p=3734"},"modified":"2022-09-05T10:33:29","modified_gmt":"2022-09-05T02:33:29","slug":"liquid-nitrogen-control-valve","status":"publish","type":"product","link":"https:\/\/raymonvalve.com\/de\/produkt\/liquid-nitrogen-control-valve\/","title":{"rendered":"Regelventil f\u00fcr Fl\u00fcssigstickstoff"},"content":{"rendered":"<p>Es ist haupts\u00e4chlich f\u00fcr das Synthese-Ammoniak-Projekt konzipiert. Es wird im Steuersystem des Ammoniakabscheiders und des Kondensators verwendet, um den Fl\u00fcssigkeitsstand von fl\u00fcssigem Ammoniak bei normaler Temperatur und hohem Druck zu steuern. Es ist eines der wichtigsten Regelventile des Synthese-Ammoniak-Projekts. Es wird auch h\u00e4ufig in der Erd\u00f6l- und Chemieindustrie zur Steuerung des Durchflusses von Fl\u00fcssigkeiten mit hohem Druckabfall eingesetzt.<\/p>\n<p>Technische Daten:<\/p>\n<p>-DN: 15-50<br \/>\n-Druck: PN250-420<br \/>\nANSI Klasse 1500-2500<br \/>\n-Anschlussnorm: RF, RJ, BW, Linsenscheibe -Temperatur: -17~+230\u2103 -Str\u00f6mungscharakteristik: Linear -Leckage: Klasse IV<\/p>\n<p>Werkstoff:<\/p>\n<p>-Geh\u00e4use: Schmiede 25, Schmiede 1Cr18Ni9<br \/>\nSchmiede 0Cr17Ni12Mo2<br \/>\n\u2013 Innengarnitur: Schmiede 9Cr18MoV+N Schmiede 1Cr18Ni9<br \/>\nSchmiede 00Cr17Ni12Mo2+N<\/p>\n<p>Optional:<\/p>\n<p>keine<\/p>\n<p>Eigenschaften:<\/p>\n<p>\u2013 Guss gerade, Winkel oder Schmiede gerade, Winkel Geh\u00e4use<br \/>\n-Mehrstufige Labyrinth-Drosselung des Fluidkanals, st\u00e4ndige \u00c4nderung der Fluidrichtung, Kontrolle der Fluidgeschwindigkeit, Verhinderung von Kavitationssch\u00e4den und Erm\u00f6glichung von Differenzdr\u00fccken bis zu 30 MPa<br \/>\n-Das Ventilgeh\u00e4use verf\u00fcgt \u00fcber ein selbstabdichtendes Konstruktionsdesign<br \/>\n-Alle Innengarnituren (Trims) k\u00f6nnen schnell demontiert werden<br \/>\n-Die Verbindungsteile sind mit schwimmender Verbindung ausgelegt<\/p>","protected":false},"excerpt":{"rendered":"<p>Es ist haupts\u00e4chlich f\u00fcr das Synthese-Ammoniak-Projekt konzipiert. Es wird im Steuersystem des Ammoniakabscheiders und des Kondensators verwendet, um den Fl\u00fcssigkeitsstand von fl\u00fcssigem Ammoniak bei normaler Temperatur und hohem Druck zu steuern. Es ist eines der wichtigsten Regelventile des Synthese-Ammoniak-Projekts. Es wird auch h\u00e4ufig in der Erd\u00f6l- und Chemieindustrie zur Steuerung des Durchflusses von Fl\u00fcssigkeiten mit hohem Druckabfall eingesetzt.<\/p>","protected":false},"featured_media":3738,"comment_status":"open","ping_status":"closed","template":"","meta":{"site-sidebar-layout":"default","site-content-layout":"default","ast-site-content-layout":"default","site-content-style":"default","site-sidebar-style":"default","ast-global-header-display":"","ast-banner-title-visibility":"","ast-main-header-display":"","ast-hfb-above-header-display":"","ast-hfb-below-header-display":"","ast-hfb-mobile-header-display":"","site-post-title":"","ast-breadcrumbs-content":"","ast-featured-img":"","footer-sml-layout":"","ast-disable-related-posts":"","theme-transparent-header-meta":"default","adv-header-id-meta":"","stick-header-meta":"default","header-above-stick-meta":"","header-main-stick-meta":"","header-below-stick-meta":"","astra-migrate-meta-layouts":"default","ast-page-background-enabled":"default","ast-page-background-meta":{"desktop":{"background-color":"","background-image":"","background-repeat":"repeat","background-position":"center center","background-size":"auto","background-attachment":"scroll","background-type":"","background-media":"","overlay-type":"","overlay-color":"","overlay-opacity":"","overlay-gradient":""},"tablet":{"background-color":"","background-image":"","background-repeat":"repeat","background-position":"center center","background-size":"auto","background-attachment":"scroll","background-type":"","background-media":"","overlay-type":"","overlay-color":"","overlay-opacity":"","overlay-gradient":""},"mobile":{"background-color":"","background-image":"","background-repeat":"repeat","background-position":"center center","background-size":"auto","background-attachment":"scroll","background-type":"","background-media":"","overlay-type":"","overlay-color":"","overlay-opacity":"","overlay-gradient":""}},"ast-content-background-meta":{"desktop":{"background-color":"var(--ast-global-color-5)","background-image":"","background-repeat":"repeat","background-position":"center center","background-size":"auto","background-attachment":"scroll","background-type":"","background-media":"","overlay-type":"","overlay-color":"","overlay-opacity":"","overlay-gradient":""},"tablet":{"background-color":"var(--ast-global-color-5)","background-image":"","background-repeat":"repeat","background-position":"center center","background-size":"auto","background-attachment":"scroll","background-type":"","background-media":"","overlay-type":"","overlay-color":"","overlay-opacity":"","overlay-gradient":""},"mobile":{"background-color":"var(--ast-global-color-5)","background-image":"","background-repeat":"repeat","background-position":"center center","background-size":"auto","background-attachment":"scroll","background-type":"","background-media":"","overlay-type":"","overlay-color":"","overlay-opacity":"","overlay-gradient":""}}},"product_brand":[],"product_cat":[178,196,297],"product_tag":[],"class_list":{"0":"post-3734","1":"product","2":"type-product","3":"status-publish","4":"has-post-thumbnail","6":"product_cat-control-valves","7":"product_cat-power-station-valve","8":"product_cat-power-station-high-differential-pressure-control-valve","9":"desktop-align-left","10":"tablet-align-left","11":"mobile-align-left","12":"ast-product-gallery-layout-horizontal-slider","13":"ast-product-gallery-with-no-image","14":"ast-product-tabs-layout-horizontal","15":"ast-qv-on-image","17":"first","18":"instock","19":"shipping-taxable","20":"product-type-simple"},"_links":{"self":[{"href":"https:\/\/raymonvalve.com\/de\/wp-json\/wp\/v2\/product\/3734","targetHints":{"allow":["GET"]}}],"collection":[{"href":"https:\/\/raymonvalve.com\/de\/wp-json\/wp\/v2\/product"}],"about":[{"href":"https:\/\/raymonvalve.com\/de\/wp-json\/wp\/v2\/types\/product"}],"replies":[{"embeddable":true,"href":"https:\/\/raymonvalve.com\/de\/wp-json\/wp\/v2\/comments?post=3734"}],"wp:featuredmedia":[{"embeddable":true,"href":"https:\/\/raymonvalve.com\/de\/wp-json\/wp\/v2\/media\/3738"}],"wp:attachment":[{"href":"https:\/\/raymonvalve.com\/de\/wp-json\/wp\/v2\/media?parent=3734"}],"wp:term":[{"taxonomy":"product_brand","embeddable":true,"href":"https:\/\/raymonvalve.com\/de\/wp-json\/wp\/v2\/product_brand?post=3734"},{"taxonomy":"product_cat","embeddable":true,"href":"https:\/\/raymonvalve.com\/de\/wp-json\/wp\/v2\/product_cat?post=3734"},{"taxonomy":"product_tag","embeddable":true,"href":"https:\/\/raymonvalve.com\/de\/wp-json\/wp\/v2\/product_tag?post=3734"}],"curies":[{"name":"wp","href":"https:\/\/api.w.org\/{rel}","templated":true}]}}