{"id":3740,"date":"2022-08-24T14:18:05","date_gmt":"2022-08-24T06:18:05","guid":{"rendered":"https:\/\/limegreen-okapi-448594.hostingersite.com\/?post_type=product&#038;p=3740"},"modified":"2022-09-05T10:26:02","modified_gmt":"2022-09-05T02:26:02","slug":"boiler-feed-pump-minimum-circulating-flow-control-valve","status":"publish","type":"product","link":"https:\/\/raymonvalve.com\/de\/produkt\/boiler-feed-pump-minimum-circulating-flow-control-valve\/","title":{"rendered":"Regelventil f\u00fcr minimale Umw\u00e4lzleistung der Speisewasserpumpe im Kessel"},"content":{"rendered":"<p>Die Zwei-Positionsschaltfunktion wird haupts\u00e4chlich im Wasserversorgungssystem von gro\u00dfen Generatoraggregaten eingesetzt. Es ist eine wichtige Ausr\u00fcstung zur Verhinderung der Verdampfung der Speisewasserpumpe und eines der wichtigsten Regelventile im Kraftwerk. Es wird auch h\u00e4ufig in der Erd\u00f6l-, Chemie- und anderen Hochdruck-Differenz-Zwei-Positionen-Regelung eingesetzt.<\/p>\n<p>Technische Daten:<\/p>\n<p>-DN:80-200<br \/>\n-Druck: PN64-420<br \/>\nANSI Klasse 900-2500<br \/>\n-Anschlussnorm: RF, RJ, BW, Linsendichtung -Temperatur: -17\u2103~+300\u2103 -Str\u00f6mungscharakteristik: schaltende Zwei-Positionen -Leckage: Klasse IV<\/p>\n<p>Werkstoff:<\/p>\n<p>-Ventilk\u00f6rper: 20# Schmiedeteil<br \/>\n\u2013 Innengarnitur: nitriergeh\u00e4rteter Edelstahl<\/p>\n<p>Optional:<\/p>\n<p>keine<\/p>\n<p>Eigenschaften:<\/p>\n<p>\u2013 Guss- oder Schmiedek\u00f6rper, gerade oder winklig<br \/>\n-H\u00fclsenteile k\u00f6nnen ausgewogen oder unausgewogen sein<br \/>\n-Die Drosselfl\u00e4che ist von der Dichtfl\u00e4che getrennt, und die Oberfl\u00e4chen des Ventilkegels, der Ventilkegelh\u00fclse und des Drosselteils werden einer Ammoniak-Infiltrationsh\u00e4rtung unterzogen<br \/>\n-Mehrstufige Labyrinth-Drosselung des Fluidkanals, st\u00e4ndige \u00c4nderung der Fluidrichtung, Kontrolle der Fluidgeschwindigkeit, Verhinderung von Kavitationssch\u00e4den und Erm\u00f6glichung von Differenzdr\u00fccken bis zu 30 MPa<br \/>\n-Alle Innengarnituren (Trims) k\u00f6nnen schnell demontiert werden<\/p>","protected":false},"excerpt":{"rendered":"<p>Die Zwei-Positionsschaltfunktion wird haupts\u00e4chlich im Wasserversorgungssystem von gro\u00dfen Generatoraggregaten eingesetzt. Es ist eine wichtige Ausr\u00fcstung zur Verhinderung der Verdampfung der Speisewasserpumpe und eines der wichtigsten Regelventile im Kraftwerk. Es wird auch h\u00e4ufig in der Erd\u00f6l-, Chemie- und anderen Hochdruck-Differenz-Zwei-Positionen-Regelung eingesetzt.<\/p>","protected":false},"featured_media":3741,"comment_status":"open","ping_status":"closed","template":"","meta":{"site-sidebar-layout":"default","site-content-layout":"default","ast-site-content-layout":"default","site-content-style":"default","site-sidebar-style":"default","ast-global-header-display":"","ast-banner-title-visibility":"","ast-main-header-display":"","ast-hfb-above-header-display":"","ast-hfb-below-header-display":"","ast-hfb-mobile-header-display":"","site-post-title":"","ast-breadcrumbs-content":"","ast-featured-img":"","footer-sml-layout":"","ast-disable-related-posts":"","theme-transparent-header-meta":"default","adv-header-id-meta":"","stick-header-meta":"default","header-above-stick-meta":"","header-main-stick-meta":"","header-below-stick-meta":"","astra-migrate-meta-layouts":"default","ast-page-background-enabled":"default","ast-page-background-meta":{"desktop":{"background-color":"","background-image":"","background-repeat":"repeat","background-position":"center center","background-size":"auto","background-attachment":"scroll","background-type":"","background-media":"","overlay-type":"","overlay-color":"","overlay-opacity":"","overlay-gradient":""},"tablet":{"background-color":"","background-image":"","background-repeat":"repeat","background-position":"center center","background-size":"auto","background-attachment":"scroll","background-type":"","background-media":"","overlay-type":"","overlay-color":"","overlay-opacity":"","overlay-gradient":""},"mobile":{"background-color":"","background-image":"","background-repeat":"repeat","background-position":"center center","background-size":"auto","background-attachment":"scroll","background-type":"","background-media":"","overlay-type":"","overlay-color":"","overlay-opacity":"","overlay-gradient":""}},"ast-content-background-meta":{"desktop":{"background-color":"var(--ast-global-color-5)","background-image":"","background-repeat":"repeat","background-position":"center center","background-size":"auto","background-attachment":"scroll","background-type":"","background-media":"","overlay-type":"","overlay-color":"","overlay-opacity":"","overlay-gradient":""},"tablet":{"background-color":"var(--ast-global-color-5)","background-image":"","background-repeat":"repeat","background-position":"center center","background-size":"auto","background-attachment":"scroll","background-type":"","background-media":"","overlay-type":"","overlay-color":"","overlay-opacity":"","overlay-gradient":""},"mobile":{"background-color":"var(--ast-global-color-5)","background-image":"","background-repeat":"repeat","background-position":"center center","background-size":"auto","background-attachment":"scroll","background-type":"","background-media":"","overlay-type":"","overlay-color":"","overlay-opacity":"","overlay-gradient":""}}},"product_brand":[],"product_cat":[178,196,297],"product_tag":[],"class_list":{"0":"post-3740","1":"product","2":"type-product","3":"status-publish","4":"has-post-thumbnail","6":"product_cat-control-valves","7":"product_cat-power-station-valve","8":"product_cat-power-station-high-differential-pressure-control-valve","9":"desktop-align-left","10":"tablet-align-left","11":"mobile-align-left","12":"ast-product-gallery-layout-horizontal-slider","13":"ast-product-gallery-with-no-image","14":"ast-product-tabs-layout-horizontal","15":"ast-qv-on-image","17":"first","18":"instock","19":"shipping-taxable","20":"product-type-simple"},"_links":{"self":[{"href":"https:\/\/raymonvalve.com\/de\/wp-json\/wp\/v2\/product\/3740","targetHints":{"allow":["GET"]}}],"collection":[{"href":"https:\/\/raymonvalve.com\/de\/wp-json\/wp\/v2\/product"}],"about":[{"href":"https:\/\/raymonvalve.com\/de\/wp-json\/wp\/v2\/types\/product"}],"replies":[{"embeddable":true,"href":"https:\/\/raymonvalve.com\/de\/wp-json\/wp\/v2\/comments?post=3740"}],"wp:featuredmedia":[{"embeddable":true,"href":"https:\/\/raymonvalve.com\/de\/wp-json\/wp\/v2\/media\/3741"}],"wp:attachment":[{"href":"https:\/\/raymonvalve.com\/de\/wp-json\/wp\/v2\/media?parent=3740"}],"wp:term":[{"taxonomy":"product_brand","embeddable":true,"href":"https:\/\/raymonvalve.com\/de\/wp-json\/wp\/v2\/product_brand?post=3740"},{"taxonomy":"product_cat","embeddable":true,"href":"https:\/\/raymonvalve.com\/de\/wp-json\/wp\/v2\/product_cat?post=3740"},{"taxonomy":"product_tag","embeddable":true,"href":"https:\/\/raymonvalve.com\/de\/wp-json\/wp\/v2\/product_tag?post=3740"}],"curies":[{"name":"wp","href":"https:\/\/api.w.org\/{rel}","templated":true}]}}