{"id":3751,"date":"2022-08-24T15:09:40","date_gmt":"2022-08-24T07:09:40","guid":{"rendered":"https:\/\/limegreen-okapi-448594.hostingersite.com\/?post_type=product&#038;p=3751"},"modified":"2022-09-05T10:11:23","modified_gmt":"2022-09-05T02:11:23","slug":"high-temperature-and-high-pressure-electric-control-valve","status":"publish","type":"product","link":"https:\/\/raymonvalve.com\/de\/produkt\/high-temperature-and-high-pressure-electric-control-valve\/","title":{"rendered":"Hochtemperatur- und Hochdruck-Elektroregelventil"},"content":{"rendered":"<p>Es besteht aus einem elektronischen Stellantrieb der Serie 381 und einem H\u00fclsenregelventil mit geringem Durchflusswiderstand. Es kann alle Arten von Hochtemperatur-, Niedrigfeuchte- und Hochdruckfluiden regeln und ist ein druckausgeglichenes Regelventil. Der Stellantrieb der Serie 381 verf\u00fcgt \u00fcber einen integrierten elektronischen Controller-Modulmechanismus, ben\u00f6tigt keinen Servoverst\u00e4rker und hat eine gro\u00dfe Ausgangskraft; es ist eine neue Generation von Universal-Regelventilprodukten, die den IEC-Standard erf\u00fcllen.<\/p>\n<p>Technische Daten:<\/p>\n<p>-DN: 25-200<br \/>\n-Druck: PN16-420<br \/>\nANSI Klasse 150-2500<br \/>\n\u2013 Anschlussstandard: GB, DIN, ANSI JIS, usw. \u2013 Temperatur: -20~550\u2103<br \/>\n\u2013 Durchflusscharakteristik: schnell \u00f6ffnend, linear, gleichprozentig \u2013 Leckage: Klasse II, Klasse V<\/p>\n<p>Werkstoff:<\/p>\n<p>-Geh\u00e4use, Haube: Kohlenstoffstahl, Chrom-Molybd\u00e4n-Stahl, Edelstahl -Spule, K\u00e4fig: Edelstahl<br \/>\n\u2013 Packung: PTFE, flexible Graphite<\/p>\n<p>Optional:<\/p>\n<p>\u2013 \u00d6lfreie Entfettungsbehandlung<\/p>\n<p>Eigenschaften:<\/p>\n<p>\u2013 Die Struktur des Ventilkerns ist ausgewogen, die axiale Unwuchtkraft ist gering, die zul\u00e4ssige Druckdifferenz ist gro\u00df und die Stabilit\u00e4t ist gut.<br \/>\n\u2013 Gro\u00dfe Spulenf\u00fchrungsfl\u00e4che verbessert Schwingungen, die durch Wirbelstr\u00f6me und St\u00f6\u00dfe verursacht werden, und reduziert Sch\u00e4den.<br \/>\n-Das Ger\u00e4usch wird im Vergleich zu gew\u00f6hnlichen Einzel- und Doppelsitz-Regelventilen um etwa 10 dB reduziert. Die Drahtt\u00fcr hat eine einfache Struktur und ist leicht zu montieren, zu demontieren und zu warten.<br \/>\n-Das -Min-Geh\u00e4use ist integral geschmiedet und bietet eine zuverl\u00e4ssige Leistung.<br \/>\n-Das Ventilk\u00f6rperdesign basiert auf den Prinzipien der Str\u00f6mungsmechanik und zeichnet sich durch einen geringen Durchflusswiderstand mit gleichem Querschnitt und einen gro\u00dfen Einstellbereich aus.<\/p>","protected":false},"excerpt":{"rendered":"<p>Es besteht aus einem elektronischen Stellantrieb der Serie 381 und einem H\u00fclsenregelventil mit geringem Durchflusswiderstand. Es kann alle Arten von Hochtemperatur-, Niedrigfeuchte- und Hochdruckfluiden regeln und ist ein druckausgeglichenes Regelventil. Der Stellantrieb der Serie 381 verf\u00fcgt \u00fcber einen integrierten elektronischen Controller-Modulmechanismus, ben\u00f6tigt keinen Servoverst\u00e4rker und hat eine gro\u00dfe Ausgangskraft; es ist eine neue Generation von Universal-Regelventilprodukten, die den IEC-Standard erf\u00fcllen.<\/p>","protected":false},"featured_media":3757,"comment_status":"open","ping_status":"closed","template":"","meta":{"site-sidebar-layout":"default","site-content-layout":"default","ast-site-content-layout":"default","site-content-style":"default","site-sidebar-style":"default","ast-global-header-display":"","ast-banner-title-visibility":"","ast-main-header-display":"","ast-hfb-above-header-display":"","ast-hfb-below-header-display":"","ast-hfb-mobile-header-display":"","site-post-title":"","ast-breadcrumbs-content":"","ast-featured-img":"","footer-sml-layout":"","ast-disable-related-posts":"","theme-transparent-header-meta":"default","adv-header-id-meta":"","stick-header-meta":"default","header-above-stick-meta":"","header-main-stick-meta":"","header-below-stick-meta":"","astra-migrate-meta-layouts":"default","ast-page-background-enabled":"default","ast-page-background-meta":{"desktop":{"background-color":"","background-image":"","background-repeat":"repeat","background-position":"center center","background-size":"auto","background-attachment":"scroll","background-type":"","background-media":"","overlay-type":"","overlay-color":"","overlay-opacity":"","overlay-gradient":""},"tablet":{"background-color":"","background-image":"","background-repeat":"repeat","background-position":"center center","background-size":"auto","background-attachment":"scroll","background-type":"","background-media":"","overlay-type":"","overlay-color":"","overlay-opacity":"","overlay-gradient":""},"mobile":{"background-color":"","background-image":"","background-repeat":"repeat","background-position":"center center","background-size":"auto","background-attachment":"scroll","background-type":"","background-media":"","overlay-type":"","overlay-color":"","overlay-opacity":"","overlay-gradient":""}},"ast-content-background-meta":{"desktop":{"background-color":"var(--ast-global-color-5)","background-image":"","background-repeat":"repeat","background-position":"center center","background-size":"auto","background-attachment":"scroll","background-type":"","background-media":"","overlay-type":"","overlay-color":"","overlay-opacity":"","overlay-gradient":""},"tablet":{"background-color":"var(--ast-global-color-5)","background-image":"","background-repeat":"repeat","background-position":"center center","background-size":"auto","background-attachment":"scroll","background-type":"","background-media":"","overlay-type":"","overlay-color":"","overlay-opacity":"","overlay-gradient":""},"mobile":{"background-color":"var(--ast-global-color-5)","background-image":"","background-repeat":"repeat","background-position":"center center","background-size":"auto","background-attachment":"scroll","background-type":"","background-media":"","overlay-type":"","overlay-color":"","overlay-opacity":"","overlay-gradient":""}}},"product_brand":[],"product_cat":[178,311,196,297],"product_tag":[],"class_list":{"0":"post-3751","1":"product","2":"type-product","3":"status-publish","4":"has-post-thumbnail","6":"product_cat-control-valves","7":"product_cat-high-temperature-and-high-pressure-valve","8":"product_cat-power-station-valve","9":"product_cat-power-station-high-differential-pressure-control-valve","10":"desktop-align-left","11":"tablet-align-left","12":"mobile-align-left","13":"ast-product-gallery-layout-horizontal-slider","14":"ast-product-gallery-with-no-image","15":"ast-product-tabs-layout-horizontal","16":"ast-qv-on-image","18":"first","19":"instock","20":"shipping-taxable","21":"product-type-simple"},"_links":{"self":[{"href":"https:\/\/raymonvalve.com\/de\/wp-json\/wp\/v2\/product\/3751","targetHints":{"allow":["GET"]}}],"collection":[{"href":"https:\/\/raymonvalve.com\/de\/wp-json\/wp\/v2\/product"}],"about":[{"href":"https:\/\/raymonvalve.com\/de\/wp-json\/wp\/v2\/types\/product"}],"replies":[{"embeddable":true,"href":"https:\/\/raymonvalve.com\/de\/wp-json\/wp\/v2\/comments?post=3751"}],"wp:featuredmedia":[{"embeddable":true,"href":"https:\/\/raymonvalve.com\/de\/wp-json\/wp\/v2\/media\/3757"}],"wp:attachment":[{"href":"https:\/\/raymonvalve.com\/de\/wp-json\/wp\/v2\/media?parent=3751"}],"wp:term":[{"taxonomy":"product_brand","embeddable":true,"href":"https:\/\/raymonvalve.com\/de\/wp-json\/wp\/v2\/product_brand?post=3751"},{"taxonomy":"product_cat","embeddable":true,"href":"https:\/\/raymonvalve.com\/de\/wp-json\/wp\/v2\/product_cat?post=3751"},{"taxonomy":"product_tag","embeddable":true,"href":"https:\/\/raymonvalve.com\/de\/wp-json\/wp\/v2\/product_tag?post=3751"}],"curies":[{"name":"wp","href":"https:\/\/api.w.org\/{rel}","templated":true}]}}