{"id":3767,"date":"2022-08-25T09:36:03","date_gmt":"2022-08-25T01:36:03","guid":{"rendered":"https:\/\/limegreen-okapi-448594.hostingersite.com\/?post_type=product&#038;p=3767"},"modified":"2022-09-05T09:12:16","modified_gmt":"2022-09-05T01:12:16","slug":"electric-stainless-steel-control-valve","status":"publish","type":"product","link":"https:\/\/raymonvalve.com\/de\/produkt\/electric-stainless-steel-control-valve\/","title":{"rendered":"Elektrisches Edelstahl-Regelventil"},"content":{"rendered":"<p>Es besteht aus einem intelligenten elektrischen Stellglied der Serie 2SB und einem Regelventil mit geringem Str\u00f6mungswiderstand und einfacher Sitzdichtung. Es ist ein Regelventil der neuen Generation, das den IEC-Normen entspricht. Das Stellglied verf\u00fcgt \u00fcber ein integriertes elektronisches Steuermodul und liefert einen gro\u00dfen Stellweg;<br \/>\nDas Produkt bietet Vorteile wie zuverl\u00e4ssige Funktion, hohe Genauigkeit der Kennlinien, gro\u00dfes Regelverh\u00e4ltnis und kompakte Bauweise. Es kann in industriellen Prozessregelsystemen wie Petrochemie, Pharmazie, Metallurgie, Papierherstellung und Wasseraufbereitung weit verbreitet eingesetzt werden.<\/p>\n<p>Technische Daten:<\/p>\n<p>-DN: 10-200<br \/>\n-Druck: PN16-100<br \/>\nANSI Klasse 150-300<br \/>\n\u2013 Anschlussnorm: GB, DIN, ANSI, JIS, etc. \u2013 Temperatur: -20~450\u2103<br \/>\n-Kennlinien: Schneller \u00d6ffner, linear, parabolisch, gleichprozentig<br \/>\n\u2013 Leckage: Klasse IV, V und VI<\/p>\n<p>Werkstoff:<\/p>\n<p>-Geh\u00e4use, Haube: Edelstahl - Innengarnitur: Edelstahl<\/p>\n<p>Optional:<\/p>\n<p>\u2013 \u00d6lfreie Entfettungsbehandlung<\/p>\n<p>Eigenschaften:<\/p>\n<p>-Verwendung der oberen F\u00fchrungskonstruktion, die Aktion ist zuverl\u00e4ssig und die Stabilit\u00e4t ist gut<br \/>\n-Spulenoberfl\u00e4che CNC-Bearbeitung, hohe Einstellpr\u00e4zision. Gem\u00e4\u00df den Anforderungen der Arbeitsbedingungen kann es als Weichdichtungsstruktur ausgelegt werden.<br \/>\n-Das Ventil hat eine einfache Struktur und ist leicht zu montieren, zu demontieren und zu warten.<br \/>\n-Das Ventilk\u00f6rper ist geschmiedet und hat eine zuverl\u00e4ssige Leistung.<br \/>\n-Nach dem Prinzip der Hydrodynamik ist der Zwischenk\u00f6rper so ausgelegt, dass er einen gleichen Querschnitt und einen geringen Str\u00f6mungswiderstand aufweist, einen S-f\u00f6rmigen Stromkanal, geringe Druckverlustverluste und einen gro\u00dfen Einstellbereich.<\/p>","protected":false},"excerpt":{"rendered":"<p>Es besteht aus einem intelligenten elektrischen Stellglied der Serie 2SB und einem Regelventil mit geringem Str\u00f6mungswiderstand und einfacher Sitzdichtung. Es ist ein Regelventil der neuen Generation, das den IEC-Normen entspricht. Das Stellglied verf\u00fcgt \u00fcber ein integriertes elektronisches Steuermodul und liefert einen gro\u00dfen Stellweg;<br \/>\nDas Produkt bietet Vorteile wie zuverl\u00e4ssige Funktion, hohe Genauigkeit der Kennlinien, gro\u00dfes Regelverh\u00e4ltnis und kompakte Bauweise. Es kann in industriellen Prozessregelsystemen wie Petrochemie, Pharmazie, Metallurgie, Papierherstellung und Wasseraufbereitung weit verbreitet eingesetzt werden.<\/p>","protected":false},"featured_media":3768,"comment_status":"open","ping_status":"closed","template":"","meta":{"site-sidebar-layout":"default","site-content-layout":"default","ast-site-content-layout":"default","site-content-style":"default","site-sidebar-style":"default","ast-global-header-display":"","ast-banner-title-visibility":"","ast-main-header-display":"","ast-hfb-above-header-display":"","ast-hfb-below-header-display":"","ast-hfb-mobile-header-display":"","site-post-title":"","ast-breadcrumbs-content":"","ast-featured-img":"","footer-sml-layout":"","ast-disable-related-posts":"","theme-transparent-header-meta":"default","adv-header-id-meta":"","stick-header-meta":"default","header-above-stick-meta":"","header-main-stick-meta":"","header-below-stick-meta":"","astra-migrate-meta-layouts":"default","ast-page-background-enabled":"default","ast-page-background-meta":{"desktop":{"background-color":"","background-image":"","background-repeat":"repeat","background-position":"center center","background-size":"auto","background-attachment":"scroll","background-type":"","background-media":"","overlay-type":"","overlay-color":"","overlay-opacity":"","overlay-gradient":""},"tablet":{"background-color":"","background-image":"","background-repeat":"repeat","background-position":"center center","background-size":"auto","background-attachment":"scroll","background-type":"","background-media":"","overlay-type":"","overlay-color":"","overlay-opacity":"","overlay-gradient":""},"mobile":{"background-color":"","background-image":"","background-repeat":"repeat","background-position":"center center","background-size":"auto","background-attachment":"scroll","background-type":"","background-media":"","overlay-type":"","overlay-color":"","overlay-opacity":"","overlay-gradient":""}},"ast-content-background-meta":{"desktop":{"background-color":"var(--ast-global-color-5)","background-image":"","background-repeat":"repeat","background-position":"center center","background-size":"auto","background-attachment":"scroll","background-type":"","background-media":"","overlay-type":"","overlay-color":"","overlay-opacity":"","overlay-gradient":""},"tablet":{"background-color":"var(--ast-global-color-5)","background-image":"","background-repeat":"repeat","background-position":"center center","background-size":"auto","background-attachment":"scroll","background-type":"","background-media":"","overlay-type":"","overlay-color":"","overlay-opacity":"","overlay-gradient":""},"mobile":{"background-color":"var(--ast-global-color-5)","background-image":"","background-repeat":"repeat","background-position":"center center","background-size":"auto","background-attachment":"scroll","background-type":"","background-media":"","overlay-type":"","overlay-color":"","overlay-opacity":"","overlay-gradient":""}}},"product_brand":[],"product_cat":[178,311,196,297],"product_tag":[],"class_list":{"0":"post-3767","1":"product","2":"type-product","3":"status-publish","4":"has-post-thumbnail","6":"product_cat-control-valves","7":"product_cat-high-temperature-and-high-pressure-valve","8":"product_cat-power-station-valve","9":"product_cat-power-station-high-differential-pressure-control-valve","10":"desktop-align-left","11":"tablet-align-left","12":"mobile-align-left","13":"ast-product-gallery-layout-horizontal-slider","14":"ast-product-gallery-with-no-image","15":"ast-product-tabs-layout-horizontal","16":"ast-qv-on-image","18":"first","19":"instock","20":"shipping-taxable","21":"product-type-simple"},"_links":{"self":[{"href":"https:\/\/raymonvalve.com\/de\/wp-json\/wp\/v2\/product\/3767","targetHints":{"allow":["GET"]}}],"collection":[{"href":"https:\/\/raymonvalve.com\/de\/wp-json\/wp\/v2\/product"}],"about":[{"href":"https:\/\/raymonvalve.com\/de\/wp-json\/wp\/v2\/types\/product"}],"replies":[{"embeddable":true,"href":"https:\/\/raymonvalve.com\/de\/wp-json\/wp\/v2\/comments?post=3767"}],"wp:featuredmedia":[{"embeddable":true,"href":"https:\/\/raymonvalve.com\/de\/wp-json\/wp\/v2\/media\/3768"}],"wp:attachment":[{"href":"https:\/\/raymonvalve.com\/de\/wp-json\/wp\/v2\/media?parent=3767"}],"wp:term":[{"taxonomy":"product_brand","embeddable":true,"href":"https:\/\/raymonvalve.com\/de\/wp-json\/wp\/v2\/product_brand?post=3767"},{"taxonomy":"product_cat","embeddable":true,"href":"https:\/\/raymonvalve.com\/de\/wp-json\/wp\/v2\/product_cat?post=3767"},{"taxonomy":"product_tag","embeddable":true,"href":"https:\/\/raymonvalve.com\/de\/wp-json\/wp\/v2\/product_tag?post=3767"}],"curies":[{"name":"wp","href":"https:\/\/api.w.org\/{rel}","templated":true}]}}