{"id":4829,"date":"2022-09-03T10:36:40","date_gmt":"2022-09-03T02:36:40","guid":{"rendered":"https:\/\/limegreen-okapi-448594.hostingersite.com\/?post_type=product&#038;p=4829"},"modified":"2022-09-15T14:53:05","modified_gmt":"2022-09-15T06:53:05","slug":"zzyp-self-operated-pressure-control-valve","status":"publish","type":"product","link":"https:\/\/raymonvalve.com\/de\/produkt\/zzyp-self-operated-pressure-control-valve\/","title":{"rendered":"ZZYP Selbstt\u00e4tiges Regelventil"},"content":{"rendered":"<div class=\"document\">\n<p>\u00dcbersicht \u00fcber selbstt\u00e4tige Regelventile:<\/p>\n<p>&nbsp;<\/p>\n<p>Das selbstt\u00e4tige Druckregelventil ZZYP besteht haupts\u00e4chlich aus einem Regelventil, einem Stellglied und einer Feder zur Druckeinstellung. Es ist f\u00fcr nicht-korrosive Fl\u00fcssigkeiten, Gase und Dampf geeignet. Zur Druckregelung vor dem Ventil in der Systemleitung (wenn der Vordruck steigt, \u00f6ffnet das Regelventil) oder nach dem Ventil (wenn der Nachdruck steigt, \u00f6ffnet das Regelventil). Weit verbreitet in der Erd\u00f6l-, Chemie-, Strom-, Metallurgie-, Medizin-, Lebensmittel-, Textil-, Maschinenbau- und HLK-Industrie. Die Betriebsarten umfassen die Druckregelung nach dem Druckminderer (Typ B) und die Druckregelung vor dem Druckentlastungsventil (Typ K).<\/p>\n<p>&nbsp;<\/p>\n<p>Merkmale des selbstt\u00e4tigen Druckregelventils:<\/p>\n<p>&nbsp;<\/p>\n<p>Im Vergleich zum manuellen Regelventil hat das selbstt\u00e4tige Druckregelventil den Vorteil, dass es automatisch eingestellt werden kann; im Vergleich zum elektrischen Regelventil liegt sein Vorteil darin, dass es keine externe Stromversorgung ben\u00f6tigt. Das selbstt\u00e4tige Regelventil nutzt den Druck und die Temperatur des durch das Ventil str\u00f6menden Mediums selbst als Energiequelle, um das Ventil automatisch zu betreiben, und ben\u00f6tigt keine externe Stromversorgung und keine Sekund\u00e4rinstrumente.<\/p>\n<p>&nbsp;<\/p>\n<p>Funktion des selbstt\u00e4tigen Druckregelventils:<\/p>\n<p>&nbsp;<\/p>\n<p>Alle selbstt\u00e4tigen Regelventile verwenden das R\u00fcckkopplungssignal (Druck, Differenzdruck, Temperatur) am Ventilausgang, um es \u00fcber das Signalrohr an den Antrieb zu \u00fcbertragen. Dies treibt die Ventilscheibe an, um die \u00d6ffnung des Ventils zu ver\u00e4ndern und so den Zweck der Regelung von Druck, Durchfluss und Temperatur zu erreichen. In geschlossenen Wasserkreislaufsystemen (wie Warmwasserheizsystemen, Klimakaltwassersystemen) kann die korrekte Verwendung dieses Ventils die Durchflussverteilung des Systems leicht realisieren; es kann das dynamische Gleichgewicht des Systems realisieren; es kann die Inbetriebnahme des Systems erheblich vereinfachen; es kann den Betriebszustand der Pumpe stabilisieren usw.<\/p>\n<p>&nbsp;<\/p>\n<p>&nbsp;<\/p>\n<p>&nbsp;<\/p>\n<p>Parameter des selbstt\u00e4tigen Druckregelventils:<\/p>\n<table>\n<colgroup>\n<col width=\"128px\" \/>\n<col width=\"678px\" \/><\/colgroup>\n<tbody>\n<tr>\n<td colspan=\"2\" rowspan=\"1\" align=\"\" valign=\"middle\" width=\"806\">\n<p class=\"paragraph text-align-type-left pap-line-1.3 pap-line-rule-auto pap-spacing-before-3pt pap-spacing-after-3pt\">Ventilk\u00f6rper<\/p>\n<\/td>\n<\/tr>\n<tr>\n<td colspan=\"1\" rowspan=\"1\" align=\"\" valign=\"middle\" width=\"128\">\n<p class=\"paragraph text-align-type-left pap-line-1.3 pap-line-rule-auto pap-spacing-before-3pt pap-spacing-after-3pt\">Bauform<\/p>\n<\/td>\n<td colspan=\"1\" rowspan=\"1\" align=\"\" valign=\"middle\" width=\"678\">\n<p class=\"paragraph text-align-type-left pap-line-1.3 pap-line-rule-auto pap-spacing-before-3pt pap-spacing-after-3pt\">Guss-Kugelhahn, Durchgangsform<\/p>\n<\/td>\n<\/tr>\n<tr>\n<td colspan=\"1\" rowspan=\"1\" align=\"\" valign=\"middle\" width=\"128\">\n<p class=\"paragraph text-align-type-left pap-line-1.3 pap-line-rule-auto pap-spacing-before-3pt pap-spacing-after-3pt\">Nenndurchmesser<\/p>\n<\/td>\n<td colspan=\"1\" rowspan=\"1\" align=\"\" valign=\"middle\" width=\"678\">\n<p class=\"paragraph text-align-type-left pap-line-1.3 pap-line-rule-auto pap-spacing-before-3pt pap-spacing-after-3pt\">20, 25, 32, 40, 50, 65, 80, 100, 125, 150, 200, 250, 300 mm<\/p>\n<\/td>\n<\/tr>\n<tr>\n<td colspan=\"1\" rowspan=\"1\" align=\"\" valign=\"middle\" width=\"128\">\n<p class=\"paragraph text-align-type-left pap-line-1.3 pap-line-rule-auto pap-spacing-before-3pt pap-spacing-after-3pt\">Nenndruck<\/p>\n<\/td>\n<td colspan=\"1\" rowspan=\"1\" align=\"\" valign=\"middle\" width=\"678\">\n<p class=\"paragraph text-align-type-left pap-line-1.3 pap-line-rule-auto pap-spacing-before-3pt pap-spacing-after-3pt\">PN16, 40, 64 bar<\/p>\n<\/td>\n<\/tr>\n<tr>\n<td colspan=\"1\" rowspan=\"1\" align=\"\" valign=\"middle\" width=\"128\">\n<p class=\"paragraph text-align-type-left pap-line-1.3 pap-line-rule-auto pap-spacing-before-3pt pap-spacing-after-3pt\">Flanschstandards<\/p>\n<\/td>\n<td colspan=\"1\" rowspan=\"1\" align=\"\" valign=\"middle\" width=\"678\">\n<p class=\"paragraph text-align-type-left pap-line-1.3 pap-line-rule-auto pap-spacing-before-3pt pap-spacing-after-3pt\">ANSI, JIS, DIN, GB, JB<\/p>\n<\/td>\n<\/tr>\n<tr>\n<td colspan=\"1\" rowspan=\"1\" align=\"\" valign=\"middle\" width=\"128\">\n<p class=\"paragraph text-align-type-left pap-line-1.3 pap-line-rule-auto pap-spacing-before-3pt pap-spacing-after-3pt\">Werkstoff<\/p>\n<\/td>\n<td colspan=\"1\" rowspan=\"1\" align=\"\" valign=\"middle\" width=\"678\">\n<p class=\"paragraph text-align-type-left pap-line-1.3 pap-line-rule-auto pap-spacing-before-3pt pap-spacing-after-3pt\">Gussstahl, Edelstahl, etc.<\/p>\n<\/td>\n<\/tr>\n<tr>\n<td colspan=\"1\" rowspan=\"1\" align=\"\" valign=\"middle\" width=\"128\">\n<p class=\"paragraph text-align-type-left pap-line-1.3 pap-line-rule-auto pap-spacing-before-3pt pap-spacing-after-3pt\">oberes Ventilgeh\u00e4use<\/p>\n<\/td>\n<td colspan=\"1\" rowspan=\"1\" align=\"\" valign=\"middle\" width=\"678\">\n<p class=\"paragraph text-align-type-left pap-line-1.3 pap-line-rule-auto pap-spacing-before-3pt pap-spacing-after-3pt\">Standardtyp: -17\u2013450\u2103<\/p>\n<\/td>\n<\/tr>\n<tr>\n<td colspan=\"1\" rowspan=\"1\" align=\"\" valign=\"middle\" width=\"128\">\n<p class=\"paragraph text-align-type-left pap-line-1.3 pap-line-rule-auto pap-spacing-before-3pt pap-spacing-after-3pt\">Ventilgeh\u00e4useform<\/p>\n<\/td>\n<td colspan=\"1\" rowspan=\"1\" align=\"\" valign=\"middle\" width=\"678\">\n<p class=\"paragraph text-align-type-left pap-line-1.3 pap-line-rule-auto pap-spacing-before-3pt pap-spacing-after-3pt\">Bolzenklemmtyp<\/p>\n<\/td>\n<\/tr>\n<tr>\n<td colspan=\"1\" rowspan=\"1\" align=\"\" valign=\"middle\" width=\"128\">\n<p class=\"paragraph text-align-type-left pap-line-1.3 pap-line-rule-auto pap-spacing-before-3pt pap-spacing-after-3pt\">Packung<\/p>\n<\/td>\n<td colspan=\"1\" rowspan=\"1\" align=\"\" valign=\"middle\" width=\"678\">\n<p class=\"paragraph text-align-type-left pap-line-1.3 pap-line-rule-auto pap-spacing-before-3pt pap-spacing-after-3pt\">V-Typ Polytetrafluorethylen-Packung, impr\u00e4gnierte Polytetracyanoethylen-Asbest-Packung, Asbesttextil-Packung, Graphit-Packung<\/p>\n<\/td>\n<\/tr>\n<tr>\n<td colspan=\"1\" rowspan=\"1\" align=\"\" valign=\"middle\" width=\"128\">\n<p class=\"paragraph text-align-type-left pap-line-1.3 pap-line-rule-auto pap-spacing-before-3pt pap-spacing-after-3pt\">Anschlusstyp<\/p>\n<\/td>\n<td colspan=\"1\" rowspan=\"1\" align=\"\" valign=\"middle\" width=\"678\">\n<p class=\"paragraph text-align-type-left pap-line-1.3 pap-line-rule-auto pap-spacing-before-3pt pap-spacing-after-3pt\">Flansche<\/p>\n<\/td>\n<\/tr>\n<\/tbody>\n<\/table>\n<table>\n<colgroup>\n<col width=\"128px\" \/>\n<col width=\"678px\" \/><\/colgroup>\n<tbody>\n<tr>\n<td colspan=\"2\" rowspan=\"1\" align=\"\" valign=\"middle\" width=\"806\">\n<p class=\"paragraph text-align-type-left pap-line-1.3 pap-line-rule-auto pap-spacing-before-3pt pap-spacing-after-3pt\">Ventilinnenteile<\/p>\n<\/td>\n<\/tr>\n<tr>\n<td colspan=\"1\" rowspan=\"1\" align=\"\" valign=\"middle\" width=\"128\">\n<p class=\"paragraph text-align-type-left pap-line-1.3 pap-line-rule-auto pap-spacing-before-3pt pap-spacing-after-3pt\">Ventilkern-Typ<\/p>\n<\/td>\n<td colspan=\"1\" rowspan=\"1\" align=\"\" valign=\"middle\" width=\"678\">\n<p class=\"paragraph text-align-type-left pap-line-1.3 pap-line-rule-auto pap-spacing-before-3pt pap-spacing-after-3pt\">Ventilkern mit Einzelhub, Buchsentyp<\/p>\n<\/td>\n<\/tr>\n<tr>\n<td colspan=\"1\" rowspan=\"1\" align=\"\" valign=\"middle\" width=\"128\">\n<p class=\"paragraph text-align-type-left pap-line-1.3 pap-line-rule-auto pap-spacing-before-3pt pap-spacing-after-3pt\">Durchflusscharakteristik<\/p>\n<\/td>\n<td colspan=\"1\" rowspan=\"1\" align=\"\" valign=\"middle\" width=\"678\">\n<p class=\"paragraph text-align-type-left pap-line-1.3 pap-line-rule-auto pap-spacing-before-3pt pap-spacing-after-3pt\">schnell \u00f6ffnend<\/p>\n<\/td>\n<\/tr>\n<\/tbody>\n<\/table>\n<p class=\"paragraph text-align-type-left pap-line-1.3 pap-line-rule-auto pap-spacing-before-3pt pap-spacing-after-3pt\">Selbstt\u00e4tiges Druckregelventil Durchflusskoeffizient:<\/p>\n<table>\n<colgroup>\n<col width=\"205px\" \/>\n<col width=\"53px\" \/>\n<col width=\"29px\" \/>\n<col width=\"29px\" \/>\n<col width=\"29px\" \/>\n<col width=\"29px\" \/>\n<col width=\"29px\" \/>\n<col width=\"29px\" \/>\n<col width=\"43px\" \/>\n<col width=\"43px\" \/>\n<col width=\"43px\" \/>\n<col width=\"43px\" \/>\n<col width=\"43px\" \/>\n<col width=\"58px\" \/>\n<col width=\"58px\" \/><\/colgroup>\n<tbody>\n<tr>\n<td colspan=\"15\" rowspan=\"1\" align=\"\" valign=\"middle\" width=\"763\">\n<p class=\"paragraph text-align-type-left pap-line-1.3 pap-line-rule-auto pap-spacing-before-3pt pap-spacing-after-3pt\">Nenndurchflusskoeffizient, Nennhub, Druckverh\u00e4ltnis<\/p>\n<\/td>\n<\/tr>\n<tr>\n<td colspan=\"1\" rowspan=\"1\" align=\"\" valign=\"middle\" width=\"205\">\n<p class=\"paragraph text-align-type-left pap-line-1.3 pap-line-rule-auto pap-spacing-before-3pt pap-spacing-after-3pt\">Nennweite DN(mm)<\/p>\n<\/td>\n<td colspan=\"1\" rowspan=\"1\" align=\"\" valign=\"middle\" width=\"53\">\n<p class=\"paragraph text-align-type-left pap-line-1.3 pap-line-rule-auto pap-spacing-before-3pt pap-spacing-after-3pt\">\n<\/td>\n<td colspan=\"1\" rowspan=\"1\" align=\"\" valign=\"middle\" width=\"29\">\n<p class=\"paragraph text-align-type-left pap-line-1.3 pap-line-rule-auto pap-spacing-before-3pt pap-spacing-after-3pt\">20<\/p>\n<\/td>\n<td colspan=\"1\" rowspan=\"1\" align=\"\" valign=\"middle\" width=\"29\">\n<p class=\"paragraph text-align-type-left pap-line-1.3 pap-line-rule-auto pap-spacing-before-3pt pap-spacing-after-3pt\">25<\/p>\n<\/td>\n<td colspan=\"1\" rowspan=\"1\" align=\"\" valign=\"middle\" width=\"29\">\n<p class=\"paragraph text-align-type-left pap-line-1.3 pap-line-rule-auto pap-spacing-before-3pt pap-spacing-after-3pt\">32<\/p>\n<\/td>\n<td colspan=\"1\" rowspan=\"1\" align=\"\" valign=\"middle\" width=\"29\">\n<p class=\"paragraph text-align-type-left pap-line-1.3 pap-line-rule-auto pap-spacing-before-3pt pap-spacing-after-3pt\">40<\/p>\n<\/td>\n<td colspan=\"1\" rowspan=\"1\" align=\"\" valign=\"middle\" width=\"29\">\n<p class=\"paragraph text-align-type-left pap-line-1.3 pap-line-rule-auto pap-spacing-before-3pt pap-spacing-after-3pt\">50<\/p>\n<\/td>\n<td colspan=\"1\" rowspan=\"1\" align=\"\" valign=\"middle\" width=\"29\">\n<p class=\"paragraph text-align-type-left pap-line-1.3 pap-line-rule-auto pap-spacing-before-3pt pap-spacing-after-3pt\">65<\/p>\n<\/td>\n<td colspan=\"1\" rowspan=\"1\" align=\"\" valign=\"middle\" width=\"43\">\n<p class=\"paragraph text-align-type-left pap-line-1.3 pap-line-rule-auto pap-spacing-before-3pt pap-spacing-after-3pt\">80<\/p>\n<\/td>\n<td colspan=\"1\" rowspan=\"1\" align=\"\" valign=\"middle\" width=\"43\">\n<p class=\"paragraph text-align-type-left pap-line-1.3 pap-line-rule-auto pap-spacing-before-3pt pap-spacing-after-3pt\">100<\/p>\n<\/td>\n<td colspan=\"1\" rowspan=\"1\" align=\"\" valign=\"middle\" width=\"43\">\n<p class=\"paragraph text-align-type-left pap-line-1.3 pap-line-rule-auto pap-spacing-before-3pt pap-spacing-after-3pt\">125<\/p>\n<\/td>\n<td colspan=\"1\" rowspan=\"1\" align=\"\" valign=\"middle\" width=\"43\">\n<p class=\"paragraph text-align-type-left pap-line-1.3 pap-line-rule-auto pap-spacing-before-3pt pap-spacing-after-3pt\">150<\/p>\n<\/td>\n<td colspan=\"1\" rowspan=\"1\" align=\"\" valign=\"middle\" width=\"43\">\n<p class=\"paragraph text-align-type-left pap-line-1.3 pap-line-rule-auto pap-spacing-before-3pt pap-spacing-after-3pt\">200<\/p>\n<\/td>\n<td colspan=\"1\" rowspan=\"1\" align=\"\" valign=\"middle\" width=\"58\">\n<p class=\"paragraph text-align-type-left pap-line-1.3 pap-line-rule-auto pap-spacing-before-3pt pap-spacing-after-3pt\">250<\/p>\n<\/td>\n<td colspan=\"1\" rowspan=\"1\" align=\"\" valign=\"middle\" width=\"58\">\n<p class=\"paragraph text-align-type-left pap-line-1.3 pap-line-rule-auto pap-spacing-before-3pt pap-spacing-after-3pt\">300<\/p>\n<\/td>\n<\/tr>\n<tr>\n<td colspan=\"1\" rowspan=\"1\" align=\"\" valign=\"middle\" width=\"205\">\n<p class=\"paragraph text-align-type-left pap-line-1.3 pap-line-rule-auto pap-spacing-before-3pt pap-spacing-after-3pt\">Nenndurchflusskoeffizient KvS<\/p>\n<\/td>\n<td colspan=\"1\" rowspan=\"1\" align=\"\" valign=\"middle\" width=\"53\">\n<p class=\"paragraph text-align-type-left pap-line-1.3 pap-line-rule-auto pap-spacing-before-3pt pap-spacing-after-3pt\">\n<\/td>\n<td colspan=\"1\" rowspan=\"1\" align=\"\" valign=\"middle\" width=\"29\">\n<p class=\"paragraph text-align-type-left pap-line-1.3 pap-line-rule-auto pap-spacing-before-3pt pap-spacing-after-3pt\">7<\/p>\n<\/td>\n<td colspan=\"1\" rowspan=\"1\" align=\"\" valign=\"middle\" width=\"29\">\n<p class=\"paragraph text-align-type-left pap-line-1.3 pap-line-rule-auto pap-spacing-before-3pt pap-spacing-after-3pt\">11<\/p>\n<\/td>\n<td colspan=\"1\" rowspan=\"1\" align=\"\" valign=\"middle\" width=\"29\">\n<p class=\"paragraph text-align-type-left pap-line-1.3 pap-line-rule-auto pap-spacing-before-3pt pap-spacing-after-3pt\">20<\/p>\n<\/td>\n<td colspan=\"1\" rowspan=\"1\" align=\"\" valign=\"middle\" width=\"29\">\n<p class=\"paragraph text-align-type-left pap-line-1.3 pap-line-rule-auto pap-spacing-before-3pt pap-spacing-after-3pt\">30<\/p>\n<\/td>\n<td colspan=\"1\" rowspan=\"1\" align=\"\" valign=\"middle\" width=\"29\">\n<p class=\"paragraph text-align-type-left pap-line-1.3 pap-line-rule-auto pap-spacing-before-3pt pap-spacing-after-3pt\">48<\/p>\n<\/td>\n<td colspan=\"1\" rowspan=\"1\" align=\"\" valign=\"middle\" width=\"29\">\n<p class=\"paragraph text-align-type-left pap-line-1.3 pap-line-rule-auto pap-spacing-before-3pt pap-spacing-after-3pt\">75<\/p>\n<\/td>\n<td colspan=\"1\" rowspan=\"1\" align=\"\" valign=\"middle\" width=\"43\">\n<p class=\"paragraph text-align-type-left pap-line-1.3 pap-line-rule-auto pap-spacing-before-3pt pap-spacing-after-3pt\">120<\/p>\n<\/td>\n<td colspan=\"1\" rowspan=\"1\" align=\"\" valign=\"middle\" width=\"43\">\n<p class=\"paragraph text-align-type-left pap-line-1.3 pap-line-rule-auto pap-spacing-before-3pt pap-spacing-after-3pt\">190<\/p>\n<\/td>\n<td colspan=\"1\" rowspan=\"1\" align=\"\" valign=\"middle\" width=\"43\">\n<p class=\"paragraph text-align-type-left pap-line-1.3 pap-line-rule-auto pap-spacing-before-3pt pap-spacing-after-3pt\">300<\/p>\n<\/td>\n<td colspan=\"1\" rowspan=\"1\" align=\"\" valign=\"middle\" width=\"43\">\n<p class=\"paragraph text-align-type-left pap-line-1.3 pap-line-rule-auto pap-spacing-before-3pt pap-spacing-after-3pt\">480<\/p>\n<\/td>\n<td colspan=\"1\" rowspan=\"1\" align=\"\" valign=\"middle\" width=\"43\">\n<p class=\"paragraph text-align-type-left pap-line-1.3 pap-line-rule-auto pap-spacing-before-3pt pap-spacing-after-3pt\">750<\/p>\n<\/td>\n<td colspan=\"1\" rowspan=\"1\" align=\"\" valign=\"middle\" width=\"58\">\n<p class=\"paragraph text-align-type-left pap-line-1.3 pap-line-rule-auto pap-spacing-before-3pt pap-spacing-after-3pt\">1100<\/p>\n<\/td>\n<td colspan=\"1\" rowspan=\"1\" align=\"\" valign=\"middle\" width=\"58\">\n<p class=\"paragraph text-align-type-left pap-line-1.3 pap-line-rule-auto pap-spacing-before-3pt pap-spacing-after-3pt\">1750<\/p>\n<\/td>\n<\/tr>\n<tr>\n<td colspan=\"1\" rowspan=\"1\" align=\"\" valign=\"middle\" width=\"205\">\n<p class=\"paragraph text-align-type-left pap-line-1.3 pap-line-rule-auto pap-spacing-before-3pt pap-spacing-after-3pt\">Nennhub (mm)<\/p>\n<\/td>\n<td colspan=\"1\" rowspan=\"1\" align=\"\" valign=\"middle\" width=\"53\">\n<p class=\"paragraph text-align-type-left pap-line-1.3 pap-line-rule-auto pap-spacing-before-3pt pap-spacing-after-3pt\">\n<\/td>\n<td colspan=\"2\" rowspan=\"1\" align=\"\" valign=\"middle\" width=\"58\">\n<p class=\"paragraph text-align-type-left pap-line-1.3 pap-line-rule-auto pap-spacing-before-3pt pap-spacing-after-3pt\">8<\/p>\n<\/td>\n<td colspan=\"2\" rowspan=\"1\" align=\"\" valign=\"middle\" width=\"58\">\n<p class=\"paragraph text-align-type-left pap-line-1.3 pap-line-rule-auto pap-spacing-before-3pt pap-spacing-after-3pt\">11<\/p>\n<\/td>\n<td colspan=\"1\" rowspan=\"1\" align=\"\" valign=\"middle\" width=\"29\">\n<p class=\"paragraph text-align-type-left pap-line-1.3 pap-line-rule-auto pap-spacing-before-3pt pap-spacing-after-3pt\">14<\/p>\n<\/td>\n<td colspan=\"2\" rowspan=\"1\" align=\"\" valign=\"middle\" width=\"72\">\n<p class=\"paragraph text-align-type-left pap-line-1.3 pap-line-rule-auto pap-spacing-before-3pt pap-spacing-after-3pt\">20<\/p>\n<\/td>\n<td colspan=\"1\" rowspan=\"1\" align=\"\" valign=\"middle\" width=\"43\">\n<p class=\"paragraph text-align-type-left pap-line-1.3 pap-line-rule-auto pap-spacing-before-3pt pap-spacing-after-3pt\">25<\/p>\n<\/td>\n<td colspan=\"2\" rowspan=\"1\" align=\"\" valign=\"middle\" width=\"86\">\n<p class=\"paragraph text-align-type-left pap-line-1.3 pap-line-rule-auto pap-spacing-before-3pt pap-spacing-after-3pt\">40<\/p>\n<\/td>\n<td colspan=\"1\" rowspan=\"1\" align=\"\" valign=\"middle\" width=\"43\">\n<p class=\"paragraph text-align-type-left pap-line-1.3 pap-line-rule-auto pap-spacing-before-3pt pap-spacing-after-3pt\">50<\/p>\n<\/td>\n<td colspan=\"1\" rowspan=\"1\" align=\"\" valign=\"middle\" width=\"58\">\n<p class=\"paragraph text-align-type-left pap-line-1.3 pap-line-rule-auto pap-spacing-before-3pt pap-spacing-after-3pt\">60<\/p>\n<\/td>\n<td colspan=\"1\" rowspan=\"1\" align=\"\" valign=\"middle\" width=\"58\">\n<p class=\"paragraph text-align-type-left pap-line-1.3 pap-line-rule-auto pap-spacing-before-3pt pap-spacing-after-3pt\">70<\/p>\n<\/td>\n<\/tr>\n<tr>\n<td colspan=\"1\" rowspan=\"2\" align=\"\" valign=\"middle\" width=\"205\">\n<p class=\"paragraph text-align-type-left pap-line-1.3 pap-line-rule-auto pap-spacing-before-3pt pap-spacing-after-3pt\">Druckreduktionsverh\u00e4ltnis<\/p>\n<\/td>\n<td colspan=\"1\" rowspan=\"1\" align=\"\" valign=\"middle\" width=\"53\">\n<p class=\"paragraph text-align-type-left pap-line-1.3 pap-line-rule-auto pap-spacing-before-3pt pap-spacing-after-3pt\">maximal<\/p>\n<\/td>\n<td colspan=\"13\" rowspan=\"1\" align=\"\" valign=\"middle\" width=\"505\">\n<p class=\"paragraph text-align-type-left pap-line-1.3 pap-line-rule-auto pap-spacing-before-3pt pap-spacing-after-3pt\">10:1<\/p>\n<\/td>\n<\/tr>\n<tr>\n<td colspan=\"1\" rowspan=\"1\" align=\"\" valign=\"middle\" width=\"53\">\n<p class=\"paragraph text-align-type-left pap-line-1.3 pap-line-rule-auto pap-spacing-before-3pt pap-spacing-after-3pt\">minimal<\/p>\n<\/td>\n<td colspan=\"13\" rowspan=\"1\" align=\"\" valign=\"middle\" width=\"505\">\n<p class=\"paragraph text-align-type-left pap-line-1.3 pap-line-rule-auto pap-spacing-before-3pt pap-spacing-after-3pt\">10:8<\/p>\n<\/td>\n<\/tr>\n<\/tbody>\n<\/table>\n<p class=\"paragraph text-align-type-left pap-line-1.3 pap-line-rule-auto pap-spacing-before-3pt pap-spacing-after-3pt\">\n<\/div>","protected":false},"excerpt":{"rendered":"<p>Das selbstt\u00e4tige Druckregelventil ZZYP besteht haupts\u00e4chlich aus einem Regelventil, einem Stellglied und einer Feder zur Druckeinstellung. Es ist f\u00fcr nicht-korrosive Fl\u00fcssigkeiten, Gase und Dampf geeignet. Zur Druckregelung vor dem Ventil in der Systemleitung (wenn der Vordruck steigt, \u00f6ffnet das Regelventil) oder nach dem Ventil (wenn der Nachdruck steigt, \u00f6ffnet das Regelventil). Weit verbreitet in der Erd\u00f6l-, Chemie-, Strom-, Metallurgie-, Medizin-, Lebensmittel-, Textil-, Maschinenbau- und HLK-Industrie. Die Betriebsarten umfassen die Druckregelung nach dem Druckminderer (Typ B) und die Druckregelung vor dem Druckentlastungsventil (Typ K).<\/p>","protected":false},"featured_media":5548,"comment_status":"open","ping_status":"closed","template":"","meta":{"site-sidebar-layout":"default","site-content-layout":"default","ast-site-content-layout":"default","site-content-style":"default","site-sidebar-style":"default","ast-global-header-display":"","ast-banner-title-visibility":"","ast-main-header-display":"","ast-hfb-above-header-display":"","ast-hfb-below-header-display":"","ast-hfb-mobile-header-display":"","site-post-title":"","ast-breadcrumbs-content":"","ast-featured-img":"","footer-sml-layout":"","ast-disable-related-posts":"","theme-transparent-header-meta":"default","adv-header-id-meta":"","stick-header-meta":"default","header-above-stick-meta":"","header-main-stick-meta":"","header-below-stick-meta":"","astra-migrate-meta-layouts":"default","ast-page-background-enabled":"default","ast-page-background-meta":{"desktop":{"background-color":"","background-image":"","background-repeat":"repeat","background-position":"center center","background-size":"auto","background-attachment":"scroll","background-type":"","background-media":"","overlay-type":"","overlay-color":"","overlay-opacity":"","overlay-gradient":""},"tablet":{"background-color":"","background-image":"","background-repeat":"repeat","background-position":"center center","background-size":"auto","background-attachment":"scroll","background-type":"","background-media":"","overlay-type":"","overlay-color":"","overlay-opacity":"","overlay-gradient":""},"mobile":{"background-color":"","background-image":"","background-repeat":"repeat","background-position":"center center","background-size":"auto","background-attachment":"scroll","background-type":"","background-media":"","overlay-type":"","overlay-color":"","overlay-opacity":"","overlay-gradient":""}},"ast-content-background-meta":{"desktop":{"background-color":"var(--ast-global-color-5)","background-image":"","background-repeat":"repeat","background-position":"center center","background-size":"auto","background-attachment":"scroll","background-type":"","background-media":"","overlay-type":"","overlay-color":"","overlay-opacity":"","overlay-gradient":""},"tablet":{"background-color":"var(--ast-global-color-5)","background-image":"","background-repeat":"repeat","background-position":"center center","background-size":"auto","background-attachment":"scroll","background-type":"","background-media":"","overlay-type":"","overlay-color":"","overlay-opacity":"","overlay-gradient":""},"mobile":{"background-color":"var(--ast-global-color-5)","background-image":"","background-repeat":"repeat","background-position":"center center","background-size":"auto","background-attachment":"scroll","background-type":"","background-media":"","overlay-type":"","overlay-color":"","overlay-opacity":"","overlay-gradient":""}}},"product_brand":[],"product_cat":[178],"product_tag":[319],"class_list":{"0":"post-4829","1":"product","2":"type-product","3":"status-publish","4":"has-post-thumbnail","6":"product_cat-control-valves","7":"product_tag-petrochemical","8":"desktop-align-left","9":"tablet-align-left","10":"mobile-align-left","11":"ast-product-gallery-layout-horizontal-slider","12":"ast-product-gallery-with-no-image","13":"ast-product-tabs-layout-horizontal","14":"ast-qv-on-image","16":"first","17":"instock","18":"shipping-taxable","19":"product-type-simple"},"_links":{"self":[{"href":"https:\/\/raymonvalve.com\/de\/wp-json\/wp\/v2\/product\/4829","targetHints":{"allow":["GET"]}}],"collection":[{"href":"https:\/\/raymonvalve.com\/de\/wp-json\/wp\/v2\/product"}],"about":[{"href":"https:\/\/raymonvalve.com\/de\/wp-json\/wp\/v2\/types\/product"}],"replies":[{"embeddable":true,"href":"https:\/\/raymonvalve.com\/de\/wp-json\/wp\/v2\/comments?post=4829"}],"wp:featuredmedia":[{"embeddable":true,"href":"https:\/\/raymonvalve.com\/de\/wp-json\/wp\/v2\/media\/5548"}],"wp:attachment":[{"href":"https:\/\/raymonvalve.com\/de\/wp-json\/wp\/v2\/media?parent=4829"}],"wp:term":[{"taxonomy":"product_brand","embeddable":true,"href":"https:\/\/raymonvalve.com\/de\/wp-json\/wp\/v2\/product_brand?post=4829"},{"taxonomy":"product_cat","embeddable":true,"href":"https:\/\/raymonvalve.com\/de\/wp-json\/wp\/v2\/product_cat?post=4829"},{"taxonomy":"product_tag","embeddable":true,"href":"https:\/\/raymonvalve.com\/de\/wp-json\/wp\/v2\/product_tag?post=4829"}],"curies":[{"name":"wp","href":"https:\/\/api.w.org\/{rel}","templated":true}]}}