{"id":4865,"date":"2022-09-05T14:23:06","date_gmt":"2022-09-05T06:23:06","guid":{"rendered":"https:\/\/limegreen-okapi-448594.hostingersite.com\/?post_type=product&#038;p=4865"},"modified":"2022-09-15T14:41:26","modified_gmt":"2022-09-15T06:41:26","slug":"bj45h-thermal-insulation-globe-valve","status":"publish","type":"product","link":"https:\/\/raymonvalve.com\/de\/produkt\/bj45h-thermal-insulation-globe-valve\/","title":{"rendered":"BJ45H Thermoisolations-Durchgangsventil"},"content":{"rendered":"<div class=\"document\">\n<div class=\"document\">\n<div class=\"document\">\n<div class=\"productParameter\">\n<p>Das \u00d6ffnungs- und Schlie\u00dfteil des thermoisolierten Durchgangsventils ist eine steckerf\u00f6rmige Ventilscheibe, die Dichtfl\u00e4che ist eine ebene oder konische Fl\u00e4che, und die Ventilscheibe bewegt sich linear entlang der Mittellinie des Fluids. Die Bewegungsform des Ventilschafts umfasst einen Hubspindeltyp (der Ventilschaft hebt und senkt sich, und das Handrad hebt und senkt sich nicht) und es gibt auch einen Hub-Drehspindeltyp (das Handrad dreht sich und hebt sich zusammen mit der Ventilspindel, und die Mutter ist am Ventilk\u00f6rper angeordnet). Das Faltenbalg-Durchgangsventil ist nur f\u00fcr vollst\u00e4ndig ge\u00f6ffnet und vollst\u00e4ndig geschlossen geeignet, eine Einstellung und Drosselung ist nicht zul\u00e4ssig.<\/p>\n<p>&nbsp;<\/p>\n<p>Funktionsprinzip des BJ45H Isolations-Durchgangsventils:<\/p>\n<p>Das thermoisolierte Durchgangsventil ist ein zwangsabgedichtetes Ventil, daher muss beim Schlie\u00dfen des Ventils Druck auf die Ventilscheibe ausge\u00fcbt werden, um die Dichtfl\u00e4che nicht lecken zu lassen. Wenn das Medium von unterhalb der Ventilscheibe in das Ventil str\u00f6mt, sind die von der Bedienkraft zu \u00fcberwindenden Widerst\u00e4nde die Reibungskraft zwischen Ventilschaft und Packung sowie der durch den Mediumdruck erzeugte Schub. Die Kraft zum Schlie\u00dfen des Ventils ist gr\u00f6\u00dfer als die Kraft zum \u00d6ffnen des Ventils, daher sollte der Ventildurchmesser des Schafts gro\u00df sein, da sonst der Bruch der Spitze des Ventilschafts auftritt. In den letzten Jahren, seit dem Aufkommen von selbstschlie\u00dfenden Ventilen, wurde die Str\u00f6mungsrichtung des Mediums des thermoisolierten Durchgangsventils von oberhalb der Ventilscheibe in den Ventilk\u00f6rper ge\u00e4ndert. Zu diesem Zeitpunkt ist unter der Einwirkung des Mediumsdrucks die Kraft zum Schlie\u00dfen des Ventils gering, w\u00e4hrend die Kraft zum \u00d6ffnen des Ventils gro\u00df ist, und der Ventildurchmesser des Schafts kann entsprechend reduziert werden. Gleichzeitig ist unter der Einwirkung des Mediums diese Form des Ventils auch dichter. Meine Landes-Ventil-\u201cDrei Chemikalien\u201d legten einst fest, dass die Str\u00f6mungsrichtung des Isolations-Durchgangsventils von oben nach unten erfolgen sollte.<\/p>\n<p>Beim \u00d6ffnen des Isolations-Durchgangsventils, wenn die \u00d6ffnungsh\u00f6he der Ventilscheibe 25 % bis 30 % des Nenndurchmessers betr\u00e4gt, hat die Durchflussrate das Maximum erreicht, was anzeigt, dass das Ventil die vollst\u00e4ndig ge\u00f6ffnete Position erreicht hat. Daher sollte die vollst\u00e4ndig ge\u00f6ffnete Position des Durchgangsventils durch den Hub der Ventilscheibe bestimmt werden.<\/p>\n<p>&nbsp;<\/p>\n<p>Anwendungsbereich des BJ45H Isolations-Durchgangsventils:<\/p>\n<p>Das BJ45H Isolations-Durchgangsventil ist f\u00fcr Rohrleitungen in der chemischen und D\u00fcngemittelindustrie geeignet. Der in der Ummantelung enthaltene Dampf kann die Kristallisation des Mediums verhindern.<\/p>\n<p>&nbsp;<\/p>\n<p>\u3010Produkt-Anwendung des BJ45H Isolations-Durchgangsventils\u3011<br \/>\nBJ45H, BJ45Y, BJ45W Typ PN16~PN40 Isolations-Mantel-DC-Durchgangsventile werden haupts\u00e4chlich in verschiedenen Systemen wie Erd\u00f6l, Chemie, Metallurgie und Pharmazie eingesetzt, um hochviskose Medien zu transportieren, die sich bei Raumtemperatur verfestigen.<\/p>\n<p>\u3010Ausf\u00fchrungsstandard des BJ45H Isolations-Durchgangsventils\u3011<br \/>\nKonstruktion und Herstellung: BS1873 BS5160 GB12233<br \/>\nFlanschgr\u00f6\u00dfe: ANSIB16.5 JB\/T79 GB9113<br \/>\nDruck-Temperatur-Eigenschaften: ANSIB16.34<br \/>\nEinbaul\u00e4nge: ANSIB16.10 BS1873 GB12221<br \/>\nStumpfschwei\u00dfanschlussgr\u00f6\u00dfe: ANSIB16.25<br \/>\nPr\u00fcfung und Versuch: BS6755 GB\/T13927<\/p>\n<p>&nbsp;<\/p>\n<p>Hauptform und Anschlussgr\u00f6\u00dfe des BJ45H Isolier-Durchgangsventils<\/p>\n<div align=\"left\">\n<table border=\"0\" cellspacing=\"1\" cellpadding=\"0\">\n<tbody>\n<tr>\n<td rowspan=\"2\" bgcolor=\"#ffffff\">Nenndurchmesser<\/td>\n<td colspan=\"9\" bgcolor=\"#ffffff\" width=\"90%\">Gr\u00f6\u00dfe<\/td>\n<\/tr>\n<tr bgcolor=\"#c4fbce\">\n<td bgcolor=\"#ffffff\">L<\/td>\n<td bgcolor=\"#ffffff\">D<\/td>\n<td bgcolor=\"#ffffff\">D1<\/td>\n<td bgcolor=\"#ffffff\">D2<\/td>\n<td bgcolor=\"#ffffff\">b<\/td>\n<td bgcolor=\"#ffffff\">3-G<\/td>\n<td bgcolor=\"#ffffff\">Z-d<\/td>\n<td bgcolor=\"#ffffff\">H<\/td>\n<td bgcolor=\"#ffffff\">D0<\/td>\n<\/tr>\n<tr>\n<td colspan=\"10\" bgcolor=\"#ffffff\">BJ41W<\/td>\n<\/tr>\n<tr>\n<td bgcolor=\"#ffffff\">15<\/td>\n<td bgcolor=\"#ffffff\">130<\/td>\n<td bgcolor=\"#ffffff\">105<\/td>\n<td bgcolor=\"#ffffff\">75<\/td>\n<td bgcolor=\"#ffffff\">55<\/td>\n<td bgcolor=\"#ffffff\">14<\/td>\n<td bgcolor=\"#ffffff\">3\/8<\/td>\n<td bgcolor=\"#ffffff\">4-14<\/td>\n<td bgcolor=\"#ffffff\">175<\/td>\n<td bgcolor=\"#ffffff\">180<\/td>\n<\/tr>\n<tr>\n<td bgcolor=\"#ffffff\">20<\/td>\n<td bgcolor=\"#ffffff\">150<\/td>\n<td bgcolor=\"#ffffff\">115<\/td>\n<td bgcolor=\"#ffffff\">85<\/td>\n<td bgcolor=\"#ffffff\">68<\/td>\n<td bgcolor=\"#ffffff\">14<\/td>\n<td bgcolor=\"#ffffff\">3\/8<\/td>\n<td bgcolor=\"#ffffff\">4-14<\/td>\n<td bgcolor=\"#ffffff\">185<\/td>\n<td bgcolor=\"#ffffff\">180<\/td>\n<\/tr>\n<tr>\n<td bgcolor=\"#ffffff\">25<\/td>\n<td bgcolor=\"#ffffff\">160<\/td>\n<td bgcolor=\"#ffffff\">135<\/td>\n<td bgcolor=\"#ffffff\">100<\/td>\n<td bgcolor=\"#ffffff\">78<\/td>\n<td bgcolor=\"#ffffff\">16<\/td>\n<td bgcolor=\"#ffffff\">3\/8<\/td>\n<td bgcolor=\"#ffffff\">4-18<\/td>\n<td bgcolor=\"#ffffff\">210<\/td>\n<td bgcolor=\"#ffffff\">200<\/td>\n<\/tr>\n<tr>\n<td bgcolor=\"#ffffff\">32<\/td>\n<td bgcolor=\"#ffffff\">180<\/td>\n<td bgcolor=\"#ffffff\">145<\/td>\n<td bgcolor=\"#ffffff\">110<\/td>\n<td bgcolor=\"#ffffff\">85<\/td>\n<td bgcolor=\"#ffffff\">16<\/td>\n<td bgcolor=\"#ffffff\">3\/8<\/td>\n<td bgcolor=\"#ffffff\">4-18<\/td>\n<td bgcolor=\"#ffffff\">350<\/td>\n<td bgcolor=\"#ffffff\">200<\/td>\n<\/tr>\n<tr>\n<td bgcolor=\"#ffffff\">40<\/td>\n<td bgcolor=\"#ffffff\">200<\/td>\n<td bgcolor=\"#ffffff\">160<\/td>\n<td bgcolor=\"#ffffff\">125<\/td>\n<td bgcolor=\"#ffffff\">100<\/td>\n<td bgcolor=\"#ffffff\">16<\/td>\n<td bgcolor=\"#ffffff\">3\/8<\/td>\n<td bgcolor=\"#ffffff\">4-18<\/td>\n<td bgcolor=\"#ffffff\">360<\/td>\n<td bgcolor=\"#ffffff\">200<\/td>\n<\/tr>\n<tr>\n<td bgcolor=\"#ffffff\">50<\/td>\n<td bgcolor=\"#ffffff\">250<\/td>\n<td bgcolor=\"#ffffff\">180<\/td>\n<td bgcolor=\"#ffffff\">145<\/td>\n<td bgcolor=\"#ffffff\">120<\/td>\n<td bgcolor=\"#ffffff\">18<\/td>\n<td bgcolor=\"#ffffff\">1\/2<\/td>\n<td bgcolor=\"#ffffff\">4-18<\/td>\n<td bgcolor=\"#ffffff\">380<\/td>\n<td bgcolor=\"#ffffff\">240<\/td>\n<\/tr>\n<tr>\n<td bgcolor=\"#ffffff\">65<\/td>\n<td bgcolor=\"#ffffff\">265<\/td>\n<td bgcolor=\"#ffffff\">195<\/td>\n<td bgcolor=\"#ffffff\">160<\/td>\n<td bgcolor=\"#ffffff\">135<\/td>\n<td bgcolor=\"#ffffff\">20<\/td>\n<td bgcolor=\"#ffffff\">1\/2<\/td>\n<td bgcolor=\"#ffffff\">8-18<\/td>\n<td bgcolor=\"#ffffff\">440<\/td>\n<td bgcolor=\"#ffffff\">240<\/td>\n<\/tr>\n<tr>\n<td bgcolor=\"#ffffff\">80<\/td>\n<td bgcolor=\"#ffffff\">280<\/td>\n<td bgcolor=\"#ffffff\">215<\/td>\n<td bgcolor=\"#ffffff\">180<\/td>\n<td bgcolor=\"#ffffff\">155<\/td>\n<td bgcolor=\"#ffffff\">20<\/td>\n<td bgcolor=\"#ffffff\">1\/2<\/td>\n<td bgcolor=\"#ffffff\">8-18<\/td>\n<td bgcolor=\"#ffffff\">510<\/td>\n<td bgcolor=\"#ffffff\">280<\/td>\n<\/tr>\n<tr>\n<td bgcolor=\"#ffffff\">100<\/td>\n<td bgcolor=\"#ffffff\">300<\/td>\n<td bgcolor=\"#ffffff\">245<\/td>\n<td bgcolor=\"#ffffff\">210<\/td>\n<td bgcolor=\"#ffffff\">185<\/td>\n<td bgcolor=\"#ffffff\">22<\/td>\n<td bgcolor=\"#ffffff\">1\/2<\/td>\n<td bgcolor=\"#ffffff\">8-18<\/td>\n<td bgcolor=\"#ffffff\">620<\/td>\n<td bgcolor=\"#ffffff\">320<\/td>\n<\/tr>\n<tr>\n<td bgcolor=\"#ffffff\">125<\/td>\n<td bgcolor=\"#ffffff\">325<\/td>\n<td bgcolor=\"#ffffff\">280<\/td>\n<td bgcolor=\"#ffffff\">240<\/td>\n<td bgcolor=\"#ffffff\">210<\/td>\n<td bgcolor=\"#ffffff\">24<\/td>\n<td bgcolor=\"#ffffff\">1\/2<\/td>\n<td bgcolor=\"#ffffff\">8-23<\/td>\n<td bgcolor=\"#ffffff\">680<\/td>\n<td bgcolor=\"#ffffff\">360<\/td>\n<\/tr>\n<tr>\n<td bgcolor=\"#ffffff\">150<\/td>\n<td bgcolor=\"#ffffff\">350<\/td>\n<td bgcolor=\"#ffffff\">335<\/td>\n<td bgcolor=\"#ffffff\">295<\/td>\n<td bgcolor=\"#ffffff\">265<\/td>\n<td bgcolor=\"#ffffff\">26<\/td>\n<td bgcolor=\"#ffffff\">1\/2<\/td>\n<td bgcolor=\"#ffffff\">12-23<\/td>\n<td bgcolor=\"#ffffff\">818<\/td>\n<td bgcolor=\"#ffffff\">360<\/td>\n<\/tr>\n<tr>\n<td bgcolor=\"#ffffff\">200<\/td>\n<td bgcolor=\"#ffffff\">400<\/td>\n<td bgcolor=\"#ffffff\">405<\/td>\n<td bgcolor=\"#ffffff\">355<\/td>\n<td bgcolor=\"#ffffff\">320<\/td>\n<td bgcolor=\"#ffffff\">30<\/td>\n<td bgcolor=\"#ffffff\">1\/2<\/td>\n<td bgcolor=\"#ffffff\">12-25<\/td>\n<td bgcolor=\"#ffffff\">1200<\/td>\n<td bgcolor=\"#ffffff\">400<\/td>\n<\/tr>\n<tr>\n<td bgcolor=\"#ffffff\">250<\/td>\n<td bgcolor=\"#ffffff\">450<\/td>\n<td bgcolor=\"#ffffff\">460<\/td>\n<td bgcolor=\"#ffffff\">410<\/td>\n<td bgcolor=\"#ffffff\">375<\/td>\n<td bgcolor=\"#ffffff\">30<\/td>\n<td bgcolor=\"#ffffff\">1\/2<\/td>\n<td bgcolor=\"#ffffff\">12-25<\/td>\n<td bgcolor=\"#ffffff\">1450<\/td>\n<td bgcolor=\"#ffffff\">450<\/td>\n<\/tr>\n<tr>\n<td bgcolor=\"#ffffff\">300<\/td>\n<td bgcolor=\"#ffffff\">500<\/td>\n<td bgcolor=\"#ffffff\">520<\/td>\n<td bgcolor=\"#ffffff\">470<\/td>\n<td bgcolor=\"#ffffff\">435<\/td>\n<td bgcolor=\"#ffffff\">34<\/td>\n<td bgcolor=\"#ffffff\">1\/2<\/td>\n<td bgcolor=\"#ffffff\">16-25<\/td>\n<td bgcolor=\"#ffffff\">1600<\/td>\n<td bgcolor=\"#ffffff\">500<\/td>\n<\/tr>\n<\/tbody>\n<\/table>\n<\/div>\n<\/div>\n<\/div>\n<\/div>\n<\/div>","protected":false},"excerpt":{"rendered":"<p>Das \u00d6ffnungs- und Schlie\u00dfteil des thermoisolierten Durchgangsventils ist eine steckerf\u00f6rmige Ventilscheibe, die Dichtfl\u00e4che ist eine ebene oder konische Fl\u00e4che, und die Ventilscheibe bewegt sich linear entlang der Mittellinie des Fluids. Die Bewegungsform des Ventilschafts umfasst einen Hubspindeltyp (der Ventilschaft hebt und senkt sich, und das Handrad hebt und senkt sich nicht) und es gibt auch einen Hub-Drehspindeltyp (das Handrad dreht sich und hebt sich zusammen mit der Ventilspindel, und die Mutter ist am Ventilk\u00f6rper angeordnet). Das Faltenbalg-Durchgangsventil ist nur f\u00fcr vollst\u00e4ndig ge\u00f6ffnet und vollst\u00e4ndig geschlossen geeignet, eine Einstellung und Drosselung ist nicht zul\u00e4ssig.<\/p>","protected":false},"featured_media":5576,"comment_status":"open","ping_status":"closed","template":"","meta":{"site-sidebar-layout":"default","site-content-layout":"default","ast-site-content-layout":"default","site-content-style":"default","site-sidebar-style":"default","ast-global-header-display":"","ast-banner-title-visibility":"","ast-main-header-display":"","ast-hfb-above-header-display":"","ast-hfb-below-header-display":"","ast-hfb-mobile-header-display":"","site-post-title":"","ast-breadcrumbs-content":"","ast-featured-img":"","footer-sml-layout":"","ast-disable-related-posts":"","theme-transparent-header-meta":"default","adv-header-id-meta":"","stick-header-meta":"default","header-above-stick-meta":"","header-main-stick-meta":"","header-below-stick-meta":"","astra-migrate-meta-layouts":"default","ast-page-background-enabled":"default","ast-page-background-meta":{"desktop":{"background-color":"","background-image":"","background-repeat":"repeat","background-position":"center center","background-size":"auto","background-attachment":"scroll","background-type":"","background-media":"","overlay-type":"","overlay-color":"","overlay-opacity":"","overlay-gradient":""},"tablet":{"background-color":"","background-image":"","background-repeat":"repeat","background-position":"center center","background-size":"auto","background-attachment":"scroll","background-type":"","background-media":"","overlay-type":"","overlay-color":"","overlay-opacity":"","overlay-gradient":""},"mobile":{"background-color":"","background-image":"","background-repeat":"repeat","background-position":"center center","background-size":"auto","background-attachment":"scroll","background-type":"","background-media":"","overlay-type":"","overlay-color":"","overlay-opacity":"","overlay-gradient":""}},"ast-content-background-meta":{"desktop":{"background-color":"var(--ast-global-color-5)","background-image":"","background-repeat":"repeat","background-position":"center center","background-size":"auto","background-attachment":"scroll","background-type":"","background-media":"","overlay-type":"","overlay-color":"","overlay-opacity":"","overlay-gradient":""},"tablet":{"background-color":"var(--ast-global-color-5)","background-image":"","background-repeat":"repeat","background-position":"center center","background-size":"auto","background-attachment":"scroll","background-type":"","background-media":"","overlay-type":"","overlay-color":"","overlay-opacity":"","overlay-gradient":""},"mobile":{"background-color":"var(--ast-global-color-5)","background-image":"","background-repeat":"repeat","background-position":"center center","background-size":"auto","background-attachment":"scroll","background-type":"","background-media":"","overlay-type":"","overlay-color":"","overlay-opacity":"","overlay-gradient":""}}},"product_brand":[],"product_cat":[174],"product_tag":[318],"class_list":{"0":"post-4865","1":"product","2":"type-product","3":"status-publish","4":"has-post-thumbnail","6":"product_cat-globe-valves","7":"product_tag-oil","8":"desktop-align-left","9":"tablet-align-left","10":"mobile-align-left","11":"ast-product-gallery-layout-horizontal-slider","12":"ast-product-gallery-with-no-image","13":"ast-product-tabs-layout-horizontal","14":"ast-qv-on-image","16":"first","17":"instock","18":"shipping-taxable","19":"product-type-simple"},"_links":{"self":[{"href":"https:\/\/raymonvalve.com\/de\/wp-json\/wp\/v2\/product\/4865","targetHints":{"allow":["GET"]}}],"collection":[{"href":"https:\/\/raymonvalve.com\/de\/wp-json\/wp\/v2\/product"}],"about":[{"href":"https:\/\/raymonvalve.com\/de\/wp-json\/wp\/v2\/types\/product"}],"replies":[{"embeddable":true,"href":"https:\/\/raymonvalve.com\/de\/wp-json\/wp\/v2\/comments?post=4865"}],"wp:featuredmedia":[{"embeddable":true,"href":"https:\/\/raymonvalve.com\/de\/wp-json\/wp\/v2\/media\/5576"}],"wp:attachment":[{"href":"https:\/\/raymonvalve.com\/de\/wp-json\/wp\/v2\/media?parent=4865"}],"wp:term":[{"taxonomy":"product_brand","embeddable":true,"href":"https:\/\/raymonvalve.com\/de\/wp-json\/wp\/v2\/product_brand?post=4865"},{"taxonomy":"product_cat","embeddable":true,"href":"https:\/\/raymonvalve.com\/de\/wp-json\/wp\/v2\/product_cat?post=4865"},{"taxonomy":"product_tag","embeddable":true,"href":"https:\/\/raymonvalve.com\/de\/wp-json\/wp\/v2\/product_tag?post=4865"}],"curies":[{"name":"wp","href":"https:\/\/api.w.org\/{rel}","templated":true}]}}