{"id":4866,"date":"2022-09-05T14:27:46","date_gmt":"2022-09-05T06:27:46","guid":{"rendered":"https:\/\/limegreen-okapi-448594.hostingersite.com\/?post_type=product&#038;p=4866"},"modified":"2022-09-05T14:41:43","modified_gmt":"2022-09-05T06:41:43","slug":"dj41y-low-temperature-globe-valve","status":"publish","type":"product","link":"https:\/\/raymonvalve.com\/de\/produkt\/dj41y-low-temperature-globe-valve\/","title":{"rendered":"DJ41Y Tieftemperatur-Durchgangsventil"},"content":{"rendered":"<div class=\"document\">\n<div class=\"document\">\n<div class=\"document\">\n<div class=\"productParameter\">\n<p>Das Material des DJ41Y Tieftemperatur-Durchgangsventils, das bei niedrigen Temperaturen arbeitet, muss seine Tieftemperaturleistung sicherstellen, haupts\u00e4chlich um seine K\u00e4lteschlagfestigkeit zu gew\u00e4hrleisten. Die Innengarnitur des Ventils muss richtig ausgew\u00e4hlt werden, um eine ausreichende K\u00e4lteschlagfestigkeit aufzuweisen und Bruch zu verhindern. Legierungsst\u00e4hle mit C und Cr verlieren ihre Schlagfestigkeit schnell bei Temperaturen unter -20\u00b0C, daher ist die Gebrauchstemperatur auf -30\u00b0C bzw. -50\u00b0C begrenzt. Nickelstahl mit einem Ni-Gehalt von 3,5 % kann bis -100\u00b0C verwendet werden, und Nickelstahl mit einem Ni-Gehalt von 9 % kann bis -196\u00b0C verwendet werden. Austenitischer Edelstahl, Nickel, Monel, Hastelloy, Titan, Aluminiumlegierungen und Bronze k\u00f6nnen f\u00fcr sehr niedrige Temperaturen (-273\u00b0C) verwendet werden.<\/p>\n<p>Ausf\u00fchrungsnorm:<\/p>\n<table border=\"0\" cellspacing=\"1\">\n<tbody>\n<tr>\n<td bgcolor=\"#ffffff\">Konstruktion und Fertigung<\/td>\n<td bgcolor=\"#ffffff\">Baul\u00e4nge<\/td>\n<td bgcolor=\"#ffffff\">Flanschgr\u00f6\u00dfe<\/td>\n<td bgcolor=\"#ffffff\">Druck-Temperatur<\/td>\n<td bgcolor=\"#ffffff\">Pr\u00fcfung und Inspektion<\/td>\n<\/tr>\n<tr>\n<td bgcolor=\"#ffffff\">JB\/T7749<\/td>\n<td bgcolor=\"#ffffff\">GB12221<\/td>\n<td bgcolor=\"#ffffff\">JB79<\/td>\n<td bgcolor=\"#ffffff\">GB9131<\/td>\n<td bgcolor=\"#ffffff\">JB\/T9092<\/td>\n<\/tr>\n<\/tbody>\n<\/table>\n<p>&nbsp;<\/p>\n<p>Druckpr\u00fcfung:<\/p>\n<table border=\"0\" cellspacing=\"1\">\n<tbody>\n<tr>\n<td bgcolor=\"#ffffff\">Nenndruck PN<\/td>\n<td bgcolor=\"#ffffff\">1.6<\/td>\n<td bgcolor=\"#ffffff\">2.5<\/td>\n<td bgcolor=\"#ffffff\">4.0<\/td>\n<\/tr>\n<tr>\n<td bgcolor=\"#ffffff\">Festigkeitspr\u00fcfung<\/td>\n<td bgcolor=\"#ffffff\">2.4<\/td>\n<td bgcolor=\"#ffffff\">3.8<\/td>\n<td bgcolor=\"#ffffff\">6.0<\/td>\n<\/tr>\n<tr>\n<td bgcolor=\"#ffffff\">Wasserdichtheitspr\u00fcfung<\/td>\n<td bgcolor=\"#ffffff\">1.8<\/td>\n<td bgcolor=\"#ffffff\">2.8<\/td>\n<td bgcolor=\"#ffffff\">4.4<\/td>\n<\/tr>\n<tr>\n<td bgcolor=\"#ffffff\">Oberdichtheitspr\u00fcfung<\/td>\n<td bgcolor=\"#ffffff\">1.8<\/td>\n<td bgcolor=\"#ffffff\">2.8<\/td>\n<td bgcolor=\"#ffffff\">4.4<\/td>\n<\/tr>\n<tr>\n<td bgcolor=\"#ffffff\">Luftdichtheitspr\u00fcfung<\/td>\n<td colspan=\"3\" bgcolor=\"#ffffff\">0.4-0.7<\/td>\n<\/tr>\n<\/tbody>\n<\/table>\n<p>&nbsp;<\/p>\n<p>Teilewerkstoff und Leistung:<\/p>\n<table border=\"0\" cellspacing=\"1\">\n<tbody>\n<tr>\n<td bgcolor=\"#ffffff\">Geh\u00e4use-Abdeckplatte<\/td>\n<td bgcolor=\"#ffffff\">Ventilspindel<\/td>\n<td bgcolor=\"#ffffff\">Dichtfl\u00e4che<\/td>\n<td bgcolor=\"#ffffff\">Dichtung<\/td>\n<td bgcolor=\"#ffffff\">Packung<\/td>\n<td bgcolor=\"#ffffff\">Arbeitstemperatur \u2103<\/td>\n<td bgcolor=\"#ffffff\">Anwendbare Medien<\/td>\n<\/tr>\n<tr>\n<td bgcolor=\"#ffffff\">LCB<\/td>\n<td rowspan=\"3\" bgcolor=\"#ffffff\">1Cr17Ni12<\/td>\n<td rowspan=\"6\" bgcolor=\"#ffffff\">DTL\/DTL<\/td>\n<td rowspan=\"6\" bgcolor=\"#ffffff\">1Cr13\/flexibler Graphit, Tieftemperatur-Asbest<\/td>\n<td rowspan=\"6\" bgcolor=\"#ffffff\">PTFE<br \/>\nTetrafluorethylen-Eintauchung<br \/>\nAsbestseil<br \/>\nFlexibler Graphit<\/td>\n<td bgcolor=\"#ffffff\">-46<\/td>\n<td rowspan=\"6\" bgcolor=\"#ffffff\">Propan\/Propylen<br \/>\nMethanol, Ethan<br \/>\nGas\/Ammoniak<\/td>\n<\/tr>\n<tr>\n<td bgcolor=\"#ffffff\">LC1<\/td>\n<td bgcolor=\"#ffffff\">-60<\/td>\n<\/tr>\n<tr>\n<td bgcolor=\"#ffffff\">LC2<\/td>\n<td bgcolor=\"#ffffff\">-73<\/td>\n<\/tr>\n<tr>\n<td bgcolor=\"#ffffff\">LC3<\/td>\n<td rowspan=\"3\" bgcolor=\"#ffffff\">1Cr18Ni9Ti<\/td>\n<td bgcolor=\"#ffffff\">-101<\/td>\n<\/tr>\n<tr>\n<td bgcolor=\"#ffffff\">LC4<\/td>\n<td bgcolor=\"#ffffff\">-115<\/td>\n<\/tr>\n<tr>\n<td bgcolor=\"#ffffff\">LC8<\/td>\n<td bgcolor=\"#ffffff\">-196<\/td>\n<\/tr>\n<\/tbody>\n<\/table>\n<p>&nbsp;<\/p>\n<p>Hauptabmessungen:<\/p>\n<table border=\"0\" cellspacing=\"1\">\n<tbody>\n<tr>\n<td rowspan=\"2\" bgcolor=\"#ffffff\">1,6 MPa<\/td>\n<td rowspan=\"2\" bgcolor=\"#ffffff\">DN<\/td>\n<td rowspan=\"2\" bgcolor=\"#ffffff\">L<\/td>\n<td rowspan=\"2\" bgcolor=\"#ffffff\">D<\/td>\n<td rowspan=\"2\" bgcolor=\"#ffffff\">D1<\/td>\n<td rowspan=\"2\" bgcolor=\"#ffffff\">D2<\/td>\n<td rowspan=\"2\" bgcolor=\"#ffffff\">b<\/td>\n<td rowspan=\"2\" bgcolor=\"#ffffff\">n-\u03a6d<\/td>\n<td colspan=\"3\" bgcolor=\"#ffffff\" height=\"25\">H<\/td>\n<td rowspan=\"2\" bgcolor=\"#ffffff\">D0<\/td>\n<\/tr>\n<tr>\n<td bgcolor=\"#ffffff\">-46\u2103<\/td>\n<td bgcolor=\"#ffffff\">4-101\u2103<\/td>\n<td bgcolor=\"#ffffff\">-196\u2103<\/td>\n<\/tr>\n<tr>\n<td rowspan=\"9\" bgcolor=\"#ffffff\">Vorgelagerte Dichtfl\u00e4che<br \/>\nRF<br \/>\nDJ41Y-16L<br \/>\nDJ41Y-16L C1<br \/>\nDJ41Y-16L C2 DJ41Y-16L C3<br \/>\nDJ41Y-16L C4 DJ41Y-16P<br \/>\nDJ41Y-16R<\/td>\n<td bgcolor=\"#ffffff\">50<\/td>\n<td bgcolor=\"#ffffff\">230<\/td>\n<td bgcolor=\"#ffffff\">160<\/td>\n<td bgcolor=\"#ffffff\">125<\/td>\n<td bgcolor=\"#ffffff\">100<\/td>\n<td bgcolor=\"#ffffff\">16<\/td>\n<td bgcolor=\"#ffffff\">4-\u03a618<\/td>\n<td bgcolor=\"#ffffff\">460<\/td>\n<td bgcolor=\"#ffffff\">480<\/td>\n<td bgcolor=\"#ffffff\">520<\/td>\n<td bgcolor=\"#ffffff\">240<\/td>\n<\/tr>\n<tr>\n<td bgcolor=\"#ffffff\">65<\/td>\n<td bgcolor=\"#ffffff\">290<\/td>\n<td bgcolor=\"#ffffff\">180<\/td>\n<td bgcolor=\"#ffffff\">145<\/td>\n<td bgcolor=\"#ffffff\">120<\/td>\n<td bgcolor=\"#ffffff\">18<\/td>\n<td bgcolor=\"#ffffff\">4-\u03a618<\/td>\n<td bgcolor=\"#ffffff\">475<\/td>\n<td bgcolor=\"#ffffff\">505<\/td>\n<td bgcolor=\"#ffffff\">525<\/td>\n<td bgcolor=\"#ffffff\">280<\/td>\n<\/tr>\n<tr>\n<td bgcolor=\"#ffffff\">80<\/td>\n<td bgcolor=\"#ffffff\">310<\/td>\n<td bgcolor=\"#ffffff\">195<\/td>\n<td bgcolor=\"#ffffff\">160<\/td>\n<td bgcolor=\"#ffffff\">135<\/td>\n<td bgcolor=\"#ffffff\">20<\/td>\n<td bgcolor=\"#ffffff\">8-\u03a618<\/td>\n<td bgcolor=\"#ffffff\">520<\/td>\n<td bgcolor=\"#ffffff\">550<\/td>\n<td bgcolor=\"#ffffff\">590<\/td>\n<td bgcolor=\"#ffffff\">280<\/td>\n<\/tr>\n<tr>\n<td bgcolor=\"#ffffff\">100<\/td>\n<td bgcolor=\"#ffffff\">350<\/td>\n<td bgcolor=\"#ffffff\">215<\/td>\n<td bgcolor=\"#ffffff\">180<\/td>\n<td bgcolor=\"#ffffff\">155<\/td>\n<td bgcolor=\"#ffffff\">20<\/td>\n<td bgcolor=\"#ffffff\">8-\u03a618<\/td>\n<td bgcolor=\"#ffffff\">545<\/td>\n<td bgcolor=\"#ffffff\">575<\/td>\n<td bgcolor=\"#ffffff\">615<\/td>\n<td bgcolor=\"#ffffff\">320<\/td>\n<\/tr>\n<tr>\n<td bgcolor=\"#ffffff\">125<\/td>\n<td bgcolor=\"#ffffff\">400<\/td>\n<td bgcolor=\"#ffffff\">245<\/td>\n<td bgcolor=\"#ffffff\">210<\/td>\n<td bgcolor=\"#ffffff\">185<\/td>\n<td bgcolor=\"#ffffff\">22<\/td>\n<td bgcolor=\"#ffffff\">8-\u03a618<\/td>\n<td bgcolor=\"#ffffff\">590<\/td>\n<td bgcolor=\"#ffffff\">620<\/td>\n<td bgcolor=\"#ffffff\">660<\/td>\n<td bgcolor=\"#ffffff\">360<\/td>\n<\/tr>\n<tr>\n<td bgcolor=\"#ffffff\">150<\/td>\n<td bgcolor=\"#ffffff\">480<\/td>\n<td bgcolor=\"#ffffff\">280<\/td>\n<td bgcolor=\"#ffffff\">240<\/td>\n<td bgcolor=\"#ffffff\">210<\/td>\n<td bgcolor=\"#ffffff\">24<\/td>\n<td bgcolor=\"#ffffff\">8-\u03a623<\/td>\n<td bgcolor=\"#ffffff\">650<\/td>\n<td bgcolor=\"#ffffff\">680<\/td>\n<td bgcolor=\"#ffffff\">730<\/td>\n<td bgcolor=\"#ffffff\">400<\/td>\n<\/tr>\n<tr>\n<td bgcolor=\"#ffffff\">200<\/td>\n<td bgcolor=\"#ffffff\">600<\/td>\n<td bgcolor=\"#ffffff\">335<\/td>\n<td bgcolor=\"#ffffff\">295<\/td>\n<td bgcolor=\"#ffffff\">265<\/td>\n<td bgcolor=\"#ffffff\">26<\/td>\n<td bgcolor=\"#ffffff\">12-\u03a623<\/td>\n<td bgcolor=\"#ffffff\">850<\/td>\n<td bgcolor=\"#ffffff\">880<\/td>\n<td bgcolor=\"#ffffff\">930<\/td>\n<td bgcolor=\"#ffffff\">400<\/td>\n<\/tr>\n<tr>\n<td bgcolor=\"#ffffff\">250<\/td>\n<td bgcolor=\"#ffffff\">730<\/td>\n<td bgcolor=\"#ffffff\">405<\/td>\n<td bgcolor=\"#ffffff\">355<\/td>\n<td bgcolor=\"#ffffff\">320<\/td>\n<td bgcolor=\"#ffffff\">30<\/td>\n<td bgcolor=\"#ffffff\">12-\u03a625<\/td>\n<td bgcolor=\"#ffffff\">956<\/td>\n<td bgcolor=\"#ffffff\">986<\/td>\n<td bgcolor=\"#ffffff\">1036<\/td>\n<td bgcolor=\"#ffffff\">450<\/td>\n<\/tr>\n<tr>\n<td bgcolor=\"#ffffff\">300<\/td>\n<td bgcolor=\"#ffffff\">850<\/td>\n<td bgcolor=\"#ffffff\">460<\/td>\n<td bgcolor=\"#ffffff\">410<\/td>\n<td bgcolor=\"#ffffff\">375<\/td>\n<td bgcolor=\"#ffffff\">30<\/td>\n<td bgcolor=\"#ffffff\">12-\u03a625<\/td>\n<td bgcolor=\"#ffffff\">1095<\/td>\n<td bgcolor=\"#ffffff\">1125<\/td>\n<td bgcolor=\"#ffffff\">1175<\/td>\n<td bgcolor=\"#ffffff\">500<\/td>\n<\/tr>\n<tr>\n<td bgcolor=\"#ffffff\">2,5MPa<\/td>\n<td bgcolor=\"#ffffff\">50<\/td>\n<td bgcolor=\"#ffffff\">230<\/td>\n<td bgcolor=\"#ffffff\">160<\/td>\n<td bgcolor=\"#ffffff\">125<\/td>\n<td bgcolor=\"#ffffff\">100<\/td>\n<td bgcolor=\"#ffffff\">20<\/td>\n<td bgcolor=\"#ffffff\">4-\u03a618<\/td>\n<td bgcolor=\"#ffffff\">460<\/td>\n<td bgcolor=\"#ffffff\">460<\/td>\n<td bgcolor=\"#ffffff\">520<\/td>\n<td bgcolor=\"#ffffff\">240<\/td>\n<\/tr>\n<tr>\n<td rowspan=\"8\" bgcolor=\"#ffffff\">Vorgelagerte Dichtfl\u00e4che<br \/>\nRF<br \/>\nDJ41Y-25L<br \/>\nDJ41Y-25L C1<br \/>\nDJ41Y-25L C2 DJ41Y-25L C3<br \/>\nDJ41Y-25L C4 DJ41Y-25P<br \/>\nDJ41Y-25R<\/td>\n<td bgcolor=\"#ffffff\">65<\/td>\n<td bgcolor=\"#ffffff\">290<\/td>\n<td bgcolor=\"#ffffff\">180<\/td>\n<td bgcolor=\"#ffffff\">145<\/td>\n<td bgcolor=\"#ffffff\">120<\/td>\n<td bgcolor=\"#ffffff\">22<\/td>\n<td bgcolor=\"#ffffff\">8-\u03a618<\/td>\n<td bgcolor=\"#ffffff\">475<\/td>\n<td bgcolor=\"#ffffff\">505<\/td>\n<td bgcolor=\"#ffffff\">525<\/td>\n<td bgcolor=\"#ffffff\">280<\/td>\n<\/tr>\n<tr>\n<td bgcolor=\"#ffffff\">80<\/td>\n<td bgcolor=\"#ffffff\">310<\/td>\n<td bgcolor=\"#ffffff\">195<\/td>\n<td bgcolor=\"#ffffff\">160<\/td>\n<td bgcolor=\"#ffffff\">135<\/td>\n<td bgcolor=\"#ffffff\">22<\/td>\n<td bgcolor=\"#ffffff\">8-\u03a618<\/td>\n<td bgcolor=\"#ffffff\">520<\/td>\n<td bgcolor=\"#ffffff\">550<\/td>\n<td bgcolor=\"#ffffff\">590<\/td>\n<td bgcolor=\"#ffffff\">280<\/td>\n<\/tr>\n<tr>\n<td bgcolor=\"#ffffff\">100<\/td>\n<td bgcolor=\"#ffffff\">350<\/td>\n<td bgcolor=\"#ffffff\">230<\/td>\n<td bgcolor=\"#ffffff\">190<\/td>\n<td bgcolor=\"#ffffff\">160<\/td>\n<td bgcolor=\"#ffffff\">24<\/td>\n<td bgcolor=\"#ffffff\">8-\u03a623<\/td>\n<td bgcolor=\"#ffffff\">545<\/td>\n<td bgcolor=\"#ffffff\">575<\/td>\n<td bgcolor=\"#ffffff\">615<\/td>\n<td bgcolor=\"#ffffff\">320<\/td>\n<\/tr>\n<tr>\n<td bgcolor=\"#ffffff\">125<\/td>\n<td bgcolor=\"#ffffff\">400<\/td>\n<td bgcolor=\"#ffffff\">270<\/td>\n<td bgcolor=\"#ffffff\">220<\/td>\n<td bgcolor=\"#ffffff\">188<\/td>\n<td bgcolor=\"#ffffff\">28<\/td>\n<td bgcolor=\"#ffffff\">8-\u03a625<\/td>\n<td bgcolor=\"#ffffff\">590<\/td>\n<td bgcolor=\"#ffffff\">620<\/td>\n<td bgcolor=\"#ffffff\">660<\/td>\n<td bgcolor=\"#ffffff\">360<\/td>\n<\/tr>\n<tr>\n<td bgcolor=\"#ffffff\">150<\/td>\n<td bgcolor=\"#ffffff\">480<\/td>\n<td bgcolor=\"#ffffff\">300<\/td>\n<td bgcolor=\"#ffffff\">250<\/td>\n<td bgcolor=\"#ffffff\">218<\/td>\n<td bgcolor=\"#ffffff\">30<\/td>\n<td bgcolor=\"#ffffff\">8-\u03a625<\/td>\n<td bgcolor=\"#ffffff\">650<\/td>\n<td bgcolor=\"#ffffff\">680<\/td>\n<td bgcolor=\"#ffffff\">730<\/td>\n<td bgcolor=\"#ffffff\">400<\/td>\n<\/tr>\n<tr>\n<td bgcolor=\"#ffffff\">200<\/td>\n<td bgcolor=\"#ffffff\">600<\/td>\n<td bgcolor=\"#ffffff\">360<\/td>\n<td bgcolor=\"#ffffff\">310<\/td>\n<td bgcolor=\"#ffffff\">278<\/td>\n<td bgcolor=\"#ffffff\">34<\/td>\n<td bgcolor=\"#ffffff\">12-\u03a625<\/td>\n<td bgcolor=\"#ffffff\">850<\/td>\n<td bgcolor=\"#ffffff\">880<\/td>\n<td bgcolor=\"#ffffff\">930<\/td>\n<td bgcolor=\"#ffffff\">400<\/td>\n<\/tr>\n<tr>\n<td bgcolor=\"#ffffff\">250<\/td>\n<td bgcolor=\"#ffffff\">730<\/td>\n<td bgcolor=\"#ffffff\">425<\/td>\n<td bgcolor=\"#ffffff\">370<\/td>\n<td bgcolor=\"#ffffff\">332<\/td>\n<td bgcolor=\"#ffffff\">36<\/td>\n<td bgcolor=\"#ffffff\">12-\u03a630<\/td>\n<td bgcolor=\"#ffffff\">956<\/td>\n<td bgcolor=\"#ffffff\">986<\/td>\n<td bgcolor=\"#ffffff\">1036<\/td>\n<td bgcolor=\"#ffffff\">450<\/td>\n<\/tr>\n<tr>\n<td bgcolor=\"#ffffff\">300<\/td>\n<td bgcolor=\"#ffffff\">850<\/td>\n<td bgcolor=\"#ffffff\">485<\/td>\n<td bgcolor=\"#ffffff\">430<\/td>\n<td bgcolor=\"#ffffff\">390<\/td>\n<td bgcolor=\"#ffffff\">40<\/td>\n<td bgcolor=\"#ffffff\">16-\u03a630<\/td>\n<td bgcolor=\"#ffffff\">1095<\/td>\n<td bgcolor=\"#ffffff\">1125<\/td>\n<td bgcolor=\"#ffffff\">1175<\/td>\n<td bgcolor=\"#ffffff\">500<\/td>\n<\/tr>\n<tr>\n<td bgcolor=\"#ffffff\">4,0 MPa<\/td>\n<td bgcolor=\"#ffffff\">50<\/td>\n<td bgcolor=\"#ffffff\">230<\/td>\n<td bgcolor=\"#ffffff\">160<\/td>\n<td bgcolor=\"#ffffff\">125<\/td>\n<td bgcolor=\"#ffffff\">100<\/td>\n<td bgcolor=\"#ffffff\">20<\/td>\n<td bgcolor=\"#ffffff\">4-\u03a618<\/td>\n<td bgcolor=\"#ffffff\">483<\/td>\n<td bgcolor=\"#ffffff\">504<\/td>\n<td bgcolor=\"#ffffff\">546<\/td>\n<td bgcolor=\"#ffffff\">240<\/td>\n<\/tr>\n<tr>\n<td rowspan=\"8\" bgcolor=\"#ffffff\">Vorgelagerte Dichtfl\u00e4che<br \/>\nRF<br \/>\nDJ41Y-40L<br \/>\nDJ41Y-40L C1<br \/>\nDJ41Y-40L C2 DJ41Y-40L C3<br \/>\nDJ41Y-40L C4 DJ41Y-40P<br \/>\nDJ41Y-40R<\/td>\n<td bgcolor=\"#ffffff\">65<\/td>\n<td bgcolor=\"#ffffff\">290<\/td>\n<td bgcolor=\"#ffffff\">180<\/td>\n<td bgcolor=\"#ffffff\">145<\/td>\n<td bgcolor=\"#ffffff\">120<\/td>\n<td bgcolor=\"#ffffff\">22<\/td>\n<td bgcolor=\"#ffffff\">8-\u03a618<\/td>\n<td bgcolor=\"#ffffff\">499<\/td>\n<td bgcolor=\"#ffffff\">530<\/td>\n<td bgcolor=\"#ffffff\">551<\/td>\n<td bgcolor=\"#ffffff\">280<\/td>\n<\/tr>\n<tr>\n<td bgcolor=\"#ffffff\">80<\/td>\n<td bgcolor=\"#ffffff\">310<\/td>\n<td bgcolor=\"#ffffff\">195<\/td>\n<td bgcolor=\"#ffffff\">160<\/td>\n<td bgcolor=\"#ffffff\">135<\/td>\n<td bgcolor=\"#ffffff\">22<\/td>\n<td bgcolor=\"#ffffff\">8-\u03a618<\/td>\n<td bgcolor=\"#ffffff\">546<\/td>\n<td bgcolor=\"#ffffff\">578<\/td>\n<td bgcolor=\"#ffffff\">620<\/td>\n<td bgcolor=\"#ffffff\">280<\/td>\n<\/tr>\n<tr>\n<td bgcolor=\"#ffffff\">100<\/td>\n<td bgcolor=\"#ffffff\">350<\/td>\n<td bgcolor=\"#ffffff\">230<\/td>\n<td bgcolor=\"#ffffff\">190<\/td>\n<td bgcolor=\"#ffffff\">160<\/td>\n<td bgcolor=\"#ffffff\">24<\/td>\n<td bgcolor=\"#ffffff\">8-\u03a623<\/td>\n<td bgcolor=\"#ffffff\">572<\/td>\n<td bgcolor=\"#ffffff\">604<\/td>\n<td bgcolor=\"#ffffff\">646<\/td>\n<td bgcolor=\"#ffffff\">320<\/td>\n<\/tr>\n<tr>\n<td bgcolor=\"#ffffff\">125<\/td>\n<td bgcolor=\"#ffffff\">400<\/td>\n<td bgcolor=\"#ffffff\">270<\/td>\n<td bgcolor=\"#ffffff\">220<\/td>\n<td bgcolor=\"#ffffff\">188<\/td>\n<td bgcolor=\"#ffffff\">28<\/td>\n<td bgcolor=\"#ffffff\">8-\u03a625<\/td>\n<td bgcolor=\"#ffffff\">620<\/td>\n<td bgcolor=\"#ffffff\">651<\/td>\n<td bgcolor=\"#ffffff\">693<\/td>\n<td bgcolor=\"#ffffff\">360<\/td>\n<\/tr>\n<tr>\n<td bgcolor=\"#ffffff\">150<\/td>\n<td bgcolor=\"#ffffff\">480<\/td>\n<td bgcolor=\"#ffffff\">330<\/td>\n<td bgcolor=\"#ffffff\">2850<\/td>\n<td bgcolor=\"#ffffff\">218<\/td>\n<td bgcolor=\"#ffffff\">30<\/td>\n<td bgcolor=\"#ffffff\">8-\u03a625<\/td>\n<td bgcolor=\"#ffffff\">683<\/td>\n<td bgcolor=\"#ffffff\">741<\/td>\n<td bgcolor=\"#ffffff\">767<\/td>\n<td bgcolor=\"#ffffff\">400<\/td>\n<\/tr>\n<tr>\n<td bgcolor=\"#ffffff\">200<\/td>\n<td bgcolor=\"#ffffff\">600<\/td>\n<td bgcolor=\"#ffffff\">375<\/td>\n<td bgcolor=\"#ffffff\">320<\/td>\n<td bgcolor=\"#ffffff\">282<\/td>\n<td bgcolor=\"#ffffff\">38<\/td>\n<td bgcolor=\"#ffffff\">12-\u03a630<\/td>\n<td bgcolor=\"#ffffff\">893<\/td>\n<td bgcolor=\"#ffffff\">924<\/td>\n<td bgcolor=\"#ffffff\">977<\/td>\n<td bgcolor=\"#ffffff\">400<\/td>\n<\/tr>\n<tr>\n<td bgcolor=\"#ffffff\">250<\/td>\n<td bgcolor=\"#ffffff\">730<\/td>\n<td bgcolor=\"#ffffff\">445<\/td>\n<td bgcolor=\"#ffffff\">385<\/td>\n<td bgcolor=\"#ffffff\">345<\/td>\n<td bgcolor=\"#ffffff\">42<\/td>\n<td bgcolor=\"#ffffff\">12-\u03a634<\/td>\n<td bgcolor=\"#ffffff\">1004<\/td>\n<td bgcolor=\"#ffffff\">1035<\/td>\n<td bgcolor=\"#ffffff\">1088<\/td>\n<td bgcolor=\"#ffffff\">450<\/td>\n<\/tr>\n<tr>\n<td bgcolor=\"#ffffff\">300<\/td>\n<td bgcolor=\"#ffffff\">850<\/td>\n<td bgcolor=\"#ffffff\">510<\/td>\n<td bgcolor=\"#ffffff\">450<\/td>\n<td bgcolor=\"#ffffff\">408<\/td>\n<td bgcolor=\"#ffffff\">46<\/td>\n<td bgcolor=\"#ffffff\">16-\u03a634<\/td>\n<td bgcolor=\"#ffffff\">1150<\/td>\n<td bgcolor=\"#ffffff\">1181<\/td>\n<td bgcolor=\"#ffffff\">1234<\/td>\n<td bgcolor=\"#ffffff\">500<\/td>\n<\/tr>\n<\/tbody>\n<\/table>\n<\/div>\n<\/div>\n<\/div>\n<\/div>","protected":false},"excerpt":{"rendered":"<p>Das Material des DJ41Y Tieftemperatur-Durchgangsventils, das bei niedrigen Temperaturen arbeitet, muss seine Tieftemperaturleistung sicherstellen, haupts\u00e4chlich um seine K\u00e4lteschlagfestigkeit zu gew\u00e4hrleisten. Die Innengarnitur des Ventils muss richtig ausgew\u00e4hlt werden, um eine ausreichende K\u00e4lteschlagfestigkeit aufzuweisen und Bruch zu verhindern. Legierungsst\u00e4hle mit C und Cr verlieren ihre Schlagfestigkeit schnell bei Temperaturen unter -20\u00b0C, daher ist die Gebrauchstemperatur auf -30\u00b0C bzw. -50\u00b0C begrenzt. Nickelstahl mit einem Ni-Gehalt von 3,5 % kann bis -100\u00b0C verwendet werden, und Nickelstahl mit einem Ni-Gehalt von 9 % kann bis -196\u00b0C verwendet werden. Austenitischer Edelstahl, Nickel, Monel, Hastelloy, Titan, Aluminiumlegierungen und Bronze k\u00f6nnen f\u00fcr sehr niedrige Temperaturen (-273\u00b0C) verwendet werden.<\/p>","protected":false},"featured_media":972,"comment_status":"open","ping_status":"closed","template":"","meta":{"site-sidebar-layout":"default","site-content-layout":"default","ast-site-content-layout":"default","site-content-style":"default","site-sidebar-style":"default","ast-global-header-display":"","ast-banner-title-visibility":"","ast-main-header-display":"","ast-hfb-above-header-display":"","ast-hfb-below-header-display":"","ast-hfb-mobile-header-display":"","site-post-title":"","ast-breadcrumbs-content":"","ast-featured-img":"","footer-sml-layout":"","ast-disable-related-posts":"","theme-transparent-header-meta":"default","adv-header-id-meta":"","stick-header-meta":"default","header-above-stick-meta":"","header-main-stick-meta":"","header-below-stick-meta":"","astra-migrate-meta-layouts":"default","ast-page-background-enabled":"default","ast-page-background-meta":{"desktop":{"background-color":"","background-image":"","background-repeat":"repeat","background-position":"center center","background-size":"auto","background-attachment":"scroll","background-type":"","background-media":"","overlay-type":"","overlay-color":"","overlay-opacity":"","overlay-gradient":""},"tablet":{"background-color":"","background-image":"","background-repeat":"repeat","background-position":"center center","background-size":"auto","background-attachment":"scroll","background-type":"","background-media":"","overlay-type":"","overlay-color":"","overlay-opacity":"","overlay-gradient":""},"mobile":{"background-color":"","background-image":"","background-repeat":"repeat","background-position":"center center","background-size":"auto","background-attachment":"scroll","background-type":"","background-media":"","overlay-type":"","overlay-color":"","overlay-opacity":"","overlay-gradient":""}},"ast-content-background-meta":{"desktop":{"background-color":"var(--ast-global-color-5)","background-image":"","background-repeat":"repeat","background-position":"center center","background-size":"auto","background-attachment":"scroll","background-type":"","background-media":"","overlay-type":"","overlay-color":"","overlay-opacity":"","overlay-gradient":""},"tablet":{"background-color":"var(--ast-global-color-5)","background-image":"","background-repeat":"repeat","background-position":"center center","background-size":"auto","background-attachment":"scroll","background-type":"","background-media":"","overlay-type":"","overlay-color":"","overlay-opacity":"","overlay-gradient":""},"mobile":{"background-color":"var(--ast-global-color-5)","background-image":"","background-repeat":"repeat","background-position":"center center","background-size":"auto","background-attachment":"scroll","background-type":"","background-media":"","overlay-type":"","overlay-color":"","overlay-opacity":"","overlay-gradient":""}}},"product_brand":[],"product_cat":[174],"product_tag":[318],"class_list":{"0":"post-4866","1":"product","2":"type-product","3":"status-publish","4":"has-post-thumbnail","6":"product_cat-globe-valves","7":"product_tag-oil","8":"desktop-align-left","9":"tablet-align-left","10":"mobile-align-left","11":"ast-product-gallery-layout-horizontal-slider","12":"ast-product-gallery-with-no-image","13":"ast-product-tabs-layout-horizontal","14":"ast-qv-on-image","16":"first","17":"instock","18":"shipping-taxable","19":"product-type-simple"},"_links":{"self":[{"href":"https:\/\/raymonvalve.com\/de\/wp-json\/wp\/v2\/product\/4866","targetHints":{"allow":["GET"]}}],"collection":[{"href":"https:\/\/raymonvalve.com\/de\/wp-json\/wp\/v2\/product"}],"about":[{"href":"https:\/\/raymonvalve.com\/de\/wp-json\/wp\/v2\/types\/product"}],"replies":[{"embeddable":true,"href":"https:\/\/raymonvalve.com\/de\/wp-json\/wp\/v2\/comments?post=4866"}],"wp:featuredmedia":[{"embeddable":true,"href":"https:\/\/raymonvalve.com\/de\/wp-json\/wp\/v2\/media\/972"}],"wp:attachment":[{"href":"https:\/\/raymonvalve.com\/de\/wp-json\/wp\/v2\/media?parent=4866"}],"wp:term":[{"taxonomy":"product_brand","embeddable":true,"href":"https:\/\/raymonvalve.com\/de\/wp-json\/wp\/v2\/product_brand?post=4866"},{"taxonomy":"product_cat","embeddable":true,"href":"https:\/\/raymonvalve.com\/de\/wp-json\/wp\/v2\/product_cat?post=4866"},{"taxonomy":"product_tag","embeddable":true,"href":"https:\/\/raymonvalve.com\/de\/wp-json\/wp\/v2\/product_tag?post=4866"}],"curies":[{"name":"wp","href":"https:\/\/api.w.org\/{rel}","templated":true}]}}