{"id":4867,"date":"2022-09-05T14:45:37","date_gmt":"2022-09-05T06:45:37","guid":{"rendered":"https:\/\/limegreen-okapi-448594.hostingersite.com\/?post_type=product&#038;p=4867"},"modified":"2022-09-15T14:40:09","modified_gmt":"2022-09-15T06:40:09","slug":"dkj61-vacuum-isolation-globe-valve","status":"publish","type":"product","link":"https:\/\/raymonvalve.com\/de\/produkt\/dkj61-vacuum-isolation-globe-valve\/","title":{"rendered":"DKJ61 Vakuum-Absperrventil"},"content":{"rendered":"<div class=\"document\">\n<div class=\"document\">\n<div class=\"document\">\n<p>&nbsp;<\/p>\n<p>\u2666 Produkt\u00fcbersicht<\/p>\n<p>Dieses Ventil ist f\u00fcr Arbeitstemperaturen unter 400 \u00b0C und unter 550 \u00b0C geeignet. Arbeitsmedium f\u00fcr Wasser-, Dampf- und \u00d6lleitungen, als \u00d6ffnungs- und Schlie\u00dfvorrichtung, insbesondere f\u00fcr W\u00e4rmekraftwerke, Medizin, Papier und andere Dampfturbinenkondensations- und Vakuum-Unterdrucksysteme, um eine Vakuum-Isolations- und -Abdichtwirkung zu erzielen.<\/p>\n<p>\u2666 Produktmerkmale<\/p>\n<ol>\n<li>Vakuum-Absperrschieber mit Dichtpackung und paralleler Doppelplattenschieberstruktur, Vakuum-Absperrventil mit Dichtpackung und geradliniger Hubstruktur.<\/li>\n<li>Antriebsart: manuell, elektrisch, Getriebe.<\/li>\n<li>Anschlussart: Muffenschwei\u00dfanschluss, Flanschanschluss, Stumpfschwei\u00dfanschluss<\/li>\n<li>Ein schwimmender Dichtmechanismus wird durch die Kombination von Kolben, F\u00fchrungsrahmen und Feder gebildet und kann nach Reibung selbstkompensierend wirken.<\/li>\n<li>F\u00fchrungsrahmen und Ventilgeh\u00e4use f\u00fchren die Bewegung und gew\u00e4hrleisten gleichzeitiges \u00d6ffnen und Schlie\u00dfen der Doppelplatte.<\/li>\n<li>Vakuum-Absperrventil: Ventilschaft und Klappe nehmen eine dynamische Verbindung an, Ventil und Ventilsitz vertikale Abdichtung, Hub und Ventilh\u00f6he sind gering.<\/li>\n<li>Eine Vakuum-Dichtvorrichtung ist im Packungsbereich angebracht. Die hochfeste flexible Fabrik-Tintenclip-Nickel-Draht-Expansionsf\u00fcllung und die mit Legierungs-Nickel-Draht-Gewebe beschichtete modifizierte Metall-Polytetrafluorethylen-F\u00fcllung und der Fett-Dichtring sind installiert, und zwischen der Packung und dem Dichtring wird Hochvakuum-Silikonfett eingespritzt, um die Abdichtung zwischen der F\u00fcllung und dem Schaft zu verbessern, sodass die H\u00f6he des Systems von der Atmosph\u00e4re getrennt ist.<\/li>\n<\/ol>\n<p>\u2666Leistungsspezifikation<\/p>\n<table>\n<tbody>\n<tr>\n<td width=\"112\">Produkttyp<\/td>\n<td width=\"111\">\u00a0Pr\u00fcfung der Geh\u00e4usesteifigkeit<\/td>\n<td width=\"112\">(MPa) Oberdichtheitspr\u00fcfung<\/td>\n<td width=\"112\">(MPa) Dichtheitspr\u00fcfung<\/td>\n<td width=\"112\">(P)<\/p>\n<p>Anwendbare Temperatur<\/td>\n<\/tr>\n<tr>\n<td width=\"112\">DKJ61H-40<\/td>\n<td width=\"111\">6.0<\/td>\n<td width=\"112\">4.4<\/td>\n<td rowspan=\"3\" width=\"112\">\u00a0Wasser, Dampf, Luft<\/td>\n<td rowspan=\"3\" width=\"112\">W400<\/td>\n<\/tr>\n<tr>\n<td width=\"112\">DKJ61H-64<\/td>\n<td width=\"111\">9.6<\/td>\n<td width=\"112\">7.0<\/td>\n<\/tr>\n<tr>\n<td width=\"112\">DKJ61H-100<\/td>\n<td width=\"111\">15.0<\/td>\n<td width=\"112\">11.0<\/td>\n<\/tr>\n<tr>\n<td width=\"112\">DKJ61H-401<\/td>\n<td width=\"111\">6.0<\/td>\n<td width=\"112\">4.4<\/td>\n<td rowspan=\"3\" width=\"112\">Wasser, Dampf, Luft<\/td>\n<td rowspan=\"3\" width=\"112\">W550<\/td>\n<\/tr>\n<tr>\n<td width=\"112\">DKJ61H-641<\/td>\n<td width=\"111\">9.6<\/td>\n<td width=\"112\">7.0<\/td>\n<\/tr>\n<tr>\n<td width=\"112\">DKJ61H-100I<\/td>\n<td width=\"111\">15.0<\/td>\n<td width=\"112\">11.0<\/td>\n<\/tr>\n<\/tbody>\n<\/table>\n<p>&nbsp;<\/p>\n<p>\u2666Werkstoffe der Hauptteile<\/p>\n<table>\n<tbody>\n<tr>\n<td width=\"79\">Teilname<\/td>\n<td width=\"106\">Geh\u00e4use, Deckel<\/td>\n<td width=\"60\">Spindel<\/td>\n<td width=\"98\">Klappe<\/td>\n<td width=\"62\">Dichtfl\u00e4che<\/td>\n<td width=\"51\">Spindelmutter<\/td>\n<td width=\"51\">Dichtung<\/td>\n<td width=\"51\">\u00a0Befestigung<\/td>\n<\/tr>\n<tr>\n<td width=\"79\">DKJ61H-C<\/td>\n<td width=\"106\">25 oder WCB<\/td>\n<td width=\"60\">2Cr13<\/td>\n<td width=\"98\">25<\/td>\n<td width=\"62\">H: Edelstahl<\/td>\n<td rowspan=\"2\" width=\"51\">\u00a0Aluminiumbronze<\/td>\n<td rowspan=\"2\" width=\"51\">Expandierter Verbundgraphit<\/td>\n<td width=\"51\">Hochwertiger Kohlenstoffstahl<\/td>\n<\/tr>\n<tr>\n<td width=\"79\">DKJ61Y-I<\/td>\n<td width=\"106\">\u00a0Chrom-Molybd\u00e4n-Kupfer<\/td>\n<td width=\"60\">25Cr2Mo1VA<\/td>\n<td width=\"98\">12Cr1Mo1VA<\/td>\n<td width=\"62\">\u00a0Hartmetall<\/td>\n<td width=\"51\">AlCuCr<\/td>\n<\/tr>\n<\/tbody>\n<\/table>\n<p>\u2666Hauptabmessungen und Anschlussgr\u00f6\u00dfen<\/p>\n<table>\n<tbody>\n<tr>\n<td rowspan=\"2\" width=\"56\">Nenndurchmesser<\/p>\n<p>DN (mm)<\/td>\n<td colspan=\"8\" width=\"447\">(mm)<\/td>\n<td rowspan=\"2\" width=\"56\">(Kg) Gewicht<\/td>\n<\/tr>\n<tr>\n<td width=\"56\">L<\/td>\n<td width=\"56\">H<\/td>\n<td width=\"56\">D<\/td>\n<td width=\"56\">d<\/td>\n<td width=\"56\"><sup>D1<\/sup><\/td>\n<td width=\"56\">I<\/td>\n<td width=\"56\">a<\/td>\n<td width=\"55\">DO<\/td>\n<\/tr>\n<tr>\n<td colspan=\"10\" width=\"560\">DKJ61-40<\/td>\n<\/tr>\n<tr>\n<td width=\"56\">10<\/td>\n<td width=\"56\">130<\/td>\n<td width=\"56\">245<\/td>\n<td width=\"56\">36<\/td>\n<td width=\"56\">11<\/td>\n<td width=\"56\">18.4<\/td>\n<td width=\"56\">10<\/td>\n<td width=\"56\">37\u00b0 30\u2032<\/td>\n<td width=\"55\">12C<\/td>\n<td width=\"56\">6.5<\/td>\n<\/tr>\n<tr>\n<td width=\"56\">15<\/td>\n<td width=\"56\">130<\/td>\n<td width=\"56\">245<\/td>\n<td width=\"56\">36<\/td>\n<td width=\"56\">16<\/td>\n<td width=\"56\">22.5<\/td>\n<td width=\"56\">10<\/td>\n<td width=\"56\">37\u00b0 30*<\/td>\n<td width=\"55\">12C<\/td>\n<td width=\"56\">7<\/td>\n<\/tr>\n<tr>\n<td width=\"56\">20<\/td>\n<td width=\"56\">150<\/td>\n<td width=\"56\">265<\/td>\n<td width=\"56\">44<\/td>\n<td width=\"56\">21<\/td>\n<td width=\"56\">28.5<\/td>\n<td width=\"56\">11<\/td>\n<td width=\"56\">37\u00b0 30,<\/td>\n<td width=\"55\">16C<\/td>\n<td width=\"56\">7.8<\/td>\n<\/tr>\n<tr>\n<td width=\"56\">25<\/td>\n<td width=\"56\">160<\/td>\n<td width=\"56\">270<\/td>\n<td width=\"56\">48<\/td>\n<td width=\"56\">26<\/td>\n<td width=\"56\">34.5<\/td>\n<td width=\"56\">12<\/td>\n<td width=\"56\">37\u00b0 30\u2032<\/td>\n<td width=\"55\">20C<\/td>\n<td width=\"56\">8.5<\/td>\n<\/tr>\n<tr>\n<td width=\"56\">32<\/td>\n<td width=\"56\">180<\/td>\n<td width=\"56\">285<\/td>\n<td width=\"56\">48<\/td>\n<td width=\"56\">34<\/td>\n<td width=\"56\"><\/td>\n<td width=\"56\"><\/td>\n<td width=\"56\">37\u00b0 30\u2032<\/td>\n<td width=\"55\">20C<\/td>\n<td width=\"56\">12<\/td>\n<\/tr>\n<tr>\n<td width=\"56\">40<\/td>\n<td width=\"56\">200<\/td>\n<td width=\"56\">320<\/td>\n<td width=\"56\">55<\/td>\n<td width=\"56\">40<\/td>\n<td width=\"56\"><\/td>\n<td width=\"56\"><\/td>\n<td width=\"56\">37\u00b0 30\u2032<\/td>\n<td width=\"55\">24C<\/td>\n<td width=\"56\">15<\/td>\n<\/tr>\n<tr>\n<td width=\"56\">50<\/td>\n<td width=\"56\">230<\/td>\n<td width=\"56\">365<\/td>\n<td width=\"56\">64<\/td>\n<td width=\"56\">48<\/td>\n<td width=\"56\"><\/td>\n<td width=\"56\"><\/td>\n<td width=\"56\">37\u00b0 30\u2032<\/td>\n<td width=\"55\">32C<\/td>\n<td width=\"56\">25<\/td>\n<\/tr>\n<tr>\n<td width=\"56\">65<\/td>\n<td width=\"56\">290<\/td>\n<td width=\"56\">410<\/td>\n<td width=\"56\">82<\/td>\n<td width=\"56\">66<\/td>\n<td width=\"56\"><\/td>\n<td width=\"56\"><\/td>\n<td width=\"56\">37\u00b0 30\u2032<\/td>\n<td width=\"55\">30C<\/td>\n<td width=\"56\">39<\/td>\n<\/tr>\n<tr>\n<td width=\"56\">80<\/td>\n<td width=\"56\">310<\/td>\n<td width=\"56\">430<\/td>\n<td width=\"56\">95<\/td>\n<td width=\"56\">78<\/td>\n<td width=\"56\"><\/td>\n<td width=\"56\"><\/td>\n<td width=\"56\">37\u00b0 30*<\/td>\n<td width=\"55\">30C<\/td>\n<td width=\"56\">50<\/td>\n<\/tr>\n<tr>\n<td width=\"56\">100<\/td>\n<td width=\"56\">350<\/td>\n<td width=\"56\">470<\/td>\n<td width=\"56\">117<\/td>\n<td width=\"56\">100<\/td>\n<td width=\"56\"><\/td>\n<td width=\"56\"><\/td>\n<td width=\"56\">37\u00b0 30\u2032<\/td>\n<td width=\"55\">35\u00b0C<\/td>\n<td width=\"56\">65<\/td>\n<\/tr>\n<tr>\n<td width=\"56\">125<\/td>\n<td width=\"56\">400<\/td>\n<td width=\"56\">500<\/td>\n<td width=\"56\">143<\/td>\n<td width=\"56\">126<\/td>\n<td width=\"56\"><\/td>\n<td width=\"56\"><\/td>\n<td width=\"56\">37\u00b0 30\u2032<\/td>\n<td width=\"55\">35\u00b0C<\/td>\n<td width=\"56\">72<\/td>\n<\/tr>\n<tr>\n<td width=\"56\">150<\/td>\n<td width=\"56\">480<\/td>\n<td width=\"56\">533<\/td>\n<td width=\"56\">167<\/td>\n<td width=\"56\">150<\/td>\n<td width=\"56\"><\/td>\n<td width=\"56\"><\/td>\n<td width=\"56\">37\u00b0 30\u2032,<\/td>\n<td width=\"55\">40\u00b0C<\/td>\n<td width=\"56\">84<\/td>\n<\/tr>\n<tr>\n<td colspan=\"10\" width=\"560\">DKJ61-64<\/td>\n<\/tr>\n<tr>\n<td width=\"56\">10<\/td>\n<td width=\"56\">130<\/td>\n<td width=\"56\">245<\/td>\n<td width=\"56\">36<\/td>\n<td width=\"56\">10<\/td>\n<td width=\"56\">18.4<\/td>\n<td width=\"56\">10<\/td>\n<td width=\"56\">37\u00b0 30\u2032<\/td>\n<td width=\"55\">12C<\/td>\n<td width=\"56\">6.5<\/td>\n<\/tr>\n<tr>\n<td width=\"56\">15<\/td>\n<td width=\"56\">130<\/td>\n<td width=\"56\">245<\/td>\n<td width=\"56\">36<\/td>\n<td width=\"56\">15<\/td>\n<td width=\"56\">22.5<\/td>\n<td width=\"56\">10<\/td>\n<td width=\"56\">37\u00b0 <em><i>30\u2032<\/i><\/em><\/td>\n<td width=\"55\">12C<\/td>\n<td width=\"56\">7<\/td>\n<\/tr>\n<tr>\n<td width=\"56\">20<\/td>\n<td width=\"56\">150<\/td>\n<td width=\"56\">265<\/td>\n<td width=\"56\">44<\/td>\n<td width=\"56\">20<\/td>\n<td width=\"56\">28.5<\/td>\n<td width=\"56\">11<\/td>\n<td width=\"56\">37\u00b0 30\u2032<\/td>\n<td width=\"55\">16C<\/td>\n<td width=\"56\">7.8<\/td>\n<\/tr>\n<tr>\n<td width=\"56\">25<\/td>\n<td width=\"56\">160<\/td>\n<td width=\"56\">270<\/td>\n<td width=\"56\">48<\/td>\n<td width=\"56\">25<\/td>\n<td width=\"56\">34.5<\/td>\n<td width=\"56\">12<\/td>\n<td width=\"56\">37\u00b0 30*<\/td>\n<td width=\"55\">20C<\/td>\n<td width=\"56\">8.5<\/td>\n<\/tr>\n<tr>\n<td width=\"56\">32<\/td>\n<td width=\"56\">180<\/td>\n<td width=\"56\">280<\/td>\n<td width=\"56\">48<\/td>\n<td width=\"56\">33<\/td>\n<td width=\"56\"><\/td>\n<td width=\"56\"><\/td>\n<td width=\"56\">37\u00b0 30\u2032<\/td>\n<td width=\"55\">20C<\/td>\n<td width=\"56\">13<\/td>\n<\/tr>\n<tr>\n<td width=\"56\">40<\/td>\n<td width=\"56\">260<\/td>\n<td width=\"56\">320<\/td>\n<td width=\"56\">55<\/td>\n<td width=\"56\">39<\/td>\n<td width=\"56\"><\/td>\n<td width=\"56\"><\/td>\n<td width=\"56\">37\u00b0 30*<\/td>\n<td width=\"55\">24C<\/td>\n<td width=\"56\">17<\/td>\n<\/tr>\n<tr>\n<td width=\"56\">50<\/td>\n<td width=\"56\">300<\/td>\n<td width=\"56\">365<\/td>\n<td width=\"56\">64<\/td>\n<td width=\"56\">48<\/td>\n<td width=\"56\"><\/td>\n<td width=\"56\"><\/td>\n<td width=\"56\">37\u00b0 30\u2032<\/td>\n<td width=\"55\">32C<\/td>\n<td width=\"56\">28<\/td>\n<\/tr>\n<tr>\n<td width=\"56\">65<\/td>\n<td width=\"56\">340<\/td>\n<td width=\"56\">410<\/td>\n<td width=\"56\">82<\/td>\n<td width=\"56\">65<\/td>\n<td width=\"56\"><\/td>\n<td width=\"56\"><\/td>\n<td width=\"56\">37\u00b0 30\u2033<\/td>\n<td width=\"55\">32C<\/td>\n<td width=\"56\">41<\/td>\n<\/tr>\n<tr>\n<td width=\"56\">80<\/td>\n<td width=\"56\">380<\/td>\n<td width=\"56\">430<\/td>\n<td width=\"56\">95<\/td>\n<td width=\"56\">76<\/td>\n<td width=\"56\"><\/td>\n<td width=\"56\"><\/td>\n<td width=\"56\">37\u00b0 30\u2032<\/td>\n<td width=\"55\">36\u00b0C<\/td>\n<td width=\"56\">52<\/td>\n<\/tr>\n<tr>\n<td width=\"56\">100<\/td>\n<td width=\"56\">430<\/td>\n<td width=\"56\">470<\/td>\n<td width=\"56\">117<\/td>\n<td width=\"56\">98<\/td>\n<td width=\"56\"><\/td>\n<td width=\"56\"><\/td>\n<td width=\"56\">37\u00b0 30\u2032\u2019<\/td>\n<td width=\"55\">40\u00b0C<\/td>\n<td width=\"56\">68<\/td>\n<\/tr>\n<tr>\n<td width=\"56\">125<\/td>\n<td width=\"56\">500<\/td>\n<td width=\"56\">500<\/td>\n<td width=\"56\">143<\/td>\n<td width=\"56\">123<\/td>\n<td width=\"56\"><\/td>\n<td width=\"56\"><\/td>\n<td width=\"56\">37\u00b0 30\u2032<\/td>\n<td width=\"55\">40\u00b0C<\/td>\n<td width=\"56\">77<\/td>\n<\/tr>\n<tr>\n<td width=\"56\">150<\/td>\n<td width=\"56\">550<\/td>\n<td width=\"56\">533<\/td>\n<td width=\"56\">167<\/td>\n<td width=\"56\">148<\/td>\n<td width=\"56\"><\/td>\n<td width=\"56\"><\/td>\n<td width=\"56\">37\u00b0 30\u2032<\/td>\n<td width=\"55\">50\u00b0C<\/td>\n<td width=\"56\">89<\/td>\n<\/tr>\n<tr>\n<td colspan=\"10\" width=\"560\">DKJ61-100<\/td>\n<\/tr>\n<tr>\n<td width=\"56\">10<\/td>\n<td width=\"56\">130<\/td>\n<td width=\"56\">245<\/td>\n<td width=\"56\">36<\/td>\n<td width=\"56\">10<\/td>\n<td width=\"56\">18.4<\/td>\n<td width=\"56\">10<\/td>\n<td width=\"56\">37\u00b0 30\u2032<\/td>\n<td width=\"55\">12C<\/td>\n<td width=\"56\">7<\/td>\n<\/tr>\n<tr>\n<td width=\"56\">15<\/td>\n<td width=\"56\">130<\/td>\n<td width=\"56\">245<\/td>\n<td width=\"56\">36<\/td>\n<td width=\"56\">14<\/td>\n<td width=\"56\">22.5<\/td>\n<td width=\"56\">10<\/td>\n<td width=\"56\">37\u00b0 30\u2032<\/td>\n<td width=\"55\">12C<\/td>\n<td width=\"56\">7.6<\/td>\n<\/tr>\n<tr>\n<td width=\"56\">20<\/td>\n<td width=\"56\">150<\/td>\n<td width=\"56\">265<\/td>\n<td width=\"56\">44<\/td>\n<td width=\"56\">20<\/td>\n<td width=\"56\">28.5<\/td>\n<td width=\"56\">11<\/td>\n<td width=\"56\">37\u00b0 30\u2032 CT<\/td>\n<td width=\"55\">16C<\/td>\n<td width=\"56\">8.7<\/td>\n<\/tr>\n<tr>\n<td width=\"56\">25<\/td>\n<td width=\"56\">160<\/td>\n<td width=\"56\">270<\/td>\n<td width=\"56\">48<\/td>\n<td width=\"56\">25<\/td>\n<td width=\"56\">34.5<\/td>\n<td width=\"56\">12<\/td>\n<td width=\"56\">37\u00b0 30\u2032<\/td>\n<td width=\"55\">20C<\/td>\n<td width=\"56\">10.5<\/td>\n<\/tr>\n<tr>\n<td width=\"56\">32<\/td>\n<td width=\"56\">180<\/td>\n<td width=\"56\">285<\/td>\n<td width=\"56\">48<\/td>\n<td width=\"56\">32<\/td>\n<td width=\"56\"><\/td>\n<td width=\"56\"><\/td>\n<td width=\"56\">37\u00b0 30\u2032<\/td>\n<td width=\"55\">20C<\/td>\n<td width=\"56\">16<\/td>\n<\/tr>\n<tr>\n<td width=\"56\">40<\/td>\n<td width=\"56\">260<\/td>\n<td width=\"56\">320<\/td>\n<td width=\"56\">55<\/td>\n<td width=\"56\">38<\/td>\n<td width=\"56\"><\/td>\n<td width=\"56\"><\/td>\n<td width=\"56\">37\u00b0 30\u2032<\/td>\n<td width=\"55\">24C<\/td>\n<td width=\"56\">22<\/td>\n<\/tr>\n<tr>\n<td width=\"56\">50<\/td>\n<td width=\"56\">300<\/td>\n<td width=\"56\">355<\/td>\n<td width=\"56\">64<\/td>\n<td width=\"56\">48<\/td>\n<td width=\"56\"><\/td>\n<td width=\"56\"><\/td>\n<td width=\"56\">37\u00b0 30\u2032<\/td>\n<td width=\"55\">32C<\/td>\n<td width=\"56\">33<\/td>\n<\/tr>\n<tr>\n<td width=\"56\">65<\/td>\n<td width=\"56\">340<\/td>\n<td width=\"56\">410<\/td>\n<td width=\"56\">82<\/td>\n<td width=\"56\">63<\/td>\n<td width=\"56\"><\/td>\n<td width=\"56\"><\/td>\n<td width=\"56\">37\u00b0 30\u2032\u2019<\/td>\n<td width=\"55\">32C<\/td>\n<td width=\"56\">47<\/td>\n<\/tr>\n<tr>\n<td width=\"56\">80<\/td>\n<td width=\"56\">380<\/td>\n<td width=\"56\">430<\/td>\n<td width=\"56\">95<\/td>\n<td width=\"56\">74<\/td>\n<td width=\"56\"><\/td>\n<td width=\"56\"><\/td>\n<td width=\"56\">37\u00b0 30*<\/td>\n<td width=\"55\">36\u00b0C<\/td>\n<td width=\"56\">61<\/td>\n<\/tr>\n<tr>\n<td width=\"56\">100<\/td>\n<td width=\"56\">430<\/td>\n<td width=\"56\">470<\/td>\n<td width=\"56\">117<\/td>\n<td width=\"56\">97<\/td>\n<td width=\"56\"><\/td>\n<td width=\"56\"><\/td>\n<td width=\"56\">37\u00b0 30\u2032<\/td>\n<td width=\"55\">40\u00b0C<\/td>\n<td width=\"56\">73<\/td>\n<\/tr>\n<tr>\n<td width=\"56\">125<\/td>\n<td width=\"56\">500<\/td>\n<td width=\"56\">500<\/td>\n<td width=\"56\">143<\/td>\n<td width=\"56\">123<\/td>\n<td width=\"56\"><\/td>\n<td width=\"56\"><\/td>\n<td width=\"56\">37\u00b0 30*<\/td>\n<td width=\"55\">40\u00b0C<\/td>\n<td width=\"56\">79<\/td>\n<\/tr>\n<tr>\n<td width=\"56\">150<\/td>\n<td width=\"56\">550<\/td>\n<td width=\"56\">533<\/td>\n<td width=\"56\">167<\/td>\n<td width=\"56\">148<\/td>\n<td width=\"56\"><\/td>\n<td width=\"56\"><\/td>\n<td width=\"56\">37\u00b0 30\u2032<\/td>\n<td width=\"55\">50\u00b0C<\/td>\n<td width=\"56\">94<\/td>\n<\/tr>\n<\/tbody>\n<\/table>\n<p>&nbsp;<\/p>\n<\/div>\n<\/div>\n<\/div>","protected":false},"excerpt":{"rendered":"<p>Dieses Ventil ist f\u00fcr Arbeitstemperaturen unter 400 \u00b0C und unter 550 \u00b0C geeignet. Arbeitsmedium f\u00fcr Wasser-, Dampf- und \u00d6lleitungen, als \u00d6ffnungs- und Schlie\u00dfvorrichtung, insbesondere f\u00fcr W\u00e4rmekraftwerke, Medizin, Papier und andere Dampfturbinenkondensations- und Vakuum-Unterdrucksysteme, um eine Vakuum-Isolations- und -Abdichtwirkung zu erzielen.<\/p>","protected":false},"featured_media":5578,"comment_status":"open","ping_status":"closed","template":"","meta":{"site-sidebar-layout":"default","site-content-layout":"default","ast-site-content-layout":"default","site-content-style":"default","site-sidebar-style":"default","ast-global-header-display":"","ast-banner-title-visibility":"","ast-main-header-display":"","ast-hfb-above-header-display":"","ast-hfb-below-header-display":"","ast-hfb-mobile-header-display":"","site-post-title":"","ast-breadcrumbs-content":"","ast-featured-img":"","footer-sml-layout":"","ast-disable-related-posts":"","theme-transparent-header-meta":"default","adv-header-id-meta":"","stick-header-meta":"default","header-above-stick-meta":"","header-main-stick-meta":"","header-below-stick-meta":"","astra-migrate-meta-layouts":"default","ast-page-background-enabled":"default","ast-page-background-meta":{"desktop":{"background-color":"","background-image":"","background-repeat":"repeat","background-position":"center center","background-size":"auto","background-attachment":"scroll","background-type":"","background-media":"","overlay-type":"","overlay-color":"","overlay-opacity":"","overlay-gradient":""},"tablet":{"background-color":"","background-image":"","background-repeat":"repeat","background-position":"center center","background-size":"auto","background-attachment":"scroll","background-type":"","background-media":"","overlay-type":"","overlay-color":"","overlay-opacity":"","overlay-gradient":""},"mobile":{"background-color":"","background-image":"","background-repeat":"repeat","background-position":"center center","background-size":"auto","background-attachment":"scroll","background-type":"","background-media":"","overlay-type":"","overlay-color":"","overlay-opacity":"","overlay-gradient":""}},"ast-content-background-meta":{"desktop":{"background-color":"var(--ast-global-color-5)","background-image":"","background-repeat":"repeat","background-position":"center center","background-size":"auto","background-attachment":"scroll","background-type":"","background-media":"","overlay-type":"","overlay-color":"","overlay-opacity":"","overlay-gradient":""},"tablet":{"background-color":"var(--ast-global-color-5)","background-image":"","background-repeat":"repeat","background-position":"center center","background-size":"auto","background-attachment":"scroll","background-type":"","background-media":"","overlay-type":"","overlay-color":"","overlay-opacity":"","overlay-gradient":""},"mobile":{"background-color":"var(--ast-global-color-5)","background-image":"","background-repeat":"repeat","background-position":"center center","background-size":"auto","background-attachment":"scroll","background-type":"","background-media":"","overlay-type":"","overlay-color":"","overlay-opacity":"","overlay-gradient":""}}},"product_brand":[],"product_cat":[174],"product_tag":[322,318,319,323],"class_list":{"0":"post-4867","1":"product","2":"type-product","3":"status-publish","4":"has-post-thumbnail","6":"product_cat-globe-valves","7":"product_tag-electric-power","8":"product_tag-oil","9":"product_tag-petrochemical","10":"product_tag-water-resources","11":"desktop-align-left","12":"tablet-align-left","13":"mobile-align-left","14":"ast-product-gallery-layout-horizontal-slider","15":"ast-product-gallery-with-no-image","16":"ast-product-tabs-layout-horizontal","17":"ast-qv-on-image","19":"first","20":"instock","21":"shipping-taxable","22":"product-type-simple"},"_links":{"self":[{"href":"https:\/\/raymonvalve.com\/de\/wp-json\/wp\/v2\/product\/4867","targetHints":{"allow":["GET"]}}],"collection":[{"href":"https:\/\/raymonvalve.com\/de\/wp-json\/wp\/v2\/product"}],"about":[{"href":"https:\/\/raymonvalve.com\/de\/wp-json\/wp\/v2\/types\/product"}],"replies":[{"embeddable":true,"href":"https:\/\/raymonvalve.com\/de\/wp-json\/wp\/v2\/comments?post=4867"}],"wp:featuredmedia":[{"embeddable":true,"href":"https:\/\/raymonvalve.com\/de\/wp-json\/wp\/v2\/media\/5578"}],"wp:attachment":[{"href":"https:\/\/raymonvalve.com\/de\/wp-json\/wp\/v2\/media?parent=4867"}],"wp:term":[{"taxonomy":"product_brand","embeddable":true,"href":"https:\/\/raymonvalve.com\/de\/wp-json\/wp\/v2\/product_brand?post=4867"},{"taxonomy":"product_cat","embeddable":true,"href":"https:\/\/raymonvalve.com\/de\/wp-json\/wp\/v2\/product_cat?post=4867"},{"taxonomy":"product_tag","embeddable":true,"href":"https:\/\/raymonvalve.com\/de\/wp-json\/wp\/v2\/product_tag?post=4867"}],"curies":[{"name":"wp","href":"https:\/\/api.w.org\/{rel}","templated":true}]}}