{"id":4868,"date":"2022-09-05T14:58:12","date_gmt":"2022-09-05T06:58:12","guid":{"rendered":"https:\/\/limegreen-okapi-448594.hostingersite.com\/?post_type=product&#038;p=4868"},"modified":"2022-09-15T14:38:13","modified_gmt":"2022-09-15T06:38:13","slug":"j11h-welded-forged-steel-globe-valve","status":"publish","type":"product","link":"https:\/\/raymonvalve.com\/de\/produkt\/j11h-welded-forged-steel-globe-valve\/","title":{"rendered":"J11H Schwei\u00dfventil aus Schmiedestahl"},"content":{"rendered":"<div class=\"document\">\n<div class=\"document\">\n<div class=\"document\">\n<table border=\"0\" cellspacing=\"0\" cellpadding=\"0\">\n<tbody>\n<tr>\n<td colspan=\"2\" bgcolor=\"#ffffff\">Standard-Materialliste f\u00fcr J11H\/Y, J61H\/Y Ventile aus Schmiedestahl mit Innengewinde, Muffenschwei\u00dfung<\/td>\n<\/tr>\n<tr>\n<td colspan=\"2\" bgcolor=\"#ffffff\">\n<table border=\"0\" cellspacing=\"1\" cellpadding=\"0\">\n<tbody>\n<tr>\n<td rowspan=\"2\" bgcolor=\"#ffffff\">Seriennummer<\/td>\n<td rowspan=\"2\" bgcolor=\"#ffffff\">Teilename<\/td>\n<td bgcolor=\"#ffffff\">Kohlenstoffstahl nach ASTM<\/td>\n<td bgcolor=\"#ffffff\">Legierter Stahl nach ASTM<\/td>\n<td colspan=\"2\" bgcolor=\"#ffffff\">Edelstahl nach ASTM<\/td>\n<\/tr>\n<tr>\n<td bgcolor=\"#ffffff\">A105<\/td>\n<td bgcolor=\"#ffffff\">F22<\/td>\n<td bgcolor=\"#ffffff\">F304L<\/td>\n<td bgcolor=\"#ffffff\">F316L<\/td>\n<\/tr>\n<tr>\n<td bgcolor=\"#ffffff\">1<\/td>\n<td bgcolor=\"#ffffff\">Ventilk\u00f6rper<\/td>\n<td bgcolor=\"#ffffff\">A105<\/td>\n<td bgcolor=\"#ffffff\">A182 F22<\/td>\n<td bgcolor=\"#ffffff\">A182 F304L<\/td>\n<td bgcolor=\"#ffffff\">A182 F316L<\/td>\n<\/tr>\n<tr>\n<td bgcolor=\"#ffffff\">2<\/td>\n<td bgcolor=\"#ffffff\">Ventilklappe<\/td>\n<td bgcolor=\"#ffffff\">A276 420<\/td>\n<td bgcolor=\"#ffffff\">A276 304<\/td>\n<td bgcolor=\"#ffffff\">A276 304L<\/td>\n<td bgcolor=\"#ffffff\">A276 316L<\/td>\n<\/tr>\n<tr>\n<td bgcolor=\"#ffffff\">3<\/td>\n<td bgcolor=\"#ffffff\">Ventilspindel<\/td>\n<td bgcolor=\"#ffffff\">A182 F6<\/td>\n<td bgcolor=\"#ffffff\">A182 F304<\/td>\n<td bgcolor=\"#ffffff\">A182 F304L<\/td>\n<td bgcolor=\"#ffffff\">A182 F316L<\/td>\n<\/tr>\n<tr>\n<td bgcolor=\"#ffffff\">4<\/td>\n<td bgcolor=\"#ffffff\">Dichtung<\/td>\n<td colspan=\"2\" bgcolor=\"#ffffff\">316 Clip Graphit<\/td>\n<td colspan=\"2\" bgcolor=\"#ffffff\">316 Clip PTFE<\/td>\n<\/tr>\n<tr>\n<td bgcolor=\"#ffffff\">5<\/td>\n<td bgcolor=\"#ffffff\">Ventildeckel<\/td>\n<td bgcolor=\"#ffffff\">A105<\/td>\n<td bgcolor=\"#ffffff\">A276 F304<\/td>\n<td bgcolor=\"#ffffff\">A276 F304L<\/td>\n<td bgcolor=\"#ffffff\">A276 F316L<\/td>\n<\/tr>\n<tr>\n<td bgcolor=\"#ffffff\">6<\/td>\n<td bgcolor=\"#ffffff\">Schrauben<\/td>\n<td bgcolor=\"#ffffff\">A193 B7<\/td>\n<td bgcolor=\"#ffffff\">A193 B16<\/td>\n<td bgcolor=\"#ffffff\">A193 B8<\/td>\n<td bgcolor=\"#ffffff\">A193 B8M<\/td>\n<\/tr>\n<tr>\n<td bgcolor=\"#ffffff\">7<\/td>\n<td bgcolor=\"#ffffff\">D\u00fcbel<\/td>\n<td colspan=\"2\" bgcolor=\"#ffffff\">A276420<\/td>\n<td colspan=\"2\" bgcolor=\"#ffffff\">A276 304<\/td>\n<\/tr>\n<tr>\n<td bgcolor=\"#ffffff\">8<\/td>\n<td bgcolor=\"#ffffff\">Druckh\u00fclse f\u00fcr Packung<\/td>\n<td colspan=\"2\" bgcolor=\"#ffffff\">A276410<\/td>\n<td bgcolor=\"#ffffff\">A182 F304L<\/td>\n<td bgcolor=\"#ffffff\">A182 F316L<\/td>\n<\/tr>\n<tr>\n<td bgcolor=\"#ffffff\">9<\/td>\n<td bgcolor=\"#ffffff\">beweglicher Gelenkbolzen<\/td>\n<td bgcolor=\"#ffffff\">A193 B7<\/td>\n<td bgcolor=\"#ffffff\">A193 B16<\/td>\n<td bgcolor=\"#ffffff\">A193 B8<\/td>\n<td bgcolor=\"#ffffff\">A193 B8M<\/td>\n<\/tr>\n<tr>\n<td bgcolor=\"#ffffff\">10<\/td>\n<td bgcolor=\"#ffffff\">Packungsplatte<\/td>\n<td colspan=\"2\" bgcolor=\"#ffffff\">A216 WCB<\/td>\n<td colspan=\"2\" bgcolor=\"#ffffff\">A351 CF8<\/td>\n<\/tr>\n<tr>\n<td bgcolor=\"#ffffff\">11<\/td>\n<td bgcolor=\"#ffffff\">Schmutzmutter<\/td>\n<td bgcolor=\"#ffffff\">A194 2H<\/td>\n<td bgcolor=\"#ffffff\">A194 4<\/td>\n<td bgcolor=\"#ffffff\">A194 8<\/td>\n<td bgcolor=\"#ffffff\">A194 8M<\/td>\n<\/tr>\n<tr>\n<td bgcolor=\"#ffffff\">12<\/td>\n<td bgcolor=\"#ffffff\">Ventilspindel-Mutter<\/td>\n<td colspan=\"4\" bgcolor=\"#ffffff\">A276 410<\/td>\n<\/tr>\n<tr>\n<td bgcolor=\"#ffffff\">13<\/td>\n<td bgcolor=\"#ffffff\">Sicherungsmutter<\/td>\n<td bgcolor=\"#ffffff\">A194 2H<\/td>\n<td bgcolor=\"#ffffff\">A194 4<\/td>\n<td bgcolor=\"#ffffff\">A194 8<\/td>\n<td bgcolor=\"#ffffff\">A194 8M<\/td>\n<\/tr>\n<tr>\n<td bgcolor=\"#ffffff\">14<\/td>\n<td bgcolor=\"#ffffff\">Typenschild<\/td>\n<td colspan=\"4\" bgcolor=\"#ffffff\">Edelstahl<\/td>\n<\/tr>\n<tr>\n<td bgcolor=\"#ffffff\">15<\/td>\n<td bgcolor=\"#ffffff\">Handrad<\/td>\n<td colspan=\"4\" bgcolor=\"#ffffff\">A197<\/td>\n<\/tr>\n<tr>\n<td bgcolor=\"#ffffff\">16<\/td>\n<td bgcolor=\"#ffffff\">Packung<\/td>\n<td colspan=\"2\" bgcolor=\"#ffffff\">Flexibler Graphit<\/td>\n<td colspan=\"2\" bgcolor=\"#ffffff\">PTFE<\/td>\n<\/tr>\n<tr>\n<td colspan=\"2\" bgcolor=\"#ffffff\">Anwendbare Medien<\/td>\n<td bgcolor=\"#ffffff\">Wasser, Dampf, \u00d6l usw.<\/td>\n<td bgcolor=\"#ffffff\">Wasser, Dampf, \u00d6l usw.<\/td>\n<td colspan=\"2\" bgcolor=\"#ffffff\">Salpeters\u00e4ure, Essigs\u00e4ure usw.<\/td>\n<\/tr>\n<tr>\n<td colspan=\"2\" bgcolor=\"#ffffff\">Anwendbare Temperatur<\/td>\n<td bgcolor=\"#ffffff\">\u201429\u2103\uff5e425\u2103<\/td>\n<td bgcolor=\"#ffffff\">\u201429\u2103\uff5e550\u2103<\/td>\n<td colspan=\"2\" bgcolor=\"#ffffff\">\u201429\u2103\uff5e200\u2103<\/td>\n<\/tr>\n<\/tbody>\n<\/table>\n<\/td>\n<\/tr>\n<tr>\n<td colspan=\"2\" bgcolor=\"#ffffff\">&nbsp;<\/p>\n<p>Hauptanschlussgr\u00f6\u00dfe und Gewicht von J11H\/Y, J61H\/Y Schmiedeeisen-Innengewinde, Muffenschwei\u00df-Durchgangsventilen<\/td>\n<\/tr>\n<tr>\n<td colspan=\"2\" bgcolor=\"#ffffff\">\n<table border=\"0\" cellspacing=\"1\" cellpadding=\"0\">\n<tbody>\n<tr>\n<td rowspan=\"2\" bgcolor=\"#ffffff\">Nennweite<\/td>\n<td bgcolor=\"#ffffff\">Durchmesserreduzierung<\/td>\n<td bgcolor=\"#ffffff\">3\/8\u2033<\/td>\n<td bgcolor=\"#ffffff\">1\/2\u2033<\/td>\n<td bgcolor=\"#ffffff\">3\/4\u2033<\/td>\n<td bgcolor=\"#ffffff\">1\u2033<\/td>\n<td bgcolor=\"#ffffff\">11\/4\u2033<\/td>\n<td bgcolor=\"#ffffff\">11\/2\u2033<\/td>\n<td bgcolor=\"#ffffff\">2\u2033<\/td>\n<td bgcolor=\"#ffffff\"><\/td>\n<\/tr>\n<tr>\n<td bgcolor=\"#ffffff\">Voller Durchgang<\/td>\n<td bgcolor=\"#ffffff\"><\/td>\n<td bgcolor=\"#ffffff\">3\/8\u2033<\/td>\n<td bgcolor=\"#ffffff\">1\/2\u2033<\/td>\n<td bgcolor=\"#ffffff\">3\/4\u2033<\/td>\n<td bgcolor=\"#ffffff\">1\u2033<\/td>\n<td bgcolor=\"#ffffff\">11\/4\u2033<\/td>\n<td bgcolor=\"#ffffff\">11\/2\u2033<\/td>\n<td bgcolor=\"#ffffff\">2\u2033<\/td>\n<\/tr>\n<tr>\n<td colspan=\"2\" bgcolor=\"#ffffff\">L<\/td>\n<td bgcolor=\"#ffffff\">92<\/td>\n<td bgcolor=\"#ffffff\">111<\/td>\n<td bgcolor=\"#ffffff\">111<\/td>\n<td bgcolor=\"#ffffff\">120<\/td>\n<td bgcolor=\"#ffffff\">152<\/td>\n<td bgcolor=\"#ffffff\">172<\/td>\n<td bgcolor=\"#ffffff\">200<\/td>\n<td bgcolor=\"#ffffff\">220<\/td>\n<\/tr>\n<tr>\n<td colspan=\"2\" bgcolor=\"#ffffff\">H offen<\/td>\n<td bgcolor=\"#ffffff\">171<\/td>\n<td bgcolor=\"#ffffff\">207<\/td>\n<td bgcolor=\"#ffffff\">207<\/td>\n<td bgcolor=\"#ffffff\">240<\/td>\n<td bgcolor=\"#ffffff\">258<\/td>\n<td bgcolor=\"#ffffff\">330<\/td>\n<td bgcolor=\"#ffffff\">355<\/td>\n<td bgcolor=\"#ffffff\">370<\/td>\n<\/tr>\n<tr>\n<td colspan=\"2\" bgcolor=\"#ffffff\">W<\/td>\n<td bgcolor=\"#ffffff\">100<\/td>\n<td bgcolor=\"#ffffff\">125<\/td>\n<td bgcolor=\"#ffffff\">125<\/td>\n<td bgcolor=\"#ffffff\">160<\/td>\n<td bgcolor=\"#ffffff\">160<\/td>\n<td bgcolor=\"#ffffff\">180<\/td>\n<td bgcolor=\"#ffffff\">200<\/td>\n<td bgcolor=\"#ffffff\">240<\/td>\n<\/tr>\n<tr>\n<td rowspan=\"2\" bgcolor=\"#ffffff\">Gewicht<\/td>\n<td bgcolor=\"#ffffff\">Schraubentyp<\/td>\n<td bgcolor=\"#ffffff\">2.2<\/td>\n<td bgcolor=\"#ffffff\">3.7<\/td>\n<td bgcolor=\"#ffffff\">3.6<\/td>\n<td bgcolor=\"#ffffff\">6.8<\/td>\n<td bgcolor=\"#ffffff\">7.6<\/td>\n<td bgcolor=\"#ffffff\">11.6<\/td>\n<td bgcolor=\"#ffffff\">15.0<\/td>\n<td bgcolor=\"#ffffff\">21.9<\/td>\n<\/tr>\n<tr>\n<td bgcolor=\"#ffffff\">Schwei\u00dftyp<\/td>\n<td bgcolor=\"#ffffff\">2.0<\/td>\n<td bgcolor=\"#ffffff\">3.4<\/td>\n<td bgcolor=\"#ffffff\">3.3<\/td>\n<td bgcolor=\"#ffffff\">6.0<\/td>\n<td bgcolor=\"#ffffff\">5.6<\/td>\n<td bgcolor=\"#ffffff\">10.3<\/td>\n<td bgcolor=\"#ffffff\">14.2<\/td>\n<td bgcolor=\"#ffffff\">18.0<\/td>\n<\/tr>\n<\/tbody>\n<\/table>\n<p>&nbsp;<\/p>\n<p>Es gibt zwei Arten von Klappendichtungsdesigns. Die erste ist eine verschraubte Klappe. Bei Ventilen, die nach diesem Design gefertigt sind, sind Ventilgeh\u00e4use und Klappe durch Schrauben und Muttern verbunden, wobei eine gewickelte Dichtung aus 304-Material flexible Graphitringe klemmt, um die Abdichtung zu gew\u00e4hrleisten. Auf besonderen Wunsch des Kunden kann auch eine Metallringverbindung verwendet werden. Die zweite Bauform ist die geschwei\u00dfte Klappe. Bei Ventilen, die nach dieser Bauform gefertigt sind, sind Ventilgeh\u00e4use und Klappe durch Gewinde verbunden und vollst\u00e4ndig verschwei\u00dft und abgedichtet. Auf besonderen Wunsch des Kunden kann auch eine Durchschwei\u00dfverbindung verwendet werden.<\/td>\n<\/tr>\n<\/tbody>\n<\/table>\n<\/div>\n<\/div>\n<\/div>","protected":false},"excerpt":{"rendered":"<p>Es gibt zwei Arten von Klappendichtungsdesigns. Die erste ist eine verschraubte Klappe. Bei Ventilen, die nach diesem Design gefertigt sind, sind Ventilgeh\u00e4use und Klappe durch Schrauben und Muttern verbunden, wobei eine gewickelte Dichtung aus 304-Material flexible Graphitringe klemmt, um die Abdichtung zu gew\u00e4hrleisten. Auf besonderen Wunsch des Kunden kann auch eine Metallringverbindung verwendet werden. Die zweite Bauform ist die geschwei\u00dfte Klappe. Bei Ventilen, die nach dieser Bauform gefertigt sind, sind Ventilgeh\u00e4use und Klappe durch Gewinde verbunden und vollst\u00e4ndig verschwei\u00dft und abgedichtet. Auf besonderen Wunsch des Kunden kann auch eine Durchschwei\u00dfverbindung verwendet werden.<\/p>","protected":false},"featured_media":5579,"comment_status":"open","ping_status":"closed","template":"","meta":{"site-sidebar-layout":"default","site-content-layout":"default","ast-site-content-layout":"default","site-content-style":"default","site-sidebar-style":"default","ast-global-header-display":"","ast-banner-title-visibility":"","ast-main-header-display":"","ast-hfb-above-header-display":"","ast-hfb-below-header-display":"","ast-hfb-mobile-header-display":"","site-post-title":"","ast-breadcrumbs-content":"","ast-featured-img":"","footer-sml-layout":"","ast-disable-related-posts":"","theme-transparent-header-meta":"default","adv-header-id-meta":"","stick-header-meta":"default","header-above-stick-meta":"","header-main-stick-meta":"","header-below-stick-meta":"","astra-migrate-meta-layouts":"default","ast-page-background-enabled":"default","ast-page-background-meta":{"desktop":{"background-color":"","background-image":"","background-repeat":"repeat","background-position":"center center","background-size":"auto","background-attachment":"scroll","background-type":"","background-media":"","overlay-type":"","overlay-color":"","overlay-opacity":"","overlay-gradient":""},"tablet":{"background-color":"","background-image":"","background-repeat":"repeat","background-position":"center center","background-size":"auto","background-attachment":"scroll","background-type":"","background-media":"","overlay-type":"","overlay-color":"","overlay-opacity":"","overlay-gradient":""},"mobile":{"background-color":"","background-image":"","background-repeat":"repeat","background-position":"center center","background-size":"auto","background-attachment":"scroll","background-type":"","background-media":"","overlay-type":"","overlay-color":"","overlay-opacity":"","overlay-gradient":""}},"ast-content-background-meta":{"desktop":{"background-color":"var(--ast-global-color-5)","background-image":"","background-repeat":"repeat","background-position":"center center","background-size":"auto","background-attachment":"scroll","background-type":"","background-media":"","overlay-type":"","overlay-color":"","overlay-opacity":"","overlay-gradient":""},"tablet":{"background-color":"var(--ast-global-color-5)","background-image":"","background-repeat":"repeat","background-position":"center center","background-size":"auto","background-attachment":"scroll","background-type":"","background-media":"","overlay-type":"","overlay-color":"","overlay-opacity":"","overlay-gradient":""},"mobile":{"background-color":"var(--ast-global-color-5)","background-image":"","background-repeat":"repeat","background-position":"center center","background-size":"auto","background-attachment":"scroll","background-type":"","background-media":"","overlay-type":"","overlay-color":"","overlay-opacity":"","overlay-gradient":""}}},"product_brand":[],"product_cat":[174],"product_tag":[319],"class_list":{"0":"post-4868","1":"product","2":"type-product","3":"status-publish","4":"has-post-thumbnail","6":"product_cat-globe-valves","7":"product_tag-petrochemical","8":"desktop-align-left","9":"tablet-align-left","10":"mobile-align-left","11":"ast-product-gallery-layout-horizontal-slider","12":"ast-product-gallery-with-no-image","13":"ast-product-tabs-layout-horizontal","14":"ast-qv-on-image","16":"first","17":"instock","18":"shipping-taxable","19":"product-type-simple"},"_links":{"self":[{"href":"https:\/\/raymonvalve.com\/de\/wp-json\/wp\/v2\/product\/4868","targetHints":{"allow":["GET"]}}],"collection":[{"href":"https:\/\/raymonvalve.com\/de\/wp-json\/wp\/v2\/product"}],"about":[{"href":"https:\/\/raymonvalve.com\/de\/wp-json\/wp\/v2\/types\/product"}],"replies":[{"embeddable":true,"href":"https:\/\/raymonvalve.com\/de\/wp-json\/wp\/v2\/comments?post=4868"}],"wp:featuredmedia":[{"embeddable":true,"href":"https:\/\/raymonvalve.com\/de\/wp-json\/wp\/v2\/media\/5579"}],"wp:attachment":[{"href":"https:\/\/raymonvalve.com\/de\/wp-json\/wp\/v2\/media?parent=4868"}],"wp:term":[{"taxonomy":"product_brand","embeddable":true,"href":"https:\/\/raymonvalve.com\/de\/wp-json\/wp\/v2\/product_brand?post=4868"},{"taxonomy":"product_cat","embeddable":true,"href":"https:\/\/raymonvalve.com\/de\/wp-json\/wp\/v2\/product_cat?post=4868"},{"taxonomy":"product_tag","embeddable":true,"href":"https:\/\/raymonvalve.com\/de\/wp-json\/wp\/v2\/product_tag?post=4868"}],"curies":[{"name":"wp","href":"https:\/\/api.w.org\/{rel}","templated":true}]}}