{"id":4869,"date":"2022-09-05T15:15:12","date_gmt":"2022-09-05T07:15:12","guid":{"rendered":"https:\/\/limegreen-okapi-448594.hostingersite.com\/?post_type=product&#038;p=4869"},"modified":"2022-09-15T14:37:11","modified_gmt":"2022-09-15T06:37:11","slug":"j41b-ammonia-gas-globe-valve","status":"publish","type":"product","link":"https:\/\/raymonvalve.com\/de\/produkt\/j41b-ammonia-gas-globe-valve\/","title":{"rendered":"J41B Ammoniak-Gas-Durchgangsventil"},"content":{"rendered":"<div class=\"document\">\n<div class=\"document\">\n<div class=\"document\">\n<p>Das J41B Ammoniak-Durchgangsventil ist speziell f\u00fcr Ammoniak- und Gaspipelines oder -ger\u00e4te konzipiert. Die Konstruktion ber\u00fccksichtigt Brandschutzanforderungen. Die Packung besteht aus Polytetrafluorethylen (PTFE), was eine zuverl\u00e4ssige Abdichtung und geringe Leckage gew\u00e4hrleistet. Das Dichtungsmaterial ist ebenfalls PTFE, weich und zuverl\u00e4ssig. Es eignet sich f\u00fcr Ammoniakgas-, Fl\u00fcssiggas- und Fluorgaspipelinesysteme. Als \u00d6ffnungs- und Schlie\u00dfvorrichtung ist es auch f\u00fcr andere Pipelines mit Temperaturen \u2264 150\u2103 geeignet. Das Absperrventil f\u00fcr Ammoniak zeichnet sich durch stabile Dichtleistung, sichere und zuverl\u00e4ssige Anwendung, starke Korrosionsbest\u00e4ndigkeit, keine interne und externe Medienleckage sowie einfache Bedienung aus. Das Problem der schlechten und leichten Leckage ist besonders geeignet f\u00fcr die \u00dcbertragung von Ammoniakgas und Gaspipelines in der chemischen Industrie und erf\u00fcllt die Anforderungen an eine langfristige zuverl\u00e4ssige Nutzung. Seine Abdichtung, Wartungsfreundlichkeit, Sicherheit usw.<\/p>\n<p>&nbsp;<\/p>\n<p>Eigenschaften:<br \/>\n1. Angesichts der Nachteile der schlechten Korrosionsbest\u00e4ndigkeit und leichten Perforation des Geh\u00e4uses von herk\u00f6mmlichen Ventilen verwendet das Spezialventil f\u00fcr Ammoniakgas, entsprechend den spezifischen Eigenschaften des Mediums, korrosionsbest\u00e4ndigen Stahl (kohlenstoffarmer Stahl mit korrosionsbest\u00e4ndigen Legierungselementen) als Ventilk\u00f6rpermaterial, das gegen Ammoniakgas und fl\u00fcssiges Ammoniak korrosionsbest\u00e4ndig ist. Die Tieftemperatur kann -40\u2103 erreichen, um maximale Betriebsbedingungen und Nutzungsanforderungen zu gew\u00e4hrleisten.<br \/>\n2. Der Paarungsstrukturtyp des Dichtungspaares des Durchgangsventils f\u00fcr Ammoniak ist Kugel und Ebene, die Dichtung ist automatisch kompensiert, der Effekt der doppelten Versicherung, die Dichtleistung ist stabil und es gibt keinen Klebeverschlei\u00df, was das Problem der schlechten Dichtleistung und leichten Leckage von herk\u00f6mmlichen Ventilen f\u00fcr chemische Pipelines effektiv l\u00f6st.<br \/>\n3. Der Flansch des Produkts verwendet eine konkav-konvexe Dichtungsstruktur, die eine zuverl\u00e4ssige Abdichtung des mittleren Flansches auch bei Druckschwankungen in der Pipeline gew\u00e4hrleistet.<br \/>\n4. Mehrstufiges Polytetrafluorethylen-Dichtungsmaterial wird in der oberen Dichtungsvorrichtung verwendet, um eine kombinierte Dichtung zu bilden, die sicherstellt, dass das Ventil w\u00e4hrend seiner Lebensdauer keine Medienleckage aus der Stopfbuchse aufweist, was die schwache Dichtung der Stopfbuchse herk\u00f6mmlicher Ventile, die leichte Medienleckage und sogar m\u00f6gliche Unf\u00e4lle eliminiert.<\/p>\n<p>&nbsp;<\/p>\n<p>Der Unterschied zwischen dem Absperrventil f\u00fcr Ammoniak und dem herk\u00f6mmlichen Absperrventil:<br \/>\nDie Dichtfl\u00e4che des Durchgangsventils f\u00fcr Ammoniak verwendet importiertes Tetrafluorethylen, das eine gute Dichtleistung und eine lange Lebensdauer aufweist. Ammoniak-Absperrventile verwenden oft Ammoniak, Stickstoff, Wasserstoff, Argon, Fluor und andere Gase\/(Fl\u00fcssigkeiten). Diese Gase werden im Allgemeinen in speziellen Lagertanks gespeichert. Bei der Verwendung wird es durch das Ammoniak-Absperrventil ge\u00f6ffnet und dann durch andere Regelventile feinjustiert, so dass das Gas in das Verwendungssystem eingespeist wird. Der Flansch des Ammoniakventils ist normalerweise konkav-konvex. Die wichtigsten Designparameter des Ammoniak-Absperrventils: Geeignetes Medium f\u00fcr das Ammoniak-Absperrventil: Ammoniakgas, fl\u00fcssiges Ammoniak usw. Anwendbare Temperatur: Babbitt -40+150\u2103, Tetrafluor-40\u2103+200\u2103.<\/p>\n<p>&nbsp;<\/p>\n<p>Der Unterschied zwischen dem Absperrventil f\u00fcr Ammoniak und anderen Absperrventilen ist:<br \/>\n1. Die Dichtfl\u00e4che besteht aus PTFE (Babbitt-Legierung), die eine gute Dichtleistung und eine lange Lebensdauer aufweist.<br \/>\n2. Der mittlere Flansch ist eine konkav-konvexe Struktur und die Ventilspindel ist \u00fcber eine dunkle Stange verbunden.<br \/>\n3. Die Dichtfl\u00e4che des Ventilk\u00f6rpers hat eine kugelf\u00f6rmige konvexe Form, die mit dem Ventilteller abgestimmt ist.<br \/>\n4. Ammoniak darf nicht direkt mit Kupfer, Aluminium; einschlie\u00dflich Kunststoffen und Gummi in Kontakt kommen.<\/p>\n<\/div>\n<\/div>\n<\/div>","protected":false},"excerpt":{"rendered":"<p>Das J41B Ammoniak-Durchgangsventil ist speziell f\u00fcr Ammoniak- und Gaspipelines oder -ger\u00e4te konzipiert. Die Konstruktion ber\u00fccksichtigt Brandschutzanforderungen. Die Packung besteht aus Polytetrafluorethylen (PTFE), was eine zuverl\u00e4ssige Abdichtung und geringe Leckage gew\u00e4hrleistet. Das Dichtungsmaterial ist ebenfalls PTFE, weich und zuverl\u00e4ssig. Es eignet sich f\u00fcr Ammoniakgas-, Fl\u00fcssiggas- und Fluorgaspipelinesysteme. Als \u00d6ffnungs- und Schlie\u00dfvorrichtung ist es auch f\u00fcr andere Pipelines mit Temperaturen \u2264 150\u2103 geeignet. Das Absperrventil f\u00fcr Ammoniak zeichnet sich durch stabile Dichtleistung, sichere und zuverl\u00e4ssige Anwendung, starke Korrosionsbest\u00e4ndigkeit, keine interne und externe Medienleckage sowie einfache Bedienung aus. Das Problem der schlechten und leichten Leckage ist besonders geeignet f\u00fcr die \u00dcbertragung von Ammoniakgas und Gaspipelines in der chemischen Industrie und erf\u00fcllt die Anforderungen an eine langfristige zuverl\u00e4ssige Nutzung. Seine Abdichtung, Wartungsfreundlichkeit, Sicherheit usw.<\/p>","protected":false},"featured_media":5580,"comment_status":"open","ping_status":"closed","template":"","meta":{"site-sidebar-layout":"default","site-content-layout":"default","ast-site-content-layout":"default","site-content-style":"default","site-sidebar-style":"default","ast-global-header-display":"","ast-banner-title-visibility":"","ast-main-header-display":"","ast-hfb-above-header-display":"","ast-hfb-below-header-display":"","ast-hfb-mobile-header-display":"","site-post-title":"","ast-breadcrumbs-content":"","ast-featured-img":"","footer-sml-layout":"","ast-disable-related-posts":"","theme-transparent-header-meta":"default","adv-header-id-meta":"","stick-header-meta":"default","header-above-stick-meta":"","header-main-stick-meta":"","header-below-stick-meta":"","astra-migrate-meta-layouts":"default","ast-page-background-enabled":"default","ast-page-background-meta":{"desktop":{"background-color":"","background-image":"","background-repeat":"repeat","background-position":"center center","background-size":"auto","background-attachment":"scroll","background-type":"","background-media":"","overlay-type":"","overlay-color":"","overlay-opacity":"","overlay-gradient":""},"tablet":{"background-color":"","background-image":"","background-repeat":"repeat","background-position":"center center","background-size":"auto","background-attachment":"scroll","background-type":"","background-media":"","overlay-type":"","overlay-color":"","overlay-opacity":"","overlay-gradient":""},"mobile":{"background-color":"","background-image":"","background-repeat":"repeat","background-position":"center center","background-size":"auto","background-attachment":"scroll","background-type":"","background-media":"","overlay-type":"","overlay-color":"","overlay-opacity":"","overlay-gradient":""}},"ast-content-background-meta":{"desktop":{"background-color":"var(--ast-global-color-5)","background-image":"","background-repeat":"repeat","background-position":"center center","background-size":"auto","background-attachment":"scroll","background-type":"","background-media":"","overlay-type":"","overlay-color":"","overlay-opacity":"","overlay-gradient":""},"tablet":{"background-color":"var(--ast-global-color-5)","background-image":"","background-repeat":"repeat","background-position":"center center","background-size":"auto","background-attachment":"scroll","background-type":"","background-media":"","overlay-type":"","overlay-color":"","overlay-opacity":"","overlay-gradient":""},"mobile":{"background-color":"var(--ast-global-color-5)","background-image":"","background-repeat":"repeat","background-position":"center center","background-size":"auto","background-attachment":"scroll","background-type":"","background-media":"","overlay-type":"","overlay-color":"","overlay-opacity":"","overlay-gradient":""}}},"product_brand":[],"product_cat":[174],"product_tag":[319],"class_list":{"0":"post-4869","1":"product","2":"type-product","3":"status-publish","4":"has-post-thumbnail","6":"product_cat-globe-valves","7":"product_tag-petrochemical","8":"desktop-align-left","9":"tablet-align-left","10":"mobile-align-left","11":"ast-product-gallery-layout-horizontal-slider","12":"ast-product-gallery-with-no-image","13":"ast-product-tabs-layout-horizontal","14":"ast-qv-on-image","16":"first","17":"instock","18":"shipping-taxable","19":"product-type-simple"},"_links":{"self":[{"href":"https:\/\/raymonvalve.com\/de\/wp-json\/wp\/v2\/product\/4869","targetHints":{"allow":["GET"]}}],"collection":[{"href":"https:\/\/raymonvalve.com\/de\/wp-json\/wp\/v2\/product"}],"about":[{"href":"https:\/\/raymonvalve.com\/de\/wp-json\/wp\/v2\/types\/product"}],"replies":[{"embeddable":true,"href":"https:\/\/raymonvalve.com\/de\/wp-json\/wp\/v2\/comments?post=4869"}],"wp:featuredmedia":[{"embeddable":true,"href":"https:\/\/raymonvalve.com\/de\/wp-json\/wp\/v2\/media\/5580"}],"wp:attachment":[{"href":"https:\/\/raymonvalve.com\/de\/wp-json\/wp\/v2\/media?parent=4869"}],"wp:term":[{"taxonomy":"product_brand","embeddable":true,"href":"https:\/\/raymonvalve.com\/de\/wp-json\/wp\/v2\/product_brand?post=4869"},{"taxonomy":"product_cat","embeddable":true,"href":"https:\/\/raymonvalve.com\/de\/wp-json\/wp\/v2\/product_cat?post=4869"},{"taxonomy":"product_tag","embeddable":true,"href":"https:\/\/raymonvalve.com\/de\/wp-json\/wp\/v2\/product_tag?post=4869"}],"curies":[{"name":"wp","href":"https:\/\/api.w.org\/{rel}","templated":true}]}}