{"id":4877,"date":"2022-09-06T10:27:23","date_gmt":"2022-09-06T02:27:23","guid":{"rendered":"https:\/\/limegreen-okapi-448594.hostingersite.com\/?post_type=product&#038;p=4877"},"modified":"2022-11-29T11:20:57","modified_gmt":"2022-11-29T03:20:57","slug":"f745x-diaphragm-remote-control-valve","status":"publish","type":"product","link":"https:\/\/raymonvalve.com\/de\/produkt\/f745x-diaphragm-remote-control-valve\/","title":{"rendered":"F745X Membran-Fernsteuerungsventil"},"content":{"rendered":"<div class=\"document\">\n<div class=\"document\">\n<div class=\"document\">\n<div class=\"document\">\n<div class=\"document\">\n<div class=\"document\">\n<p>F745X Fernsteuerungs-Schwimmerventil<\/p>\n<p>Konstruktionsmerkmale<\/p>\n<p>Das Fernsteuerungs-Schwimmerventil vom Typ F745X besteht aus Hauptventil, Schwimmerventil und \u00dcbernahmesystem. Der Hauptventilk\u00f6rper verf\u00fcgt \u00fcber ein Vollkanal-, Gleichstrom- und Stromliniendesign und verwendet zwei Strukturtypen: Membran- oder Kolbentyp. Das \u00dcbernahmesystem besteht aus Schwimmerventil, Kugelhahn und \u00dcbernahme.<\/p>\n<p>Dieses Produkt verwendet direkt das Pilotventil mit schwimmender Kugel zur Steuerung des Fl\u00fcssigkeitsstands, ohne andere Ger\u00e4te und Energiequellen. Es hat eine einfache Struktur, ist wartungsfreundlich, die Steuerung wird nicht durch den Wasserdruck beeinflusst, die Fl\u00fcssigkeitsstandsregelung ist sehr genau und die Abdichtung ist zuverl\u00e4ssig.<\/p>\n<p>Funktionsprinzip<\/p>\n<p>Wenn die Rohrleitung vom Wassereinlass her Wasser zuf\u00fchrt, da der Kugelhahn und das Schwimmerventil normalerweise ge\u00f6ffnet sind, tritt das Wasser durch den Mikrofilter, Kugelhahn B, Steuerraum, Kugelhahn A und das Schwimmerventil in den Beh\u00e4lter ein. Der Steuerraum des Hauptventils bildet keinen Druck, das Hauptventil \u00f6ffnet sich und die Wasserversorgung des Wasserturms (Beh\u00e4lters) wird gew\u00e4hrleistet.<\/p>\n<p>Wenn der Wasserspiegel des Wasserturms (Beh\u00e4lters) die eingestellte H\u00f6he erreicht, schwimmt die Schwimmkugel nach oben und schlie\u00dft das Schwimmerventil. Der Wasserdruck im Steuerraum steigt an und dr\u00fcckt das Hauptventil zu, wodurch die Wasserzufuhr gestoppt wird. Wenn der Wasserspiegel des Beh\u00e4lters sinkt, wird das Schwimmerventil wieder ge\u00f6ffnet, der Wasserdruck im Steuerraum sinkt und das Hauptventil \u00f6ffnet sich erneut, um die Wasserzufuhr fortzusetzen und die eingestellte H\u00f6he des Fl\u00fcssigkeitsstands beizubehalten.<\/p>\n<p>Einsatzmerkmale<\/p>\n<p>1. Der Verschluss ist dicht und zuverl\u00e4ssig. Das Hauptventil ist mit einem Gummidichtring abgedichtet, und die Schlie\u00dfkraft wird automatisch durch den Steuerraum des Hauptventils erzeugt, um eine angemessene Schlie\u00dfkraft aufrechtzuerhalten, mit langer Lebensdauer und Zuverl\u00e4ssigkeit der Abdichtung.<\/p>\n<p>2. Es ist einfach zu bedienen und ben\u00f6tigt kein separates Steuersystem f\u00fcr das Ventil. Das Ventil \u00f6ffnet und schlie\u00dft automatisch, wenn sich der Fl\u00fcssigkeitsstand \u00e4ndert.<\/p>\n<p>3. Das Ventilgeh\u00e4use ist als Vollkanal-, DC- und Stromlinienausf\u00fchrung konzipiert. Der hydraulische Verlust ist gering und der Energieeinspareffekt ist gut.<\/p>\n<p>Funktion und Anwendung<\/p>\n<p>Das Ventil wird am Einlassrohr des Wasserturms und des Beckens installiert, um die Funktion der Aufrechterhaltung der vorgegebenen Fl\u00fcssigkeitsh\u00f6he des Wasserturms und des Beckens zu erf\u00fcllen.<\/p>\n<p>Diese Serie von Ventilprodukten wird h\u00e4ufig zur automatischen Steuerung des Fl\u00fcssigkeitsstands von Wassert\u00fcrmen, Becken und anderen Einrichtungen in Hochh\u00e4usern, Wohngebieten und anderen Wasserversorgungssystemen eingesetzt.<\/p>\n<p>Die wichtigsten technischen Parameter<\/p>\n<table>\n<colgroup>\n<col width=\"91px\" \/>\n<col width=\"111px\" \/>\n<col width=\"106px\" \/>\n<col width=\"100px\" \/>\n<col width=\"105px\" \/>\n<col width=\"124px\" \/>\n<col width=\"171px\" \/><\/colgroup>\n<tbody>\n<tr>\n<td colspan=\"1\" rowspan=\"1\" align=\"\" valign=\"middle\" width=\"91\">\n<p class=\"paragraph text-align-type-center pap-line-1 pap-line-rule-auto pap-spacing-before-0pt pap-spacing-after-0pt\">Nenndruck (MPa)<\/p>\n<\/td>\n<td colspan=\"1\" rowspan=\"1\" align=\"\" valign=\"middle\" width=\"111\">\n<p class=\"paragraph text-align-type-center pap-line-1 pap-line-rule-auto pap-spacing-before-0pt pap-spacing-after-0pt\">Geh\u00e4usepr\u00fcfdruck (MPa)<\/p>\n<\/td>\n<td colspan=\"1\" rowspan=\"1\" align=\"\" valign=\"middle\" width=\"106\">\n<p class=\"paragraph text-align-type-center pap-line-1 pap-line-rule-auto pap-spacing-before-0pt pap-spacing-after-0pt\">Dichtheitspr\u00fcfdruck (MPa)<\/p>\n<\/td>\n<td colspan=\"1\" rowspan=\"1\" align=\"\" valign=\"middle\" width=\"100\">\n<p class=\"paragraph text-align-type-center pap-line-1 pap-line-rule-auto pap-spacing-before-0pt pap-spacing-after-0pt\">Druckregelbereich (MPa)<\/p>\n<\/td>\n<td colspan=\"1\" rowspan=\"1\" align=\"\" valign=\"middle\" width=\"105\">\n<p class=\"paragraph text-align-type-center pap-line-1 pap-line-rule-auto pap-spacing-before-0pt pap-spacing-after-0pt\">Minimaler Betriebsdruck (MPa)<\/p>\n<\/td>\n<td colspan=\"1\" rowspan=\"1\" align=\"\" valign=\"middle\" width=\"124\">\n<p class=\"paragraph text-align-type-center pap-line-1 pap-line-rule-auto pap-spacing-before-0pt pap-spacing-after-0pt\">Anwendbare Medien<\/p>\n<\/td>\n<td colspan=\"1\" rowspan=\"1\" align=\"\" valign=\"middle\" width=\"171\">\n<p class=\"paragraph text-align-type-center pap-line-1 pap-line-rule-auto pap-spacing-before-0pt pap-spacing-after-0pt\">Mediumtemperatur (\u2103)<\/p>\n<\/td>\n<\/tr>\n<tr>\n<td colspan=\"1\" rowspan=\"1\" align=\"\" valign=\"middle\" width=\"91\">\n<p class=\"paragraph text-align-type-center pap-line-1 pap-line-rule-auto pap-spacing-before-0pt pap-spacing-after-0pt\">1.0<\/p>\n<\/td>\n<td colspan=\"1\" rowspan=\"1\" align=\"\" valign=\"middle\" width=\"111\">\n<p class=\"paragraph text-align-type-center pap-line-1 pap-line-rule-auto pap-spacing-before-0pt pap-spacing-after-0pt\">1.5<\/p>\n<\/td>\n<td colspan=\"1\" rowspan=\"1\" align=\"\" valign=\"middle\" width=\"106\">\n<p class=\"paragraph text-align-type-center pap-line-1 pap-line-rule-auto pap-spacing-before-0pt pap-spacing-after-0pt\">1.1<\/p>\n<\/td>\n<td colspan=\"1\" rowspan=\"1\" align=\"\" valign=\"middle\" width=\"100\">\n<p class=\"paragraph text-align-type-center pap-line-1 pap-line-rule-auto pap-spacing-before-0pt pap-spacing-after-0pt\">0.09-0.8<\/p>\n<\/td>\n<td colspan=\"1\" rowspan=\"3\" align=\"\" valign=\"middle\" width=\"105\">\n<p class=\"paragraph text-align-type-center pap-line-1 pap-line-rule-auto pap-spacing-before-0pt pap-spacing-after-0pt\">\u22650,07<\/p>\n<\/td>\n<td colspan=\"1\" rowspan=\"3\" align=\"\" valign=\"middle\" width=\"124\">\n<p class=\"paragraph text-align-type-center pap-line-1 pap-line-rule-auto pap-spacing-before-0pt pap-spacing-after-0pt\">Wasser<\/p>\n<\/td>\n<td colspan=\"1\" rowspan=\"3\" align=\"\" valign=\"middle\" width=\"171\">\n<p class=\"paragraph text-align-type-center pap-line-1 pap-line-rule-auto pap-spacing-before-0pt pap-spacing-after-0pt\">0-80<\/p>\n<\/td>\n<\/tr>\n<tr>\n<td colspan=\"1\" rowspan=\"1\" align=\"\" valign=\"middle\" width=\"91\">\n<p class=\"paragraph text-align-type-center pap-line-1 pap-line-rule-auto pap-spacing-before-0pt pap-spacing-after-0pt\">1.6<\/p>\n<\/td>\n<td colspan=\"1\" rowspan=\"1\" align=\"\" valign=\"middle\" width=\"111\">\n<p class=\"paragraph text-align-type-center pap-line-1 pap-line-rule-auto pap-spacing-before-0pt pap-spacing-after-0pt\">2.4<\/p>\n<\/td>\n<td colspan=\"1\" rowspan=\"1\" align=\"\" valign=\"middle\" width=\"106\">\n<p class=\"paragraph text-align-type-center pap-line-1 pap-line-rule-auto pap-spacing-before-0pt pap-spacing-after-0pt\">1.76<\/p>\n<\/td>\n<td colspan=\"1\" rowspan=\"1\" align=\"\" valign=\"middle\" width=\"100\">\n<p class=\"paragraph text-align-type-center pap-line-1 pap-line-rule-auto pap-spacing-before-0pt pap-spacing-after-0pt\">0.15-1.4<\/p>\n<\/td>\n<\/tr>\n<tr>\n<td colspan=\"1\" rowspan=\"1\" align=\"\" valign=\"middle\" width=\"91\">\n<p class=\"paragraph text-align-type-center pap-line-1 pap-line-rule-auto pap-spacing-before-0pt pap-spacing-after-0pt\">2.5<\/p>\n<\/td>\n<td colspan=\"1\" rowspan=\"1\" align=\"\" valign=\"middle\" width=\"111\">\n<p class=\"paragraph text-align-type-center pap-line-1 pap-line-rule-auto pap-spacing-before-0pt pap-spacing-after-0pt\">3.75<\/p>\n<\/td>\n<td colspan=\"1\" rowspan=\"1\" align=\"\" valign=\"middle\" width=\"106\">\n<p class=\"paragraph text-align-type-center pap-line-1 pap-line-rule-auto pap-spacing-before-0pt pap-spacing-after-0pt\">2.75<\/p>\n<\/td>\n<td colspan=\"1\" rowspan=\"1\" align=\"\" valign=\"middle\" width=\"100\">\n<p class=\"paragraph text-align-type-center pap-line-1 pap-line-rule-auto pap-spacing-before-0pt pap-spacing-after-0pt\">0.2-2.0<\/p>\n<\/td>\n<\/tr>\n<\/tbody>\n<\/table>\n<p class=\"paragraph text-align-type-left pap-line-1 pap-line-rule-auto pap-spacing-before-17.92pt pap-spacing-after-17.92pt\">\n<\/div>\n<\/div>\n<\/div>\n<\/div>\n<\/div>\n<\/div>","protected":false},"excerpt":{"rendered":"<p>Das Fernsteuerungs-Schwimmerventil vom Typ F745X besteht aus Hauptventil, Schwimmerventil und \u00dcbernahmesystem. Der Hauptventilk\u00f6rper verf\u00fcgt \u00fcber ein Vollkanal-, Gleichstrom- und Stromliniendesign und verwendet zwei Strukturtypen: Membran- oder Kolbentyp. Das \u00dcbernahmesystem besteht aus Schwimmerventil, Kugelhahn und \u00dcbernahme.<\/p>\n<p>Dieses Produkt verwendet direkt das Pilotventil mit schwimmender Kugel zur Steuerung des Fl\u00fcssigkeitsstands, ohne andere Ger\u00e4te und Energiequellen. Es hat eine einfache Struktur, ist wartungsfreundlich, die Steuerung wird nicht durch den Wasserdruck beeinflusst, die Fl\u00fcssigkeitsstandsregelung ist sehr genau und die Abdichtung ist zuverl\u00e4ssig.<\/p>","protected":false},"featured_media":5522,"comment_status":"open","ping_status":"closed","template":"","meta":{"site-sidebar-layout":"default","site-content-layout":"default","ast-site-content-layout":"default","site-content-style":"default","site-sidebar-style":"default","ast-global-header-display":"","ast-banner-title-visibility":"","ast-main-header-display":"","ast-hfb-above-header-display":"","ast-hfb-below-header-display":"","ast-hfb-mobile-header-display":"","site-post-title":"","ast-breadcrumbs-content":"","ast-featured-img":"","footer-sml-layout":"","ast-disable-related-posts":"","theme-transparent-header-meta":"default","adv-header-id-meta":"","stick-header-meta":"default","header-above-stick-meta":"","header-main-stick-meta":"","header-below-stick-meta":"","astra-migrate-meta-layouts":"default","ast-page-background-enabled":"default","ast-page-background-meta":{"desktop":{"background-color":"","background-image":"","background-repeat":"repeat","background-position":"center center","background-size":"auto","background-attachment":"scroll","background-type":"","background-media":"","overlay-type":"","overlay-color":"","overlay-opacity":"","overlay-gradient":""},"tablet":{"background-color":"","background-image":"","background-repeat":"repeat","background-position":"center center","background-size":"auto","background-attachment":"scroll","background-type":"","background-media":"","overlay-type":"","overlay-color":"","overlay-opacity":"","overlay-gradient":""},"mobile":{"background-color":"","background-image":"","background-repeat":"repeat","background-position":"center center","background-size":"auto","background-attachment":"scroll","background-type":"","background-media":"","overlay-type":"","overlay-color":"","overlay-opacity":"","overlay-gradient":""}},"ast-content-background-meta":{"desktop":{"background-color":"var(--ast-global-color-5)","background-image":"","background-repeat":"repeat","background-position":"center center","background-size":"auto","background-attachment":"scroll","background-type":"","background-media":"","overlay-type":"","overlay-color":"","overlay-opacity":"","overlay-gradient":""},"tablet":{"background-color":"var(--ast-global-color-5)","background-image":"","background-repeat":"repeat","background-position":"center center","background-size":"auto","background-attachment":"scroll","background-type":"","background-media":"","overlay-type":"","overlay-color":"","overlay-opacity":"","overlay-gradient":""},"mobile":{"background-color":"var(--ast-global-color-5)","background-image":"","background-repeat":"repeat","background-position":"center center","background-size":"auto","background-attachment":"scroll","background-type":"","background-media":"","overlay-type":"","overlay-color":"","overlay-opacity":"","overlay-gradient":""}}},"product_brand":[],"product_cat":[178],"product_tag":[],"class_list":{"0":"post-4877","1":"product","2":"type-product","3":"status-publish","4":"has-post-thumbnail","6":"product_cat-control-valves","7":"desktop-align-left","8":"tablet-align-left","9":"mobile-align-left","10":"ast-product-gallery-layout-horizontal-slider","11":"ast-product-gallery-with-no-image","12":"ast-product-tabs-layout-horizontal","13":"ast-qv-on-image","15":"first","16":"instock","17":"shipping-taxable","18":"product-type-simple"},"_links":{"self":[{"href":"https:\/\/raymonvalve.com\/de\/wp-json\/wp\/v2\/product\/4877","targetHints":{"allow":["GET"]}}],"collection":[{"href":"https:\/\/raymonvalve.com\/de\/wp-json\/wp\/v2\/product"}],"about":[{"href":"https:\/\/raymonvalve.com\/de\/wp-json\/wp\/v2\/types\/product"}],"replies":[{"embeddable":true,"href":"https:\/\/raymonvalve.com\/de\/wp-json\/wp\/v2\/comments?post=4877"}],"wp:featuredmedia":[{"embeddable":true,"href":"https:\/\/raymonvalve.com\/de\/wp-json\/wp\/v2\/media\/5522"}],"wp:attachment":[{"href":"https:\/\/raymonvalve.com\/de\/wp-json\/wp\/v2\/media?parent=4877"}],"wp:term":[{"taxonomy":"product_brand","embeddable":true,"href":"https:\/\/raymonvalve.com\/de\/wp-json\/wp\/v2\/product_brand?post=4877"},{"taxonomy":"product_cat","embeddable":true,"href":"https:\/\/raymonvalve.com\/de\/wp-json\/wp\/v2\/product_cat?post=4877"},{"taxonomy":"product_tag","embeddable":true,"href":"https:\/\/raymonvalve.com\/de\/wp-json\/wp\/v2\/product_tag?post=4877"}],"curies":[{"name":"wp","href":"https:\/\/api.w.org\/{rel}","templated":true}]}}