{"id":4879,"date":"2022-09-06T10:38:01","date_gmt":"2022-09-06T02:38:01","guid":{"rendered":"https:\/\/limegreen-okapi-448594.hostingersite.com\/?post_type=product&#038;p=4879"},"modified":"2022-10-25T14:00:59","modified_gmt":"2022-10-25T06:00:59","slug":"hydraulic-control-slow-closing-ball-valve","status":"publish","type":"product","link":"https:\/\/raymonvalve.com\/de\/produkt\/hydraulic-control-slow-closing-ball-valve\/","title":{"rendered":"HBQ747(0)F(H) Hydraulisch gesteuerter langsam schlie\u00dfender Kugelhahn f\u00fcr Wasserkraftwerke"},"content":{"rendered":"<div class=\"document\">\n<div class=\"document\">\n<div class=\"document\">\n<div class=\"document\">\n<div class=\"document\">\n<div class=\"document\">\n<p>Produkteinf\u00fchrung: Hydraulisch gesteuerter langsam schlie\u00dfender Kugelhahn f\u00fcr Wasserkraftwerke<\/p>\n<p>Der hydraulisch gesteuerte langsam schlie\u00dfende Kugelhahn ist die fortschrittlichste Rohrleitungssteuerungsausr\u00fcstung im In- und Ausland. Er wird haupts\u00e4chlich am Einlass der Turbine des Wasserkraftwerks installiert und als Einlassventil der Turbine verwendet; Funktion eines R\u00fcckschlagventils und Schiebers. Bei der Arbeit arbeitet das Ventil mit der Hauptmaschine der Rohrleitung zusammen, gem\u00e4\u00df dem Prinzip des hydraulischen \u00dcbergangsprozesses, durch voreingestellte \u00d6ffnungs- und Schlie\u00dfverfahren wird der Wasserschlag der Rohrleitung effektiv eliminiert, die zuverl\u00e4ssige Absperrung der Rohrleitung realisiert und die Sicherheit des Rohrleitungssystems gesch\u00fctzt.<br \/>\nDer von unserem Unternehmen hergestellte hydraulisch gesteuerte langsam schlie\u00dfende Kugelhahn hat einen geringen Str\u00f6mungswiderstandskoeffizienten, einen hohen Automatisierungsgrad, vollst\u00e4ndige Funktionen und eine stabile und zuverl\u00e4ssige Leistung. Auf der Grundlage umfangreicher Sammlung, Forschung und Zusammenfassung der Leistung \u00e4hnlicher Produkte im In- und Ausland haben die Ingenieure unseres Unternehmens Ventile, hydraulischen Druck und eine Reihe von Forschungsergebnissen aus der Elektro- und anderen Industrien eingef\u00fchrt, gesammelt und eine neue Generation intelligenter, hocheffizienter und energiesparender Produkte entwickelt. Das Unternehmen verf\u00fcgt \u00fcber eine starke technische Kraft und kann es unabh\u00e4ngig nach den speziellen Anforderungen der Benutzer entwerfen, um den Bed\u00fcrfnissen der Benutzer nach dieser Art von Produkten in vielerlei Hinsicht gerecht zu werden.<\/p>\n<p>Dieses Produkt hat haupts\u00e4chlich folgende Merkmale:<br \/>\n1. Es kann die Funktionen des urspr\u00fcnglichen elektrischen Schiebers und R\u00fcckschlagventils am Pumpenauslass ersetzen und die mechanischen, elektrischen und hydraulischen Systeme zu einer Einheit integrieren, wodurch der Platzbedarf und die Infrastrukturinvestitionen reduziert werden.<br \/>\n2. Die elektrohydraulische Steuerfunktion ist vollst\u00e4ndig und kann als eigenst\u00e4ndiges System f\u00fcr die lokale Fehlersuche und Steuerung ohne zus\u00e4tzliche Konfiguration verwendet werden; sie kann auch als Ausr\u00fcstungseinheit des verteilten Steuerungssystems (DCS) verwendet werden, das vom Zentralcomputer \u00fcber den E\/A-Kanal zentralisiert wird. Es kann eine Verriegelungsfunktion mit Wasserpumpe, Wasserturbine, Bypassventil und anderen Rohrleitungsausr\u00fcstungen realisieren; es ist auch mit einer manuellen Funktion ausgestattet, die das Ventil bei Stromausfall manuell \u00f6ffnen und schlie\u00dfen kann, um die Anforderungen an die Ventilfehlersuche und -steuerung unter besonderen Arbeitsbedingungen zu erf\u00fcllen.<br \/>\n3. Gute Steuerbarkeit, gro\u00dfer Einstellbereich und starke Anpassungsf\u00e4higkeit. Das elektrohydraulische Steuerungssystem verf\u00fcgt \u00fcber mehrere Einstellpunkte, und die \u00d6ffnungs- und Schlie\u00dfverfahren k\u00f6nnen entsprechend den unterschiedlichen Anforderungen der Rohrleitungssteuerung eingestellt werden, um sicherzustellen, dass das Ventil automatisch schnell gem\u00e4\u00df der voreingestellten Zeit und dem voreingestellten Winkel ge\u00f6ffnet und geschlossen werden kann, wenn die Bedingungen f\u00fcr das \u00d6ffnen und Schlie\u00dfen des Ventils erf\u00fcllt sind. , zwei Stufen des langsamen Schlie\u00dfens. Und es kann ein nicht-elektrisches Schlie\u00dfen des Ventils realisieren, den zerst\u00f6rerischen Wasserschlag effektiv eliminieren, das Auftreten von Durchgeh-Unf\u00e4llen von Pumpen und hydraulischen Turbineneinheiten verhindern, die Druckschwankungen des Rohrnetzsystems reduzieren und den sicheren und zuverl\u00e4ssigen Betrieb der Ausr\u00fcstung gew\u00e4hrleisten.<br \/>\n4. Die Dichtfl\u00e4che des Hauptventils ist eine dreifach exzentrische Metallabdichtung oder eine doppelt exzentrische Gummidichtungsstruktur, die leicht zu \u00f6ffnen und zu schlie\u00dfen ist und eine zuverl\u00e4ssige Abdichtung aufweist; und es gibt eine zus\u00e4tzliche vergr\u00f6\u00dferte Exzentrizit\u00e4t, die dem Ventil eine gute Selbstschlie\u00df- und Selbstabdichtungsleistung verleiht. Die mittelgro\u00dfen und kleinen Kugelscheiben sind als stromlinienf\u00f6rmige Plattenstruktur und die gro\u00dfen Kugelscheiben als Doppelplatten-Fachwerkstruktur konzipiert, mit geringer Verdr\u00e4ngung und glattem Wasserfluss. Der Str\u00f6mungswiderstandskoeffizient des Ventils betr\u00e4gt nur 0,1~0,6, was viel kleiner ist als der des R\u00fcckschlagventils (1,7~2,6), der Energieeffekt ist offensichtlich.<\/p>\n<p>&nbsp;<\/p>\n<p>Normen und Spezifikationen f\u00fcr hydraulisch gesteuerte langsam schlie\u00dfende Kugelh\u00e4hne f\u00fcr Wasserkraftwerke<\/p>\n<div>\n<table border=\"0\" cellspacing=\"1\" cellpadding=\"3\">\n<tbody>\n<tr>\n<td bgcolor=\"#ffffff\">Normen des Produkts<\/td>\n<td colspan=\"2\" bgcolor=\"#ffffff\">GB\/T 14478, GB\/T 12238, JB\/T 8527<\/td>\n<\/tr>\n<tr>\n<td bgcolor=\"#ffffff\">Antriebseinrichtung<\/td>\n<td colspan=\"2\" bgcolor=\"#ffffff\" data-spm-anchor-id=\"a261y.25179003.137725730131935.i1.2f485d4bRJ3lbZ\">JB\/T 5299<\/td>\n<\/tr>\n<tr>\n<td bgcolor=\"#ffffff\">Einbaul\u00e4nge<\/td>\n<td colspan=\"2\" bgcolor=\"#ffffff\">GB\/T 12221<\/td>\n<\/tr>\n<tr>\n<td rowspan=\"3\" bgcolor=\"#ffffff\">Flansch<\/td>\n<td bgcolor=\"#ffffff\">Graugussflansch<\/td>\n<td bgcolor=\"#ffffff\">GB\/T 17241.6<\/td>\n<\/tr>\n<tr>\n<td bgcolor=\"#ffffff\">Sph\u00e4rogussflansch<\/td>\n<td bgcolor=\"#ffffff\">GB\/T 12380.1~12380.3<\/td>\n<\/tr>\n<tr>\n<td bgcolor=\"#ffffff\">Stahlflansch<\/td>\n<td bgcolor=\"#ffffff\">GB\/T 9112~9131<\/td>\n<\/tr>\n<tr>\n<td bgcolor=\"#ffffff\">Druckspeicher<\/td>\n<td colspan=\"2\" bgcolor=\"#ffffff\">GB\/T 2352<\/td>\n<\/tr>\n<tr>\n<td bgcolor=\"#ffffff\">Pr\u00fcfung<\/td>\n<td colspan=\"2\" bgcolor=\"#ffffff\">GB\/T 14478, GB\/T 13927<\/td>\n<\/tr>\n<tr>\n<td bgcolor=\"#ffffff\">Qualit\u00e4tsgarantie<\/td>\n<td colspan=\"2\" bgcolor=\"#ffffff\">ISO9001<\/td>\n<\/tr>\n<\/tbody>\n<\/table>\n<\/div>\n<p>&nbsp;<\/p>\n<p>Hinweis: Andere relevante Standards und ausl\u00e4ndische Standards k\u00f6nnen verwendet werden, und die Flanschgr\u00f6\u00dfe kann nach Benutzeranforderungen gefertigt werden, dies muss jedoch im Bestellvertrag angegeben werden.<\/p>\n<p>&nbsp;<\/p>\n<p>Grundlegende Parameter des hydraulisch gesteuerten, langsam schlie\u00dfenden Kugelhahns f\u00fcr Wasserkraftwerke<\/p>\n<div>\n<table border=\"0\" cellspacing=\"1\" cellpadding=\"3\">\n<tbody>\n<tr>\n<td colspan=\"2\" bgcolor=\"#ffffff\">Nenndurchmesser DN (mm)<\/td>\n<td bgcolor=\"#ffffff\">150~2400<\/td>\n<\/tr>\n<tr>\n<td colspan=\"2\" bgcolor=\"#ffffff\">Nenndruck PN (MPa)<\/td>\n<td bgcolor=\"#ffffff\">0.25~4.0<\/td>\n<\/tr>\n<tr>\n<td rowspan=\"2\" bgcolor=\"#ffffff\">Pr\u00fcfdruck<br \/>\nPs (MPa)<\/td>\n<td bgcolor=\"#ffffff\">Abdichtung<\/td>\n<td bgcolor=\"#ffffff\">1,1 \u00d7 PN<\/td>\n<\/tr>\n<tr>\n<td bgcolor=\"#ffffff\">Festigkeit<\/td>\n<td bgcolor=\"#ffffff\">1,5 \u00d7 PN<\/td>\n<\/tr>\n<tr>\n<td colspan=\"2\" bgcolor=\"#ffffff\">Betriebsdruck (MPa)<\/td>\n<td bgcolor=\"#ffffff\">1,0 \u00d7 PN<\/td>\n<\/tr>\n<tr>\n<td colspan=\"2\" bgcolor=\"#ffffff\">Anwendungstemperatur (\u2103)<\/td>\n<td bgcolor=\"#ffffff\">\u226480<\/td>\n<\/tr>\n<tr>\n<td colspan=\"2\" bgcolor=\"#ffffff\">Anwendungsmedium<\/td>\n<td bgcolor=\"#ffffff\">Wasser, Meerwasser, Wasser mit Gips und Sand, \u00d6l<\/td>\n<\/tr>\n<\/tbody>\n<\/table>\n<\/div>\n<p>Hinweis: 1. 1 MPa = 10,2 kgf\/cm\u00b2 2. Bei Verwendung in Wasserkraftwerken kann der Dichtheitspr\u00fcfdruck entsprechend der h\u00f6chsten hydrostatischen Druckh\u00f6he des Kraftwerks berechnet werden.<\/p>\n<p>&nbsp;<\/p>\n<p>Spezialparameter f\u00fcr hydraulisch gesteuerte, langsam schlie\u00dfende Kugelh\u00e4hne f\u00fcr Wasserkraftwerke<\/p>\n<div>\n<table border=\"0\" cellspacing=\"1\" cellpadding=\"3\">\n<tbody>\n<tr>\n<td bgcolor=\"#ffffff\">Artikel<\/td>\n<td colspan=\"2\" bgcolor=\"#ffffff\">Einstellbereich<\/td>\n<td bgcolor=\"#ffffff\">Werkseitige Einstellungsparameter<\/td>\n<\/tr>\n<tr>\n<td bgcolor=\"#ffffff\">\u00d6ffnungszeit (einstellbar)<\/td>\n<td colspan=\"2\" bgcolor=\"#ffffff\">15~60 Sek.<\/td>\n<td bgcolor=\"#ffffff\">30<\/td>\n<\/tr>\n<tr>\n<td rowspan=\"2\" bgcolor=\"#ffffff\">Schlie\u00dfzeit (einstellbar)<\/td>\n<td bgcolor=\"#ffffff\">Schnell schlie\u00dfen<\/td>\n<td bgcolor=\"#ffffff\">5~25<\/td>\n<td bgcolor=\"#ffffff\">8<\/td>\n<\/tr>\n<tr>\n<td bgcolor=\"#ffffff\">Langsam schlie\u00dfen<\/td>\n<td bgcolor=\"#ffffff\">8~60<\/td>\n<td bgcolor=\"#ffffff\">20<\/td>\n<\/tr>\n<tr>\n<td rowspan=\"2\" bgcolor=\"#ffffff\">Schlie\u00dfwinkel (einstellbar)<\/td>\n<td bgcolor=\"#ffffff\">Schnell schlie\u00dfen<\/td>\n<td bgcolor=\"#ffffff\">70\u00b110\u00b0<\/td>\n<td bgcolor=\"#ffffff\">70<\/td>\n<\/tr>\n<tr>\n<td bgcolor=\"#ffffff\">Langsam schlie\u00dfen<\/td>\n<td bgcolor=\"#ffffff\">20\u00b110\u00b0<\/td>\n<td bgcolor=\"#ffffff\">20<\/td>\n<\/tr>\n<tr>\n<td bgcolor=\"#ffffff\">Minimaler Str\u00f6mungswiderstandskoeffizient<\/td>\n<td colspan=\"3\" bgcolor=\"#ffffff\">0.1<\/td>\n<\/tr>\n<\/tbody>\n<\/table>\n<\/div>\n<p>&nbsp;<\/p>\n<p>Werkstoffauswahl f\u00fcr Hauptteile von hydraulisch gesteuerten, langsam schlie\u00dfenden Kugelh\u00e4hnen f\u00fcr Wasserkraftwerke<\/p>\n<div>\n<table border=\"0\" cellspacing=\"1\" cellpadding=\"3\">\n<tbody>\n<tr>\n<td bgcolor=\"#ffffff\">Name<\/td>\n<td bgcolor=\"#ffffff\">Werkstoff<\/td>\n<\/tr>\n<tr>\n<td bgcolor=\"#ffffff\">Geh\u00e4use<\/td>\n<td bgcolor=\"#ffffff\">Grauguss, Sph\u00e4roguss, Kohlenstoffstahl<\/td>\n<\/tr>\n<tr>\n<td bgcolor=\"#ffffff\">Scheibe<\/td>\n<td bgcolor=\"#ffffff\">Grauguss, Sph\u00e4roguss, Kohlenstoffstahl<\/td>\n<\/tr>\n<tr>\n<td bgcolor=\"#ffffff\">Welle<\/td>\n<td bgcolor=\"#ffffff\">Edelstahl, Kohlenstoffstahl<\/td>\n<\/tr>\n<tr>\n<td bgcolor=\"#ffffff\">Geh\u00e4usedichtring<\/td>\n<td bgcolor=\"#ffffff\">Kupferlegierung, Edelstahl<\/td>\n<\/tr>\n<tr>\n<td bgcolor=\"#ffffff\">Dichtring f\u00fcr Scheibe<\/td>\n<td bgcolor=\"#ffffff\">Hochwertiges NBR, Edelstahl\/weicher Graphit<\/td>\n<\/tr>\n<tr>\n<td bgcolor=\"#ffffff\">Antriebswelle<\/td>\n<td bgcolor=\"#ffffff\">Kupferlegierung<\/td>\n<\/tr>\n<tr>\n<td bgcolor=\"#ffffff\">Packung<\/td>\n<td bgcolor=\"#ffffff\">V-Dichtring, weicher Graphit<\/td>\n<\/tr>\n<tr>\n<td bgcolor=\"#ffffff\">Wandplatte<\/td>\n<td bgcolor=\"#ffffff\">Kohlenstoffstahl<\/td>\n<\/tr>\n<\/tbody>\n<\/table>\n<\/div>\n<p>&nbsp;<\/p>\n<p>&nbsp;<\/p>\n<\/div>\n<\/div>\n<\/div>\n<\/div>\n<\/div>\n<\/div>","protected":false},"excerpt":{"rendered":"<p>Der hydraulisch gesteuerte langsam schlie\u00dfende Kugelhahn ist die fortschrittlichste Rohrleitungssteuerungsausr\u00fcstung im In- und Ausland. Er wird haupts\u00e4chlich am Einlass der Turbine des Wasserkraftwerks installiert und als Einlassventil der Turbine verwendet; Funktion eines R\u00fcckschlagventils und Schiebers. Bei der Arbeit arbeitet das Ventil mit der Hauptmaschine der Rohrleitung zusammen, gem\u00e4\u00df dem Prinzip des hydraulischen \u00dcbergangsprozesses, durch voreingestellte \u00d6ffnungs- und Schlie\u00dfverfahren wird der Wasserschlag der Rohrleitung effektiv eliminiert, die zuverl\u00e4ssige Absperrung der Rohrleitung realisiert und die Sicherheit des Rohrleitungssystems gesch\u00fctzt.<\/p>","protected":false},"featured_media":5613,"comment_status":"open","ping_status":"closed","template":"","meta":{"site-sidebar-layout":"default","site-content-layout":"default","ast-site-content-layout":"default","site-content-style":"default","site-sidebar-style":"default","ast-global-header-display":"","ast-banner-title-visibility":"","ast-main-header-display":"","ast-hfb-above-header-display":"","ast-hfb-below-header-display":"","ast-hfb-mobile-header-display":"","site-post-title":"","ast-breadcrumbs-content":"","ast-featured-img":"","footer-sml-layout":"","ast-disable-related-posts":"","theme-transparent-header-meta":"default","adv-header-id-meta":"","stick-header-meta":"default","header-above-stick-meta":"","header-main-stick-meta":"","header-below-stick-meta":"","astra-migrate-meta-layouts":"default","ast-page-background-enabled":"default","ast-page-background-meta":{"desktop":{"background-color":"","background-image":"","background-repeat":"repeat","background-position":"center center","background-size":"auto","background-attachment":"scroll","background-type":"","background-media":"","overlay-type":"","overlay-color":"","overlay-opacity":"","overlay-gradient":""},"tablet":{"background-color":"","background-image":"","background-repeat":"repeat","background-position":"center center","background-size":"auto","background-attachment":"scroll","background-type":"","background-media":"","overlay-type":"","overlay-color":"","overlay-opacity":"","overlay-gradient":""},"mobile":{"background-color":"","background-image":"","background-repeat":"repeat","background-position":"center center","background-size":"auto","background-attachment":"scroll","background-type":"","background-media":"","overlay-type":"","overlay-color":"","overlay-opacity":"","overlay-gradient":""}},"ast-content-background-meta":{"desktop":{"background-color":"var(--ast-global-color-5)","background-image":"","background-repeat":"repeat","background-position":"center center","background-size":"auto","background-attachment":"scroll","background-type":"","background-media":"","overlay-type":"","overlay-color":"","overlay-opacity":"","overlay-gradient":""},"tablet":{"background-color":"var(--ast-global-color-5)","background-image":"","background-repeat":"repeat","background-position":"center center","background-size":"auto","background-attachment":"scroll","background-type":"","background-media":"","overlay-type":"","overlay-color":"","overlay-opacity":"","overlay-gradient":""},"mobile":{"background-color":"var(--ast-global-color-5)","background-image":"","background-repeat":"repeat","background-position":"center center","background-size":"auto","background-attachment":"scroll","background-type":"","background-media":"","overlay-type":"","overlay-color":"","overlay-opacity":"","overlay-gradient":""}}},"product_brand":[],"product_cat":[18],"product_tag":[],"class_list":{"0":"post-4879","1":"product","2":"type-product","3":"status-publish","4":"has-post-thumbnail","6":"product_cat-ball-valves","7":"desktop-align-left","8":"tablet-align-left","9":"mobile-align-left","10":"ast-product-gallery-layout-horizontal-slider","11":"ast-product-gallery-with-no-image","12":"ast-product-tabs-layout-horizontal","13":"ast-qv-on-image","15":"first","16":"instock","17":"shipping-taxable","18":"product-type-simple"},"_links":{"self":[{"href":"https:\/\/raymonvalve.com\/de\/wp-json\/wp\/v2\/product\/4879","targetHints":{"allow":["GET"]}}],"collection":[{"href":"https:\/\/raymonvalve.com\/de\/wp-json\/wp\/v2\/product"}],"about":[{"href":"https:\/\/raymonvalve.com\/de\/wp-json\/wp\/v2\/types\/product"}],"replies":[{"embeddable":true,"href":"https:\/\/raymonvalve.com\/de\/wp-json\/wp\/v2\/comments?post=4879"}],"wp:featuredmedia":[{"embeddable":true,"href":"https:\/\/raymonvalve.com\/de\/wp-json\/wp\/v2\/media\/5613"}],"wp:attachment":[{"href":"https:\/\/raymonvalve.com\/de\/wp-json\/wp\/v2\/media?parent=4879"}],"wp:term":[{"taxonomy":"product_brand","embeddable":true,"href":"https:\/\/raymonvalve.com\/de\/wp-json\/wp\/v2\/product_brand?post=4879"},{"taxonomy":"product_cat","embeddable":true,"href":"https:\/\/raymonvalve.com\/de\/wp-json\/wp\/v2\/product_cat?post=4879"},{"taxonomy":"product_tag","embeddable":true,"href":"https:\/\/raymonvalve.com\/de\/wp-json\/wp\/v2\/product_tag?post=4879"}],"curies":[{"name":"wp","href":"https:\/\/api.w.org\/{rel}","templated":true}]}}