{"id":4894,"date":"2022-09-06T16:53:33","date_gmt":"2022-09-06T08:53:33","guid":{"rendered":"https:\/\/limegreen-okapi-448594.hostingersite.com\/?post_type=product&#038;p=4894"},"modified":"2022-09-15T13:50:37","modified_gmt":"2022-09-15T05:50:37","slug":"h14w-internal-thread-swing-check-valve","status":"publish","type":"product","link":"https:\/\/raymonvalve.com\/de\/produkt\/h14w-internal-thread-swing-check-valve\/","title":{"rendered":"H14W Innengewinde Schwingungs-R\u00fcckschlagventil"},"content":{"rendered":"<div class=\"document\">\n<div class=\"document\">\n<div class=\"document\">\n<div class=\"document\">\n<div class=\"document\">\n<div class=\"document\">\n<div class=\"document\">\n<div id=\"offer-title-13772573013167-1\" class=\"offer-title-wrapper\" data-module-id=\"13772573013167\" data-title=\"\u5546\u54c1\u63cf\u8ff0\">\n<div class=\"offer-title-content\">\n<div class=\"document\">\n<div class=\"document\">\n<p>Produkt\u00fcbersicht H14W Edelstahl-Schwingungs-R\u00fcckschlagventil mit Innengewinde Die Funktion des R\u00fcckschlagventils besteht darin, den R\u00fcckfluss des Mediums in der Rohrleitung zu verhindern. Das R\u00fcckschlagventil geh\u00f6rt zur Kategorie der automatischen Ventile, und die \u00d6ffnungs- und Schlie\u00dfteile werden automatisch durch die Kraft des str\u00f6menden Mediums ge\u00f6ffnet.<br \/>\noder geschlossen. Das R\u00fcckschlagventil wird nur in Rohrleitungen eingesetzt, in denen das Medium in eine Richtung flie\u00dft, um den R\u00fcckfluss des Mediums zu verhindern und Unf\u00e4lle zu vermeiden.<\/p>\n<p>Anwendbare Medien sind: Wasser, \u00d6l, Dampf, S\u00e4uremedien usw.<\/p>\n<p>Leistungsspezifikationen<\/p>\n<table border=\"0\" cellspacing=\"1\">\n<tbody>\n<tr>\n<td bgcolor=\"#ffffff\" width=\"30%\">Nenndruck<\/td>\n<td bgcolor=\"#ffffff\" width=\"21%\">PN<\/td>\n<td bgcolor=\"#ffffff\" width=\"27%\">1.6, 2.5, 4.0, 6.4<\/td>\n<td rowspan=\"4\" bgcolor=\"#ffffff\" width=\"22%\">MPa<\/td>\n<\/tr>\n<tr>\n<td bgcolor=\"#ffffff\">Druckpr\u00fcfdruck<\/td>\n<td bgcolor=\"#ffffff\">PT<\/td>\n<td bgcolor=\"#ffffff\">2.4, 3.8, 6.0, 7.6<\/td>\n<\/tr>\n<tr>\n<td bgcolor=\"#ffffff\">Niederdruck-Gasdichtheitspr\u00fcfdruck<\/td>\n<td bgcolor=\"#ffffff\"><\/td>\n<td bgcolor=\"#ffffff\">0.6<\/td>\n<\/tr>\n<tr>\n<td bgcolor=\"#ffffff\">Hochdruck-Gasdichtheitspr\u00fcfdruck<\/td>\n<td colspan=\"2\" bgcolor=\"#ffffff\">2.0, 3.0, 4.8, 7.6<\/td>\n<\/tr>\n<tr>\n<td rowspan=\"2\" bgcolor=\"#ffffff\">Anwendbare Medien<\/td>\n<td bgcolor=\"#ffffff\">H14W-(16-64)C<\/td>\n<td bgcolor=\"#ffffff\">H14W-(16-64)P<\/td>\n<td bgcolor=\"#ffffff\">H14W-(16-64)R<\/td>\n<\/tr>\n<tr>\n<td bgcolor=\"#ffffff\">Wasser, \u00d6l, Gas<\/td>\n<td bgcolor=\"#ffffff\">Salpeters\u00e4ure<\/td>\n<td bgcolor=\"#ffffff\">Essigs\u00e4ure<\/td>\n<\/tr>\n<tr>\n<td bgcolor=\"#ffffff\">Anwendbare Temperatur<\/td>\n<td colspan=\"3\" bgcolor=\"#ffffff\">-40\uff5e180<\/td>\n<\/tr>\n<\/tbody>\n<\/table>\n<h6>Hauptteil Werkstoff<\/h6>\n<table border=\"0\" cellspacing=\"1\">\n<tbody>\n<tr>\n<td bgcolor=\"#ffffff\">Serien-Nr.<\/td>\n<td bgcolor=\"#ffffff\">Teilename<\/td>\n<td bgcolor=\"#ffffff\">Werkstoff<\/td>\n<\/tr>\n<tr>\n<td bgcolor=\"#ffffff\">1<\/td>\n<td bgcolor=\"#ffffff\">Ventilk\u00f6rper<\/td>\n<td bgcolor=\"#ffffff\">Edelstahl CF8M\/CF8<\/td>\n<\/tr>\n<tr>\n<td bgcolor=\"#ffffff\">2<\/td>\n<td bgcolor=\"#ffffff\">Ventildeckel<\/td>\n<td bgcolor=\"#ffffff\">Edelstahl CF8M\/CF8<\/td>\n<\/tr>\n<tr>\n<td bgcolor=\"#ffffff\">3<\/td>\n<td bgcolor=\"#ffffff\">Kippstecker<\/td>\n<td bgcolor=\"#ffffff\">\u00a0Edelstahl 316\/304<\/td>\n<\/tr>\n<tr>\n<td bgcolor=\"#ffffff\">4<\/td>\n<td bgcolor=\"#ffffff\">Ventilklappe<\/td>\n<td bgcolor=\"#ffffff\">\u00a0Edelstahl CF8M\/CF8<\/td>\n<\/tr>\n<tr>\n<td bgcolor=\"#ffffff\">5<\/td>\n<td bgcolor=\"#ffffff\">Schraubstopfen<\/td>\n<td bgcolor=\"#ffffff\">\u00a0Edelstahl 316\/304<\/td>\n<\/tr>\n<tr>\n<td bgcolor=\"#ffffff\">6<\/td>\n<td bgcolor=\"#ffffff\">Schraubstopfen Dichtung<\/td>\n<td bgcolor=\"#ffffff\">\u00a0PTFE<\/td>\n<\/tr>\n<\/tbody>\n<\/table>\n<h6>Hauptanschlussgr\u00f6\u00dfe und Gewicht Einheit: mm<\/h6>\n<table border=\"0\" cellspacing=\"1\">\n<tbody>\n<tr>\n<td bgcolor=\"#ffffff\">Gr\u00f6\u00dfe<\/td>\n<td bgcolor=\"#ffffff\">1\/2\u2033<\/td>\n<td bgcolor=\"#ffffff\">3\/4\u2033<\/td>\n<td bgcolor=\"#ffffff\">1\u2033<\/td>\n<td bgcolor=\"#ffffff\">11\/4\u2033<\/td>\n<td bgcolor=\"#ffffff\">11\/2\u2033<\/td>\n<td bgcolor=\"#ffffff\">2\u2033<\/td>\n<td bgcolor=\"#ffffff\">2 1\/2\u2033<\/td>\n<td bgcolor=\"#ffffff\">3\u2033<\/td>\n<\/tr>\n<tr>\n<td bgcolor=\"#ffffff\">A<\/td>\n<td bgcolor=\"#ffffff\">15<\/td>\n<td bgcolor=\"#ffffff\">20<\/td>\n<td bgcolor=\"#ffffff\">25<\/td>\n<td bgcolor=\"#ffffff\">32<\/td>\n<td bgcolor=\"#ffffff\">40<\/td>\n<td bgcolor=\"#ffffff\">50<\/td>\n<td bgcolor=\"#ffffff\">65<\/td>\n<td bgcolor=\"#ffffff\">80<\/td>\n<\/tr>\n<tr>\n<td bgcolor=\"#ffffff\">H<\/td>\n<td bgcolor=\"#ffffff\">42<\/td>\n<td bgcolor=\"#ffffff\">51<\/td>\n<td bgcolor=\"#ffffff\">60<\/td>\n<td bgcolor=\"#ffffff\">67<\/td>\n<td bgcolor=\"#ffffff\">75<\/td>\n<td bgcolor=\"#ffffff\">81<\/td>\n<td bgcolor=\"#ffffff\">93<\/td>\n<td bgcolor=\"#ffffff\">104<\/td>\n<\/tr>\n<tr>\n<td bgcolor=\"#ffffff\">L<\/td>\n<td bgcolor=\"#ffffff\">65<\/td>\n<td bgcolor=\"#ffffff\">80<\/td>\n<td bgcolor=\"#ffffff\">90<\/td>\n<td bgcolor=\"#ffffff\">105<\/td>\n<td bgcolor=\"#ffffff\">120<\/td>\n<td bgcolor=\"#ffffff\">140<\/td>\n<td bgcolor=\"#ffffff\">180<\/td>\n<td bgcolor=\"#ffffff\">200<\/td>\n<\/tr>\n<tr>\n<td bgcolor=\"#ffffff\">GewichtWT(kg)<\/td>\n<td bgcolor=\"#ffffff\">310<\/td>\n<td bgcolor=\"#ffffff\">445<\/td>\n<td bgcolor=\"#ffffff\">680<\/td>\n<td bgcolor=\"#ffffff\">1040<\/td>\n<td bgcolor=\"#ffffff\">1490<\/td>\n<td bgcolor=\"#ffffff\">2020<\/td>\n<td bgcolor=\"#ffffff\"><\/td>\n<td bgcolor=\"#ffffff\"><\/td>\n<\/tr>\n<\/tbody>\n<\/table>\n<\/div>\n<\/div>\n<\/div>\n<\/div>\n<\/div>\n<\/div>\n<\/div>\n<\/div>\n<\/div>\n<\/div>\n<\/div>","protected":false},"excerpt":{"rendered":"<p>Produkt\u00fcbersicht H14W Edelstahl-Schwingungs-R\u00fcckschlagventil mit Innengewinde Die Funktion des R\u00fcckschlagventils besteht darin, den R\u00fcckfluss des Mediums in der Rohrleitung zu verhindern. Das R\u00fcckschlagventil geh\u00f6rt zur Kategorie der automatischen Ventile, und die \u00d6ffnungs- und Schlie\u00dfteile werden automatisch durch die Kraft des str\u00f6menden Mediums ge\u00f6ffnet.<br \/>\noder geschlossen. Das R\u00fcckschlagventil wird nur in Rohrleitungen eingesetzt, in denen das Medium in eine Richtung flie\u00dft, um den R\u00fcckfluss des Mediums zu verhindern und Unf\u00e4lle zu vermeiden.<\/p>","protected":false},"featured_media":5682,"comment_status":"open","ping_status":"closed","template":"","meta":{"site-sidebar-layout":"default","site-content-layout":"default","ast-site-content-layout":"default","site-content-style":"default","site-sidebar-style":"default","ast-global-header-display":"","ast-banner-title-visibility":"","ast-main-header-display":"","ast-hfb-above-header-display":"","ast-hfb-below-header-display":"","ast-hfb-mobile-header-display":"","site-post-title":"","ast-breadcrumbs-content":"","ast-featured-img":"","footer-sml-layout":"","ast-disable-related-posts":"","theme-transparent-header-meta":"default","adv-header-id-meta":"","stick-header-meta":"default","header-above-stick-meta":"","header-main-stick-meta":"","header-below-stick-meta":"","astra-migrate-meta-layouts":"default","ast-page-background-enabled":"default","ast-page-background-meta":{"desktop":{"background-color":"","background-image":"","background-repeat":"repeat","background-position":"center center","background-size":"auto","background-attachment":"scroll","background-type":"","background-media":"","overlay-type":"","overlay-color":"","overlay-opacity":"","overlay-gradient":""},"tablet":{"background-color":"","background-image":"","background-repeat":"repeat","background-position":"center center","background-size":"auto","background-attachment":"scroll","background-type":"","background-media":"","overlay-type":"","overlay-color":"","overlay-opacity":"","overlay-gradient":""},"mobile":{"background-color":"","background-image":"","background-repeat":"repeat","background-position":"center center","background-size":"auto","background-attachment":"scroll","background-type":"","background-media":"","overlay-type":"","overlay-color":"","overlay-opacity":"","overlay-gradient":""}},"ast-content-background-meta":{"desktop":{"background-color":"var(--ast-global-color-5)","background-image":"","background-repeat":"repeat","background-position":"center center","background-size":"auto","background-attachment":"scroll","background-type":"","background-media":"","overlay-type":"","overlay-color":"","overlay-opacity":"","overlay-gradient":""},"tablet":{"background-color":"var(--ast-global-color-5)","background-image":"","background-repeat":"repeat","background-position":"center center","background-size":"auto","background-attachment":"scroll","background-type":"","background-media":"","overlay-type":"","overlay-color":"","overlay-opacity":"","overlay-gradient":""},"mobile":{"background-color":"var(--ast-global-color-5)","background-image":"","background-repeat":"repeat","background-position":"center center","background-size":"auto","background-attachment":"scroll","background-type":"","background-media":"","overlay-type":"","overlay-color":"","overlay-opacity":"","overlay-gradient":""}}},"product_brand":[],"product_cat":[177],"product_tag":[323],"class_list":{"0":"post-4894","1":"product","2":"type-product","3":"status-publish","4":"has-post-thumbnail","6":"product_cat-check-valves","7":"product_tag-water-resources","8":"desktop-align-left","9":"tablet-align-left","10":"mobile-align-left","11":"ast-product-gallery-layout-horizontal-slider","12":"ast-product-gallery-with-no-image","13":"ast-product-tabs-layout-horizontal","14":"ast-qv-on-image","16":"first","17":"instock","18":"shipping-taxable","19":"product-type-simple"},"_links":{"self":[{"href":"https:\/\/raymonvalve.com\/de\/wp-json\/wp\/v2\/product\/4894","targetHints":{"allow":["GET"]}}],"collection":[{"href":"https:\/\/raymonvalve.com\/de\/wp-json\/wp\/v2\/product"}],"about":[{"href":"https:\/\/raymonvalve.com\/de\/wp-json\/wp\/v2\/types\/product"}],"replies":[{"embeddable":true,"href":"https:\/\/raymonvalve.com\/de\/wp-json\/wp\/v2\/comments?post=4894"}],"wp:featuredmedia":[{"embeddable":true,"href":"https:\/\/raymonvalve.com\/de\/wp-json\/wp\/v2\/media\/5682"}],"wp:attachment":[{"href":"https:\/\/raymonvalve.com\/de\/wp-json\/wp\/v2\/media?parent=4894"}],"wp:term":[{"taxonomy":"product_brand","embeddable":true,"href":"https:\/\/raymonvalve.com\/de\/wp-json\/wp\/v2\/product_brand?post=4894"},{"taxonomy":"product_cat","embeddable":true,"href":"https:\/\/raymonvalve.com\/de\/wp-json\/wp\/v2\/product_cat?post=4894"},{"taxonomy":"product_tag","embeddable":true,"href":"https:\/\/raymonvalve.com\/de\/wp-json\/wp\/v2\/product_tag?post=4894"}],"curies":[{"name":"wp","href":"https:\/\/api.w.org\/{rel}","templated":true}]}}