{"id":11077,"date":"2023-02-08T15:24:56","date_gmt":"2023-02-08T07:24:56","guid":{"rendered":"https:\/\/limegreen-okapi-448594.hostingersite.com\/?post_type=product&#038;p=11077"},"modified":"2023-02-08T15:57:46","modified_gmt":"2023-02-08T07:57:46","slug":"steel-stainless-steel-globe-valve","status":"publish","type":"product","link":"https:\/\/raymonvalve.com\/es\/producto\/steel-stainless-steel-globe-valve\/","title":{"rendered":"V\u00e1lvula de globo API de acero al carbono, acero inoxidable"},"content":{"rendered":"<h3><b><span data-font-family=\"default\">V\u00e1lvula de globo API de acero al carbono, acero inoxidable<\/span><\/b><\/h3>\n<h3><b><span data-font-family=\"default\">\u00bfCu\u00e1les son las ventajas de la v\u00e1lvula de globo J541H?<\/span><\/b><\/h3>\n<ol>\n<li><span data-font-family=\"default\"> La v\u00e1lvula de globo de norma americana tiene una estructura simple, tama\u00f1o peque\u00f1o y peso ligero.<\/span><\/li>\n<li><span data-font-family=\"default\"> La v\u00e1lvula es f\u00e1cil de operar, y la v\u00e1lvula de globo de norma americana se abre y cierra r\u00e1pidamente, lo que es conveniente para el control remoto.<\/span><\/li>\n<li><span data-font-family=\"default\"> F\u00e1cil mantenimiento, estructura simple, el anillo de sellado es generalmente m\u00f3vil, y es m\u00e1s conveniente de desmontar y reemplazar.<\/span><\/li>\n<li><span data-font-family=\"default\"> Cuando est\u00e1 completamente abierta o completamente cerrada, la superficie de sellado del asiento de la v\u00e1lvula est\u00e1 aislada del medio, y cuando el medio pasa, no causar\u00e1 erosi\u00f3n en la superficie de sellado de la v\u00e1lvula.<\/span><\/li>\n<li><span data-font-family=\"default\"> La v\u00e1lvula de globo de norma americana tiene una amplia gama de aplicaciones, con un di\u00e1metro que var\u00eda de unos pocos mil\u00edmetros a unos pocos metros, y puede aplicarse desde alto vac\u00edo hasta presi\u00f3n.<\/span><\/li>\n<\/ol>\n<p><span data-font-family=\"default\">\u00bfCu\u00e1les son los medios de la v\u00e1lvula de globo J541H?:<\/span><\/p>\n<p><span data-font-family=\"default\">adecuado para agua, vapor, aceite, \u00e1cido n\u00edtrico, \u00e1cido ac\u00e9tico, medio oxidante, urea y otros medios<\/span><\/p>\n<h3><b><span data-font-family=\"default\">\u00bfQu\u00e9 significa J541H-150LB?<\/span><\/b><\/h3>\n<ol>\n<li><span data-font-family=\"default\"> Tipo de v\u00e1lvula: v\u00e1lvula de globo \u201cJ\u201d.<\/span><\/li>\n<li><span data-font-family=\"default\"> Modo de transmisi\u00f3n: reductor c\u00f3nico: \u201c5\u201d<\/span><\/li>\n<li><span data-font-family=\"default\"> Forma de conexi\u00f3n: conexi\u00f3n bridada \u201c4\u201d.<\/span><\/li>\n<li><span data-font-family=\"default\"> Forma estructural: tipo de paso recto \u201c1\u201d.<\/span><\/li>\n<li><span data-font-family=\"default\"> Aleaci\u00f3n de material de la superficie de sellado del asiento \u201cH\u201d.<\/span><\/li>\n<li><span data-font-family=\"default\"> Presi\u00f3n nominal: 150Lb<\/span><\/li>\n<li><span data-font-family=\"default\"> Dise\u00f1o y fabricaci\u00f3n: JB\/T3595-93<\/span><\/li>\n<li><span data-font-family=\"default\"> Presi\u00f3n y temperatura: -29\uff5e550\u2103<\/span><\/li>\n<li><span data-font-family=\"default\"> Longitud estructural: E101<\/span><\/li>\n<li><span data-font-family=\"default\"> Tama\u00f1o de conexi\u00f3n de soldadura a tope: GB\/T15198.3-95<\/span><\/li>\n<li><span data-font-family=\"default\"> Inspecci\u00f3n y prueba: GB\/T13927-92<\/span><\/li>\n<\/ol>\n<h3><b><span data-font-family=\"default\">Caracter\u00edsticas estructurales:<\/span><\/b><\/h3>\n<ol>\n<li><span data-font-family=\"default\"> El producto cumple con la norma nacional GB12235, con una estructura razonable, sellado fiable, excelente rendimiento y una apariencia atractiva.<\/span><\/li>\n<li><span data-font-family=\"default\"> Las superficies de sellado del disco y el asiento est\u00e1n fabricadas con aleaci\u00f3n dura a base de cobalto (stellite) con recubrimiento de estelita, que es resistente al desgaste y a la abrasi\u00f3n.<\/span><\/li>\n<li><span data-font-family=\"default\"> Se pueden utilizar diversos est\u00e1ndares de bridas de tuber\u00eda y tipos de superficies de sellado de bridas para satisfacer diversas necesidades de ingenier\u00eda y requisitos del usuario.<\/span><\/li>\n<li><span data-font-family=\"default\"> El material del cuerpo de la v\u00e1lvula es completo, y el empaque y la junta se seleccionan razonablemente seg\u00fan las condiciones de trabajo reales o los requisitos del usuario. La v\u00e1lvula de globo el\u00e9ctrica Mingjing se puede aplicar a diversas condiciones de trabajo de presi\u00f3n, temperatura y medio.<\/span><\/li>\n<li><span data-font-family=\"default\"> El sello invertido est\u00e1 hecho de un asiento de sellado con conexi\u00f3n roscada o soldadura de recubrimiento del cuerpo de acero inoxidable austen\u00edtico, el sello invertido es fiable, el reemplazo y mantenimiento del empaque se pueden realizar sin detener la m\u00e1quina, lo cual es conveniente y r\u00e1pido sin afectar la operaci\u00f3n del sistema.<\/span><\/li>\n<\/ol>\n<h3><b><span data-font-family=\"default\">Ventajas de la V\u00e1lvula de Globo Soldada<\/span><\/b><\/h3>\n<ol>\n<li><span data-font-family=\"default\"> Dejar una posici\u00f3n para que gire la manija de la v\u00e1lvula.<\/span><\/li>\n<li><span data-font-family=\"default\"> No se puede utilizar para estrangulamiento.<\/span><\/li>\n<\/ol>\n<p><span data-font-family=\"default\">\u00a0 \u00a0 \u00a0 \u00a0 Las v\u00e1lvulas de bola 3 con mecanismos de transmisi\u00f3n deben instalarse en posici\u00f3n vertical.<\/span><\/p>\n<p><span data-font-family=\"default\">El principio de funcionamiento de la v\u00e1lvula de globo de acero al carbono, la v\u00e1lvula de globo de norma americana y la v\u00e1lvula de compuerta de norma americana es hacer que la v\u00e1lvula est\u00e9 desbloqueada o bloqueada mediante la rotaci\u00f3n de la v\u00e1lvula. La v\u00e1lvula de compuerta es f\u00e1cil de accionar, de tama\u00f1o peque\u00f1o, puede fabricarse en un gran di\u00e1metro, tiene un sellado fiable, una estructura sencilla, un mantenimiento conveniente, y la superficie de sellado y la superficie esf\u00e9rica est\u00e1n a menudo en un estado cerrado, lo que no es f\u00e1cil de erosionar por el medio, y ha sido ampliamente utilizada en diversas industrias.<\/span><\/p>\n<p><span data-font-family=\"default\">Las v\u00e1lvulas de globo de acero al carbono se utilizan principalmente en tuber\u00edas para cortar, distribuir y cambiar la direcci\u00f3n del flujo de los medios. La v\u00e1lvula de compuerta es un nuevo tipo de v\u00e1lvula que se ha utilizado ampliamente en los \u00faltimos a\u00f1os.<\/span><\/p>\n<p><span data-font-family=\"default\">Compromiso:<\/span><\/p>\n<p><span data-font-family=\"default\">(1) De acuerdo con los requisitos del contrato, proporcionar productos que cumplan con los est\u00e1ndares de dise\u00f1o y la calidad.<\/span><\/p>\n<p><span data-font-family=\"default\">(2) Inspeccionar y controlar estrictamente la calidad de entrada de materias primas, dispositivos y accesorios originales.<\/span><\/p>\n<p><span data-font-family=\"default\">(3) Asegurar que la tecnolog\u00eda de procesamiento y los m\u00e9todos de prueba del equipo suministrado sean completos. Los productos nunca salen de f\u00e1brica con defectos.<\/span><\/p>\n<p><span data-font-family=\"default\">(4) Asumir plena responsabilidad por los problemas relacionados con el suministro, calidad, rendimiento del equipo, interfaz t\u00e9cnica, servicio, etc. del subcontratista. Los componentes clave estipulados en el contrato deben cumplir los requisitos de calificaci\u00f3n pertinentes y ser aprobados por el comprador.<\/span><\/p>\n<p><span data-font-family=\"default\">(5) Proporcionar los est\u00e1ndares y planos de los departamentos relevantes a la unidad de supervisi\u00f3n seg\u00fan el contrato, y facilitar la supervisi\u00f3n, notificando al comprador y al representante de supervisi\u00f3n con 7 d\u00edas de antelaci\u00f3n sobre las partes del equipo de supervisi\u00f3n que se van a inspeccionar. El comprador enviar\u00e1 supervisi\u00f3n para instarnos a producir productos calificados seg\u00fan el est\u00e1ndar, pero esto no reduce nuestras responsabilidades de calidad.<\/span><\/p>\n<p><span data-font-family=\"default\">(6) Notificar al comprador y al representante de supervisi\u00f3n sobre los defectos de calidad en el proceso de fabricaci\u00f3n del equipo de manera oportuna y sin ocultarlos. Si el defecto del equipo excede el est\u00e1ndar estipulado en el contrato, el proveedor lo reemplazar\u00e1 incondicionalmente. En el proceso de instalaci\u00f3n y operaci\u00f3n de prueba, si hay un problema de calidad con el equipo, el problema se resolver\u00e1 primero y luego se aclarar\u00e1n las responsabilidades. Todo debe cumplir con las necesidades del progreso del proyecto.<\/span><\/p>\n<p><span data-font-family=\"default\">(7) Asegurar el equipo suministrado durante la fabricaci\u00f3n, transporte, carga y descarga. En caso de accidente, reemplazaremos y repararemos el equipo suministrado de forma gratuita lo antes posible hasta que el comprador est\u00e9 satisfecho.<\/span><\/p>\n<p><span data-font-family=\"default\">(8) En el proceso de desembalaje, si faltan piezas o se pierden piezas por otras razones, seremos responsables de reponer las piezas faltantes de forma gratuita lo antes posible. Si los problemas de calidad encontrados durante la instalaci\u00f3n y puesta en marcha del equipo y durante la operaci\u00f3n futura del equipo son atribuibles a nosotros, asumiremos la responsabilidad.<\/span><\/p>\n<p><span data-font-family=\"default\">(9) Proporcionar al comprador todos los datos t\u00e9cnicos y planos estipulados en el contrato a tiempo. Obligados a invitar al comprador a participar en nuestra revisi\u00f3n de dise\u00f1o t\u00e9cnico cuando sea necesario.<\/span><\/p>\n<p><span data-font-family=\"default\">(10) Acudir al sitio para proporcionar servicios t\u00e9cnicos seg\u00fan el tiempo requerido por el comprador, y guiar al comprador para llevar a cabo la instalaci\u00f3n, operaci\u00f3n de prueba y producci\u00f3n de prueba de acuerdo con los requisitos de nuestros datos t\u00e9cnicos y planos.<\/span><\/p>\n<p><span data-font-family=\"default\">(11) Para el equipo auxiliar relacionado con el equipo del contrato comprado primero por el comprador, proporcionaremos activamente las condiciones t\u00e9cnicas y los materiales que cumplan los requisitos de interfaz del equipo.<\/span><\/p>\n<p><span data-font-family=\"default\">(12) Implementar estrictamente las actas de reuni\u00f3n o acuerdos entre las partes de oferta y demanda sobre cuestiones relevantes.<\/span><\/p>\n<p><span data-font-family=\"default\">(13) Seg\u00fan lo estipulado en el contrato, se impartir\u00e1n clases gratuitas sobre instalaci\u00f3n, puesta en marcha, uso y tecnolog\u00eda de mantenimiento de equipos para el comprador.<\/span><\/p>\n<p><span data-font-family=\"default\">(14) Fortalecer los servicios de preventa, venta y posventa, e implementar el \u201cservicio 24 horas\u201d, \u201cservicio de avance\u201d, \u201cservicio de proceso completo\u201d y \u201cservicio de por vida\u201d en todo el proceso de fabricaci\u00f3n, instalaci\u00f3n, puesta en marcha y revisi\u00f3n de productos.<\/span><\/p>\n<p><span data-font-family=\"default\">(15) Tras recibir la informaci\u00f3n sobre problemas de calidad reportada por el comprador, responder en un plazo de 24 horas o enviar personal de servicio a la escena lo antes posible, para que los usuarios no queden insatisfechos con la calidad y el servicio no se detenga.<\/span><\/p>\n<p><span data-font-family=\"default\">(16) Proporcionar mantenimiento de por vida para el producto de forma gratuita. Todos los usuarios de nuestra f\u00e1brica han establecido archivos detallados de usuarios, y nuestra f\u00e1brica proporciona servicio posventa. El personal implementa visitas peri\u00f3dicas, sistemas y gu\u00eda el mantenimiento diario de los usuarios, se\u00f1alando y resolviendo posibles fallos a tiempo.<\/span><\/p>\n<p><span data-font-family=\"default\">(17) Satisfacer los requisitos del comprador de repuestos en cualquier momento, y proporcionar a los usuarios repuestos de alta calidad y bajo costo de por vida.<\/span><\/p>","protected":false},"excerpt":{"rendered":"<p><span data-font-family=\"default\">El principio de funcionamiento de la v\u00e1lvula de globo de acero al carbono, la v\u00e1lvula de globo de norma americana y la v\u00e1lvula de compuerta de norma americana es hacer que la v\u00e1lvula est\u00e9 desbloqueada o bloqueada mediante la rotaci\u00f3n de la v\u00e1lvula. La v\u00e1lvula de compuerta es f\u00e1cil de accionar, de tama\u00f1o peque\u00f1o, puede fabricarse en un gran di\u00e1metro, tiene un sellado fiable, una estructura sencilla, un mantenimiento conveniente, y la superficie de sellado y la superficie esf\u00e9rica est\u00e1n a menudo en un estado cerrado, lo que no es f\u00e1cil de erosionar por el medio, y ha sido ampliamente utilizada en diversas industrias.<\/span><\/p>","protected":false},"featured_media":5587,"comment_status":"open","ping_status":"closed","template":"","meta":{"site-sidebar-layout":"default","site-content-layout":"default","ast-site-content-layout":"default","site-content-style":"default","site-sidebar-style":"default","ast-global-header-display":"","ast-banner-title-visibility":"","ast-main-header-display":"","ast-hfb-above-header-display":"","ast-hfb-below-header-display":"","ast-hfb-mobile-header-display":"","site-post-title":"","ast-breadcrumbs-content":"","ast-featured-img":"","footer-sml-layout":"","ast-disable-related-posts":"","theme-transparent-header-meta":"default","adv-header-id-meta":"","stick-header-meta":"default","header-above-stick-meta":"","header-main-stick-meta":"","header-below-stick-meta":"","astra-migrate-meta-layouts":"default","ast-page-background-enabled":"default","ast-page-background-meta":{"desktop":{"background-color":"","background-image":"","background-repeat":"repeat","background-position":"center center","background-size":"auto","background-attachment":"scroll","background-type":"","background-media":"","overlay-type":"","overlay-color":"","overlay-opacity":"","overlay-gradient":""},"tablet":{"background-color":"","background-image":"","background-repeat":"repeat","background-position":"center center","background-size":"auto","background-attachment":"scroll","background-type":"","background-media":"","overlay-type":"","overlay-color":"","overlay-opacity":"","overlay-gradient":""},"mobile":{"background-color":"","background-image":"","background-repeat":"repeat","background-position":"center center","background-size":"auto","background-attachment":"scroll","background-type":"","background-media":"","overlay-type":"","overlay-color":"","overlay-opacity":"","overlay-gradient":""}},"ast-content-background-meta":{"desktop":{"background-color":"var(--ast-global-color-5)","background-image":"","background-repeat":"repeat","background-position":"center center","background-size":"auto","background-attachment":"scroll","background-type":"","background-media":"","overlay-type":"","overlay-color":"","overlay-opacity":"","overlay-gradient":""},"tablet":{"background-color":"var(--ast-global-color-5)","background-image":"","background-repeat":"repeat","background-position":"center center","background-size":"auto","background-attachment":"scroll","background-type":"","background-media":"","overlay-type":"","overlay-color":"","overlay-opacity":"","overlay-gradient":""},"mobile":{"background-color":"var(--ast-global-color-5)","background-image":"","background-repeat":"repeat","background-position":"center center","background-size":"auto","background-attachment":"scroll","background-type":"","background-media":"","overlay-type":"","overlay-color":"","overlay-opacity":"","overlay-gradient":""}}},"product_brand":[],"product_cat":[174],"product_tag":[],"class_list":{"0":"post-11077","1":"product","2":"type-product","3":"status-publish","4":"has-post-thumbnail","6":"product_cat-globe-valves","7":"desktop-align-left","8":"tablet-align-left","9":"mobile-align-left","10":"ast-product-gallery-layout-horizontal-slider","11":"ast-product-gallery-with-no-image","12":"ast-product-tabs-layout-horizontal","13":"ast-qv-on-image","15":"first","16":"instock","17":"shipping-taxable","18":"product-type-simple"},"_links":{"self":[{"href":"https:\/\/raymonvalve.com\/es\/wp-json\/wp\/v2\/product\/11077","targetHints":{"allow":["GET"]}}],"collection":[{"href":"https:\/\/raymonvalve.com\/es\/wp-json\/wp\/v2\/product"}],"about":[{"href":"https:\/\/raymonvalve.com\/es\/wp-json\/wp\/v2\/types\/product"}],"replies":[{"embeddable":true,"href":"https:\/\/raymonvalve.com\/es\/wp-json\/wp\/v2\/comments?post=11077"}],"wp:featuredmedia":[{"embeddable":true,"href":"https:\/\/raymonvalve.com\/es\/wp-json\/wp\/v2\/media\/5587"}],"wp:attachment":[{"href":"https:\/\/raymonvalve.com\/es\/wp-json\/wp\/v2\/media?parent=11077"}],"wp:term":[{"taxonomy":"product_brand","embeddable":true,"href":"https:\/\/raymonvalve.com\/es\/wp-json\/wp\/v2\/product_brand?post=11077"},{"taxonomy":"product_cat","embeddable":true,"href":"https:\/\/raymonvalve.com\/es\/wp-json\/wp\/v2\/product_cat?post=11077"},{"taxonomy":"product_tag","embeddable":true,"href":"https:\/\/raymonvalve.com\/es\/wp-json\/wp\/v2\/product_tag?post=11077"}],"curies":[{"name":"wp","href":"https:\/\/api.w.org\/{rel}","templated":true}]}}