{"id":3690,"date":"2022-08-24T08:42:14","date_gmt":"2022-08-24T00:42:14","guid":{"rendered":"https:\/\/limegreen-okapi-448594.hostingersite.com\/?post_type=product&#038;p=3690"},"modified":"2022-09-05T14:12:33","modified_gmt":"2022-09-05T06:12:33","slug":"dsc-sleeve-single-seat-control-valve","status":"publish","type":"product","link":"https:\/\/raymonvalve.com\/es\/producto\/dsc-sleeve-single-seat-control-valve\/","title":{"rendered":"V\u00e1lvula de control de asiento simple con manguito DSC"},"content":{"rendered":"<p>Se utiliza en ocasiones donde una alta diferencia de presi\u00f3n produce cavitaci\u00f3n por destello. Un manguito robusto protege el cuerpo de la v\u00e1lvula del da\u00f1o por destello y cavitaci\u00f3n. El cuerpo de la v\u00e1lvula tiene un canal aerodin\u00e1mico en S. La p\u00e9rdida de ca\u00edda de presi\u00f3n es peque\u00f1a, el caudal es grande, el rango ajustable es amplio y la precisi\u00f3n de la caracter\u00edstica de flujo es alta.<\/p>\n<p>Datos t\u00e9cnicos:<\/p>\n<p>-DN:40-300<br \/>\n-Presi\u00f3n: PN16-110<br \/>\nClase ANSI 150-600<br \/>\n\u2013 Est\u00e1ndar de conexi\u00f3n: GB, DIN, ANSI, JIS, etc. \u2013 Temperatura: -196~+566\u2103 - Rango de Cv: 4.0-650<br \/>\n\u2013 Caracter\u00edsticas de flujo: Porcentaje igual, lineal \u2013 Clase de estanqueidad: Clase V, V y V<\/p>\n<p>Material:<\/p>\n<p>\u2013 Cuerpo: acero al carbono, acero inoxidable, acero aleado especial \u2013 Internos (Trim): acero inoxidable, acero inoxidable + tratamiento endurecido.<br \/>\nAcero inoxidable + carburo, acero aleado especial<\/p>\n<p>Opcional:<\/p>\n<p>\u2013 Sello de fuelle \u2013 Camisa de aislamiento<br \/>\n-Empaquetadura de baja fuga Luft<\/p>\n<p>Caracter\u00edsticas:<\/p>\n<p>-Dise\u00f1o de manguito dividido<br \/>\n\u2013 Previene el destello y la cavitaci\u00f3n<br \/>\n\u2013 Capacidad de cierre alcanza los niveles V, V y V<br \/>\n\u2013 El canal del cuerpo de la v\u00e1lvula est\u00e1 optimizado, lo que es m\u00e1s propicio para la estabilidad impl\u00edcita del flujo<br \/>\n-Actuador neum\u00e1tico compacto multimuelles<\/p>","protected":false},"excerpt":{"rendered":"<p>Se utiliza en ocasiones donde una alta diferencia de presi\u00f3n produce cavitaci\u00f3n por destello. Un manguito robusto protege el cuerpo de la v\u00e1lvula del da\u00f1o por destello y cavitaci\u00f3n. El cuerpo de la v\u00e1lvula tiene un canal aerodin\u00e1mico en S. La p\u00e9rdida de ca\u00edda de presi\u00f3n es peque\u00f1a, el caudal es grande, el rango ajustable es amplio y la precisi\u00f3n de la caracter\u00edstica de flujo es alta.<\/p>","protected":false},"featured_media":3691,"comment_status":"open","ping_status":"closed","template":"","meta":{"site-sidebar-layout":"default","site-content-layout":"default","ast-site-content-layout":"default","site-content-style":"default","site-sidebar-style":"default","ast-global-header-display":"","ast-banner-title-visibility":"","ast-main-header-display":"","ast-hfb-above-header-display":"","ast-hfb-below-header-display":"","ast-hfb-mobile-header-display":"","site-post-title":"","ast-breadcrumbs-content":"","ast-featured-img":"","footer-sml-layout":"","ast-disable-related-posts":"","theme-transparent-header-meta":"default","adv-header-id-meta":"","stick-header-meta":"default","header-above-stick-meta":"","header-main-stick-meta":"","header-below-stick-meta":"","astra-migrate-meta-layouts":"default","ast-page-background-enabled":"default","ast-page-background-meta":{"desktop":{"background-color":"","background-image":"","background-repeat":"repeat","background-position":"center center","background-size":"auto","background-attachment":"scroll","background-type":"","background-media":"","overlay-type":"","overlay-color":"","overlay-opacity":"","overlay-gradient":""},"tablet":{"background-color":"","background-image":"","background-repeat":"repeat","background-position":"center center","background-size":"auto","background-attachment":"scroll","background-type":"","background-media":"","overlay-type":"","overlay-color":"","overlay-opacity":"","overlay-gradient":""},"mobile":{"background-color":"","background-image":"","background-repeat":"repeat","background-position":"center center","background-size":"auto","background-attachment":"scroll","background-type":"","background-media":"","overlay-type":"","overlay-color":"","overlay-opacity":"","overlay-gradient":""}},"ast-content-background-meta":{"desktop":{"background-color":"var(--ast-global-color-5)","background-image":"","background-repeat":"repeat","background-position":"center center","background-size":"auto","background-attachment":"scroll","background-type":"","background-media":"","overlay-type":"","overlay-color":"","overlay-opacity":"","overlay-gradient":""},"tablet":{"background-color":"var(--ast-global-color-5)","background-image":"","background-repeat":"repeat","background-position":"center center","background-size":"auto","background-attachment":"scroll","background-type":"","background-media":"","overlay-type":"","overlay-color":"","overlay-opacity":"","overlay-gradient":""},"mobile":{"background-color":"var(--ast-global-color-5)","background-image":"","background-repeat":"repeat","background-position":"center center","background-size":"auto","background-attachment":"scroll","background-type":"","background-media":"","overlay-type":"","overlay-color":"","overlay-opacity":"","overlay-gradient":""}}},"product_brand":[],"product_cat":[295,178],"product_tag":[],"class_list":{"0":"post-3690","1":"product","2":"type-product","3":"status-publish","4":"has-post-thumbnail","6":"product_cat-globe-pneumatic-control-valve","7":"product_cat-control-valves","8":"desktop-align-left","9":"tablet-align-left","10":"mobile-align-left","11":"ast-product-gallery-layout-horizontal-slider","12":"ast-product-gallery-with-no-image","13":"ast-product-tabs-layout-horizontal","14":"ast-qv-on-image","16":"first","17":"instock","18":"shipping-taxable","19":"product-type-simple"},"_links":{"self":[{"href":"https:\/\/raymonvalve.com\/es\/wp-json\/wp\/v2\/product\/3690","targetHints":{"allow":["GET"]}}],"collection":[{"href":"https:\/\/raymonvalve.com\/es\/wp-json\/wp\/v2\/product"}],"about":[{"href":"https:\/\/raymonvalve.com\/es\/wp-json\/wp\/v2\/types\/product"}],"replies":[{"embeddable":true,"href":"https:\/\/raymonvalve.com\/es\/wp-json\/wp\/v2\/comments?post=3690"}],"wp:featuredmedia":[{"embeddable":true,"href":"https:\/\/raymonvalve.com\/es\/wp-json\/wp\/v2\/media\/3691"}],"wp:attachment":[{"href":"https:\/\/raymonvalve.com\/es\/wp-json\/wp\/v2\/media?parent=3690"}],"wp:term":[{"taxonomy":"product_brand","embeddable":true,"href":"https:\/\/raymonvalve.com\/es\/wp-json\/wp\/v2\/product_brand?post=3690"},{"taxonomy":"product_cat","embeddable":true,"href":"https:\/\/raymonvalve.com\/es\/wp-json\/wp\/v2\/product_cat?post=3690"},{"taxonomy":"product_tag","embeddable":true,"href":"https:\/\/raymonvalve.com\/es\/wp-json\/wp\/v2\/product_tag?post=3690"}],"curies":[{"name":"wp","href":"https:\/\/api.w.org\/{rel}","templated":true}]}}