{"id":3700,"date":"2022-08-24T09:07:04","date_gmt":"2022-08-24T01:07:04","guid":{"rendered":"https:\/\/limegreen-okapi-448594.hostingersite.com\/?post_type=product&#038;p=3700"},"modified":"2022-09-05T13:59:52","modified_gmt":"2022-09-05T05:59:52","slug":"high-pressure-single-seat-control-valve","status":"publish","type":"product","link":"https:\/\/raymonvalve.com\/es\/producto\/high-pressure-single-seat-control-valve\/","title":{"rendered":"V\u00e1lvula de control de asiento \u00fanico de alta presi\u00f3n"},"content":{"rendered":"<p>Se adopta el dise\u00f1o de estructura de gu\u00eda superior, el \u00e1rea de gu\u00eda de la parte de gu\u00eda del n\u00facleo de la v\u00e1lvula es grande y la resistencia a los golpes es buena. El cuerpo de la v\u00e1lvula tiene forma de S aerodin\u00e1mica, con una peque\u00f1a p\u00e9rdida de ca\u00edda de presi\u00f3n, un gran caudal, un amplio rango ajustable y una alta precisi\u00f3n de las caracter\u00edsticas de flujo.<\/p>\n<p>Datos t\u00e9cnicos:<\/p>\n<p>-DN: 20-100<br \/>\n-Presi\u00f3n: ANSI Clase 900-2500<br \/>\n-Est\u00e1ndar de conexi\u00f3n: GBDINANSI, JIS, etc. -Temperatura: -46\u2103~+566\u2103 -Rango de O: 0.25-110<br \/>\n\u2013 Caracter\u00edsticas de flujo: porcentaje igual, lineal \u2013 Fugas: clase V, V<\/p>\n<p>Material:<\/p>\n<p>\u2013 Cuerpo: acero al carbono, acero inoxidable, acero aleado especial \u2013 Internos: acero inoxidable, acero inoxidable + tratamiento de endurecimiento,<br \/>\nAcero inoxidable + aleaci\u00f3n especial de carburo<\/p>\n<p>Opcional:<\/p>\n<p>\u2013 V\u00e1stagos de despresurizaci\u00f3n anticavitaci\u00f3n<\/p>\n<p>-Empaquetadura de baja fuga Luft<\/p>\n<p>Caracter\u00edsticas:<\/p>\n<p>\u2013 Dise\u00f1o de estructura de gu\u00eda superior<br \/>\n\u2013 La capacidad de cierre alcanza el nivel V, V<br \/>\n-Dise\u00f1o de alto caudal<br \/>\n\u2013 Anti-flash y cavitaci\u00f3n<br \/>\n-Actuador neum\u00e1tico compacto multimuelles<br \/>\n\u2013 Comunalidad \u00f3ptima de componentes entre todos los tama\u00f1os<\/p>","protected":false},"excerpt":{"rendered":"<p>Se adopta el dise\u00f1o de estructura de gu\u00eda superior, el \u00e1rea de gu\u00eda de la parte de gu\u00eda del n\u00facleo de la v\u00e1lvula es grande y la resistencia a los golpes es buena. El cuerpo de la v\u00e1lvula tiene forma de S aerodin\u00e1mica, con una peque\u00f1a p\u00e9rdida de ca\u00edda de presi\u00f3n, un gran caudal, un amplio rango ajustable y una alta precisi\u00f3n de las caracter\u00edsticas de flujo.<\/p>","protected":false},"featured_media":3701,"comment_status":"open","ping_status":"closed","template":"","meta":{"site-sidebar-layout":"default","site-content-layout":"default","ast-site-content-layout":"default","site-content-style":"default","site-sidebar-style":"default","ast-global-header-display":"","ast-banner-title-visibility":"","ast-main-header-display":"","ast-hfb-above-header-display":"","ast-hfb-below-header-display":"","ast-hfb-mobile-header-display":"","site-post-title":"","ast-breadcrumbs-content":"","ast-featured-img":"","footer-sml-layout":"","ast-disable-related-posts":"","theme-transparent-header-meta":"default","adv-header-id-meta":"","stick-header-meta":"default","header-above-stick-meta":"","header-main-stick-meta":"","header-below-stick-meta":"","astra-migrate-meta-layouts":"default","ast-page-background-enabled":"default","ast-page-background-meta":{"desktop":{"background-color":"","background-image":"","background-repeat":"repeat","background-position":"center center","background-size":"auto","background-attachment":"scroll","background-type":"","background-media":"","overlay-type":"","overlay-color":"","overlay-opacity":"","overlay-gradient":""},"tablet":{"background-color":"","background-image":"","background-repeat":"repeat","background-position":"center center","background-size":"auto","background-attachment":"scroll","background-type":"","background-media":"","overlay-type":"","overlay-color":"","overlay-opacity":"","overlay-gradient":""},"mobile":{"background-color":"","background-image":"","background-repeat":"repeat","background-position":"center center","background-size":"auto","background-attachment":"scroll","background-type":"","background-media":"","overlay-type":"","overlay-color":"","overlay-opacity":"","overlay-gradient":""}},"ast-content-background-meta":{"desktop":{"background-color":"var(--ast-global-color-5)","background-image":"","background-repeat":"repeat","background-position":"center center","background-size":"auto","background-attachment":"scroll","background-type":"","background-media":"","overlay-type":"","overlay-color":"","overlay-opacity":"","overlay-gradient":""},"tablet":{"background-color":"var(--ast-global-color-5)","background-image":"","background-repeat":"repeat","background-position":"center center","background-size":"auto","background-attachment":"scroll","background-type":"","background-media":"","overlay-type":"","overlay-color":"","overlay-opacity":"","overlay-gradient":""},"mobile":{"background-color":"var(--ast-global-color-5)","background-image":"","background-repeat":"repeat","background-position":"center center","background-size":"auto","background-attachment":"scroll","background-type":"","background-media":"","overlay-type":"","overlay-color":"","overlay-opacity":"","overlay-gradient":""}}},"product_brand":[],"product_cat":[295,178],"product_tag":[],"class_list":{"0":"post-3700","1":"product","2":"type-product","3":"status-publish","4":"has-post-thumbnail","6":"product_cat-globe-pneumatic-control-valve","7":"product_cat-control-valves","8":"desktop-align-left","9":"tablet-align-left","10":"mobile-align-left","11":"ast-product-gallery-layout-horizontal-slider","12":"ast-product-gallery-with-no-image","13":"ast-product-tabs-layout-horizontal","14":"ast-qv-on-image","16":"first","17":"instock","18":"shipping-taxable","19":"product-type-simple"},"_links":{"self":[{"href":"https:\/\/raymonvalve.com\/es\/wp-json\/wp\/v2\/product\/3700","targetHints":{"allow":["GET"]}}],"collection":[{"href":"https:\/\/raymonvalve.com\/es\/wp-json\/wp\/v2\/product"}],"about":[{"href":"https:\/\/raymonvalve.com\/es\/wp-json\/wp\/v2\/types\/product"}],"replies":[{"embeddable":true,"href":"https:\/\/raymonvalve.com\/es\/wp-json\/wp\/v2\/comments?post=3700"}],"wp:featuredmedia":[{"embeddable":true,"href":"https:\/\/raymonvalve.com\/es\/wp-json\/wp\/v2\/media\/3701"}],"wp:attachment":[{"href":"https:\/\/raymonvalve.com\/es\/wp-json\/wp\/v2\/media?parent=3700"}],"wp:term":[{"taxonomy":"product_brand","embeddable":true,"href":"https:\/\/raymonvalve.com\/es\/wp-json\/wp\/v2\/product_brand?post=3700"},{"taxonomy":"product_cat","embeddable":true,"href":"https:\/\/raymonvalve.com\/es\/wp-json\/wp\/v2\/product_cat?post=3700"},{"taxonomy":"product_tag","embeddable":true,"href":"https:\/\/raymonvalve.com\/es\/wp-json\/wp\/v2\/product_tag?post=3700"}],"curies":[{"name":"wp","href":"https:\/\/api.w.org\/{rel}","templated":true}]}}