{"id":3723,"date":"2022-08-24T10:36:07","date_gmt":"2022-08-24T02:36:07","guid":{"rendered":"https:\/\/limegreen-okapi-448594.hostingersite.com\/?post_type=product&#038;p=3723"},"modified":"2022-09-05T11:03:20","modified_gmt":"2022-09-05T03:03:20","slug":"desuperheating-water-control-valve","status":"publish","type":"product","link":"https:\/\/raymonvalve.com\/es\/producto\/desuperheating-water-control-valve\/","title":{"rendered":"V\u00e1lvula de control de agua de desrecalentamiento"},"content":{"rendered":"<p>Se puede utilizar en unidades generadoras de energ\u00eda t\u00e9rmica grandes y medianas. Es una de las v\u00e1lvulas reguladoras clave en las centrales el\u00e9ctricas para controlar el flujo de agua de desrecalentamiento necesaria para controlar la temperatura del vapor principal y el vapor recalentado de la caldera.<\/p>\n<p>Datos t\u00e9cnicos:<\/p>\n<p>-DN: 20-100<br \/>\n-Presi\u00f3n: PN250-420<br \/>\nANSI Clase 900-2500<br \/>\n-Est\u00e1ndar de conexi\u00f3n: RF, RJ, BW, junta de lente -Temperatura: -20\u2103~+420\u2103 -Caracter\u00edsticas de flujo: 100% de igual porcentaje, lineal -Fugas: Clase V<\/p>\n<p>Material:<\/p>\n<p>-Cuerpo de v\u00e1lvula: forja 20#<br \/>\n\u2013 Internos: endurecidos con nitruro de acero inoxidable<\/p>\n<p>Opcional:<\/p>\n<p>ninguno<\/p>\n<p>Caracter\u00edsticas:<\/p>\n<p>-Cuerpo forjado en \u00e1ngulo, plano o escalonado<br \/>\n-El fluido se despresuriza paso a paso y la direcci\u00f3n del fluido cambia continuamente.<br \/>\n-Aumenta la resistencia al flujo, controla la tasa de flujo, previene el da\u00f1o por cavitaci\u00f3n del fluido, la diferencia de presi\u00f3n admisible en la v\u00e1lvula es de 25MPa<br \/>\n-Dise\u00f1o de estrangulamiento multietapa<br \/>\n-La superficie de estrangulamiento est\u00e1 separada de la superficie de sellado, y la superficie est\u00e1 endurecida<br \/>\n-Dise\u00f1o antisujeci\u00f3n de part\u00edculas s\u00f3lidas<br \/>\n-Buenas caracter\u00edsticas de ajuste de flujo y amplio rango de ajuste<\/p>","protected":false},"excerpt":{"rendered":"<p>Se puede utilizar en unidades generadoras de energ\u00eda t\u00e9rmica grandes y medianas. Es una de las v\u00e1lvulas reguladoras clave en las centrales el\u00e9ctricas para controlar el flujo de agua de desrecalentamiento necesaria para controlar la temperatura del vapor principal y el vapor recalentado de la caldera.<\/p>","protected":false},"featured_media":3724,"comment_status":"open","ping_status":"closed","template":"","meta":{"site-sidebar-layout":"default","site-content-layout":"default","ast-site-content-layout":"default","site-content-style":"default","site-sidebar-style":"default","ast-global-header-display":"","ast-banner-title-visibility":"","ast-main-header-display":"","ast-hfb-above-header-display":"","ast-hfb-below-header-display":"","ast-hfb-mobile-header-display":"","site-post-title":"","ast-breadcrumbs-content":"","ast-featured-img":"","footer-sml-layout":"","ast-disable-related-posts":"","theme-transparent-header-meta":"default","adv-header-id-meta":"","stick-header-meta":"default","header-above-stick-meta":"","header-main-stick-meta":"","header-below-stick-meta":"","astra-migrate-meta-layouts":"default","ast-page-background-enabled":"default","ast-page-background-meta":{"desktop":{"background-color":"","background-image":"","background-repeat":"repeat","background-position":"center center","background-size":"auto","background-attachment":"scroll","background-type":"","background-media":"","overlay-type":"","overlay-color":"","overlay-opacity":"","overlay-gradient":""},"tablet":{"background-color":"","background-image":"","background-repeat":"repeat","background-position":"center center","background-size":"auto","background-attachment":"scroll","background-type":"","background-media":"","overlay-type":"","overlay-color":"","overlay-opacity":"","overlay-gradient":""},"mobile":{"background-color":"","background-image":"","background-repeat":"repeat","background-position":"center center","background-size":"auto","background-attachment":"scroll","background-type":"","background-media":"","overlay-type":"","overlay-color":"","overlay-opacity":"","overlay-gradient":""}},"ast-content-background-meta":{"desktop":{"background-color":"var(--ast-global-color-5)","background-image":"","background-repeat":"repeat","background-position":"center center","background-size":"auto","background-attachment":"scroll","background-type":"","background-media":"","overlay-type":"","overlay-color":"","overlay-opacity":"","overlay-gradient":""},"tablet":{"background-color":"var(--ast-global-color-5)","background-image":"","background-repeat":"repeat","background-position":"center center","background-size":"auto","background-attachment":"scroll","background-type":"","background-media":"","overlay-type":"","overlay-color":"","overlay-opacity":"","overlay-gradient":""},"mobile":{"background-color":"var(--ast-global-color-5)","background-image":"","background-repeat":"repeat","background-position":"center center","background-size":"auto","background-attachment":"scroll","background-type":"","background-media":"","overlay-type":"","overlay-color":"","overlay-opacity":"","overlay-gradient":""}}},"product_brand":[],"product_cat":[178,196,297],"product_tag":[],"class_list":{"0":"post-3723","1":"product","2":"type-product","3":"status-publish","4":"has-post-thumbnail","6":"product_cat-control-valves","7":"product_cat-power-station-valve","8":"product_cat-power-station-high-differential-pressure-control-valve","9":"desktop-align-left","10":"tablet-align-left","11":"mobile-align-left","12":"ast-product-gallery-layout-horizontal-slider","13":"ast-product-gallery-with-no-image","14":"ast-product-tabs-layout-horizontal","15":"ast-qv-on-image","17":"first","18":"instock","19":"shipping-taxable","20":"product-type-simple"},"_links":{"self":[{"href":"https:\/\/raymonvalve.com\/es\/wp-json\/wp\/v2\/product\/3723","targetHints":{"allow":["GET"]}}],"collection":[{"href":"https:\/\/raymonvalve.com\/es\/wp-json\/wp\/v2\/product"}],"about":[{"href":"https:\/\/raymonvalve.com\/es\/wp-json\/wp\/v2\/types\/product"}],"replies":[{"embeddable":true,"href":"https:\/\/raymonvalve.com\/es\/wp-json\/wp\/v2\/comments?post=3723"}],"wp:featuredmedia":[{"embeddable":true,"href":"https:\/\/raymonvalve.com\/es\/wp-json\/wp\/v2\/media\/3724"}],"wp:attachment":[{"href":"https:\/\/raymonvalve.com\/es\/wp-json\/wp\/v2\/media?parent=3723"}],"wp:term":[{"taxonomy":"product_brand","embeddable":true,"href":"https:\/\/raymonvalve.com\/es\/wp-json\/wp\/v2\/product_brand?post=3723"},{"taxonomy":"product_cat","embeddable":true,"href":"https:\/\/raymonvalve.com\/es\/wp-json\/wp\/v2\/product_cat?post=3723"},{"taxonomy":"product_tag","embeddable":true,"href":"https:\/\/raymonvalve.com\/es\/wp-json\/wp\/v2\/product_tag?post=3723"}],"curies":[{"name":"wp","href":"https:\/\/api.w.org\/{rel}","templated":true}]}}