{"id":3730,"date":"2022-08-24T13:56:05","date_gmt":"2022-08-24T05:56:05","guid":{"rendered":"https:\/\/limegreen-okapi-448594.hostingersite.com\/?post_type=product&#038;p=3730"},"modified":"2022-09-05T10:43:35","modified_gmt":"2022-09-05T02:43:35","slug":"boiler-accident-drain-valve","status":"publish","type":"product","link":"https:\/\/raymonvalve.com\/es\/producto\/boiler-accident-drain-valve\/","title":{"rendered":"V\u00e1lvula de drenaje para accidentes de caldera"},"content":{"rendered":"<p>Se puede utilizar en grupos electr\u00f3genos grandes y medianos para controlar el nivel de l\u00edquido del tambor de la caldera dentro del rango especificado. Es una de las v\u00e1lvulas clave en las centrales t\u00e9rmicas. Tambi\u00e9n se puede controlar manualmente y utilizar como v\u00e1lvula de cierre de alta presi\u00f3n diferencial. Tambi\u00e9n se puede utilizar en sistemas de petr\u00f3leo y qu\u00edmicos. Controla fluidos de alta presi\u00f3n diferencial.<\/p>\n<p>Datos t\u00e9cnicos:<\/p>\n<p>-DN:50-100<br \/>\n-Presi\u00f3n: PN250-420<br \/>\nANSI Clase 900-2500<br \/>\n-Est\u00e1ndar de conexi\u00f3n: RF, RJ, BW, junta lenticular -Temperatura: -20~+420\u2103 -Caracter\u00edsticas de flujo: Conmutaci\u00f3n de dos posiciones -Fuga: Clase IV<\/p>\n<p>Material:<\/p>\n<p>-Cuerpo de v\u00e1lvula: forja 20#<br \/>\n\u2013 Internos: endurecidos con nitruro de acero inoxidable<\/p>\n<p>Opcional:<\/p>\n<p>ninguno<\/p>\n<p>Caracter\u00edsticas:<\/p>\n<p>-Tipo angular forjado, cuerpo de v\u00e1lvula tipo Z<br \/>\n-El fluido se despresuriza paso a paso, y la direcci\u00f3n del fluido cambia continuamente. Aumenta la resistencia al flujo, controla la velocidad de flujo y previene el da\u00f1o por cavitaci\u00f3n del fluido. La diferencia de presi\u00f3n admisible en la v\u00e1lvula es de 25MPa<br \/>\n-Dise\u00f1o de estrangulamiento multietapa<br \/>\n-La superficie de estrangulamiento est\u00e1 separada de la superficie de sellado, y la superficie est\u00e1 endurecida con un dise\u00f1o antidesgaste para part\u00edculas s\u00f3lidas<\/p>","protected":false},"excerpt":{"rendered":"<p>Se puede utilizar en grupos electr\u00f3genos grandes y medianos para controlar el nivel de l\u00edquido del tambor de la caldera dentro del rango especificado. Es una de las v\u00e1lvulas clave en las centrales t\u00e9rmicas. Tambi\u00e9n se puede controlar manualmente y utilizar como v\u00e1lvula de cierre de alta presi\u00f3n diferencial. Tambi\u00e9n se puede utilizar en sistemas de petr\u00f3leo y qu\u00edmicos. Controla fluidos de alta presi\u00f3n diferencial.<\/p>","protected":false},"featured_media":3731,"comment_status":"open","ping_status":"closed","template":"","meta":{"site-sidebar-layout":"default","site-content-layout":"default","ast-site-content-layout":"default","site-content-style":"default","site-sidebar-style":"default","ast-global-header-display":"","ast-banner-title-visibility":"","ast-main-header-display":"","ast-hfb-above-header-display":"","ast-hfb-below-header-display":"","ast-hfb-mobile-header-display":"","site-post-title":"","ast-breadcrumbs-content":"","ast-featured-img":"","footer-sml-layout":"","ast-disable-related-posts":"","theme-transparent-header-meta":"default","adv-header-id-meta":"","stick-header-meta":"default","header-above-stick-meta":"","header-main-stick-meta":"","header-below-stick-meta":"","astra-migrate-meta-layouts":"default","ast-page-background-enabled":"default","ast-page-background-meta":{"desktop":{"background-color":"","background-image":"","background-repeat":"repeat","background-position":"center center","background-size":"auto","background-attachment":"scroll","background-type":"","background-media":"","overlay-type":"","overlay-color":"","overlay-opacity":"","overlay-gradient":""},"tablet":{"background-color":"","background-image":"","background-repeat":"repeat","background-position":"center center","background-size":"auto","background-attachment":"scroll","background-type":"","background-media":"","overlay-type":"","overlay-color":"","overlay-opacity":"","overlay-gradient":""},"mobile":{"background-color":"","background-image":"","background-repeat":"repeat","background-position":"center center","background-size":"auto","background-attachment":"scroll","background-type":"","background-media":"","overlay-type":"","overlay-color":"","overlay-opacity":"","overlay-gradient":""}},"ast-content-background-meta":{"desktop":{"background-color":"var(--ast-global-color-5)","background-image":"","background-repeat":"repeat","background-position":"center center","background-size":"auto","background-attachment":"scroll","background-type":"","background-media":"","overlay-type":"","overlay-color":"","overlay-opacity":"","overlay-gradient":""},"tablet":{"background-color":"var(--ast-global-color-5)","background-image":"","background-repeat":"repeat","background-position":"center center","background-size":"auto","background-attachment":"scroll","background-type":"","background-media":"","overlay-type":"","overlay-color":"","overlay-opacity":"","overlay-gradient":""},"mobile":{"background-color":"var(--ast-global-color-5)","background-image":"","background-repeat":"repeat","background-position":"center center","background-size":"auto","background-attachment":"scroll","background-type":"","background-media":"","overlay-type":"","overlay-color":"","overlay-opacity":"","overlay-gradient":""}}},"product_brand":[],"product_cat":[178,196,297],"product_tag":[],"class_list":{"0":"post-3730","1":"product","2":"type-product","3":"status-publish","4":"has-post-thumbnail","6":"product_cat-control-valves","7":"product_cat-power-station-valve","8":"product_cat-power-station-high-differential-pressure-control-valve","9":"desktop-align-left","10":"tablet-align-left","11":"mobile-align-left","12":"ast-product-gallery-layout-horizontal-slider","13":"ast-product-gallery-with-no-image","14":"ast-product-tabs-layout-horizontal","15":"ast-qv-on-image","17":"first","18":"instock","19":"shipping-taxable","20":"product-type-simple"},"_links":{"self":[{"href":"https:\/\/raymonvalve.com\/es\/wp-json\/wp\/v2\/product\/3730","targetHints":{"allow":["GET"]}}],"collection":[{"href":"https:\/\/raymonvalve.com\/es\/wp-json\/wp\/v2\/product"}],"about":[{"href":"https:\/\/raymonvalve.com\/es\/wp-json\/wp\/v2\/types\/product"}],"replies":[{"embeddable":true,"href":"https:\/\/raymonvalve.com\/es\/wp-json\/wp\/v2\/comments?post=3730"}],"wp:featuredmedia":[{"embeddable":true,"href":"https:\/\/raymonvalve.com\/es\/wp-json\/wp\/v2\/media\/3731"}],"wp:attachment":[{"href":"https:\/\/raymonvalve.com\/es\/wp-json\/wp\/v2\/media?parent=3730"}],"wp:term":[{"taxonomy":"product_brand","embeddable":true,"href":"https:\/\/raymonvalve.com\/es\/wp-json\/wp\/v2\/product_brand?post=3730"},{"taxonomy":"product_cat","embeddable":true,"href":"https:\/\/raymonvalve.com\/es\/wp-json\/wp\/v2\/product_cat?post=3730"},{"taxonomy":"product_tag","embeddable":true,"href":"https:\/\/raymonvalve.com\/es\/wp-json\/wp\/v2\/product_tag?post=3730"}],"curies":[{"name":"wp","href":"https:\/\/api.w.org\/{rel}","templated":true}]}}