{"id":3732,"date":"2022-08-24T14:00:40","date_gmt":"2022-08-24T06:00:40","guid":{"rendered":"https:\/\/limegreen-okapi-448594.hostingersite.com\/?post_type=product&#038;p=3732"},"modified":"2022-09-05T10:40:29","modified_gmt":"2022-09-05T02:40:29","slug":"high-temperature-steam-trap-control-valve","status":"publish","type":"product","link":"https:\/\/raymonvalve.com\/es\/producto\/high-temperature-steam-trap-control-valve\/","title":{"rendered":"High temperature steam trap control valve"},"content":{"rendered":"<p>It is suitable for the drainage system of the main steam and reheat steam pipelines of thermal power plants to control the high pressure drop of saturated water above 425\u00b0C. The high temperature steam trap can be pneumatically or electrically controlled, or manually controlled, and it is one of the key adjustment rooms for large thermal power generating units.<\/p>\n<p>Datos t\u00e9cnicos:<\/p>\n<p>-DN: 25-50<br \/>\n-Pressure: PN250-640<br \/>\nANSIClass600-2500<br \/>\n&#8211; Connection standard: RF, RJ, BW, lens pad &#8211; Temperature: -20~+550\u2103 &#8211; Flow characteristic: Linear &#8211; Leakage: Class IV<\/p>\n<p>Material:<\/p>\n<p>-Valve body: 20# forging, 12Cr1MoV<br \/>\n\u2013 Internos: endurecidos con nitruro de acero inoxidable<\/p>\n<p>Opcional:<\/p>\n<p>ninguno<\/p>\n<p>Caracter\u00edsticas:<\/p>\n<p>-Forged globe valve body<br \/>\n-The fluid is depressurized step by step, the direction of the fluid is continuously changed, the flow resistance is increased, the flow rate is controlled, and the cavitation damage of the fluid is prevented. The allowable pressure difference in the valve is 25MPa<br \/>\n-Dise\u00f1o de estrangulamiento multietapa<br \/>\n-Dise\u00f1o antisujeci\u00f3n de part\u00edculas s\u00f3lidas<br \/>\n\u2013 Todos los internos (trim) se pueden desmontar r\u00e1pidamente<\/p>","protected":false},"excerpt":{"rendered":"<p>It is suitable for the drainage system of the main steam and reheat steam pipelines of thermal power plants to control the high pressure drop of saturated water above 425\u00b0C. The high temperature steam trap can be pneumatically or electrically controlled, or manually controlled, and it is one of the key adjustment rooms for large thermal power generating units.<\/p>","protected":false},"featured_media":3733,"comment_status":"open","ping_status":"closed","template":"","meta":{"site-sidebar-layout":"default","site-content-layout":"default","ast-site-content-layout":"default","site-content-style":"default","site-sidebar-style":"default","ast-global-header-display":"","ast-banner-title-visibility":"","ast-main-header-display":"","ast-hfb-above-header-display":"","ast-hfb-below-header-display":"","ast-hfb-mobile-header-display":"","site-post-title":"","ast-breadcrumbs-content":"","ast-featured-img":"","footer-sml-layout":"","ast-disable-related-posts":"","theme-transparent-header-meta":"default","adv-header-id-meta":"","stick-header-meta":"default","header-above-stick-meta":"","header-main-stick-meta":"","header-below-stick-meta":"","astra-migrate-meta-layouts":"default","ast-page-background-enabled":"default","ast-page-background-meta":{"desktop":{"background-color":"","background-image":"","background-repeat":"repeat","background-position":"center center","background-size":"auto","background-attachment":"scroll","background-type":"","background-media":"","overlay-type":"","overlay-color":"","overlay-opacity":"","overlay-gradient":""},"tablet":{"background-color":"","background-image":"","background-repeat":"repeat","background-position":"center center","background-size":"auto","background-attachment":"scroll","background-type":"","background-media":"","overlay-type":"","overlay-color":"","overlay-opacity":"","overlay-gradient":""},"mobile":{"background-color":"","background-image":"","background-repeat":"repeat","background-position":"center center","background-size":"auto","background-attachment":"scroll","background-type":"","background-media":"","overlay-type":"","overlay-color":"","overlay-opacity":"","overlay-gradient":""}},"ast-content-background-meta":{"desktop":{"background-color":"var(--ast-global-color-5)","background-image":"","background-repeat":"repeat","background-position":"center center","background-size":"auto","background-attachment":"scroll","background-type":"","background-media":"","overlay-type":"","overlay-color":"","overlay-opacity":"","overlay-gradient":""},"tablet":{"background-color":"var(--ast-global-color-5)","background-image":"","background-repeat":"repeat","background-position":"center center","background-size":"auto","background-attachment":"scroll","background-type":"","background-media":"","overlay-type":"","overlay-color":"","overlay-opacity":"","overlay-gradient":""},"mobile":{"background-color":"var(--ast-global-color-5)","background-image":"","background-repeat":"repeat","background-position":"center center","background-size":"auto","background-attachment":"scroll","background-type":"","background-media":"","overlay-type":"","overlay-color":"","overlay-opacity":"","overlay-gradient":""}}},"product_brand":[],"product_cat":[178,196,297],"product_tag":[],"class_list":{"0":"post-3732","1":"product","2":"type-product","3":"status-publish","4":"has-post-thumbnail","6":"product_cat-control-valves","7":"product_cat-power-station-valve","8":"product_cat-power-station-high-differential-pressure-control-valve","9":"desktop-align-left","10":"tablet-align-left","11":"mobile-align-left","12":"ast-product-gallery-layout-horizontal-slider","13":"ast-product-gallery-with-no-image","14":"ast-product-tabs-layout-horizontal","15":"ast-qv-on-image","17":"first","18":"instock","19":"shipping-taxable","20":"product-type-simple"},"_links":{"self":[{"href":"https:\/\/raymonvalve.com\/es\/wp-json\/wp\/v2\/product\/3732","targetHints":{"allow":["GET"]}}],"collection":[{"href":"https:\/\/raymonvalve.com\/es\/wp-json\/wp\/v2\/product"}],"about":[{"href":"https:\/\/raymonvalve.com\/es\/wp-json\/wp\/v2\/types\/product"}],"replies":[{"embeddable":true,"href":"https:\/\/raymonvalve.com\/es\/wp-json\/wp\/v2\/comments?post=3732"}],"wp:featuredmedia":[{"embeddable":true,"href":"https:\/\/raymonvalve.com\/es\/wp-json\/wp\/v2\/media\/3733"}],"wp:attachment":[{"href":"https:\/\/raymonvalve.com\/es\/wp-json\/wp\/v2\/media?parent=3732"}],"wp:term":[{"taxonomy":"product_brand","embeddable":true,"href":"https:\/\/raymonvalve.com\/es\/wp-json\/wp\/v2\/product_brand?post=3732"},{"taxonomy":"product_cat","embeddable":true,"href":"https:\/\/raymonvalve.com\/es\/wp-json\/wp\/v2\/product_cat?post=3732"},{"taxonomy":"product_tag","embeddable":true,"href":"https:\/\/raymonvalve.com\/es\/wp-json\/wp\/v2\/product_tag?post=3732"}],"curies":[{"name":"wp","href":"https:\/\/api.w.org\/{rel}","templated":true}]}}