{"id":3740,"date":"2022-08-24T14:18:05","date_gmt":"2022-08-24T06:18:05","guid":{"rendered":"https:\/\/limegreen-okapi-448594.hostingersite.com\/?post_type=product&#038;p=3740"},"modified":"2022-09-05T10:26:02","modified_gmt":"2022-09-05T02:26:02","slug":"boiler-feed-pump-minimum-circulating-flow-control-valve","status":"publish","type":"product","link":"https:\/\/raymonvalve.com\/es\/producto\/boiler-feed-pump-minimum-circulating-flow-control-valve\/","title":{"rendered":"V\u00e1lvula de control de flujo m\u00ednimo de circulaci\u00f3n para bomba de alimentaci\u00f3n de caldera"},"content":{"rendered":"<p>La acci\u00f3n de interruptor de dos posiciones se utiliza principalmente en el sistema de suministro de agua de grandes grupos electr\u00f3genos. Es un equipo importante para prevenir la vaporizaci\u00f3n de la bomba de alimentaci\u00f3n de la caldera y una de las v\u00e1lvulas reguladoras clave en la central el\u00e9ctrica. Tambi\u00e9n se utiliza com\u00fanmente en ocasiones de control de dos posiciones con alta presi\u00f3n diferencial en petr\u00f3leo, qu\u00edmica y otras industrias.<\/p>\n<p>Datos t\u00e9cnicos:<\/p>\n<p>-DN:80-200<br \/>\n-Presi\u00f3n: PN64-420<br \/>\nANSI Clase 900-2500<br \/>\n-Est\u00e1ndar de conexi\u00f3n: RF, RJ, BW, junta de lente -Temperatura: -17\u2103~+300\u2103 -Caracter\u00edsticas de flujo: dos posiciones de interruptor -Fugas: Clase IV<\/p>\n<p>Material:<\/p>\n<p>-Cuerpo de v\u00e1lvula: forja 20#<br \/>\n\u2013 Internos: endurecidos con nitruro de acero inoxidable<\/p>\n<p>Opcional:<\/p>\n<p>ninguno<\/p>\n<p>Caracter\u00edsticas:<\/p>\n<p>\u2013 Cuerpo de v\u00e1lvula recto fundido o forjado, recto, angular<br \/>\n-Las piezas del manguito pueden ser equilibradas o desequilibradas<br \/>\n-La superficie de estrangulamiento est\u00e1 separada de la superficie de sellado, y las superficies del n\u00facleo de la v\u00e1lvula, el manguito del n\u00facleo de la v\u00e1lvula y la parte de estrangulamiento se tratan con endurecimiento por infiltraci\u00f3n de amon\u00edaco<br \/>\n-Estrangulamiento multietapa tipo laberinto del canal de fluido, que cambia constantemente la direcci\u00f3n del fluido, controlando la velocidad del fluido, previniendo da\u00f1os por cavitaci\u00f3n y permitiendo una presi\u00f3n diferencial de hasta 30MPa<br \/>\n\u2013 Todos los internos (trim) se pueden desmontar r\u00e1pidamente<\/p>","protected":false},"excerpt":{"rendered":"<p>La acci\u00f3n de interruptor de dos posiciones se utiliza principalmente en el sistema de suministro de agua de grandes grupos electr\u00f3genos. Es un equipo importante para prevenir la vaporizaci\u00f3n de la bomba de alimentaci\u00f3n de la caldera y una de las v\u00e1lvulas reguladoras clave en la central el\u00e9ctrica. Tambi\u00e9n se utiliza com\u00fanmente en ocasiones de control de dos posiciones con alta presi\u00f3n diferencial en petr\u00f3leo, qu\u00edmica y otras industrias.<\/p>","protected":false},"featured_media":3741,"comment_status":"open","ping_status":"closed","template":"","meta":{"site-sidebar-layout":"default","site-content-layout":"default","ast-site-content-layout":"default","site-content-style":"default","site-sidebar-style":"default","ast-global-header-display":"","ast-banner-title-visibility":"","ast-main-header-display":"","ast-hfb-above-header-display":"","ast-hfb-below-header-display":"","ast-hfb-mobile-header-display":"","site-post-title":"","ast-breadcrumbs-content":"","ast-featured-img":"","footer-sml-layout":"","ast-disable-related-posts":"","theme-transparent-header-meta":"default","adv-header-id-meta":"","stick-header-meta":"default","header-above-stick-meta":"","header-main-stick-meta":"","header-below-stick-meta":"","astra-migrate-meta-layouts":"default","ast-page-background-enabled":"default","ast-page-background-meta":{"desktop":{"background-color":"","background-image":"","background-repeat":"repeat","background-position":"center center","background-size":"auto","background-attachment":"scroll","background-type":"","background-media":"","overlay-type":"","overlay-color":"","overlay-opacity":"","overlay-gradient":""},"tablet":{"background-color":"","background-image":"","background-repeat":"repeat","background-position":"center center","background-size":"auto","background-attachment":"scroll","background-type":"","background-media":"","overlay-type":"","overlay-color":"","overlay-opacity":"","overlay-gradient":""},"mobile":{"background-color":"","background-image":"","background-repeat":"repeat","background-position":"center center","background-size":"auto","background-attachment":"scroll","background-type":"","background-media":"","overlay-type":"","overlay-color":"","overlay-opacity":"","overlay-gradient":""}},"ast-content-background-meta":{"desktop":{"background-color":"var(--ast-global-color-5)","background-image":"","background-repeat":"repeat","background-position":"center center","background-size":"auto","background-attachment":"scroll","background-type":"","background-media":"","overlay-type":"","overlay-color":"","overlay-opacity":"","overlay-gradient":""},"tablet":{"background-color":"var(--ast-global-color-5)","background-image":"","background-repeat":"repeat","background-position":"center center","background-size":"auto","background-attachment":"scroll","background-type":"","background-media":"","overlay-type":"","overlay-color":"","overlay-opacity":"","overlay-gradient":""},"mobile":{"background-color":"var(--ast-global-color-5)","background-image":"","background-repeat":"repeat","background-position":"center center","background-size":"auto","background-attachment":"scroll","background-type":"","background-media":"","overlay-type":"","overlay-color":"","overlay-opacity":"","overlay-gradient":""}}},"product_brand":[],"product_cat":[178,196,297],"product_tag":[],"class_list":{"0":"post-3740","1":"product","2":"type-product","3":"status-publish","4":"has-post-thumbnail","6":"product_cat-control-valves","7":"product_cat-power-station-valve","8":"product_cat-power-station-high-differential-pressure-control-valve","9":"desktop-align-left","10":"tablet-align-left","11":"mobile-align-left","12":"ast-product-gallery-layout-horizontal-slider","13":"ast-product-gallery-with-no-image","14":"ast-product-tabs-layout-horizontal","15":"ast-qv-on-image","17":"first","18":"instock","19":"shipping-taxable","20":"product-type-simple"},"_links":{"self":[{"href":"https:\/\/raymonvalve.com\/es\/wp-json\/wp\/v2\/product\/3740","targetHints":{"allow":["GET"]}}],"collection":[{"href":"https:\/\/raymonvalve.com\/es\/wp-json\/wp\/v2\/product"}],"about":[{"href":"https:\/\/raymonvalve.com\/es\/wp-json\/wp\/v2\/types\/product"}],"replies":[{"embeddable":true,"href":"https:\/\/raymonvalve.com\/es\/wp-json\/wp\/v2\/comments?post=3740"}],"wp:featuredmedia":[{"embeddable":true,"href":"https:\/\/raymonvalve.com\/es\/wp-json\/wp\/v2\/media\/3741"}],"wp:attachment":[{"href":"https:\/\/raymonvalve.com\/es\/wp-json\/wp\/v2\/media?parent=3740"}],"wp:term":[{"taxonomy":"product_brand","embeddable":true,"href":"https:\/\/raymonvalve.com\/es\/wp-json\/wp\/v2\/product_brand?post=3740"},{"taxonomy":"product_cat","embeddable":true,"href":"https:\/\/raymonvalve.com\/es\/wp-json\/wp\/v2\/product_cat?post=3740"},{"taxonomy":"product_tag","embeddable":true,"href":"https:\/\/raymonvalve.com\/es\/wp-json\/wp\/v2\/product_tag?post=3740"}],"curies":[{"name":"wp","href":"https:\/\/api.w.org\/{rel}","templated":true}]}}