{"id":3746,"date":"2022-08-24T14:44:03","date_gmt":"2022-08-24T06:44:03","guid":{"rendered":"https:\/\/limegreen-okapi-448594.hostingersite.com\/?post_type=product&#038;p=3746"},"modified":"2022-09-05T10:18:54","modified_gmt":"2022-09-05T02:18:54","slug":"dto-high-plus-desperate-steam-trap-control-valve","status":"publish","type":"product","link":"https:\/\/raymonvalve.com\/es\/producto\/dto-high-plus-desperate-steam-trap-control-valve\/","title":{"rendered":"V\u00e1lvula de control de trampa de vapor DTO high plus desesperada"},"content":{"rendered":"<p>El regulador de drenaje de emergencia de alta presi\u00f3n DTO es una v\u00e1lvula de control especial utilizada para sistemas de drenaje de emergencia de alta presi\u00f3n con gran caudal y gran di\u00e1metro que requieren un buen rendimiento de sellado. Esta v\u00e1lvula es tambi\u00e9n la mejor opci\u00f3n para la v\u00e1lvula de recirculaci\u00f3n de la bomba de condensado.<\/p>\n<p>Datos t\u00e9cnicos:<\/p>\n<p>-DN:100-300 -Presi\u00f3n:PN40-160<br \/>\nANSI Clase 300-1500<br \/>\n-Est\u00e1ndar de conexi\u00f3n: BW<br \/>\n-Temperatura:-17~+260\u2103<br \/>\n\u2013 Caracter\u00edsticas de flujo: lineal o porcentaje igual \u2013 Fugas: Clase V<\/p>\n<p>Material:<\/p>\n<p>- Cuerpo: WCB \u2013 Internos: 440B<\/p>\n<p>Opcional:<\/p>\n<p>ninguno<\/p>\n<p>Caracter\u00edsticas:<\/p>\n<p>-Cuerpo recto fundido<br \/>\n-La superficie de estrangulamiento est\u00e1 separada de la superficie de sellado del asiento de la v\u00e1lvula, lo que puede proteger eficazmente la superficie de sellado, con buen rendimiento de sellado y larga vida \u00fatil<br \/>\n-Los componentes internos est\u00e1n fabricados en acero inoxidable de alta resistencia<br \/>\n-El n\u00facleo de la v\u00e1lvula adopta una estructura equilibrada a la presi\u00f3n para reducir la fuerza desequilibrada del fluido que act\u00faa sobre el n\u00facleo de la v\u00e1lvula<br \/>\n\u2013 Buenas caracter\u00edsticas de ajuste. Amplio rango de ajuste, conmutaci\u00f3n flexible \u2013 utilizando dise\u00f1o de estructura de v\u00e1lvula piloto<\/p>","protected":false},"excerpt":{"rendered":"<p>El regulador de drenaje de emergencia de alta presi\u00f3n DTO es una v\u00e1lvula de control especial utilizada para sistemas de drenaje de emergencia de alta presi\u00f3n con gran caudal y gran di\u00e1metro que requieren un buen rendimiento de sellado. Esta v\u00e1lvula es tambi\u00e9n la mejor opci\u00f3n para la v\u00e1lvula de recirculaci\u00f3n de la bomba de condensado.<\/p>","protected":false},"featured_media":3749,"comment_status":"open","ping_status":"closed","template":"","meta":{"site-sidebar-layout":"default","site-content-layout":"default","ast-site-content-layout":"default","site-content-style":"default","site-sidebar-style":"default","ast-global-header-display":"","ast-banner-title-visibility":"","ast-main-header-display":"","ast-hfb-above-header-display":"","ast-hfb-below-header-display":"","ast-hfb-mobile-header-display":"","site-post-title":"","ast-breadcrumbs-content":"","ast-featured-img":"","footer-sml-layout":"","ast-disable-related-posts":"","theme-transparent-header-meta":"default","adv-header-id-meta":"","stick-header-meta":"default","header-above-stick-meta":"","header-main-stick-meta":"","header-below-stick-meta":"","astra-migrate-meta-layouts":"default","ast-page-background-enabled":"default","ast-page-background-meta":{"desktop":{"background-color":"","background-image":"","background-repeat":"repeat","background-position":"center center","background-size":"auto","background-attachment":"scroll","background-type":"","background-media":"","overlay-type":"","overlay-color":"","overlay-opacity":"","overlay-gradient":""},"tablet":{"background-color":"","background-image":"","background-repeat":"repeat","background-position":"center center","background-size":"auto","background-attachment":"scroll","background-type":"","background-media":"","overlay-type":"","overlay-color":"","overlay-opacity":"","overlay-gradient":""},"mobile":{"background-color":"","background-image":"","background-repeat":"repeat","background-position":"center center","background-size":"auto","background-attachment":"scroll","background-type":"","background-media":"","overlay-type":"","overlay-color":"","overlay-opacity":"","overlay-gradient":""}},"ast-content-background-meta":{"desktop":{"background-color":"var(--ast-global-color-5)","background-image":"","background-repeat":"repeat","background-position":"center center","background-size":"auto","background-attachment":"scroll","background-type":"","background-media":"","overlay-type":"","overlay-color":"","overlay-opacity":"","overlay-gradient":""},"tablet":{"background-color":"var(--ast-global-color-5)","background-image":"","background-repeat":"repeat","background-position":"center center","background-size":"auto","background-attachment":"scroll","background-type":"","background-media":"","overlay-type":"","overlay-color":"","overlay-opacity":"","overlay-gradient":""},"mobile":{"background-color":"var(--ast-global-color-5)","background-image":"","background-repeat":"repeat","background-position":"center center","background-size":"auto","background-attachment":"scroll","background-type":"","background-media":"","overlay-type":"","overlay-color":"","overlay-opacity":"","overlay-gradient":""}}},"product_brand":[],"product_cat":[178,196,297],"product_tag":[],"class_list":{"0":"post-3746","1":"product","2":"type-product","3":"status-publish","4":"has-post-thumbnail","6":"product_cat-control-valves","7":"product_cat-power-station-valve","8":"product_cat-power-station-high-differential-pressure-control-valve","9":"desktop-align-left","10":"tablet-align-left","11":"mobile-align-left","12":"ast-product-gallery-layout-horizontal-slider","13":"ast-product-gallery-with-no-image","14":"ast-product-tabs-layout-horizontal","15":"ast-qv-on-image","17":"first","18":"instock","19":"shipping-taxable","20":"product-type-simple"},"_links":{"self":[{"href":"https:\/\/raymonvalve.com\/es\/wp-json\/wp\/v2\/product\/3746","targetHints":{"allow":["GET"]}}],"collection":[{"href":"https:\/\/raymonvalve.com\/es\/wp-json\/wp\/v2\/product"}],"about":[{"href":"https:\/\/raymonvalve.com\/es\/wp-json\/wp\/v2\/types\/product"}],"replies":[{"embeddable":true,"href":"https:\/\/raymonvalve.com\/es\/wp-json\/wp\/v2\/comments?post=3746"}],"wp:featuredmedia":[{"embeddable":true,"href":"https:\/\/raymonvalve.com\/es\/wp-json\/wp\/v2\/media\/3749"}],"wp:attachment":[{"href":"https:\/\/raymonvalve.com\/es\/wp-json\/wp\/v2\/media?parent=3746"}],"wp:term":[{"taxonomy":"product_brand","embeddable":true,"href":"https:\/\/raymonvalve.com\/es\/wp-json\/wp\/v2\/product_brand?post=3746"},{"taxonomy":"product_cat","embeddable":true,"href":"https:\/\/raymonvalve.com\/es\/wp-json\/wp\/v2\/product_cat?post=3746"},{"taxonomy":"product_tag","embeddable":true,"href":"https:\/\/raymonvalve.com\/es\/wp-json\/wp\/v2\/product_tag?post=3746"}],"curies":[{"name":"wp","href":"https:\/\/api.w.org\/{rel}","templated":true}]}}