{"id":3763,"date":"2022-08-25T09:22:34","date_gmt":"2022-08-25T01:22:34","guid":{"rendered":"https:\/\/limegreen-okapi-448594.hostingersite.com\/?post_type=product&#038;p=3763"},"modified":"2022-09-05T09:18:25","modified_gmt":"2022-09-05T01:18:25","slug":"pneumatic-stainless-steel-control-valve","status":"publish","type":"product","link":"https:\/\/raymonvalve.com\/es\/producto\/pneumatic-stainless-steel-control-valve\/","title":{"rendered":"V\u00e1lvula de control neum\u00e1tica de acero inoxidable"},"content":{"rendered":"<p>Consiste en un actuador neum\u00e1tico de diafragma y una v\u00e1lvula reguladora de asiento \u00fanico con baja resistencia al flujo. Es una nueva generaci\u00f3n de productos de regulaci\u00f3n en l\u00ednea que cumplen con las normas IEC. El actuador es un actuador neum\u00e1tico de diafragma. Adopta una estructura de m\u00faltiples resortes, tama\u00f1o peque\u00f1o y peso ligero; tiene las ventajas de una estructura simple, operaci\u00f3n conveniente y acci\u00f3n confiable, etc.<\/p>\n<p>Datos t\u00e9cnicos:<\/p>\n<p>-DN: 10-200<br \/>\n-Presi\u00f3n: PN16-100<br \/>\nClase ANSI 150-300<br \/>\n\u2013 Est\u00e1ndar de conexi\u00f3n: GB, DIN, ANSI, JIS, etc. \u2013 Temperatura: -20~450\u2103<br \/>\n- Caracter\u00edsticas de flujo: apertura r\u00e1pida, lineal, parab\u00f3lica,<br \/>\nporcentaje igual<br \/>\n-Fugas: Clase V, Clase V y Clase V<\/p>\n<p>Material:<\/p>\n<p>-Cuerpo, Bonete: Acero inoxidable -Internos: Acero inoxidable<\/p>\n<p>Opcional:<\/p>\n<p>\u2013 Tratamiento de desengrase sin aceite<\/p>\n<p>Caracter\u00edsticas:<\/p>\n<p>Este producto tiene las ventajas de una acci\u00f3n confiable, alta precisi\u00f3n de las caracter\u00edsticas de flujo, gran relaci\u00f3n ajustable, estructura compacta, etc. Puede ser ampliamente utilizado en sistemas de control de procesos industriales petroqu\u00edmicos, farmac\u00e9uticos, metal\u00fargicos, de fabricaci\u00f3n de papel, de tratamiento de agua y otros.<\/p>\n<p>-Utiliza la estructura de gu\u00eda superior, la acci\u00f3n es confiable y la estabilidad es buena.<br \/>\n-Superficie del carrete mecanizada por CNC, alta precisi\u00f3n de ajuste. Seg\u00fan los requisitos de las condiciones de trabajo, se puede dise\u00f1ar como una estructura de sellado blando.<br \/>\n-La v\u00e1lvula tiene una estructura simple y es f\u00e1cil de montar, desmontar y mantener.<br \/>\n-El cuerpo de la v\u00e1lvula es forjado y tiene un rendimiento fiable.<br \/>\n\u2013 El cuerpo de lectura est\u00e1 dise\u00f1ado seg\u00fan el principio de la hidrodin\u00e1mica para tener una secci\u00f3n igual y baja resistencia al flujo, canal en S, peque\u00f1a p\u00e9rdida de ca\u00edda de presi\u00f3n y gran rango ajustable.<\/p>","protected":false},"excerpt":{"rendered":"<p>Consiste en un actuador neum\u00e1tico de diafragma y una v\u00e1lvula reguladora de asiento \u00fanico con baja resistencia al flujo. Es una nueva generaci\u00f3n de productos de regulaci\u00f3n en l\u00ednea que cumplen con las normas IEC. El actuador es un actuador neum\u00e1tico de diafragma. Adopta una estructura de m\u00faltiples resortes, tama\u00f1o peque\u00f1o y peso ligero; tiene las ventajas de una estructura simple, operaci\u00f3n conveniente y acci\u00f3n confiable, etc.<\/p>","protected":false},"featured_media":3764,"comment_status":"open","ping_status":"closed","template":"","meta":{"site-sidebar-layout":"default","site-content-layout":"default","ast-site-content-layout":"default","site-content-style":"default","site-sidebar-style":"default","ast-global-header-display":"","ast-banner-title-visibility":"","ast-main-header-display":"","ast-hfb-above-header-display":"","ast-hfb-below-header-display":"","ast-hfb-mobile-header-display":"","site-post-title":"","ast-breadcrumbs-content":"","ast-featured-img":"","footer-sml-layout":"","ast-disable-related-posts":"","theme-transparent-header-meta":"default","adv-header-id-meta":"","stick-header-meta":"default","header-above-stick-meta":"","header-main-stick-meta":"","header-below-stick-meta":"","astra-migrate-meta-layouts":"default","ast-page-background-enabled":"default","ast-page-background-meta":{"desktop":{"background-color":"","background-image":"","background-repeat":"repeat","background-position":"center center","background-size":"auto","background-attachment":"scroll","background-type":"","background-media":"","overlay-type":"","overlay-color":"","overlay-opacity":"","overlay-gradient":""},"tablet":{"background-color":"","background-image":"","background-repeat":"repeat","background-position":"center center","background-size":"auto","background-attachment":"scroll","background-type":"","background-media":"","overlay-type":"","overlay-color":"","overlay-opacity":"","overlay-gradient":""},"mobile":{"background-color":"","background-image":"","background-repeat":"repeat","background-position":"center center","background-size":"auto","background-attachment":"scroll","background-type":"","background-media":"","overlay-type":"","overlay-color":"","overlay-opacity":"","overlay-gradient":""}},"ast-content-background-meta":{"desktop":{"background-color":"var(--ast-global-color-5)","background-image":"","background-repeat":"repeat","background-position":"center center","background-size":"auto","background-attachment":"scroll","background-type":"","background-media":"","overlay-type":"","overlay-color":"","overlay-opacity":"","overlay-gradient":""},"tablet":{"background-color":"var(--ast-global-color-5)","background-image":"","background-repeat":"repeat","background-position":"center center","background-size":"auto","background-attachment":"scroll","background-type":"","background-media":"","overlay-type":"","overlay-color":"","overlay-opacity":"","overlay-gradient":""},"mobile":{"background-color":"var(--ast-global-color-5)","background-image":"","background-repeat":"repeat","background-position":"center center","background-size":"auto","background-attachment":"scroll","background-type":"","background-media":"","overlay-type":"","overlay-color":"","overlay-opacity":"","overlay-gradient":""}}},"product_brand":[],"product_cat":[178,311,196,297],"product_tag":[],"class_list":{"0":"post-3763","1":"product","2":"type-product","3":"status-publish","4":"has-post-thumbnail","6":"product_cat-control-valves","7":"product_cat-high-temperature-and-high-pressure-valve","8":"product_cat-power-station-valve","9":"product_cat-power-station-high-differential-pressure-control-valve","10":"desktop-align-left","11":"tablet-align-left","12":"mobile-align-left","13":"ast-product-gallery-layout-horizontal-slider","14":"ast-product-gallery-with-no-image","15":"ast-product-tabs-layout-horizontal","16":"ast-qv-on-image","18":"first","19":"instock","20":"shipping-taxable","21":"product-type-simple"},"_links":{"self":[{"href":"https:\/\/raymonvalve.com\/es\/wp-json\/wp\/v2\/product\/3763","targetHints":{"allow":["GET"]}}],"collection":[{"href":"https:\/\/raymonvalve.com\/es\/wp-json\/wp\/v2\/product"}],"about":[{"href":"https:\/\/raymonvalve.com\/es\/wp-json\/wp\/v2\/types\/product"}],"replies":[{"embeddable":true,"href":"https:\/\/raymonvalve.com\/es\/wp-json\/wp\/v2\/comments?post=3763"}],"wp:featuredmedia":[{"embeddable":true,"href":"https:\/\/raymonvalve.com\/es\/wp-json\/wp\/v2\/media\/3764"}],"wp:attachment":[{"href":"https:\/\/raymonvalve.com\/es\/wp-json\/wp\/v2\/media?parent=3763"}],"wp:term":[{"taxonomy":"product_brand","embeddable":true,"href":"https:\/\/raymonvalve.com\/es\/wp-json\/wp\/v2\/product_brand?post=3763"},{"taxonomy":"product_cat","embeddable":true,"href":"https:\/\/raymonvalve.com\/es\/wp-json\/wp\/v2\/product_cat?post=3763"},{"taxonomy":"product_tag","embeddable":true,"href":"https:\/\/raymonvalve.com\/es\/wp-json\/wp\/v2\/product_tag?post=3763"}],"curies":[{"name":"wp","href":"https:\/\/api.w.org\/{rel}","templated":true}]}}