{"id":4865,"date":"2022-09-05T14:23:06","date_gmt":"2022-09-05T06:23:06","guid":{"rendered":"https:\/\/limegreen-okapi-448594.hostingersite.com\/?post_type=product&#038;p=4865"},"modified":"2022-09-15T14:41:26","modified_gmt":"2022-09-15T06:41:26","slug":"bj45h-thermal-insulation-globe-valve","status":"publish","type":"product","link":"https:\/\/raymonvalve.com\/es\/producto\/bj45h-thermal-insulation-globe-valve\/","title":{"rendered":"V\u00e1lvula de globo con aislamiento t\u00e9rmico BJ45H"},"content":{"rendered":"<div class=\"document\">\n<div class=\"document\">\n<div class=\"document\">\n<div class=\"productParameter\">\n<p>La parte de apertura y cierre de la v\u00e1lvula de globo con preservaci\u00f3n de calor es un disco de v\u00e1lvula en forma de tap\u00f3n, la superficie de sellado es un plano o una superficie c\u00f3nica, y el disco de v\u00e1lvula se mueve linealmente a lo largo de la l\u00ednea central del fluido. La forma de movimiento del v\u00e1stago de la v\u00e1lvula incluye un tipo de varilla de elevaci\u00f3n (el v\u00e1stago de la v\u00e1lvula sube y baja, y el volante no sube ni baja), y tambi\u00e9n hay un tipo de varilla giratoria de elevaci\u00f3n (el volante gira y se eleva junto con la varilla de la v\u00e1lvula, y la tuerca est\u00e1 dispuesta en el cuerpo de la v\u00e1lvula). La v\u00e1lvula de globo de fuelle solo es adecuada para apertura y cierre completos, no se permite ajuste ni estrangulamiento.<\/p>\n<p>&nbsp;<\/p>\n<p>Principio de funcionamiento de la v\u00e1lvula de globo con aislamiento t\u00e9rmico BJ45H:<\/p>\n<p>La v\u00e1lvula de globo con aislamiento t\u00e9rmico es una v\u00e1lvula de sellado forzado, por lo que cuando la v\u00e1lvula est\u00e1 cerrada, se debe aplicar presi\u00f3n al disco de la v\u00e1lvula para evitar fugas en la superficie de sellado. Cuando el medio entra en la v\u00e1lvula seis desde debajo del disco de la v\u00e1lvula, la resistencia que la fuerza de operaci\u00f3n debe superar es la fuerza de fricci\u00f3n entre el v\u00e1stago de la v\u00e1lvula y el empaque, y el empuje generado por la presi\u00f3n del medio. La fuerza para cerrar la v\u00e1lvula es mayor que la fuerza para abrir la v\u00e1lvula, por lo que el di\u00e1metro del v\u00e1stago de la v\u00e1lvula debe ser grande, de lo contrario, ocurrir\u00e1 la falla de la parte superior del v\u00e1stago de la v\u00e1lvula. En los \u00faltimos a\u00f1os, desde la aparici\u00f3n de las v\u00e1lvulas de autocierre, la direcci\u00f3n del flujo del medio de la v\u00e1lvula de globo con preservaci\u00f3n de calor ha cambiado de la parte superior del disco de la v\u00e1lvula a la cavidad de la v\u00e1lvula. En este momento, bajo la acci\u00f3n de la presi\u00f3n del medio, la fuerza para cerrar la v\u00e1lvula es peque\u00f1a, mientras que la fuerza para abrir la v\u00e1lvula es grande, y el di\u00e1metro del v\u00e1stago de la v\u00e1lvula se puede reducir en consecuencia. Al mismo tiempo, bajo la acci\u00f3n del medio, esta forma de v\u00e1lvula tambi\u00e9n es m\u00e1s herm\u00e9tica. Las \u201cTres Qu\u00edmicas\u201d de mi pa\u00eds estipularon una vez que la direcci\u00f3n del flujo de la v\u00e1lvula de globo con aislamiento debe ser de arriba hacia abajo.<\/p>\n<p>Cuando la v\u00e1lvula de globo con aislamiento est\u00e1 abierta, cuando la altura de apertura del disco de la v\u00e1lvula es del 25% al 30% del di\u00e1metro nominal, el caudal ha alcanzado el m\u00e1ximo, lo que indica que la v\u00e1lvula ha alcanzado la posici\u00f3n completamente abierta. Por lo tanto, la posici\u00f3n completamente abierta de la v\u00e1lvula de globo debe determinarse por la carrera del disco de la v\u00e1lvula.<\/p>\n<p>&nbsp;<\/p>\n<p>\u00c1mbito de aplicaci\u00f3n de la v\u00e1lvula de globo con aislamiento t\u00e9rmico BJ45H:<\/p>\n<p>La v\u00e1lvula de globo con aislamiento t\u00e9rmico BJ45H es adecuada para tuber\u00edas en las industrias qu\u00edmica y de fertilizantes. El vapor contenido en la camisa puede evitar que el medio se cristalice.<\/p>\n<p>&nbsp;<\/p>\n<p>\u3010Aplicaci\u00f3n del producto de la v\u00e1lvula de globo con aislamiento t\u00e9rmico BJ45H\u3011<br \/>\nLas v\u00e1lvulas de globo de paso recto con camisa de aislamiento BJ45H, BJ45Y, BJ45W tipo PN16~PN40 se utilizan principalmente en diversos sistemas como el petr\u00f3leo, la industria qu\u00edmica, la metalurgia y la farmac\u00e9utica para transportar medios de alta viscosidad que se solidificar\u00e1n a temperatura ambiente.<\/p>\n<p>\u3010Est\u00e1ndar de ejecuci\u00f3n de la v\u00e1lvula de globo con aislamiento t\u00e9rmico BJ45H\u3011<br \/>\nDise\u00f1o y fabricaci\u00f3n: BS1873 BS5160 GB12233<br \/>\nTama\u00f1o de brida: ANSIB16.5 JB\/T79 GB9113<br \/>\nPresi\u00f3n y temperatura: ANSIB16.34<br \/>\nLongitud entre caras: ANSIB16.10 BS1873 GB12221<br \/>\nTama\u00f1o de conexi\u00f3n para soldadura a tope: ANSIB16.25<br \/>\nInspecci\u00f3n y prueba: BS6755 GB\/T13927<\/p>\n<p>&nbsp;<\/p>\n<p>V\u00e1lvula de globo con aislamiento BJ45H: forma principal y tama\u00f1o de conexi\u00f3n<\/p>\n<div align=\"left\">\n<table border=\"0\" cellspacing=\"1\" cellpadding=\"0\">\n<tbody>\n<tr>\n<td rowspan=\"2\" bgcolor=\"#ffffff\">Di\u00e1metro nominal<\/td>\n<td colspan=\"9\" bgcolor=\"#ffffff\" width=\"90%\">Tama\u00f1o<\/td>\n<\/tr>\n<tr bgcolor=\"#c4fbce\">\n<td bgcolor=\"#ffffff\">L<\/td>\n<td bgcolor=\"#ffffff\">D<\/td>\n<td bgcolor=\"#ffffff\">D1<\/td>\n<td bgcolor=\"#ffffff\">D2<\/td>\n<td bgcolor=\"#ffffff\">b<\/td>\n<td bgcolor=\"#ffffff\">3-G<\/td>\n<td bgcolor=\"#ffffff\">Z-d<\/td>\n<td bgcolor=\"#ffffff\">H<\/td>\n<td bgcolor=\"#ffffff\">D0<\/td>\n<\/tr>\n<tr>\n<td colspan=\"10\" bgcolor=\"#ffffff\">BJ41W<\/td>\n<\/tr>\n<tr>\n<td bgcolor=\"#ffffff\">15<\/td>\n<td bgcolor=\"#ffffff\">130<\/td>\n<td bgcolor=\"#ffffff\">105<\/td>\n<td bgcolor=\"#ffffff\">75<\/td>\n<td bgcolor=\"#ffffff\">55<\/td>\n<td bgcolor=\"#ffffff\">14<\/td>\n<td bgcolor=\"#ffffff\">3\/8<\/td>\n<td bgcolor=\"#ffffff\">4-14<\/td>\n<td bgcolor=\"#ffffff\">175<\/td>\n<td bgcolor=\"#ffffff\">180<\/td>\n<\/tr>\n<tr>\n<td bgcolor=\"#ffffff\">20<\/td>\n<td bgcolor=\"#ffffff\">150<\/td>\n<td bgcolor=\"#ffffff\">115<\/td>\n<td bgcolor=\"#ffffff\">85<\/td>\n<td bgcolor=\"#ffffff\">68<\/td>\n<td bgcolor=\"#ffffff\">14<\/td>\n<td bgcolor=\"#ffffff\">3\/8<\/td>\n<td bgcolor=\"#ffffff\">4-14<\/td>\n<td bgcolor=\"#ffffff\">185<\/td>\n<td bgcolor=\"#ffffff\">180<\/td>\n<\/tr>\n<tr>\n<td bgcolor=\"#ffffff\">25<\/td>\n<td bgcolor=\"#ffffff\">160<\/td>\n<td bgcolor=\"#ffffff\">135<\/td>\n<td bgcolor=\"#ffffff\">100<\/td>\n<td bgcolor=\"#ffffff\">78<\/td>\n<td bgcolor=\"#ffffff\">16<\/td>\n<td bgcolor=\"#ffffff\">3\/8<\/td>\n<td bgcolor=\"#ffffff\">4-18<\/td>\n<td bgcolor=\"#ffffff\">210<\/td>\n<td bgcolor=\"#ffffff\">200<\/td>\n<\/tr>\n<tr>\n<td bgcolor=\"#ffffff\">32<\/td>\n<td bgcolor=\"#ffffff\">180<\/td>\n<td bgcolor=\"#ffffff\">145<\/td>\n<td bgcolor=\"#ffffff\">110<\/td>\n<td bgcolor=\"#ffffff\">85<\/td>\n<td bgcolor=\"#ffffff\">16<\/td>\n<td bgcolor=\"#ffffff\">3\/8<\/td>\n<td bgcolor=\"#ffffff\">4-18<\/td>\n<td bgcolor=\"#ffffff\">350<\/td>\n<td bgcolor=\"#ffffff\">200<\/td>\n<\/tr>\n<tr>\n<td bgcolor=\"#ffffff\">40<\/td>\n<td bgcolor=\"#ffffff\">200<\/td>\n<td bgcolor=\"#ffffff\">160<\/td>\n<td bgcolor=\"#ffffff\">125<\/td>\n<td bgcolor=\"#ffffff\">100<\/td>\n<td bgcolor=\"#ffffff\">16<\/td>\n<td bgcolor=\"#ffffff\">3\/8<\/td>\n<td bgcolor=\"#ffffff\">4-18<\/td>\n<td bgcolor=\"#ffffff\">360<\/td>\n<td bgcolor=\"#ffffff\">200<\/td>\n<\/tr>\n<tr>\n<td bgcolor=\"#ffffff\">50<\/td>\n<td bgcolor=\"#ffffff\">250<\/td>\n<td bgcolor=\"#ffffff\">180<\/td>\n<td bgcolor=\"#ffffff\">145<\/td>\n<td bgcolor=\"#ffffff\">120<\/td>\n<td bgcolor=\"#ffffff\">18<\/td>\n<td bgcolor=\"#ffffff\">1\/2<\/td>\n<td bgcolor=\"#ffffff\">4-18<\/td>\n<td bgcolor=\"#ffffff\">380<\/td>\n<td bgcolor=\"#ffffff\">240<\/td>\n<\/tr>\n<tr>\n<td bgcolor=\"#ffffff\">65<\/td>\n<td bgcolor=\"#ffffff\">265<\/td>\n<td bgcolor=\"#ffffff\">195<\/td>\n<td bgcolor=\"#ffffff\">160<\/td>\n<td bgcolor=\"#ffffff\">135<\/td>\n<td bgcolor=\"#ffffff\">20<\/td>\n<td bgcolor=\"#ffffff\">1\/2<\/td>\n<td bgcolor=\"#ffffff\">8-18<\/td>\n<td bgcolor=\"#ffffff\">440<\/td>\n<td bgcolor=\"#ffffff\">240<\/td>\n<\/tr>\n<tr>\n<td bgcolor=\"#ffffff\">80<\/td>\n<td bgcolor=\"#ffffff\">280<\/td>\n<td bgcolor=\"#ffffff\">215<\/td>\n<td bgcolor=\"#ffffff\">180<\/td>\n<td bgcolor=\"#ffffff\">155<\/td>\n<td bgcolor=\"#ffffff\">20<\/td>\n<td bgcolor=\"#ffffff\">1\/2<\/td>\n<td bgcolor=\"#ffffff\">8-18<\/td>\n<td bgcolor=\"#ffffff\">510<\/td>\n<td bgcolor=\"#ffffff\">280<\/td>\n<\/tr>\n<tr>\n<td bgcolor=\"#ffffff\">100<\/td>\n<td bgcolor=\"#ffffff\">300<\/td>\n<td bgcolor=\"#ffffff\">245<\/td>\n<td bgcolor=\"#ffffff\">210<\/td>\n<td bgcolor=\"#ffffff\">185<\/td>\n<td bgcolor=\"#ffffff\">22<\/td>\n<td bgcolor=\"#ffffff\">1\/2<\/td>\n<td bgcolor=\"#ffffff\">8-18<\/td>\n<td bgcolor=\"#ffffff\">620<\/td>\n<td bgcolor=\"#ffffff\">320<\/td>\n<\/tr>\n<tr>\n<td bgcolor=\"#ffffff\">125<\/td>\n<td bgcolor=\"#ffffff\">325<\/td>\n<td bgcolor=\"#ffffff\">280<\/td>\n<td bgcolor=\"#ffffff\">240<\/td>\n<td bgcolor=\"#ffffff\">210<\/td>\n<td bgcolor=\"#ffffff\">24<\/td>\n<td bgcolor=\"#ffffff\">1\/2<\/td>\n<td bgcolor=\"#ffffff\">8-23<\/td>\n<td bgcolor=\"#ffffff\">680<\/td>\n<td bgcolor=\"#ffffff\">360<\/td>\n<\/tr>\n<tr>\n<td bgcolor=\"#ffffff\">150<\/td>\n<td bgcolor=\"#ffffff\">350<\/td>\n<td bgcolor=\"#ffffff\">335<\/td>\n<td bgcolor=\"#ffffff\">295<\/td>\n<td bgcolor=\"#ffffff\">265<\/td>\n<td bgcolor=\"#ffffff\">26<\/td>\n<td bgcolor=\"#ffffff\">1\/2<\/td>\n<td bgcolor=\"#ffffff\">12-23<\/td>\n<td bgcolor=\"#ffffff\">818<\/td>\n<td bgcolor=\"#ffffff\">360<\/td>\n<\/tr>\n<tr>\n<td bgcolor=\"#ffffff\">200<\/td>\n<td bgcolor=\"#ffffff\">400<\/td>\n<td bgcolor=\"#ffffff\">405<\/td>\n<td bgcolor=\"#ffffff\">355<\/td>\n<td bgcolor=\"#ffffff\">320<\/td>\n<td bgcolor=\"#ffffff\">30<\/td>\n<td bgcolor=\"#ffffff\">1\/2<\/td>\n<td bgcolor=\"#ffffff\">12-25<\/td>\n<td bgcolor=\"#ffffff\">1200<\/td>\n<td bgcolor=\"#ffffff\">400<\/td>\n<\/tr>\n<tr>\n<td bgcolor=\"#ffffff\">250<\/td>\n<td bgcolor=\"#ffffff\">450<\/td>\n<td bgcolor=\"#ffffff\">460<\/td>\n<td bgcolor=\"#ffffff\">410<\/td>\n<td bgcolor=\"#ffffff\">375<\/td>\n<td bgcolor=\"#ffffff\">30<\/td>\n<td bgcolor=\"#ffffff\">1\/2<\/td>\n<td bgcolor=\"#ffffff\">12-25<\/td>\n<td bgcolor=\"#ffffff\">1450<\/td>\n<td bgcolor=\"#ffffff\">450<\/td>\n<\/tr>\n<tr>\n<td bgcolor=\"#ffffff\">300<\/td>\n<td bgcolor=\"#ffffff\">500<\/td>\n<td bgcolor=\"#ffffff\">520<\/td>\n<td bgcolor=\"#ffffff\">470<\/td>\n<td bgcolor=\"#ffffff\">435<\/td>\n<td bgcolor=\"#ffffff\">34<\/td>\n<td bgcolor=\"#ffffff\">1\/2<\/td>\n<td bgcolor=\"#ffffff\">16-25<\/td>\n<td bgcolor=\"#ffffff\">1600<\/td>\n<td bgcolor=\"#ffffff\">500<\/td>\n<\/tr>\n<\/tbody>\n<\/table>\n<\/div>\n<\/div>\n<\/div>\n<\/div>\n<\/div>","protected":false},"excerpt":{"rendered":"<p>La parte de apertura y cierre de la v\u00e1lvula de globo con preservaci\u00f3n de calor es un disco de v\u00e1lvula en forma de tap\u00f3n, la superficie de sellado es un plano o una superficie c\u00f3nica, y el disco de v\u00e1lvula se mueve linealmente a lo largo de la l\u00ednea central del fluido. La forma de movimiento del v\u00e1stago de la v\u00e1lvula incluye un tipo de varilla de elevaci\u00f3n (el v\u00e1stago de la v\u00e1lvula sube y baja, y el volante no sube ni baja), y tambi\u00e9n hay un tipo de varilla giratoria de elevaci\u00f3n (el volante gira y se eleva junto con la varilla de la v\u00e1lvula, y la tuerca est\u00e1 dispuesta en el cuerpo de la v\u00e1lvula). La v\u00e1lvula de globo de fuelle solo es adecuada para apertura y cierre completos, no se permite ajuste ni estrangulamiento.<\/p>","protected":false},"featured_media":5576,"comment_status":"open","ping_status":"closed","template":"","meta":{"site-sidebar-layout":"default","site-content-layout":"default","ast-site-content-layout":"default","site-content-style":"default","site-sidebar-style":"default","ast-global-header-display":"","ast-banner-title-visibility":"","ast-main-header-display":"","ast-hfb-above-header-display":"","ast-hfb-below-header-display":"","ast-hfb-mobile-header-display":"","site-post-title":"","ast-breadcrumbs-content":"","ast-featured-img":"","footer-sml-layout":"","ast-disable-related-posts":"","theme-transparent-header-meta":"default","adv-header-id-meta":"","stick-header-meta":"default","header-above-stick-meta":"","header-main-stick-meta":"","header-below-stick-meta":"","astra-migrate-meta-layouts":"default","ast-page-background-enabled":"default","ast-page-background-meta":{"desktop":{"background-color":"","background-image":"","background-repeat":"repeat","background-position":"center center","background-size":"auto","background-attachment":"scroll","background-type":"","background-media":"","overlay-type":"","overlay-color":"","overlay-opacity":"","overlay-gradient":""},"tablet":{"background-color":"","background-image":"","background-repeat":"repeat","background-position":"center center","background-size":"auto","background-attachment":"scroll","background-type":"","background-media":"","overlay-type":"","overlay-color":"","overlay-opacity":"","overlay-gradient":""},"mobile":{"background-color":"","background-image":"","background-repeat":"repeat","background-position":"center center","background-size":"auto","background-attachment":"scroll","background-type":"","background-media":"","overlay-type":"","overlay-color":"","overlay-opacity":"","overlay-gradient":""}},"ast-content-background-meta":{"desktop":{"background-color":"var(--ast-global-color-5)","background-image":"","background-repeat":"repeat","background-position":"center center","background-size":"auto","background-attachment":"scroll","background-type":"","background-media":"","overlay-type":"","overlay-color":"","overlay-opacity":"","overlay-gradient":""},"tablet":{"background-color":"var(--ast-global-color-5)","background-image":"","background-repeat":"repeat","background-position":"center center","background-size":"auto","background-attachment":"scroll","background-type":"","background-media":"","overlay-type":"","overlay-color":"","overlay-opacity":"","overlay-gradient":""},"mobile":{"background-color":"var(--ast-global-color-5)","background-image":"","background-repeat":"repeat","background-position":"center center","background-size":"auto","background-attachment":"scroll","background-type":"","background-media":"","overlay-type":"","overlay-color":"","overlay-opacity":"","overlay-gradient":""}}},"product_brand":[],"product_cat":[174],"product_tag":[318],"class_list":{"0":"post-4865","1":"product","2":"type-product","3":"status-publish","4":"has-post-thumbnail","6":"product_cat-globe-valves","7":"product_tag-oil","8":"desktop-align-left","9":"tablet-align-left","10":"mobile-align-left","11":"ast-product-gallery-layout-horizontal-slider","12":"ast-product-gallery-with-no-image","13":"ast-product-tabs-layout-horizontal","14":"ast-qv-on-image","16":"first","17":"instock","18":"shipping-taxable","19":"product-type-simple"},"_links":{"self":[{"href":"https:\/\/raymonvalve.com\/es\/wp-json\/wp\/v2\/product\/4865","targetHints":{"allow":["GET"]}}],"collection":[{"href":"https:\/\/raymonvalve.com\/es\/wp-json\/wp\/v2\/product"}],"about":[{"href":"https:\/\/raymonvalve.com\/es\/wp-json\/wp\/v2\/types\/product"}],"replies":[{"embeddable":true,"href":"https:\/\/raymonvalve.com\/es\/wp-json\/wp\/v2\/comments?post=4865"}],"wp:featuredmedia":[{"embeddable":true,"href":"https:\/\/raymonvalve.com\/es\/wp-json\/wp\/v2\/media\/5576"}],"wp:attachment":[{"href":"https:\/\/raymonvalve.com\/es\/wp-json\/wp\/v2\/media?parent=4865"}],"wp:term":[{"taxonomy":"product_brand","embeddable":true,"href":"https:\/\/raymonvalve.com\/es\/wp-json\/wp\/v2\/product_brand?post=4865"},{"taxonomy":"product_cat","embeddable":true,"href":"https:\/\/raymonvalve.com\/es\/wp-json\/wp\/v2\/product_cat?post=4865"},{"taxonomy":"product_tag","embeddable":true,"href":"https:\/\/raymonvalve.com\/es\/wp-json\/wp\/v2\/product_tag?post=4865"}],"curies":[{"name":"wp","href":"https:\/\/api.w.org\/{rel}","templated":true}]}}