{"id":4869,"date":"2022-09-05T15:15:12","date_gmt":"2022-09-05T07:15:12","guid":{"rendered":"https:\/\/limegreen-okapi-448594.hostingersite.com\/?post_type=product&#038;p=4869"},"modified":"2022-09-15T14:37:11","modified_gmt":"2022-09-15T06:37:11","slug":"j41b-ammonia-gas-globe-valve","status":"publish","type":"product","link":"https:\/\/raymonvalve.com\/es\/producto\/j41b-ammonia-gas-globe-valve\/","title":{"rendered":"V\u00e1lvula de Globo J41B para Gas Amoniaco"},"content":{"rendered":"<div class=\"document\">\n<div class=\"document\">\n<div class=\"document\">\n<p>La v\u00e1lvula de globo J41B para gas amoniaco est\u00e1 especialmente dise\u00f1ada para tuber\u00edas o dispositivos de amoniaco y gas. Su estructura presta atenci\u00f3n a los requisitos de protecci\u00f3n contra incendios. El empaque est\u00e1 hecho de politetrafluoroetileno, que ofrece un sellado y estanqueidad fiables. El material de sellado es politetrafluoroetileno, que es blando y fiable. Es adecuada para sistemas de tuber\u00edas de gas amoniaco, gas licuado de petr\u00f3leo y gas fl\u00faor. Como dispositivo de apertura y cierre, tambi\u00e9n es adecuada para otras tuber\u00edas con temperaturas \u2264150\u2103. La v\u00e1lvula de corte para amoniaco presenta un rendimiento de sellado estable, uso seguro y fiable, fuerte resistencia a la corrosi\u00f3n, ausencia de fugas internas y externas del medio y f\u00e1cil operaci\u00f3n. El problema de fugas deficientes y f\u00e1ciles es especialmente adecuado para la transmisi\u00f3n de gas amoniaco y tuber\u00edas de gas en la industria qu\u00edmica, y para cumplir los requisitos de uso fiable a largo plazo. Su sellado, mantenibilidad, seguridad, etc.<\/p>\n<p>&nbsp;<\/p>\n<p>Caracter\u00edsticas:<br \/>\n1. Teniendo en cuenta las deficiencias de la escasa resistencia a la corrosi\u00f3n y la f\u00e1cil perforaci\u00f3n de la carcasa de las v\u00e1lvulas ordinarias, de acuerdo con las caracter\u00edsticas espec\u00edficas del medio, la v\u00e1lvula especial para gas amoniaco utiliza acero resistente a la corrosi\u00f3n (acero al carbono a baja temperatura con elementos de aleaci\u00f3n resistentes a la corrosi\u00f3n) como material del cuerpo de la v\u00e1lvula, que es resistente a la corrosi\u00f3n por gas amoniaco y amoniaco l\u00edquido. La temperatura baja puede alcanzar -40 \u2103, para garantizar las m\u00e1ximas condiciones de trabajo y los requisitos de uso.<br \/>\n2. El tipo de estructura emparejada del conjunto de sellado de la v\u00e1lvula de globo para amoniaco es de bola y plano, el sellado se compensa autom\u00e1ticamente, el efecto de doble seguro, el rendimiento de sellado es estable y no hay desgaste por adhesi\u00f3n, lo que resuelve eficazmente el problema del rendimiento de sellado deficiente y las fugas f\u00e1ciles de las v\u00e1lvulas ordinarias para tuber\u00edas qu\u00edmicas.<br \/>\n3. La brida del producto adopta una estructura de sellado c\u00f3ncavo-convexa, que garantiza un sellado fiable de la brida intermedia incluso cuando la presi\u00f3n de la tuber\u00eda fluct\u00faa.<br \/>\n4. Se utiliza material de sellado de politetrafluoroetileno multietapa en el dispositivo de sellado superior para formar un sello combinado que garantiza que la v\u00e1lvula no tenga fugas de medio de la caja de empaquetadura durante su vida \u00fatil, lo que elimina el sellado d\u00e9bil de la caja de empaquetadura de la v\u00e1lvula ordinaria, las fugas f\u00e1ciles del medio e incluso los posibles accidentes.<\/p>\n<p>&nbsp;<\/p>\n<p>Diferencia entre la v\u00e1lvula de corte para amoniaco y la v\u00e1lvula de corte ordinaria:<br \/>\nLa superficie de sellado de la v\u00e1lvula de globo para amoniaco adopta tetrafluoroetileno importado, que tiene un buen rendimiento de sellado y una larga vida \u00fatil. Las v\u00e1lvulas de corte de amoniaco a menudo utilizan amoniaco, nitr\u00f3geno, hidr\u00f3geno, arg\u00f3n, fl\u00faor y otros gases\/l\u00edquidos. Estos gases generalmente se almacenan en tanques de almacenamiento dedicados. Cuando est\u00e1n en uso, se abren a trav\u00e9s de la v\u00e1lvula de corte de amoniaco y luego se ajustan finamente con otras v\u00e1lvulas de control, de modo que el gas se introduce en el sistema de uso. La brida de la v\u00e1lvula de amoniaco suele ser c\u00f3ncava y convexa. Par\u00e1metros de dise\u00f1o principales de la v\u00e1lvula de corte de amoniaco: Medio aplicable para la v\u00e1lvula de corte de amoniaco: gas amoniaco, l\u00edquido amoniaco, etc. Temperatura aplicable: Babbitt -40+150\u2103, tetrafluoro-40\u2103+200\u2103.<\/p>\n<p>&nbsp;<\/p>\n<p>Diferencia entre la v\u00e1lvula de corte para amoniaco y otras v\u00e1lvulas de corte:<br \/>\n1. La superficie de sellado est\u00e1 hecha de PTFE (aleaci\u00f3n Babbitt), que tiene un buen rendimiento de sellado y una larga vida \u00fatil.<br \/>\n2. La brida de paso medio tiene una estructura c\u00f3ncava-convexa y el v\u00e1stago de la v\u00e1lvula est\u00e1 conectado por una varilla oculta.<br \/>\n3. La superficie de sellado del cuerpo de la v\u00e1lvula adopta una forma esf\u00e9rica convexa, que se acopla con el disco de la v\u00e1lvula.<br \/>\n4. No se permite el contacto directo del amon\u00edaco con metales como cobre; aluminio; ni con pl\u00e1sticos y cauchos.<\/p>\n<\/div>\n<\/div>\n<\/div>","protected":false},"excerpt":{"rendered":"<p>La v\u00e1lvula de globo J41B para gas amoniaco est\u00e1 especialmente dise\u00f1ada para tuber\u00edas o dispositivos de amoniaco y gas. Su estructura presta atenci\u00f3n a los requisitos de protecci\u00f3n contra incendios. El empaque est\u00e1 hecho de politetrafluoroetileno, que ofrece un sellado y estanqueidad fiables. El material de sellado es politetrafluoroetileno, que es blando y fiable. Es adecuada para sistemas de tuber\u00edas de gas amoniaco, gas licuado de petr\u00f3leo y gas fl\u00faor. Como dispositivo de apertura y cierre, tambi\u00e9n es adecuada para otras tuber\u00edas con temperaturas \u2264150\u2103. La v\u00e1lvula de corte para amoniaco presenta un rendimiento de sellado estable, uso seguro y fiable, fuerte resistencia a la corrosi\u00f3n, ausencia de fugas internas y externas del medio y f\u00e1cil operaci\u00f3n. El problema de fugas deficientes y f\u00e1ciles es especialmente adecuado para la transmisi\u00f3n de gas amoniaco y tuber\u00edas de gas en la industria qu\u00edmica, y para cumplir los requisitos de uso fiable a largo plazo. Su sellado, mantenibilidad, seguridad, etc.<\/p>","protected":false},"featured_media":5580,"comment_status":"open","ping_status":"closed","template":"","meta":{"site-sidebar-layout":"default","site-content-layout":"default","ast-site-content-layout":"default","site-content-style":"default","site-sidebar-style":"default","ast-global-header-display":"","ast-banner-title-visibility":"","ast-main-header-display":"","ast-hfb-above-header-display":"","ast-hfb-below-header-display":"","ast-hfb-mobile-header-display":"","site-post-title":"","ast-breadcrumbs-content":"","ast-featured-img":"","footer-sml-layout":"","ast-disable-related-posts":"","theme-transparent-header-meta":"default","adv-header-id-meta":"","stick-header-meta":"default","header-above-stick-meta":"","header-main-stick-meta":"","header-below-stick-meta":"","astra-migrate-meta-layouts":"default","ast-page-background-enabled":"default","ast-page-background-meta":{"desktop":{"background-color":"","background-image":"","background-repeat":"repeat","background-position":"center center","background-size":"auto","background-attachment":"scroll","background-type":"","background-media":"","overlay-type":"","overlay-color":"","overlay-opacity":"","overlay-gradient":""},"tablet":{"background-color":"","background-image":"","background-repeat":"repeat","background-position":"center center","background-size":"auto","background-attachment":"scroll","background-type":"","background-media":"","overlay-type":"","overlay-color":"","overlay-opacity":"","overlay-gradient":""},"mobile":{"background-color":"","background-image":"","background-repeat":"repeat","background-position":"center center","background-size":"auto","background-attachment":"scroll","background-type":"","background-media":"","overlay-type":"","overlay-color":"","overlay-opacity":"","overlay-gradient":""}},"ast-content-background-meta":{"desktop":{"background-color":"var(--ast-global-color-5)","background-image":"","background-repeat":"repeat","background-position":"center center","background-size":"auto","background-attachment":"scroll","background-type":"","background-media":"","overlay-type":"","overlay-color":"","overlay-opacity":"","overlay-gradient":""},"tablet":{"background-color":"var(--ast-global-color-5)","background-image":"","background-repeat":"repeat","background-position":"center center","background-size":"auto","background-attachment":"scroll","background-type":"","background-media":"","overlay-type":"","overlay-color":"","overlay-opacity":"","overlay-gradient":""},"mobile":{"background-color":"var(--ast-global-color-5)","background-image":"","background-repeat":"repeat","background-position":"center center","background-size":"auto","background-attachment":"scroll","background-type":"","background-media":"","overlay-type":"","overlay-color":"","overlay-opacity":"","overlay-gradient":""}}},"product_brand":[],"product_cat":[174],"product_tag":[319],"class_list":{"0":"post-4869","1":"product","2":"type-product","3":"status-publish","4":"has-post-thumbnail","6":"product_cat-globe-valves","7":"product_tag-petrochemical","8":"desktop-align-left","9":"tablet-align-left","10":"mobile-align-left","11":"ast-product-gallery-layout-horizontal-slider","12":"ast-product-gallery-with-no-image","13":"ast-product-tabs-layout-horizontal","14":"ast-qv-on-image","16":"first","17":"instock","18":"shipping-taxable","19":"product-type-simple"},"_links":{"self":[{"href":"https:\/\/raymonvalve.com\/es\/wp-json\/wp\/v2\/product\/4869","targetHints":{"allow":["GET"]}}],"collection":[{"href":"https:\/\/raymonvalve.com\/es\/wp-json\/wp\/v2\/product"}],"about":[{"href":"https:\/\/raymonvalve.com\/es\/wp-json\/wp\/v2\/types\/product"}],"replies":[{"embeddable":true,"href":"https:\/\/raymonvalve.com\/es\/wp-json\/wp\/v2\/comments?post=4869"}],"wp:featuredmedia":[{"embeddable":true,"href":"https:\/\/raymonvalve.com\/es\/wp-json\/wp\/v2\/media\/5580"}],"wp:attachment":[{"href":"https:\/\/raymonvalve.com\/es\/wp-json\/wp\/v2\/media?parent=4869"}],"wp:term":[{"taxonomy":"product_brand","embeddable":true,"href":"https:\/\/raymonvalve.com\/es\/wp-json\/wp\/v2\/product_brand?post=4869"},{"taxonomy":"product_cat","embeddable":true,"href":"https:\/\/raymonvalve.com\/es\/wp-json\/wp\/v2\/product_cat?post=4869"},{"taxonomy":"product_tag","embeddable":true,"href":"https:\/\/raymonvalve.com\/es\/wp-json\/wp\/v2\/product_tag?post=4869"}],"curies":[{"name":"wp","href":"https:\/\/api.w.org\/{rel}","templated":true}]}}