{"id":4877,"date":"2022-09-06T10:27:23","date_gmt":"2022-09-06T02:27:23","guid":{"rendered":"https:\/\/limegreen-okapi-448594.hostingersite.com\/?post_type=product&#038;p=4877"},"modified":"2022-11-29T11:20:57","modified_gmt":"2022-11-29T03:20:57","slug":"f745x-diaphragm-remote-control-valve","status":"publish","type":"product","link":"https:\/\/raymonvalve.com\/es\/producto\/f745x-diaphragm-remote-control-valve\/","title":{"rendered":"V\u00e1lvula de control remoto de diafragma F745X"},"content":{"rendered":"<div class=\"document\">\n<div class=\"document\">\n<div class=\"document\">\n<div class=\"document\">\n<div class=\"document\">\n<div class=\"document\">\n<p>V\u00e1lvula flotante de control remoto F745X<\/p>\n<p>Caracter\u00edsticas estructurales<\/p>\n<p>La v\u00e1lvula flotante de control remoto tipo F745X se compone de la v\u00e1lvula principal, la v\u00e1lvula flotante y el sistema de toma. El cuerpo de la v\u00e1lvula principal adopta un dise\u00f1o de canal completo, de corriente directa y de l\u00ednea de flujo, y adopta dos tipos de estructura: tipo diafragma o tipo pist\u00f3n. El sistema de toma consta de v\u00e1lvula flotante, v\u00e1lvula de bola y toma.<\/p>\n<p>Este producto utiliza directamente la v\u00e1lvula piloto de bola flotante para controlar el nivel de l\u00edquido, sin otros dispositivos ni fuentes de energ\u00eda, estructura simple, f\u00e1cil mantenimiento, el control no se ve afectado por la presi\u00f3n del agua, alta precisi\u00f3n en el control del nivel de l\u00edquido y sellado fiable.<\/p>\n<p>Principio de funcionamiento<\/p>\n<p>Cuando la tuber\u00eda introduce agua desde el extremo de entrada de agua, debido a que la v\u00e1lvula de bola y la v\u00e1lvula flotante est\u00e1n normalmente abiertas, el agua entra en el dep\u00f3sito a trav\u00e9s del microfiltro, la v\u00e1lvula de bola B, la c\u00e1mara de control, la v\u00e1lvula de bola A y la v\u00e1lvula flotante, la c\u00e1mara de control de la v\u00e1lvula principal no forma presi\u00f3n y la v\u00e1lvula principal se abre, se suministra agua a la torre (dep\u00f3sito).<\/p>\n<p>Cuando el nivel del agua de la torre (dep\u00f3sito) sube a la altura establecida, la bola flotante flota y cierra la v\u00e1lvula flotante, la presi\u00f3n del agua en la c\u00e1mara de control aumenta y empuja la v\u00e1lvula principal para que se cierre, deteni\u00e9ndose el suministro de agua. Cuando el nivel del agua del dep\u00f3sito desciende, la v\u00e1lvula flotante se reabre, la presi\u00f3n del agua en la c\u00e1mara de control disminuye y la v\u00e1lvula principal se abre de nuevo para continuar el suministro de agua, manteniendo la altura establecida del nivel del l\u00edquido.<\/p>\n<p>Caracter\u00edsticas de funcionamiento<\/p>\n<p>1. El cierre es herm\u00e9tico y fiable. La v\u00e1lvula principal se sella con un anillo de goma, y la fuerza de cierre se forma autom\u00e1ticamente por la c\u00e1mara de control de la v\u00e1lvula principal para mantener una fuerza de cierre adecuada, con una alta vida \u00fatil y fiabilidad del sellado.<\/p>\n<p>2. Es f\u00e1cil de operar y no se necesita otro sistema de control para la v\u00e1lvula. La v\u00e1lvula se abre y se cierra autom\u00e1ticamente a medida que cambia el nivel del l\u00edquido.<\/p>\n<p>3. El cuerpo de la v\u00e1lvula adopta el dise\u00f1o de canal completo, tipo DC y tipo aerodin\u00e1mico. La p\u00e9rdida hidr\u00e1ulica es peque\u00f1a y el efecto de ahorro de energ\u00eda es bueno.<\/p>\n<p>Funci\u00f3n y uso<\/p>\n<p>La v\u00e1lvula se instala en la tuber\u00eda de entrada de la torre de agua y el dep\u00f3sito para completar la funci\u00f3n de mantener la altura especificada del nivel de l\u00edquido de la torre de agua y el dep\u00f3sito.<\/p>\n<p>Esta serie de productos de v\u00e1lvulas se utiliza ampliamente en el control autom\u00e1tico del nivel de l\u00edquido de torres de agua, dep\u00f3sitos y otras instalaciones en edificios altos, \u00e1reas residenciales y otros sistemas de redes de tuber\u00edas de suministro de agua.<\/p>\n<p>Par\u00e1metros t\u00e9cnicos principales<\/p>\n<table>\n<colgroup>\n<col width=\"91px\" \/>\n<col width=\"111px\" \/>\n<col width=\"106px\" \/>\n<col width=\"100px\" \/>\n<col width=\"105px\" \/>\n<col width=\"124px\" \/>\n<col width=\"171px\" \/><\/colgroup>\n<tbody>\n<tr>\n<td colspan=\"1\" rowspan=\"1\" align=\"\" valign=\"middle\" width=\"91\">\n<p class=\"paragraph text-align-type-center pap-line-1 pap-line-rule-auto pap-spacing-before-0pt pap-spacing-after-0pt\">Presi\u00f3n nominal (Mpa)<\/p>\n<\/td>\n<td colspan=\"1\" rowspan=\"1\" align=\"\" valign=\"middle\" width=\"111\">\n<p class=\"paragraph text-align-type-center pap-line-1 pap-line-rule-auto pap-spacing-before-0pt pap-spacing-after-0pt\">Presi\u00f3n de prueba de carcasa (MPa)<\/p>\n<\/td>\n<td colspan=\"1\" rowspan=\"1\" align=\"\" valign=\"middle\" width=\"106\">\n<p class=\"paragraph text-align-type-center pap-line-1 pap-line-rule-auto pap-spacing-before-0pt pap-spacing-after-0pt\">Presi\u00f3n de prueba de estanqueidad (MPa)<\/p>\n<\/td>\n<td colspan=\"1\" rowspan=\"1\" align=\"\" valign=\"middle\" width=\"100\">\n<p class=\"paragraph text-align-type-center pap-line-1 pap-line-rule-auto pap-spacing-before-0pt pap-spacing-after-0pt\">Rango de regulaci\u00f3n de presi\u00f3n (MPa)<\/p>\n<\/td>\n<td colspan=\"1\" rowspan=\"1\" align=\"\" valign=\"middle\" width=\"105\">\n<p class=\"paragraph text-align-type-center pap-line-1 pap-line-rule-auto pap-spacing-before-0pt pap-spacing-after-0pt\">Presi\u00f3n m\u00ednima de operaci\u00f3n (MPa)<\/p>\n<\/td>\n<td colspan=\"1\" rowspan=\"1\" align=\"\" valign=\"middle\" width=\"124\">\n<p class=\"paragraph text-align-type-center pap-line-1 pap-line-rule-auto pap-spacing-before-0pt pap-spacing-after-0pt\">Medios aplicables<\/p>\n<\/td>\n<td colspan=\"1\" rowspan=\"1\" align=\"\" valign=\"middle\" width=\"171\">\n<p class=\"paragraph text-align-type-center pap-line-1 pap-line-rule-auto pap-spacing-before-0pt pap-spacing-after-0pt\">Temperatura del medio (\u2103)<\/p>\n<\/td>\n<\/tr>\n<tr>\n<td colspan=\"1\" rowspan=\"1\" align=\"\" valign=\"middle\" width=\"91\">\n<p class=\"paragraph text-align-type-center pap-line-1 pap-line-rule-auto pap-spacing-before-0pt pap-spacing-after-0pt\">1.0<\/p>\n<\/td>\n<td colspan=\"1\" rowspan=\"1\" align=\"\" valign=\"middle\" width=\"111\">\n<p class=\"paragraph text-align-type-center pap-line-1 pap-line-rule-auto pap-spacing-before-0pt pap-spacing-after-0pt\">1.5<\/p>\n<\/td>\n<td colspan=\"1\" rowspan=\"1\" align=\"\" valign=\"middle\" width=\"106\">\n<p class=\"paragraph text-align-type-center pap-line-1 pap-line-rule-auto pap-spacing-before-0pt pap-spacing-after-0pt\">1.1<\/p>\n<\/td>\n<td colspan=\"1\" rowspan=\"1\" align=\"\" valign=\"middle\" width=\"100\">\n<p class=\"paragraph text-align-type-center pap-line-1 pap-line-rule-auto pap-spacing-before-0pt pap-spacing-after-0pt\">0.09-0.8<\/p>\n<\/td>\n<td colspan=\"1\" rowspan=\"3\" align=\"\" valign=\"middle\" width=\"105\">\n<p class=\"paragraph text-align-type-center pap-line-1 pap-line-rule-auto pap-spacing-before-0pt pap-spacing-after-0pt\">\u22650.07<\/p>\n<\/td>\n<td colspan=\"1\" rowspan=\"3\" align=\"\" valign=\"middle\" width=\"124\">\n<p class=\"paragraph text-align-type-center pap-line-1 pap-line-rule-auto pap-spacing-before-0pt pap-spacing-after-0pt\">agua<\/p>\n<\/td>\n<td colspan=\"1\" rowspan=\"3\" align=\"\" valign=\"middle\" width=\"171\">\n<p class=\"paragraph text-align-type-center pap-line-1 pap-line-rule-auto pap-spacing-before-0pt pap-spacing-after-0pt\">0-80<\/p>\n<\/td>\n<\/tr>\n<tr>\n<td colspan=\"1\" rowspan=\"1\" align=\"\" valign=\"middle\" width=\"91\">\n<p class=\"paragraph text-align-type-center pap-line-1 pap-line-rule-auto pap-spacing-before-0pt pap-spacing-after-0pt\">1.6<\/p>\n<\/td>\n<td colspan=\"1\" rowspan=\"1\" align=\"\" valign=\"middle\" width=\"111\">\n<p class=\"paragraph text-align-type-center pap-line-1 pap-line-rule-auto pap-spacing-before-0pt pap-spacing-after-0pt\">2.4<\/p>\n<\/td>\n<td colspan=\"1\" rowspan=\"1\" align=\"\" valign=\"middle\" width=\"106\">\n<p class=\"paragraph text-align-type-center pap-line-1 pap-line-rule-auto pap-spacing-before-0pt pap-spacing-after-0pt\">1.76<\/p>\n<\/td>\n<td colspan=\"1\" rowspan=\"1\" align=\"\" valign=\"middle\" width=\"100\">\n<p class=\"paragraph text-align-type-center pap-line-1 pap-line-rule-auto pap-spacing-before-0pt pap-spacing-after-0pt\">0.15-1.4<\/p>\n<\/td>\n<\/tr>\n<tr>\n<td colspan=\"1\" rowspan=\"1\" align=\"\" valign=\"middle\" width=\"91\">\n<p class=\"paragraph text-align-type-center pap-line-1 pap-line-rule-auto pap-spacing-before-0pt pap-spacing-after-0pt\">2.5<\/p>\n<\/td>\n<td colspan=\"1\" rowspan=\"1\" align=\"\" valign=\"middle\" width=\"111\">\n<p class=\"paragraph text-align-type-center pap-line-1 pap-line-rule-auto pap-spacing-before-0pt pap-spacing-after-0pt\">3.75<\/p>\n<\/td>\n<td colspan=\"1\" rowspan=\"1\" align=\"\" valign=\"middle\" width=\"106\">\n<p class=\"paragraph text-align-type-center pap-line-1 pap-line-rule-auto pap-spacing-before-0pt pap-spacing-after-0pt\">2.75<\/p>\n<\/td>\n<td colspan=\"1\" rowspan=\"1\" align=\"\" valign=\"middle\" width=\"100\">\n<p class=\"paragraph text-align-type-center pap-line-1 pap-line-rule-auto pap-spacing-before-0pt pap-spacing-after-0pt\">0.2-2.0<\/p>\n<\/td>\n<\/tr>\n<\/tbody>\n<\/table>\n<p class=\"paragraph text-align-type-left pap-line-1 pap-line-rule-auto pap-spacing-before-17.92pt pap-spacing-after-17.92pt\">\n<\/div>\n<\/div>\n<\/div>\n<\/div>\n<\/div>\n<\/div>","protected":false},"excerpt":{"rendered":"<p>La v\u00e1lvula flotante de control remoto tipo F745X se compone de la v\u00e1lvula principal, la v\u00e1lvula flotante y el sistema de toma. El cuerpo de la v\u00e1lvula principal adopta un dise\u00f1o de canal completo, de corriente directa y de l\u00ednea de flujo, y adopta dos tipos de estructura: tipo diafragma o tipo pist\u00f3n. El sistema de toma consta de v\u00e1lvula flotante, v\u00e1lvula de bola y toma.<\/p>\n<p>Este producto utiliza directamente la v\u00e1lvula piloto de bola flotante para controlar el nivel de l\u00edquido, sin otros dispositivos ni fuentes de energ\u00eda, estructura simple, f\u00e1cil mantenimiento, el control no se ve afectado por la presi\u00f3n del agua, alta precisi\u00f3n en el control del nivel de l\u00edquido y sellado fiable.<\/p>","protected":false},"featured_media":5522,"comment_status":"open","ping_status":"closed","template":"","meta":{"site-sidebar-layout":"default","site-content-layout":"default","ast-site-content-layout":"default","site-content-style":"default","site-sidebar-style":"default","ast-global-header-display":"","ast-banner-title-visibility":"","ast-main-header-display":"","ast-hfb-above-header-display":"","ast-hfb-below-header-display":"","ast-hfb-mobile-header-display":"","site-post-title":"","ast-breadcrumbs-content":"","ast-featured-img":"","footer-sml-layout":"","ast-disable-related-posts":"","theme-transparent-header-meta":"default","adv-header-id-meta":"","stick-header-meta":"default","header-above-stick-meta":"","header-main-stick-meta":"","header-below-stick-meta":"","astra-migrate-meta-layouts":"default","ast-page-background-enabled":"default","ast-page-background-meta":{"desktop":{"background-color":"","background-image":"","background-repeat":"repeat","background-position":"center center","background-size":"auto","background-attachment":"scroll","background-type":"","background-media":"","overlay-type":"","overlay-color":"","overlay-opacity":"","overlay-gradient":""},"tablet":{"background-color":"","background-image":"","background-repeat":"repeat","background-position":"center center","background-size":"auto","background-attachment":"scroll","background-type":"","background-media":"","overlay-type":"","overlay-color":"","overlay-opacity":"","overlay-gradient":""},"mobile":{"background-color":"","background-image":"","background-repeat":"repeat","background-position":"center center","background-size":"auto","background-attachment":"scroll","background-type":"","background-media":"","overlay-type":"","overlay-color":"","overlay-opacity":"","overlay-gradient":""}},"ast-content-background-meta":{"desktop":{"background-color":"var(--ast-global-color-5)","background-image":"","background-repeat":"repeat","background-position":"center center","background-size":"auto","background-attachment":"scroll","background-type":"","background-media":"","overlay-type":"","overlay-color":"","overlay-opacity":"","overlay-gradient":""},"tablet":{"background-color":"var(--ast-global-color-5)","background-image":"","background-repeat":"repeat","background-position":"center center","background-size":"auto","background-attachment":"scroll","background-type":"","background-media":"","overlay-type":"","overlay-color":"","overlay-opacity":"","overlay-gradient":""},"mobile":{"background-color":"var(--ast-global-color-5)","background-image":"","background-repeat":"repeat","background-position":"center center","background-size":"auto","background-attachment":"scroll","background-type":"","background-media":"","overlay-type":"","overlay-color":"","overlay-opacity":"","overlay-gradient":""}}},"product_brand":[],"product_cat":[178],"product_tag":[],"class_list":{"0":"post-4877","1":"product","2":"type-product","3":"status-publish","4":"has-post-thumbnail","6":"product_cat-control-valves","7":"desktop-align-left","8":"tablet-align-left","9":"mobile-align-left","10":"ast-product-gallery-layout-horizontal-slider","11":"ast-product-gallery-with-no-image","12":"ast-product-tabs-layout-horizontal","13":"ast-qv-on-image","15":"first","16":"instock","17":"shipping-taxable","18":"product-type-simple"},"_links":{"self":[{"href":"https:\/\/raymonvalve.com\/es\/wp-json\/wp\/v2\/product\/4877","targetHints":{"allow":["GET"]}}],"collection":[{"href":"https:\/\/raymonvalve.com\/es\/wp-json\/wp\/v2\/product"}],"about":[{"href":"https:\/\/raymonvalve.com\/es\/wp-json\/wp\/v2\/types\/product"}],"replies":[{"embeddable":true,"href":"https:\/\/raymonvalve.com\/es\/wp-json\/wp\/v2\/comments?post=4877"}],"wp:featuredmedia":[{"embeddable":true,"href":"https:\/\/raymonvalve.com\/es\/wp-json\/wp\/v2\/media\/5522"}],"wp:attachment":[{"href":"https:\/\/raymonvalve.com\/es\/wp-json\/wp\/v2\/media?parent=4877"}],"wp:term":[{"taxonomy":"product_brand","embeddable":true,"href":"https:\/\/raymonvalve.com\/es\/wp-json\/wp\/v2\/product_brand?post=4877"},{"taxonomy":"product_cat","embeddable":true,"href":"https:\/\/raymonvalve.com\/es\/wp-json\/wp\/v2\/product_cat?post=4877"},{"taxonomy":"product_tag","embeddable":true,"href":"https:\/\/raymonvalve.com\/es\/wp-json\/wp\/v2\/product_tag?post=4877"}],"curies":[{"name":"wp","href":"https:\/\/api.w.org\/{rel}","templated":true}]}}