{"id":4894,"date":"2022-09-06T16:53:33","date_gmt":"2022-09-06T08:53:33","guid":{"rendered":"https:\/\/limegreen-okapi-448594.hostingersite.com\/?post_type=product&#038;p=4894"},"modified":"2022-09-15T13:50:37","modified_gmt":"2022-09-15T05:50:37","slug":"h14w-internal-thread-swing-check-valve","status":"publish","type":"product","link":"https:\/\/raymonvalve.com\/es\/producto\/h14w-internal-thread-swing-check-valve\/","title":{"rendered":"V\u00e1lvula antirretorno oscilante H14W con rosca interna"},"content":{"rendered":"<div class=\"document\">\n<div class=\"document\">\n<div class=\"document\">\n<div class=\"document\">\n<div class=\"document\">\n<div class=\"document\">\n<div class=\"document\">\n<div id=\"offer-title-13772573013167-1\" class=\"offer-title-wrapper\" data-module-id=\"13772573013167\" data-title=\"\u5546\u54c1\u63cf\u8ff0\">\n<div class=\"offer-title-content\">\n<div class=\"document\">\n<div class=\"document\">\n<p>Descripci\u00f3n general del producto V\u00e1lvula antirretorno oscilante H14W de acero inoxidable con rosca La funci\u00f3n de la v\u00e1lvula antirretorno es evitar el reflujo del medio en la tuber\u00eda. La v\u00e1lvula antirretorno pertenece a la categor\u00eda de v\u00e1lvulas autom\u00e1ticas, y las partes de apertura y cierre se abren autom\u00e1ticamente por la fuerza del medio en flujo.<br \/>\no cerrado. La v\u00e1lvula antirretorno solo se utiliza en tuber\u00edas donde el medio fluye en una direcci\u00f3n para evitar el reflujo del medio y prevenir accidentes.<\/p>\n<p>Medios aplicables: agua, aceite, vapor, medios \u00e1cidos, etc.<\/p>\n<p>Especificaciones de rendimiento<\/p>\n<table border=\"0\" cellspacing=\"1\">\n<tbody>\n<tr>\n<td bgcolor=\"#ffffff\" width=\"30%\">Presi\u00f3n nominal<\/td>\n<td bgcolor=\"#ffffff\" width=\"21%\">PN<\/td>\n<td bgcolor=\"#ffffff\" width=\"27%\">1.6, 2.5, 4.0, 6.4<\/td>\n<td rowspan=\"4\" bgcolor=\"#ffffff\" width=\"22%\">MPa<\/td>\n<\/tr>\n<tr>\n<td bgcolor=\"#ffffff\">Presi\u00f3n de prueba de resistencia<\/td>\n<td bgcolor=\"#ffffff\">PT<\/td>\n<td bgcolor=\"#ffffff\">2.4, 3.8, 6.0, 7.6<\/td>\n<\/tr>\n<tr>\n<td bgcolor=\"#ffffff\">Presi\u00f3n de prueba de estanqueidad a gas a baja presi\u00f3n<\/td>\n<td bgcolor=\"#ffffff\"><\/td>\n<td bgcolor=\"#ffffff\">0.6<\/td>\n<\/tr>\n<tr>\n<td bgcolor=\"#ffffff\">Presi\u00f3n de prueba de estanqueidad a gas a alta presi\u00f3n<\/td>\n<td colspan=\"2\" bgcolor=\"#ffffff\">2.0, 3.0, 4.8, 7.6<\/td>\n<\/tr>\n<tr>\n<td rowspan=\"2\" bgcolor=\"#ffffff\">Medios aplicables<\/td>\n<td bgcolor=\"#ffffff\">H14W-(16-64)C<\/td>\n<td bgcolor=\"#ffffff\">H14W-(16-64)P<\/td>\n<td bgcolor=\"#ffffff\">H14W-(16-64)R<\/td>\n<\/tr>\n<tr>\n<td bgcolor=\"#ffffff\">agua, aceite, gas<\/td>\n<td bgcolor=\"#ffffff\">\u00c1cido n\u00edtrico<\/td>\n<td bgcolor=\"#ffffff\">\u00c1cido ac\u00e9tico<\/td>\n<\/tr>\n<tr>\n<td bgcolor=\"#ffffff\">Temperatura aplicable<\/td>\n<td colspan=\"3\" bgcolor=\"#ffffff\">-40\uff5e180<\/td>\n<\/tr>\n<\/tbody>\n<\/table>\n<h6>Material de la parte principal<\/h6>\n<table border=\"0\" cellspacing=\"1\">\n<tbody>\n<tr>\n<td bgcolor=\"#ffffff\">N.\u00ba de serie.<\/td>\n<td bgcolor=\"#ffffff\">Nombre de la pieza<\/td>\n<td bgcolor=\"#ffffff\">material<\/td>\n<\/tr>\n<tr>\n<td bgcolor=\"#ffffff\">1<\/td>\n<td bgcolor=\"#ffffff\">Cuerpo de v\u00e1lvula<\/td>\n<td bgcolor=\"#ffffff\">Acero inoxidable CF8M\/CF8<\/td>\n<\/tr>\n<tr>\n<td bgcolor=\"#ffffff\">2<\/td>\n<td bgcolor=\"#ffffff\">tapa de v\u00e1lvula<\/td>\n<td bgcolor=\"#ffffff\">Acero inoxidable CF8M\/CF8<\/td>\n<\/tr>\n<tr>\n<td bgcolor=\"#ffffff\">3<\/td>\n<td bgcolor=\"#ffffff\">tap\u00f3n basculante<\/td>\n<td bgcolor=\"#ffffff\">\u00a0Acero inoxidable 316\/304<\/td>\n<\/tr>\n<tr>\n<td bgcolor=\"#ffffff\">4<\/td>\n<td bgcolor=\"#ffffff\">disco de v\u00e1lvula<\/td>\n<td bgcolor=\"#ffffff\">\u00a0Acero inoxidable CF8M\/CF8<\/td>\n<\/tr>\n<tr>\n<td bgcolor=\"#ffffff\">5<\/td>\n<td bgcolor=\"#ffffff\">tap\u00f3n roscado<\/td>\n<td bgcolor=\"#ffffff\">\u00a0Acero inoxidable 316\/304<\/td>\n<\/tr>\n<tr>\n<td bgcolor=\"#ffffff\">6<\/td>\n<td bgcolor=\"#ffffff\">tap\u00f3n roscado con junta<\/td>\n<td bgcolor=\"#ffffff\">\u00a0PTFE<\/td>\n<\/tr>\n<\/tbody>\n<\/table>\n<h6>Tama\u00f1o de conexi\u00f3n principal y peso Unidad: mm<\/h6>\n<table border=\"0\" cellspacing=\"1\">\n<tbody>\n<tr>\n<td bgcolor=\"#ffffff\">TAMA\u00d1O<\/td>\n<td bgcolor=\"#ffffff\">1\/2\u2033<\/td>\n<td bgcolor=\"#ffffff\">3\/4\u2033<\/td>\n<td bgcolor=\"#ffffff\">1\u2033<\/td>\n<td bgcolor=\"#ffffff\">11\/4\u2033<\/td>\n<td bgcolor=\"#ffffff\">11\/2\u2033<\/td>\n<td bgcolor=\"#ffffff\">2\u2033<\/td>\n<td bgcolor=\"#ffffff\">2 1\/2\u2033<\/td>\n<td bgcolor=\"#ffffff\">3\u2033<\/td>\n<\/tr>\n<tr>\n<td bgcolor=\"#ffffff\">A<\/td>\n<td bgcolor=\"#ffffff\">15<\/td>\n<td bgcolor=\"#ffffff\">20<\/td>\n<td bgcolor=\"#ffffff\">25<\/td>\n<td bgcolor=\"#ffffff\">32<\/td>\n<td bgcolor=\"#ffffff\">40<\/td>\n<td bgcolor=\"#ffffff\">50<\/td>\n<td bgcolor=\"#ffffff\">65<\/td>\n<td bgcolor=\"#ffffff\">80<\/td>\n<\/tr>\n<tr>\n<td bgcolor=\"#ffffff\">H<\/td>\n<td bgcolor=\"#ffffff\">42<\/td>\n<td bgcolor=\"#ffffff\">51<\/td>\n<td bgcolor=\"#ffffff\">60<\/td>\n<td bgcolor=\"#ffffff\">67<\/td>\n<td bgcolor=\"#ffffff\">75<\/td>\n<td bgcolor=\"#ffffff\">81<\/td>\n<td bgcolor=\"#ffffff\">93<\/td>\n<td bgcolor=\"#ffffff\">104<\/td>\n<\/tr>\n<tr>\n<td bgcolor=\"#ffffff\">L<\/td>\n<td bgcolor=\"#ffffff\">65<\/td>\n<td bgcolor=\"#ffffff\">80<\/td>\n<td bgcolor=\"#ffffff\">90<\/td>\n<td bgcolor=\"#ffffff\">105<\/td>\n<td bgcolor=\"#ffffff\">120<\/td>\n<td bgcolor=\"#ffffff\">140<\/td>\n<td bgcolor=\"#ffffff\">180<\/td>\n<td bgcolor=\"#ffffff\">200<\/td>\n<\/tr>\n<tr>\n<td bgcolor=\"#ffffff\">PesoWT(kg)<\/td>\n<td bgcolor=\"#ffffff\">310<\/td>\n<td bgcolor=\"#ffffff\">445<\/td>\n<td bgcolor=\"#ffffff\">680<\/td>\n<td bgcolor=\"#ffffff\">1040<\/td>\n<td bgcolor=\"#ffffff\">1490<\/td>\n<td bgcolor=\"#ffffff\">2020<\/td>\n<td bgcolor=\"#ffffff\"><\/td>\n<td bgcolor=\"#ffffff\"><\/td>\n<\/tr>\n<\/tbody>\n<\/table>\n<\/div>\n<\/div>\n<\/div>\n<\/div>\n<\/div>\n<\/div>\n<\/div>\n<\/div>\n<\/div>\n<\/div>\n<\/div>","protected":false},"excerpt":{"rendered":"<p>Descripci\u00f3n general del producto V\u00e1lvula antirretorno oscilante H14W de acero inoxidable con rosca La funci\u00f3n de la v\u00e1lvula antirretorno es evitar el reflujo del medio en la tuber\u00eda. La v\u00e1lvula antirretorno pertenece a la categor\u00eda de v\u00e1lvulas autom\u00e1ticas, y las partes de apertura y cierre se abren autom\u00e1ticamente por la fuerza del medio en flujo.<br \/>\no cerrado. La v\u00e1lvula antirretorno solo se utiliza en tuber\u00edas donde el medio fluye en una direcci\u00f3n para evitar el reflujo del medio y prevenir accidentes.<\/p>","protected":false},"featured_media":5682,"comment_status":"open","ping_status":"closed","template":"","meta":{"site-sidebar-layout":"default","site-content-layout":"default","ast-site-content-layout":"default","site-content-style":"default","site-sidebar-style":"default","ast-global-header-display":"","ast-banner-title-visibility":"","ast-main-header-display":"","ast-hfb-above-header-display":"","ast-hfb-below-header-display":"","ast-hfb-mobile-header-display":"","site-post-title":"","ast-breadcrumbs-content":"","ast-featured-img":"","footer-sml-layout":"","ast-disable-related-posts":"","theme-transparent-header-meta":"default","adv-header-id-meta":"","stick-header-meta":"default","header-above-stick-meta":"","header-main-stick-meta":"","header-below-stick-meta":"","astra-migrate-meta-layouts":"default","ast-page-background-enabled":"default","ast-page-background-meta":{"desktop":{"background-color":"","background-image":"","background-repeat":"repeat","background-position":"center center","background-size":"auto","background-attachment":"scroll","background-type":"","background-media":"","overlay-type":"","overlay-color":"","overlay-opacity":"","overlay-gradient":""},"tablet":{"background-color":"","background-image":"","background-repeat":"repeat","background-position":"center center","background-size":"auto","background-attachment":"scroll","background-type":"","background-media":"","overlay-type":"","overlay-color":"","overlay-opacity":"","overlay-gradient":""},"mobile":{"background-color":"","background-image":"","background-repeat":"repeat","background-position":"center center","background-size":"auto","background-attachment":"scroll","background-type":"","background-media":"","overlay-type":"","overlay-color":"","overlay-opacity":"","overlay-gradient":""}},"ast-content-background-meta":{"desktop":{"background-color":"var(--ast-global-color-5)","background-image":"","background-repeat":"repeat","background-position":"center center","background-size":"auto","background-attachment":"scroll","background-type":"","background-media":"","overlay-type":"","overlay-color":"","overlay-opacity":"","overlay-gradient":""},"tablet":{"background-color":"var(--ast-global-color-5)","background-image":"","background-repeat":"repeat","background-position":"center center","background-size":"auto","background-attachment":"scroll","background-type":"","background-media":"","overlay-type":"","overlay-color":"","overlay-opacity":"","overlay-gradient":""},"mobile":{"background-color":"var(--ast-global-color-5)","background-image":"","background-repeat":"repeat","background-position":"center center","background-size":"auto","background-attachment":"scroll","background-type":"","background-media":"","overlay-type":"","overlay-color":"","overlay-opacity":"","overlay-gradient":""}}},"product_brand":[],"product_cat":[177],"product_tag":[323],"class_list":{"0":"post-4894","1":"product","2":"type-product","3":"status-publish","4":"has-post-thumbnail","6":"product_cat-check-valves","7":"product_tag-water-resources","8":"desktop-align-left","9":"tablet-align-left","10":"mobile-align-left","11":"ast-product-gallery-layout-horizontal-slider","12":"ast-product-gallery-with-no-image","13":"ast-product-tabs-layout-horizontal","14":"ast-qv-on-image","16":"first","17":"instock","18":"shipping-taxable","19":"product-type-simple"},"_links":{"self":[{"href":"https:\/\/raymonvalve.com\/es\/wp-json\/wp\/v2\/product\/4894","targetHints":{"allow":["GET"]}}],"collection":[{"href":"https:\/\/raymonvalve.com\/es\/wp-json\/wp\/v2\/product"}],"about":[{"href":"https:\/\/raymonvalve.com\/es\/wp-json\/wp\/v2\/types\/product"}],"replies":[{"embeddable":true,"href":"https:\/\/raymonvalve.com\/es\/wp-json\/wp\/v2\/comments?post=4894"}],"wp:featuredmedia":[{"embeddable":true,"href":"https:\/\/raymonvalve.com\/es\/wp-json\/wp\/v2\/media\/5682"}],"wp:attachment":[{"href":"https:\/\/raymonvalve.com\/es\/wp-json\/wp\/v2\/media?parent=4894"}],"wp:term":[{"taxonomy":"product_brand","embeddable":true,"href":"https:\/\/raymonvalve.com\/es\/wp-json\/wp\/v2\/product_brand?post=4894"},{"taxonomy":"product_cat","embeddable":true,"href":"https:\/\/raymonvalve.com\/es\/wp-json\/wp\/v2\/product_cat?post=4894"},{"taxonomy":"product_tag","embeddable":true,"href":"https:\/\/raymonvalve.com\/es\/wp-json\/wp\/v2\/product_tag?post=4894"}],"curies":[{"name":"wp","href":"https:\/\/api.w.org\/{rel}","templated":true}]}}