{"id":3690,"date":"2022-08-24T08:42:14","date_gmt":"2022-08-24T00:42:14","guid":{"rendered":"https:\/\/limegreen-okapi-448594.hostingersite.com\/?post_type=product&#038;p=3690"},"modified":"2022-09-05T14:12:33","modified_gmt":"2022-09-05T06:12:33","slug":"dsc-sleeve-single-seat-control-valve","status":"publish","type":"product","link":"https:\/\/raymonvalve.com\/fr\/produit\/dsc-sleeve-single-seat-control-valve\/","title":{"rendered":"Vanne de r\u00e9gulation DSC \u00e0 si\u00e8ge simple avec manchon"},"content":{"rendered":"<p>Utilis\u00e9e pour les applications \u00e0 forte diff\u00e9rence de pression g\u00e9n\u00e9rant un ph\u00e9nom\u00e8ne de flash et de cavitation. Un manchon robuste prot\u00e8ge le corps de vanne contre les dommages dus au flash et \u00e0 la cavitation. Le corps de vanne pr\u00e9sente un canal profil\u00e9 en S. La perte de charge est faible, le d\u00e9bit est important, la plage d'ajustement est large et la pr\u00e9cision des caract\u00e9ristiques de d\u00e9bit est \u00e9lev\u00e9e.<\/p>\n<p>Donn\u00e9es techniques\u00a0:<\/p>\n<p>-DN:40-300<br \/>\n-Pression : PN16-110<br \/>\nClasse ANSI 150-600<br \/>\n\u2013 Norme de raccordement : GB, DIN, ANSI, JIS, etc. \u2013 Temp\u00e9rature : -196~+566\u2103 - Plage de Cv : 4.0-650<br \/>\n\u2013 Caract\u00e9ristiques de d\u00e9bit : pourcentage \u00e9gal, lin\u00e9aire \u2013 Fuite : classes V, V et V<\/p>\n<p>Mat\u00e9riau :<\/p>\n<p>\u2013 Corps : acier au carbone, acier inoxydable, acier alli\u00e9 sp\u00e9cial \u2013 Garniture : acier inoxydable, acier inoxydable + traitement tremp\u00e9.<br \/>\nAcier inoxydable + carbure, acier alli\u00e9 sp\u00e9cial<\/p>\n<p>Optionnel :<\/p>\n<p>\u2013 Joint \u00e0 soufflet \u2013 Chemise d'isolation<br \/>\n-Garniture d'\u00e9tanch\u00e9it\u00e9 \u00e0 faible fuite<\/p>\n<p>Caract\u00e9ristiques :<\/p>\n<p>- Conception \u00e0 manchon fendu<br \/>\n\u2013 Emp\u00eache le flash et la cavitation<br \/>\n\u2013 Capacit\u00e9 d'arr\u00eat atteint les niveaux V, V et V<br \/>\n- Le canal du corps de vanne est optimis\u00e9, ce qui favorise une stabilit\u00e9 implicite du flux<br \/>\n- Actionneur pneumatique compact \u00e0 ressorts multiples<\/p>","protected":false},"excerpt":{"rendered":"<p>Utilis\u00e9e pour les applications \u00e0 forte diff\u00e9rence de pression g\u00e9n\u00e9rant un ph\u00e9nom\u00e8ne de flash et de cavitation. Un manchon robuste prot\u00e8ge le corps de vanne contre les dommages dus au flash et \u00e0 la cavitation. Le corps de vanne pr\u00e9sente un canal profil\u00e9 en S. La perte de charge est faible, le d\u00e9bit est important, la plage d'ajustement est large et la pr\u00e9cision des caract\u00e9ristiques de d\u00e9bit est \u00e9lev\u00e9e.<\/p>","protected":false},"featured_media":3691,"comment_status":"open","ping_status":"closed","template":"","meta":{"site-sidebar-layout":"default","site-content-layout":"default","ast-site-content-layout":"default","site-content-style":"default","site-sidebar-style":"default","ast-global-header-display":"","ast-banner-title-visibility":"","ast-main-header-display":"","ast-hfb-above-header-display":"","ast-hfb-below-header-display":"","ast-hfb-mobile-header-display":"","site-post-title":"","ast-breadcrumbs-content":"","ast-featured-img":"","footer-sml-layout":"","ast-disable-related-posts":"","theme-transparent-header-meta":"default","adv-header-id-meta":"","stick-header-meta":"default","header-above-stick-meta":"","header-main-stick-meta":"","header-below-stick-meta":"","astra-migrate-meta-layouts":"default","ast-page-background-enabled":"default","ast-page-background-meta":{"desktop":{"background-color":"","background-image":"","background-repeat":"repeat","background-position":"center center","background-size":"auto","background-attachment":"scroll","background-type":"","background-media":"","overlay-type":"","overlay-color":"","overlay-opacity":"","overlay-gradient":""},"tablet":{"background-color":"","background-image":"","background-repeat":"repeat","background-position":"center center","background-size":"auto","background-attachment":"scroll","background-type":"","background-media":"","overlay-type":"","overlay-color":"","overlay-opacity":"","overlay-gradient":""},"mobile":{"background-color":"","background-image":"","background-repeat":"repeat","background-position":"center center","background-size":"auto","background-attachment":"scroll","background-type":"","background-media":"","overlay-type":"","overlay-color":"","overlay-opacity":"","overlay-gradient":""}},"ast-content-background-meta":{"desktop":{"background-color":"var(--ast-global-color-5)","background-image":"","background-repeat":"repeat","background-position":"center center","background-size":"auto","background-attachment":"scroll","background-type":"","background-media":"","overlay-type":"","overlay-color":"","overlay-opacity":"","overlay-gradient":""},"tablet":{"background-color":"var(--ast-global-color-5)","background-image":"","background-repeat":"repeat","background-position":"center center","background-size":"auto","background-attachment":"scroll","background-type":"","background-media":"","overlay-type":"","overlay-color":"","overlay-opacity":"","overlay-gradient":""},"mobile":{"background-color":"var(--ast-global-color-5)","background-image":"","background-repeat":"repeat","background-position":"center center","background-size":"auto","background-attachment":"scroll","background-type":"","background-media":"","overlay-type":"","overlay-color":"","overlay-opacity":"","overlay-gradient":""}}},"product_brand":[],"product_cat":[295,178],"product_tag":[],"class_list":{"0":"post-3690","1":"product","2":"type-product","3":"status-publish","4":"has-post-thumbnail","6":"product_cat-globe-pneumatic-control-valve","7":"product_cat-control-valves","8":"desktop-align-left","9":"tablet-align-left","10":"mobile-align-left","11":"ast-product-gallery-layout-horizontal-slider","12":"ast-product-gallery-with-no-image","13":"ast-product-tabs-layout-horizontal","14":"ast-qv-on-image","16":"first","17":"instock","18":"shipping-taxable","19":"product-type-simple"},"_links":{"self":[{"href":"https:\/\/raymonvalve.com\/fr\/wp-json\/wp\/v2\/product\/3690","targetHints":{"allow":["GET"]}}],"collection":[{"href":"https:\/\/raymonvalve.com\/fr\/wp-json\/wp\/v2\/product"}],"about":[{"href":"https:\/\/raymonvalve.com\/fr\/wp-json\/wp\/v2\/types\/product"}],"replies":[{"embeddable":true,"href":"https:\/\/raymonvalve.com\/fr\/wp-json\/wp\/v2\/comments?post=3690"}],"wp:featuredmedia":[{"embeddable":true,"href":"https:\/\/raymonvalve.com\/fr\/wp-json\/wp\/v2\/media\/3691"}],"wp:attachment":[{"href":"https:\/\/raymonvalve.com\/fr\/wp-json\/wp\/v2\/media?parent=3690"}],"wp:term":[{"taxonomy":"product_brand","embeddable":true,"href":"https:\/\/raymonvalve.com\/fr\/wp-json\/wp\/v2\/product_brand?post=3690"},{"taxonomy":"product_cat","embeddable":true,"href":"https:\/\/raymonvalve.com\/fr\/wp-json\/wp\/v2\/product_cat?post=3690"},{"taxonomy":"product_tag","embeddable":true,"href":"https:\/\/raymonvalve.com\/fr\/wp-json\/wp\/v2\/product_tag?post=3690"}],"curies":[{"name":"wp","href":"https:\/\/api.w.org\/{rel}","templated":true}]}}