{"id":3697,"date":"2022-08-24T09:01:09","date_gmt":"2022-08-24T01:01:09","guid":{"rendered":"https:\/\/limegreen-okapi-448594.hostingersite.com\/?post_type=product&#038;p=3697"},"modified":"2022-09-05T14:01:42","modified_gmt":"2022-09-05T06:01:42","slug":"large-diameter-sleeve-control-valve","status":"publish","type":"product","link":"https:\/\/raymonvalve.com\/fr\/produit\/large-diameter-sleeve-control-valve\/","title":{"rendered":"Vanne de r\u00e9gulation \u00e0 manchon grand diam\u00e8tre"},"content":{"rendered":"<p>La conception \u00e0 \u00e9quilibrage de pression est adopt\u00e9e, le corps est profil\u00e9 en S, la perte de charge est faible, le d\u00e9bit est important, la plage d'ajustement est large et la pr\u00e9cision des caract\u00e9ristiques de d\u00e9bit est \u00e9lev\u00e9e. Elle peut \u00eatre largement utilis\u00e9e dans le contr\u00f4le de processus des fluides chimiques, p\u00e9troliers, m\u00e9tallurgiques et autres fluides industriels.<\/p>\n<p>Donn\u00e9es techniques\u00a0:<\/p>\n<p>-DN:300-400 -Pression:PN16-64<br \/>\nClasse ANSI 150-300<br \/>\n\u2013 Norme de raccordement : GB, DIN, ANSI, JIS, etc. \u2013 Temp\u00e9rature : -40\u2103~+450\u2103 - Plage Cv : 2020-3200<br \/>\n\u2013 Caract\u00e9ristiques de d\u00e9bit : pourcentage \u00e9gal, lin\u00e9aire \u2013 \u00c9tanch\u00e9it\u00e9 : Classe I, V et V<\/p>\n<p>Mat\u00e9riau :<\/p>\n<p>\u2013 Corps : acier au carbone, acier inoxydable, acier alli\u00e9 sp\u00e9cial \u2013 Garniture : acier inoxydable, acier inoxydable + traitement tremp\u00e9.<br \/>\nAcier inoxydable + carbure c\u00e9ment\u00e9, acier alli\u00e9 sp\u00e9cial acier inoxydable + PTFE<\/p>\n<p>Optionnel :<\/p>\n<p>\u2013 \u00c9tanch\u00e9it\u00e9 par soufflet<\/p>\n<p>- Structure d'\u00e9tanch\u00e9it\u00e9 \u00e0 si\u00e8ge unique \u00e9quilibr\u00e9 par cage<\/p>\n<p>-Garniture d'\u00e9tanch\u00e9it\u00e9 \u00e0 faible fuite<\/p>\n<p>Caract\u00e9ristiques :<\/p>\n<p>- Conception \u00e9quilibr\u00e9e en pression<br \/>\n\u2013 Conception soign\u00e9e pour une maintenance ais\u00e9e<br \/>\n-Conception \u00e0 haut d\u00e9bit<br \/>\n\u2013 Anti-flash et cavitation<br \/>\n- Garniture \u00e0 changement rapide<br \/>\n\u2013 Communaut\u00e9 optimale de composants entre toutes les tailles<\/p>","protected":false},"excerpt":{"rendered":"<p>La conception \u00e0 \u00e9quilibrage de pression est adopt\u00e9e, le corps est profil\u00e9 en S, la perte de charge est faible, le d\u00e9bit est important, la plage d'ajustement est large et la pr\u00e9cision des caract\u00e9ristiques de d\u00e9bit est \u00e9lev\u00e9e. Elle peut \u00eatre largement utilis\u00e9e dans le contr\u00f4le de processus des fluides chimiques, p\u00e9troliers, m\u00e9tallurgiques et autres fluides industriels.<\/p>","protected":false},"featured_media":3698,"comment_status":"open","ping_status":"closed","template":"","meta":{"site-sidebar-layout":"default","site-content-layout":"default","ast-site-content-layout":"default","site-content-style":"default","site-sidebar-style":"default","ast-global-header-display":"","ast-banner-title-visibility":"","ast-main-header-display":"","ast-hfb-above-header-display":"","ast-hfb-below-header-display":"","ast-hfb-mobile-header-display":"","site-post-title":"","ast-breadcrumbs-content":"","ast-featured-img":"","footer-sml-layout":"","ast-disable-related-posts":"","theme-transparent-header-meta":"default","adv-header-id-meta":"","stick-header-meta":"default","header-above-stick-meta":"","header-main-stick-meta":"","header-below-stick-meta":"","astra-migrate-meta-layouts":"default","ast-page-background-enabled":"default","ast-page-background-meta":{"desktop":{"background-color":"","background-image":"","background-repeat":"repeat","background-position":"center center","background-size":"auto","background-attachment":"scroll","background-type":"","background-media":"","overlay-type":"","overlay-color":"","overlay-opacity":"","overlay-gradient":""},"tablet":{"background-color":"","background-image":"","background-repeat":"repeat","background-position":"center center","background-size":"auto","background-attachment":"scroll","background-type":"","background-media":"","overlay-type":"","overlay-color":"","overlay-opacity":"","overlay-gradient":""},"mobile":{"background-color":"","background-image":"","background-repeat":"repeat","background-position":"center center","background-size":"auto","background-attachment":"scroll","background-type":"","background-media":"","overlay-type":"","overlay-color":"","overlay-opacity":"","overlay-gradient":""}},"ast-content-background-meta":{"desktop":{"background-color":"var(--ast-global-color-5)","background-image":"","background-repeat":"repeat","background-position":"center center","background-size":"auto","background-attachment":"scroll","background-type":"","background-media":"","overlay-type":"","overlay-color":"","overlay-opacity":"","overlay-gradient":""},"tablet":{"background-color":"var(--ast-global-color-5)","background-image":"","background-repeat":"repeat","background-position":"center center","background-size":"auto","background-attachment":"scroll","background-type":"","background-media":"","overlay-type":"","overlay-color":"","overlay-opacity":"","overlay-gradient":""},"mobile":{"background-color":"var(--ast-global-color-5)","background-image":"","background-repeat":"repeat","background-position":"center center","background-size":"auto","background-attachment":"scroll","background-type":"","background-media":"","overlay-type":"","overlay-color":"","overlay-opacity":"","overlay-gradient":""}}},"product_brand":[],"product_cat":[295,178],"product_tag":[],"class_list":{"0":"post-3697","1":"product","2":"type-product","3":"status-publish","4":"has-post-thumbnail","6":"product_cat-globe-pneumatic-control-valve","7":"product_cat-control-valves","8":"desktop-align-left","9":"tablet-align-left","10":"mobile-align-left","11":"ast-product-gallery-layout-horizontal-slider","12":"ast-product-gallery-with-no-image","13":"ast-product-tabs-layout-horizontal","14":"ast-qv-on-image","16":"first","17":"instock","18":"shipping-taxable","19":"product-type-simple"},"_links":{"self":[{"href":"https:\/\/raymonvalve.com\/fr\/wp-json\/wp\/v2\/product\/3697","targetHints":{"allow":["GET"]}}],"collection":[{"href":"https:\/\/raymonvalve.com\/fr\/wp-json\/wp\/v2\/product"}],"about":[{"href":"https:\/\/raymonvalve.com\/fr\/wp-json\/wp\/v2\/types\/product"}],"replies":[{"embeddable":true,"href":"https:\/\/raymonvalve.com\/fr\/wp-json\/wp\/v2\/comments?post=3697"}],"wp:featuredmedia":[{"embeddable":true,"href":"https:\/\/raymonvalve.com\/fr\/wp-json\/wp\/v2\/media\/3698"}],"wp:attachment":[{"href":"https:\/\/raymonvalve.com\/fr\/wp-json\/wp\/v2\/media?parent=3697"}],"wp:term":[{"taxonomy":"product_brand","embeddable":true,"href":"https:\/\/raymonvalve.com\/fr\/wp-json\/wp\/v2\/product_brand?post=3697"},{"taxonomy":"product_cat","embeddable":true,"href":"https:\/\/raymonvalve.com\/fr\/wp-json\/wp\/v2\/product_cat?post=3697"},{"taxonomy":"product_tag","embeddable":true,"href":"https:\/\/raymonvalve.com\/fr\/wp-json\/wp\/v2\/product_tag?post=3697"}],"curies":[{"name":"wp","href":"https:\/\/api.w.org\/{rel}","templated":true}]}}