{"id":3703,"date":"2022-08-24T09:14:31","date_gmt":"2022-08-24T01:14:31","guid":{"rendered":"https:\/\/limegreen-okapi-448594.hostingersite.com\/?post_type=product&#038;p=3703"},"modified":"2022-09-05T13:51:35","modified_gmt":"2022-09-05T05:51:35","slug":"high-pressure-low-noise-cage-control-valve","status":"publish","type":"product","link":"https:\/\/raymonvalve.com\/fr\/produit\/high-pressure-low-noise-cage-control-valve\/","title":{"rendered":"High pressure low noise cage control valve"},"content":{"rendered":"<p>It is mainly designed to reduce the noise of compressible fluid. In order to adapt to gas throttling, diffusion and expansion, there are many symmetrical small holes on the sleeve to reduce pressure drop, which is lower in noise than DPC high-pressure cage valve.<\/p>\n<p>Donn\u00e9es techniques\u00a0:<\/p>\n<p>-DN:40-300<br \/>\n-Pression: ANSI Classe 900-2500<br \/>\n-Connection standard: GB, DINANSIJIS, etc. -Temperature: -46~+566\u2103 -Cv range: 8.0-770 -Flow characteristics: Linearity -Leakage: 1, V class<\/p>\n<p>Mat\u00e9riau :<\/p>\n<p>\u2013 Corps : acier au carbone, acier inoxydable, acier alli\u00e9 sp\u00e9cial \u2013 Garniture : acier inoxydable, acier inoxydable + traitement de durcissement,<br \/>\nAcier inoxydable + carbure, acier alli\u00e9 sp\u00e9cial<\/p>\n<p>Optionnel :<\/p>\n<p>- Structure d'\u00e9tanch\u00e9it\u00e9 \u00e0 si\u00e8ge unique \u00e9quilibr\u00e9 par cage<\/p>\n<p>-Garniture d'\u00e9tanch\u00e9it\u00e9 \u00e0 faible fuite<\/p>\n<p>Caract\u00e9ristiques :<\/p>\n<p>-Porous balance sleeve design<br \/>\n\u2013 Forte capacit\u00e9 de r\u00e9duction du bruit, faible bruit<br \/>\n- Mat\u00e9riau de garniture standard dur<br \/>\n-Quick-change trim<br \/>\n-Compact multi-spring pneumatic actuator<br \/>\n\u2013 Communaut\u00e9 optimale de composants entre toutes les tailles<\/p>","protected":false},"excerpt":{"rendered":"<p>It is mainly designed to reduce the noise of compressible fluid. In order to adapt to gas throttling, diffusion and expansion, there are many symmetrical small holes on the sleeve to reduce pressure drop, which is lower in noise than DPC high-pressure cage valve.<\/p>","protected":false},"featured_media":3704,"comment_status":"open","ping_status":"closed","template":"","meta":{"site-sidebar-layout":"default","site-content-layout":"default","ast-site-content-layout":"default","site-content-style":"default","site-sidebar-style":"default","ast-global-header-display":"","ast-banner-title-visibility":"","ast-main-header-display":"","ast-hfb-above-header-display":"","ast-hfb-below-header-display":"","ast-hfb-mobile-header-display":"","site-post-title":"","ast-breadcrumbs-content":"","ast-featured-img":"","footer-sml-layout":"","ast-disable-related-posts":"","theme-transparent-header-meta":"default","adv-header-id-meta":"","stick-header-meta":"default","header-above-stick-meta":"","header-main-stick-meta":"","header-below-stick-meta":"","astra-migrate-meta-layouts":"default","ast-page-background-enabled":"default","ast-page-background-meta":{"desktop":{"background-color":"","background-image":"","background-repeat":"repeat","background-position":"center center","background-size":"auto","background-attachment":"scroll","background-type":"","background-media":"","overlay-type":"","overlay-color":"","overlay-opacity":"","overlay-gradient":""},"tablet":{"background-color":"","background-image":"","background-repeat":"repeat","background-position":"center center","background-size":"auto","background-attachment":"scroll","background-type":"","background-media":"","overlay-type":"","overlay-color":"","overlay-opacity":"","overlay-gradient":""},"mobile":{"background-color":"","background-image":"","background-repeat":"repeat","background-position":"center center","background-size":"auto","background-attachment":"scroll","background-type":"","background-media":"","overlay-type":"","overlay-color":"","overlay-opacity":"","overlay-gradient":""}},"ast-content-background-meta":{"desktop":{"background-color":"var(--ast-global-color-5)","background-image":"","background-repeat":"repeat","background-position":"center center","background-size":"auto","background-attachment":"scroll","background-type":"","background-media":"","overlay-type":"","overlay-color":"","overlay-opacity":"","overlay-gradient":""},"tablet":{"background-color":"var(--ast-global-color-5)","background-image":"","background-repeat":"repeat","background-position":"center center","background-size":"auto","background-attachment":"scroll","background-type":"","background-media":"","overlay-type":"","overlay-color":"","overlay-opacity":"","overlay-gradient":""},"mobile":{"background-color":"var(--ast-global-color-5)","background-image":"","background-repeat":"repeat","background-position":"center center","background-size":"auto","background-attachment":"scroll","background-type":"","background-media":"","overlay-type":"","overlay-color":"","overlay-opacity":"","overlay-gradient":""}}},"product_brand":[],"product_cat":[295,178],"product_tag":[],"class_list":{"0":"post-3703","1":"product","2":"type-product","3":"status-publish","4":"has-post-thumbnail","6":"product_cat-globe-pneumatic-control-valve","7":"product_cat-control-valves","8":"desktop-align-left","9":"tablet-align-left","10":"mobile-align-left","11":"ast-product-gallery-layout-horizontal-slider","12":"ast-product-gallery-with-no-image","13":"ast-product-tabs-layout-horizontal","14":"ast-qv-on-image","16":"first","17":"instock","18":"shipping-taxable","19":"product-type-simple"},"_links":{"self":[{"href":"https:\/\/raymonvalve.com\/fr\/wp-json\/wp\/v2\/product\/3703","targetHints":{"allow":["GET"]}}],"collection":[{"href":"https:\/\/raymonvalve.com\/fr\/wp-json\/wp\/v2\/product"}],"about":[{"href":"https:\/\/raymonvalve.com\/fr\/wp-json\/wp\/v2\/types\/product"}],"replies":[{"embeddable":true,"href":"https:\/\/raymonvalve.com\/fr\/wp-json\/wp\/v2\/comments?post=3703"}],"wp:featuredmedia":[{"embeddable":true,"href":"https:\/\/raymonvalve.com\/fr\/wp-json\/wp\/v2\/media\/3704"}],"wp:attachment":[{"href":"https:\/\/raymonvalve.com\/fr\/wp-json\/wp\/v2\/media?parent=3703"}],"wp:term":[{"taxonomy":"product_brand","embeddable":true,"href":"https:\/\/raymonvalve.com\/fr\/wp-json\/wp\/v2\/product_brand?post=3703"},{"taxonomy":"product_cat","embeddable":true,"href":"https:\/\/raymonvalve.com\/fr\/wp-json\/wp\/v2\/product_cat?post=3703"},{"taxonomy":"product_tag","embeddable":true,"href":"https:\/\/raymonvalve.com\/fr\/wp-json\/wp\/v2\/product_tag?post=3703"}],"curies":[{"name":"wp","href":"https:\/\/api.w.org\/{rel}","templated":true}]}}