{"id":3707,"date":"2022-08-24T09:35:32","date_gmt":"2022-08-24T01:35:32","guid":{"rendered":"https:\/\/limegreen-okapi-448594.hostingersite.com\/?post_type=product&#038;p=3707"},"modified":"2022-09-05T13:31:58","modified_gmt":"2022-09-05T05:31:58","slug":"cage-type-angle-valve","status":"publish","type":"product","link":"https:\/\/raymonvalve.com\/fr\/produit\/cage-type-angle-valve\/","title":{"rendered":"Cage Type Angle Valve"},"content":{"rendered":"<p>The pressure balance design is adopted, the valve body is S-streamline, and there is a guide vane to improve the smooth flow of the fluid around the sleeve. The advantages are small pressure drop loss, large flow rate, wide adjustable range and high flow characteristic accuracy. Comply with IEC60534-2 standard.<\/p>\n<p>Donn\u00e9es techniques\u00a0:<\/p>\n<p>-DN:40-400 -Pression:PN16-110<br \/>\nANSI Class150-600<br \/>\n-Connection standard: GB.DIN, ANSIJIS, etc. -Temperature: -196~+566\u2103 Cv range: 11-3200<br \/>\n&#8211; Flow characteristics: Equal percentage, linear &#8211; Leakage: Class I and V<\/p>\n<p>Mat\u00e9riau :<\/p>\n<p>\u2013 Corps : acier au carbone, acier inoxydable, acier alli\u00e9 sp\u00e9cial \u2013 Garniture : acier inoxydable, acier inoxydable + traitement de durcissement,<br \/>\nAcier inoxydable + carbure. Acier alli\u00e9 sp\u00e9cial acier inoxydable + PTFE<\/p>\n<p>Optionnel :<\/p>\n<p>\u2013 \u00c9tanch\u00e9it\u00e9 par soufflet<\/p>\n<p>\u2013 Chemise d'isolation<\/p>\n<p>-Garniture d'\u00e9tanch\u00e9it\u00e9 \u00e0 faible fuite<\/p>\n<p>Caract\u00e9ristiques :<\/p>\n<p>\u2013 Communaut\u00e9 optimale de composants entre toutes les tailles<br \/>\n- Conception \u00e9quilibr\u00e9e en pression<br \/>\n\u2013 Conception soign\u00e9e pour une maintenance ais\u00e9e<br \/>\n\u2013 Conception \u00e0 haut d\u00e9bit \u2013 Anti-flash et cavitation<br \/>\n\u2013 Le canal du corps de vanne est optimis\u00e9 pour une meilleure stabilit\u00e9 d'\u00e9coulement<br \/>\n\u2013 Communaut\u00e9 optimale de composants entre toutes les tailles<\/p>","protected":false},"excerpt":{"rendered":"<p>The pressure balance design is adopted, the valve body is S-streamline, and there is a guide vane to improve the smooth flow of the fluid around the sleeve. The advantages are small pressure drop loss, large flow rate, wide adjustable range and high flow characteristic accuracy. Comply with IEC60534-2 standard.<\/p>","protected":false},"featured_media":3708,"comment_status":"open","ping_status":"closed","template":"","meta":{"site-sidebar-layout":"default","site-content-layout":"default","ast-site-content-layout":"default","site-content-style":"default","site-sidebar-style":"default","ast-global-header-display":"","ast-banner-title-visibility":"","ast-main-header-display":"","ast-hfb-above-header-display":"","ast-hfb-below-header-display":"","ast-hfb-mobile-header-display":"","site-post-title":"","ast-breadcrumbs-content":"","ast-featured-img":"","footer-sml-layout":"","ast-disable-related-posts":"","theme-transparent-header-meta":"default","adv-header-id-meta":"","stick-header-meta":"default","header-above-stick-meta":"","header-main-stick-meta":"","header-below-stick-meta":"","astra-migrate-meta-layouts":"default","ast-page-background-enabled":"default","ast-page-background-meta":{"desktop":{"background-color":"","background-image":"","background-repeat":"repeat","background-position":"center center","background-size":"auto","background-attachment":"scroll","background-type":"","background-media":"","overlay-type":"","overlay-color":"","overlay-opacity":"","overlay-gradient":""},"tablet":{"background-color":"","background-image":"","background-repeat":"repeat","background-position":"center center","background-size":"auto","background-attachment":"scroll","background-type":"","background-media":"","overlay-type":"","overlay-color":"","overlay-opacity":"","overlay-gradient":""},"mobile":{"background-color":"","background-image":"","background-repeat":"repeat","background-position":"center center","background-size":"auto","background-attachment":"scroll","background-type":"","background-media":"","overlay-type":"","overlay-color":"","overlay-opacity":"","overlay-gradient":""}},"ast-content-background-meta":{"desktop":{"background-color":"var(--ast-global-color-5)","background-image":"","background-repeat":"repeat","background-position":"center center","background-size":"auto","background-attachment":"scroll","background-type":"","background-media":"","overlay-type":"","overlay-color":"","overlay-opacity":"","overlay-gradient":""},"tablet":{"background-color":"var(--ast-global-color-5)","background-image":"","background-repeat":"repeat","background-position":"center center","background-size":"auto","background-attachment":"scroll","background-type":"","background-media":"","overlay-type":"","overlay-color":"","overlay-opacity":"","overlay-gradient":""},"mobile":{"background-color":"var(--ast-global-color-5)","background-image":"","background-repeat":"repeat","background-position":"center center","background-size":"auto","background-attachment":"scroll","background-type":"","background-media":"","overlay-type":"","overlay-color":"","overlay-opacity":"","overlay-gradient":""}}},"product_brand":[],"product_cat":[178,316,295],"product_tag":[],"class_list":{"0":"post-3707","1":"product","2":"type-product","3":"status-publish","4":"has-post-thumbnail","6":"product_cat-control-valves","7":"product_cat-angle-valve","8":"product_cat-globe-pneumatic-control-valve","9":"desktop-align-left","10":"tablet-align-left","11":"mobile-align-left","12":"ast-product-gallery-layout-horizontal-slider","13":"ast-product-gallery-with-no-image","14":"ast-product-tabs-layout-horizontal","15":"ast-qv-on-image","17":"first","18":"instock","19":"shipping-taxable","20":"product-type-simple"},"_links":{"self":[{"href":"https:\/\/raymonvalve.com\/fr\/wp-json\/wp\/v2\/product\/3707","targetHints":{"allow":["GET"]}}],"collection":[{"href":"https:\/\/raymonvalve.com\/fr\/wp-json\/wp\/v2\/product"}],"about":[{"href":"https:\/\/raymonvalve.com\/fr\/wp-json\/wp\/v2\/types\/product"}],"replies":[{"embeddable":true,"href":"https:\/\/raymonvalve.com\/fr\/wp-json\/wp\/v2\/comments?post=3707"}],"wp:featuredmedia":[{"embeddable":true,"href":"https:\/\/raymonvalve.com\/fr\/wp-json\/wp\/v2\/media\/3708"}],"wp:attachment":[{"href":"https:\/\/raymonvalve.com\/fr\/wp-json\/wp\/v2\/media?parent=3707"}],"wp:term":[{"taxonomy":"product_brand","embeddable":true,"href":"https:\/\/raymonvalve.com\/fr\/wp-json\/wp\/v2\/product_brand?post=3707"},{"taxonomy":"product_cat","embeddable":true,"href":"https:\/\/raymonvalve.com\/fr\/wp-json\/wp\/v2\/product_cat?post=3707"},{"taxonomy":"product_tag","embeddable":true,"href":"https:\/\/raymonvalve.com\/fr\/wp-json\/wp\/v2\/product_tag?post=3707"}],"curies":[{"name":"wp","href":"https:\/\/api.w.org\/{rel}","templated":true}]}}