{"id":3745,"date":"2022-08-24T14:36:40","date_gmt":"2022-08-24T06:36:40","guid":{"rendered":"https:\/\/limegreen-okapi-448594.hostingersite.com\/?post_type=product&#038;p=3745"},"modified":"2022-09-05T10:21:41","modified_gmt":"2022-09-05T02:21:41","slug":"high-pressure-angle-type-control-valve","status":"publish","type":"product","link":"https:\/\/raymonvalve.com\/fr\/produit\/high-pressure-angle-type-control-valve\/","title":{"rendered":"Vanne de r\u00e9gulation haute pression type angulaire"},"content":{"rendered":"<p>Le si\u00e8ge principal de la vanne de r\u00e9gulation angulaire haute pression DAH est fabriqu\u00e9 dans un mat\u00e9riau de haute duret\u00e9 pour pr\u00e9venir l'\u00e9rosion et l'usure du fluide haute pression. Le sens d'\u00e9coulement du fluide est de c\u00f4t\u00e9 \u00e0 entrer et par le bas \u00e0 sortir. Le gaz de contr\u00f4le peut \u00eatre utilis\u00e9 de bas \u00e0 entrer et de c\u00f4t\u00e9 \u00e0 sortir.<\/p>\n<p>Donn\u00e9es techniques\u00a0:<\/p>\n<p>-DN : 20-50<br \/>\n-Pression : PN250-320<br \/>\nClasse ANSI 900-2500<br \/>\n-Norme de raccordement : RF, RJ, BW, joint lentille -Temp\u00e9rature : -17\u2103~+425\u2103 -Caract\u00e9ristique d'\u00e9coulement : Lin\u00e9aire -Fuite : Classe IV<\/p>\n<p>Mat\u00e9riau :<\/p>\n<p>-Corps : acier forg\u00e9 ou acier inoxydable forg\u00e9<br \/>\n\u2013 Garniture : 1Cr18Ni90Cr17Ni12Mo2<br \/>\nacier inoxydable<br \/>\n\u2013 Rev\u00eatement en alliage Stellite<\/p>\n<p>Optionnel :<\/p>\n<p>aucun<\/p>\n<p>Caract\u00e9ristiques :<\/p>\n<p>-Corps angulaire forg\u00e9 type Venturi<br \/>\n-Conception de si\u00e8ge unique poreux<br \/>\n- La garniture de la vanne est nitrur\u00e9e et durcie<br \/>\n- Conception \u00e0 \u00e9tages multiples<br \/>\n-Toutes les garnitures peuvent \u00eatre d\u00e9mont\u00e9es rapidement<\/p>","protected":false},"excerpt":{"rendered":"<p>Le si\u00e8ge principal de la vanne de r\u00e9gulation angulaire haute pression DAH est fabriqu\u00e9 dans un mat\u00e9riau de haute duret\u00e9 pour pr\u00e9venir l'\u00e9rosion et l'usure du fluide haute pression. Le sens d'\u00e9coulement du fluide est de c\u00f4t\u00e9 \u00e0 entrer et par le bas \u00e0 sortir. Le gaz de contr\u00f4le peut \u00eatre utilis\u00e9 de bas \u00e0 entrer et de c\u00f4t\u00e9 \u00e0 sortir.<\/p>","protected":false},"featured_media":3743,"comment_status":"open","ping_status":"closed","template":"","meta":{"site-sidebar-layout":"default","site-content-layout":"default","ast-site-content-layout":"default","site-content-style":"default","site-sidebar-style":"default","ast-global-header-display":"","ast-banner-title-visibility":"","ast-main-header-display":"","ast-hfb-above-header-display":"","ast-hfb-below-header-display":"","ast-hfb-mobile-header-display":"","site-post-title":"","ast-breadcrumbs-content":"","ast-featured-img":"","footer-sml-layout":"","ast-disable-related-posts":"","theme-transparent-header-meta":"default","adv-header-id-meta":"","stick-header-meta":"default","header-above-stick-meta":"","header-main-stick-meta":"","header-below-stick-meta":"","astra-migrate-meta-layouts":"default","ast-page-background-enabled":"default","ast-page-background-meta":{"desktop":{"background-color":"","background-image":"","background-repeat":"repeat","background-position":"center center","background-size":"auto","background-attachment":"scroll","background-type":"","background-media":"","overlay-type":"","overlay-color":"","overlay-opacity":"","overlay-gradient":""},"tablet":{"background-color":"","background-image":"","background-repeat":"repeat","background-position":"center center","background-size":"auto","background-attachment":"scroll","background-type":"","background-media":"","overlay-type":"","overlay-color":"","overlay-opacity":"","overlay-gradient":""},"mobile":{"background-color":"","background-image":"","background-repeat":"repeat","background-position":"center center","background-size":"auto","background-attachment":"scroll","background-type":"","background-media":"","overlay-type":"","overlay-color":"","overlay-opacity":"","overlay-gradient":""}},"ast-content-background-meta":{"desktop":{"background-color":"var(--ast-global-color-5)","background-image":"","background-repeat":"repeat","background-position":"center center","background-size":"auto","background-attachment":"scroll","background-type":"","background-media":"","overlay-type":"","overlay-color":"","overlay-opacity":"","overlay-gradient":""},"tablet":{"background-color":"var(--ast-global-color-5)","background-image":"","background-repeat":"repeat","background-position":"center center","background-size":"auto","background-attachment":"scroll","background-type":"","background-media":"","overlay-type":"","overlay-color":"","overlay-opacity":"","overlay-gradient":""},"mobile":{"background-color":"var(--ast-global-color-5)","background-image":"","background-repeat":"repeat","background-position":"center center","background-size":"auto","background-attachment":"scroll","background-type":"","background-media":"","overlay-type":"","overlay-color":"","overlay-opacity":"","overlay-gradient":""}}},"product_brand":[],"product_cat":[178,196,297],"product_tag":[],"class_list":{"0":"post-3745","1":"product","2":"type-product","3":"status-publish","4":"has-post-thumbnail","6":"product_cat-control-valves","7":"product_cat-power-station-valve","8":"product_cat-power-station-high-differential-pressure-control-valve","9":"desktop-align-left","10":"tablet-align-left","11":"mobile-align-left","12":"ast-product-gallery-layout-horizontal-slider","13":"ast-product-gallery-with-no-image","14":"ast-product-tabs-layout-horizontal","15":"ast-qv-on-image","17":"first","18":"instock","19":"shipping-taxable","20":"product-type-simple"},"_links":{"self":[{"href":"https:\/\/raymonvalve.com\/fr\/wp-json\/wp\/v2\/product\/3745","targetHints":{"allow":["GET"]}}],"collection":[{"href":"https:\/\/raymonvalve.com\/fr\/wp-json\/wp\/v2\/product"}],"about":[{"href":"https:\/\/raymonvalve.com\/fr\/wp-json\/wp\/v2\/types\/product"}],"replies":[{"embeddable":true,"href":"https:\/\/raymonvalve.com\/fr\/wp-json\/wp\/v2\/comments?post=3745"}],"wp:featuredmedia":[{"embeddable":true,"href":"https:\/\/raymonvalve.com\/fr\/wp-json\/wp\/v2\/media\/3743"}],"wp:attachment":[{"href":"https:\/\/raymonvalve.com\/fr\/wp-json\/wp\/v2\/media?parent=3745"}],"wp:term":[{"taxonomy":"product_brand","embeddable":true,"href":"https:\/\/raymonvalve.com\/fr\/wp-json\/wp\/v2\/product_brand?post=3745"},{"taxonomy":"product_cat","embeddable":true,"href":"https:\/\/raymonvalve.com\/fr\/wp-json\/wp\/v2\/product_cat?post=3745"},{"taxonomy":"product_tag","embeddable":true,"href":"https:\/\/raymonvalve.com\/fr\/wp-json\/wp\/v2\/product_tag?post=3745"}],"curies":[{"name":"wp","href":"https:\/\/api.w.org\/{rel}","templated":true}]}}