{"id":3750,"date":"2022-08-24T15:03:48","date_gmt":"2022-08-24T07:03:48","guid":{"rendered":"https:\/\/limegreen-okapi-448594.hostingersite.com\/?post_type=product&#038;p=3750"},"modified":"2026-02-04T15:48:43","modified_gmt":"2026-02-04T07:48:43","slug":"boiler-feed-water-control-valve","status":"publish","type":"product","link":"https:\/\/raymonvalve.com\/fr\/produit\/boiler-feed-water-control-valve\/","title":{"rendered":"Vanne de r\u00e9gulation d'eau d'alimentation de chaudi\u00e8re"},"content":{"rendered":"<p>Le manchon et le noyau de la vanne de l'ensemble interne sont une sorte de structure poreuse et mixte en cascade. Le fluide passe d'abord par la fen\u00eatre du manchon pour une premi\u00e8re \u00e9tape de laminage, puis traverse trois \u00e9tapes de laminage continu en cascade, permettant une grande diff\u00e9rence de pression et une \u00e9tanch\u00e9it\u00e9. Bonne ; la vanne est l'un des r\u00e9gulateurs importants pour les syst\u00e8mes d'alimentation en eau des chaudi\u00e8res dans les centrales thermiques, et peut \u00e9galement \u00eatre utilis\u00e9e dans les syst\u00e8mes de contr\u00f4le automatique pour les industries p\u00e9trochimiques et autres afin de contr\u00f4ler les fluides \u00e0 haute diff\u00e9rence de pression.<\/p>\n<p>Donn\u00e9es techniques\u00a0:<\/p>\n<p>-DN:50-300<br \/>\n-Pression : PN250-320<br \/>\nClasse ANSI 900-2500<br \/>\n-Norme de raccordement: BW<br \/>\n-Temp\u00e9rature : -17~+420\u2103<br \/>\n\u2013 Caract\u00e9ristiques de d\u00e9bit : lin\u00e9aire ou pourcentage \u00e9gal \u2013 Fuite : Classe V<\/p>\n<p>Mat\u00e9riau :<\/p>\n<p>-Corps de vanne : forge 20#<br \/>\n\u2013 Garniture : Acier inoxydable sp\u00e9cial avec traitement de durcissement de surface<\/p>\n<p>Optionnel :<\/p>\n<p>aucun<\/p>\n<p>Caract\u00e9ristiques :<\/p>\n<p>- Corps inter-vannes droit forg\u00e9<br \/>\n- L'ensemble de grande vanne a une structure novatrice et adopte un \u00e9tranglement par manchon. Contr\u00f4le efficace de la vitesse d'\u00e9coulement autour de 30 m\/s<br \/>\n- La surface d'\u00e9tranglement est s\u00e9par\u00e9e de la surface d'\u00e9tanch\u00e9it\u00e9 du si\u00e8ge de vanne, ce qui prot\u00e8ge efficacement la surface d'\u00e9tanch\u00e9it\u00e9, offre de bonnes performances d'\u00e9tanch\u00e9it\u00e9 et une longue dur\u00e9e de vie. Les composants internes sont en acier inoxydable \u00e0 haute r\u00e9sistance<br \/>\n- Le noyau de vanne adopte une structure \u00e9quilibr\u00e9e en pression pour r\u00e9duire la force d\u00e9s\u00e9quilibr\u00e9e du fluide agissant sur le noyau de visualisation<\/p>","protected":false},"excerpt":{"rendered":"<p>Le manchon et le noyau de la vanne de l'ensemble interne sont une sorte de structure poreuse et mixte en cascade. Le fluide passe d'abord par la fen\u00eatre du manchon pour une premi\u00e8re \u00e9tape de laminage, puis traverse trois \u00e9tapes de laminage continu en cascade, permettant une grande diff\u00e9rence de pression et une \u00e9tanch\u00e9it\u00e9. Bonne ; la vanne est l'un des r\u00e9gulateurs importants pour les syst\u00e8mes d'alimentation en eau des chaudi\u00e8res dans les centrales thermiques, et peut \u00e9galement \u00eatre utilis\u00e9e dans les syst\u00e8mes de contr\u00f4le automatique pour les industries p\u00e9trochimiques et autres afin de contr\u00f4ler les fluides \u00e0 haute diff\u00e9rence de pression.<\/p>","protected":false},"featured_media":3747,"comment_status":"open","ping_status":"closed","template":"","meta":{"site-sidebar-layout":"default","site-content-layout":"default","ast-site-content-layout":"default","site-content-style":"default","site-sidebar-style":"default","ast-global-header-display":"","ast-banner-title-visibility":"","ast-main-header-display":"","ast-hfb-above-header-display":"","ast-hfb-below-header-display":"","ast-hfb-mobile-header-display":"","site-post-title":"","ast-breadcrumbs-content":"","ast-featured-img":"","footer-sml-layout":"","ast-disable-related-posts":"","theme-transparent-header-meta":"default","adv-header-id-meta":"","stick-header-meta":"default","header-above-stick-meta":"","header-main-stick-meta":"","header-below-stick-meta":"","astra-migrate-meta-layouts":"default","ast-page-background-enabled":"default","ast-page-background-meta":{"desktop":{"background-color":"","background-image":"","background-repeat":"repeat","background-position":"center center","background-size":"auto","background-attachment":"scroll","background-type":"","background-media":"","overlay-type":"","overlay-color":"","overlay-opacity":"","overlay-gradient":""},"tablet":{"background-color":"","background-image":"","background-repeat":"repeat","background-position":"center center","background-size":"auto","background-attachment":"scroll","background-type":"","background-media":"","overlay-type":"","overlay-color":"","overlay-opacity":"","overlay-gradient":""},"mobile":{"background-color":"","background-image":"","background-repeat":"repeat","background-position":"center center","background-size":"auto","background-attachment":"scroll","background-type":"","background-media":"","overlay-type":"","overlay-color":"","overlay-opacity":"","overlay-gradient":""}},"ast-content-background-meta":{"desktop":{"background-color":"var(--ast-global-color-5)","background-image":"","background-repeat":"repeat","background-position":"center center","background-size":"auto","background-attachment":"scroll","background-type":"","background-media":"","overlay-type":"","overlay-color":"","overlay-opacity":"","overlay-gradient":""},"tablet":{"background-color":"var(--ast-global-color-5)","background-image":"","background-repeat":"repeat","background-position":"center center","background-size":"auto","background-attachment":"scroll","background-type":"","background-media":"","overlay-type":"","overlay-color":"","overlay-opacity":"","overlay-gradient":""},"mobile":{"background-color":"var(--ast-global-color-5)","background-image":"","background-repeat":"repeat","background-position":"center center","background-size":"auto","background-attachment":"scroll","background-type":"","background-media":"","overlay-type":"","overlay-color":"","overlay-opacity":"","overlay-gradient":""}}},"product_brand":[],"product_cat":[178,196,297],"product_tag":[],"class_list":{"0":"post-3750","1":"product","2":"type-product","3":"status-publish","4":"has-post-thumbnail","6":"product_cat-control-valves","7":"product_cat-power-station-valve","8":"product_cat-power-station-high-differential-pressure-control-valve","9":"desktop-align-left","10":"tablet-align-left","11":"mobile-align-left","12":"ast-product-gallery-layout-horizontal-slider","13":"ast-product-gallery-with-no-image","14":"ast-product-tabs-layout-horizontal","15":"ast-qv-on-image","17":"first","18":"instock","19":"shipping-taxable","20":"product-type-simple"},"_links":{"self":[{"href":"https:\/\/raymonvalve.com\/fr\/wp-json\/wp\/v2\/product\/3750","targetHints":{"allow":["GET"]}}],"collection":[{"href":"https:\/\/raymonvalve.com\/fr\/wp-json\/wp\/v2\/product"}],"about":[{"href":"https:\/\/raymonvalve.com\/fr\/wp-json\/wp\/v2\/types\/product"}],"replies":[{"embeddable":true,"href":"https:\/\/raymonvalve.com\/fr\/wp-json\/wp\/v2\/comments?post=3750"}],"wp:featuredmedia":[{"embeddable":true,"href":"https:\/\/raymonvalve.com\/fr\/wp-json\/wp\/v2\/media\/3747"}],"wp:attachment":[{"href":"https:\/\/raymonvalve.com\/fr\/wp-json\/wp\/v2\/media?parent=3750"}],"wp:term":[{"taxonomy":"product_brand","embeddable":true,"href":"https:\/\/raymonvalve.com\/fr\/wp-json\/wp\/v2\/product_brand?post=3750"},{"taxonomy":"product_cat","embeddable":true,"href":"https:\/\/raymonvalve.com\/fr\/wp-json\/wp\/v2\/product_cat?post=3750"},{"taxonomy":"product_tag","embeddable":true,"href":"https:\/\/raymonvalve.com\/fr\/wp-json\/wp\/v2\/product_tag?post=3750"}],"curies":[{"name":"wp","href":"https:\/\/api.w.org\/{rel}","templated":true}]}}