{"id":3760,"date":"2022-08-25T09:14:05","date_gmt":"2022-08-25T01:14:05","guid":{"rendered":"https:\/\/limegreen-okapi-448594.hostingersite.com\/?post_type=product&#038;p=3760"},"modified":"2022-09-05T09:24:22","modified_gmt":"2022-09-05T01:24:22","slug":"pneumatic-high-temperature-and-high-pressure-steam-trap-valve","status":"publish","type":"product","link":"https:\/\/raymonvalve.com\/fr\/produit\/pneumatic-high-temperature-and-high-pressure-steam-trap-valve\/","title":{"rendered":"Vanne pneumatique pour purgeur de vapeur haute temp\u00e9rature et haute pression"},"content":{"rendered":"<p>Il se compose d'un actionneur pneumatique \u00e0 piston et d'une vanne de r\u00e9gulation de purge anti-\u00e9rosion. L'actionneur adopte un actionneur pneumatique \u00e0 piston et est \u00e9quip\u00e9 d'un nouveau m\u00e9canisme de volant mont\u00e9 sur le dessus, facile \u00e0 utiliser et offrant une force de sortie importante ; ce produit pr\u00e9sente les avantages d'une action fiable, de bonnes performances et d'une structure compacte, et peut \u00eatre largement utilis\u00e9 pour le drainage et les \u00e9missions de divers tuyaux de vapeur de chaudi\u00e8res.<\/p>\n<p>Donn\u00e9es techniques\u00a0:<\/p>\n<p>-DN : 15-100<br \/>\n-Pression : PN16-420<br \/>\nClasse ANSI 150-4500<br \/>\n\u2013 Mode de raccordement : RF, RJ, BW, SW, etc. \u2013 Temp\u00e9rature : -20~610\u2103 \u2013 Caract\u00e9ristiques de d\u00e9bit : Ouverture rapide<br \/>\n\u2013 Fuite : Classe V, Classe V et Classe V<\/p>\n<p>Mat\u00e9riau :<\/p>\n<p>-Corps, Chapelle : Acier au carbone, Acier au chrome-molybd\u00e8ne, Acier inoxydable \u2013 Garniture : Acier inoxydable<\/p>\n<p>Optionnel :<\/p>\n<p>\u2013 Traitement de d\u00e9graissage sans huile<\/p>\n<p>Caract\u00e9ristiques :<\/p>\n<p>-Il est \u00e9tanch\u00e9ifi\u00e9 avec un joint m\u00e9tallique en forme de dent ou un joint m\u00e9tallique rond, offrant une bonne s\u00e9curit\u00e9 ; le corps de vanne est forg\u00e9 en une seule pi\u00e8ce, avec des performances fiables et une s\u00e9curit\u00e9 garantie.<br \/>\n-La derni\u00e8re structure de manchon anti-\u00e9rosion \u00e9vite efficacement l'\u00e9rosion directe de la surface d'\u00e9tanch\u00e9it\u00e9 du si\u00e8ge de vanne par le fluide et prolonge la dur\u00e9e de vie de la vanne.<br \/>\n-Structure interne rempla\u00e7able<br \/>\n-Surface d'\u00e9tanch\u00e9it\u00e9 surfac\u00e9e par un proc\u00e9d\u00e9 sp\u00e9cial, anti-cavitation, anti-\u00e9rosion<\/p>","protected":false},"excerpt":{"rendered":"<p>Il se compose d'un actionneur pneumatique \u00e0 piston et d'une vanne de r\u00e9gulation de purge anti-\u00e9rosion. L'actionneur adopte un actionneur pneumatique \u00e0 piston et est \u00e9quip\u00e9 d'un nouveau m\u00e9canisme de volant mont\u00e9 sur le dessus, facile \u00e0 utiliser et offrant une force de sortie importante ; ce produit pr\u00e9sente les avantages d'une action fiable, de bonnes performances et d'une structure compacte, et peut \u00eatre largement utilis\u00e9 pour le drainage et les \u00e9missions de divers tuyaux de vapeur de chaudi\u00e8res.<\/p>","protected":false},"featured_media":3759,"comment_status":"open","ping_status":"closed","template":"","meta":{"site-sidebar-layout":"default","site-content-layout":"default","ast-site-content-layout":"default","site-content-style":"default","site-sidebar-style":"default","ast-global-header-display":"","ast-banner-title-visibility":"","ast-main-header-display":"","ast-hfb-above-header-display":"","ast-hfb-below-header-display":"","ast-hfb-mobile-header-display":"","site-post-title":"","ast-breadcrumbs-content":"","ast-featured-img":"","footer-sml-layout":"","ast-disable-related-posts":"","theme-transparent-header-meta":"default","adv-header-id-meta":"","stick-header-meta":"default","header-above-stick-meta":"","header-main-stick-meta":"","header-below-stick-meta":"","astra-migrate-meta-layouts":"default","ast-page-background-enabled":"default","ast-page-background-meta":{"desktop":{"background-color":"","background-image":"","background-repeat":"repeat","background-position":"center center","background-size":"auto","background-attachment":"scroll","background-type":"","background-media":"","overlay-type":"","overlay-color":"","overlay-opacity":"","overlay-gradient":""},"tablet":{"background-color":"","background-image":"","background-repeat":"repeat","background-position":"center center","background-size":"auto","background-attachment":"scroll","background-type":"","background-media":"","overlay-type":"","overlay-color":"","overlay-opacity":"","overlay-gradient":""},"mobile":{"background-color":"","background-image":"","background-repeat":"repeat","background-position":"center center","background-size":"auto","background-attachment":"scroll","background-type":"","background-media":"","overlay-type":"","overlay-color":"","overlay-opacity":"","overlay-gradient":""}},"ast-content-background-meta":{"desktop":{"background-color":"var(--ast-global-color-5)","background-image":"","background-repeat":"repeat","background-position":"center center","background-size":"auto","background-attachment":"scroll","background-type":"","background-media":"","overlay-type":"","overlay-color":"","overlay-opacity":"","overlay-gradient":""},"tablet":{"background-color":"var(--ast-global-color-5)","background-image":"","background-repeat":"repeat","background-position":"center center","background-size":"auto","background-attachment":"scroll","background-type":"","background-media":"","overlay-type":"","overlay-color":"","overlay-opacity":"","overlay-gradient":""},"mobile":{"background-color":"var(--ast-global-color-5)","background-image":"","background-repeat":"repeat","background-position":"center center","background-size":"auto","background-attachment":"scroll","background-type":"","background-media":"","overlay-type":"","overlay-color":"","overlay-opacity":"","overlay-gradient":""}}},"product_brand":[],"product_cat":[178,311,196,297],"product_tag":[],"class_list":{"0":"post-3760","1":"product","2":"type-product","3":"status-publish","4":"has-post-thumbnail","6":"product_cat-control-valves","7":"product_cat-high-temperature-and-high-pressure-valve","8":"product_cat-power-station-valve","9":"product_cat-power-station-high-differential-pressure-control-valve","10":"desktop-align-left","11":"tablet-align-left","12":"mobile-align-left","13":"ast-product-gallery-layout-horizontal-slider","14":"ast-product-gallery-with-no-image","15":"ast-product-tabs-layout-horizontal","16":"ast-qv-on-image","18":"first","19":"instock","20":"shipping-taxable","21":"product-type-simple"},"_links":{"self":[{"href":"https:\/\/raymonvalve.com\/fr\/wp-json\/wp\/v2\/product\/3760","targetHints":{"allow":["GET"]}}],"collection":[{"href":"https:\/\/raymonvalve.com\/fr\/wp-json\/wp\/v2\/product"}],"about":[{"href":"https:\/\/raymonvalve.com\/fr\/wp-json\/wp\/v2\/types\/product"}],"replies":[{"embeddable":true,"href":"https:\/\/raymonvalve.com\/fr\/wp-json\/wp\/v2\/comments?post=3760"}],"wp:featuredmedia":[{"embeddable":true,"href":"https:\/\/raymonvalve.com\/fr\/wp-json\/wp\/v2\/media\/3759"}],"wp:attachment":[{"href":"https:\/\/raymonvalve.com\/fr\/wp-json\/wp\/v2\/media?parent=3760"}],"wp:term":[{"taxonomy":"product_brand","embeddable":true,"href":"https:\/\/raymonvalve.com\/fr\/wp-json\/wp\/v2\/product_brand?post=3760"},{"taxonomy":"product_cat","embeddable":true,"href":"https:\/\/raymonvalve.com\/fr\/wp-json\/wp\/v2\/product_cat?post=3760"},{"taxonomy":"product_tag","embeddable":true,"href":"https:\/\/raymonvalve.com\/fr\/wp-json\/wp\/v2\/product_tag?post=3760"}],"curies":[{"name":"wp","href":"https:\/\/api.w.org\/{rel}","templated":true}]}}