{"id":3763,"date":"2022-08-25T09:22:34","date_gmt":"2022-08-25T01:22:34","guid":{"rendered":"https:\/\/limegreen-okapi-448594.hostingersite.com\/?post_type=product&#038;p=3763"},"modified":"2022-09-05T09:18:25","modified_gmt":"2022-09-05T01:18:25","slug":"pneumatic-stainless-steel-control-valve","status":"publish","type":"product","link":"https:\/\/raymonvalve.com\/fr\/produit\/pneumatic-stainless-steel-control-valve\/","title":{"rendered":"Pneumatic Stainless Steel Control Valve"},"content":{"rendered":"<p>It consists of a pneumatic diaphragm actuator and a low flow resistance single seat regulating valve. It is a new generation of adjustment line products in line with IEC standards. The actuator is a pneumatic diaphragm actuator. It adopts multi-spring structure, small size and light weight; it has the advantages of simple structure, convenient operation and reliable action, etc.<\/p>\n<p>Donn\u00e9es techniques\u00a0:<\/p>\n<p>-DN : 10-200<br \/>\n-Pression : PN16-100<br \/>\nClasse ANSI 150-300<br \/>\n\u2013 Norme de raccordement : GB, DIN, ANSI, JIS, etc. \u2013 Temp\u00e9rature : -20~450\u2103<br \/>\n-Flow characteristics: quick opening, linear, parabolic,<br \/>\nequal percentage<br \/>\n\u2013 Fuite : Classe V, Classe V et Classe V<\/p>\n<p>Mat\u00e9riau :<\/p>\n<p>-Corps, Capot : Acier inoxydable - Garniture : Acier inoxydable<\/p>\n<p>Optionnel :<\/p>\n<p>\u2013 Traitement de d\u00e9graissage sans huile<\/p>\n<p>Caract\u00e9ristiques :<\/p>\n<p>This product has the advantages of reliable action, high accuracy of flow characteristics, large adjustable ratio, compact structure, etc. It can be widely used in petrochemical, pharmaceutical, metallurgy, papermaking, water treatment and other industrial process control systems.<\/p>\n<p>-Using the upper guide structure, the action is reliable and the stability is good.<br \/>\n-Usinage CNC de la surface de la bobine, haute pr\u00e9cision d'ajustement. Selon les exigences des conditions de travail, il peut \u00eatre con\u00e7u comme une structure d'\u00e9tanch\u00e9it\u00e9 souple.<br \/>\n-La vanne a une structure simple et est facile \u00e0 assembler, d\u00e9monter et entretenir.<br \/>\n-Le corps de la vanne est forg\u00e9 et offre des performances fiables.<br \/>\n&#8211; The reading body is designed according to the principle of hydrodynamics to have equal section and low flow resistance, S streamlined channel, small pressure drop loss and large adjustable range.<\/p>","protected":false},"excerpt":{"rendered":"<p>It consists of a pneumatic diaphragm actuator and a low flow resistance single seat regulating valve. It is a new generation of regulating line products in line with IEC standards. The actuator is a pneumatic diaphragm actuator. It adopts multi-spring structure, small size and light weight; it has the advantages of simple structure, convenient operation and reliable action, etc.<\/p>","protected":false},"featured_media":3764,"comment_status":"open","ping_status":"closed","template":"","meta":{"site-sidebar-layout":"default","site-content-layout":"default","ast-site-content-layout":"default","site-content-style":"default","site-sidebar-style":"default","ast-global-header-display":"","ast-banner-title-visibility":"","ast-main-header-display":"","ast-hfb-above-header-display":"","ast-hfb-below-header-display":"","ast-hfb-mobile-header-display":"","site-post-title":"","ast-breadcrumbs-content":"","ast-featured-img":"","footer-sml-layout":"","ast-disable-related-posts":"","theme-transparent-header-meta":"default","adv-header-id-meta":"","stick-header-meta":"default","header-above-stick-meta":"","header-main-stick-meta":"","header-below-stick-meta":"","astra-migrate-meta-layouts":"default","ast-page-background-enabled":"default","ast-page-background-meta":{"desktop":{"background-color":"","background-image":"","background-repeat":"repeat","background-position":"center center","background-size":"auto","background-attachment":"scroll","background-type":"","background-media":"","overlay-type":"","overlay-color":"","overlay-opacity":"","overlay-gradient":""},"tablet":{"background-color":"","background-image":"","background-repeat":"repeat","background-position":"center center","background-size":"auto","background-attachment":"scroll","background-type":"","background-media":"","overlay-type":"","overlay-color":"","overlay-opacity":"","overlay-gradient":""},"mobile":{"background-color":"","background-image":"","background-repeat":"repeat","background-position":"center center","background-size":"auto","background-attachment":"scroll","background-type":"","background-media":"","overlay-type":"","overlay-color":"","overlay-opacity":"","overlay-gradient":""}},"ast-content-background-meta":{"desktop":{"background-color":"var(--ast-global-color-5)","background-image":"","background-repeat":"repeat","background-position":"center center","background-size":"auto","background-attachment":"scroll","background-type":"","background-media":"","overlay-type":"","overlay-color":"","overlay-opacity":"","overlay-gradient":""},"tablet":{"background-color":"var(--ast-global-color-5)","background-image":"","background-repeat":"repeat","background-position":"center center","background-size":"auto","background-attachment":"scroll","background-type":"","background-media":"","overlay-type":"","overlay-color":"","overlay-opacity":"","overlay-gradient":""},"mobile":{"background-color":"var(--ast-global-color-5)","background-image":"","background-repeat":"repeat","background-position":"center center","background-size":"auto","background-attachment":"scroll","background-type":"","background-media":"","overlay-type":"","overlay-color":"","overlay-opacity":"","overlay-gradient":""}}},"product_brand":[],"product_cat":[178,311,196,297],"product_tag":[],"class_list":{"0":"post-3763","1":"product","2":"type-product","3":"status-publish","4":"has-post-thumbnail","6":"product_cat-control-valves","7":"product_cat-high-temperature-and-high-pressure-valve","8":"product_cat-power-station-valve","9":"product_cat-power-station-high-differential-pressure-control-valve","10":"desktop-align-left","11":"tablet-align-left","12":"mobile-align-left","13":"ast-product-gallery-layout-horizontal-slider","14":"ast-product-gallery-with-no-image","15":"ast-product-tabs-layout-horizontal","16":"ast-qv-on-image","18":"first","19":"instock","20":"shipping-taxable","21":"product-type-simple"},"_links":{"self":[{"href":"https:\/\/raymonvalve.com\/fr\/wp-json\/wp\/v2\/product\/3763","targetHints":{"allow":["GET"]}}],"collection":[{"href":"https:\/\/raymonvalve.com\/fr\/wp-json\/wp\/v2\/product"}],"about":[{"href":"https:\/\/raymonvalve.com\/fr\/wp-json\/wp\/v2\/types\/product"}],"replies":[{"embeddable":true,"href":"https:\/\/raymonvalve.com\/fr\/wp-json\/wp\/v2\/comments?post=3763"}],"wp:featuredmedia":[{"embeddable":true,"href":"https:\/\/raymonvalve.com\/fr\/wp-json\/wp\/v2\/media\/3764"}],"wp:attachment":[{"href":"https:\/\/raymonvalve.com\/fr\/wp-json\/wp\/v2\/media?parent=3763"}],"wp:term":[{"taxonomy":"product_brand","embeddable":true,"href":"https:\/\/raymonvalve.com\/fr\/wp-json\/wp\/v2\/product_brand?post=3763"},{"taxonomy":"product_cat","embeddable":true,"href":"https:\/\/raymonvalve.com\/fr\/wp-json\/wp\/v2\/product_cat?post=3763"},{"taxonomy":"product_tag","embeddable":true,"href":"https:\/\/raymonvalve.com\/fr\/wp-json\/wp\/v2\/product_tag?post=3763"}],"curies":[{"name":"wp","href":"https:\/\/api.w.org\/{rel}","templated":true}]}}