{"id":4829,"date":"2022-09-03T10:36:40","date_gmt":"2022-09-03T02:36:40","guid":{"rendered":"https:\/\/limegreen-okapi-448594.hostingersite.com\/?post_type=product&#038;p=4829"},"modified":"2022-09-15T14:53:05","modified_gmt":"2022-09-15T06:53:05","slug":"zzyp-self-operated-pressure-control-valve","status":"publish","type":"product","link":"https:\/\/raymonvalve.com\/fr\/produit\/zzyp-self-operated-pressure-control-valve\/","title":{"rendered":"Vanne de r\u00e9gulation ZZYP \u00e0 auto-actionnement"},"content":{"rendered":"<div class=\"document\">\n<p>Vue d'ensemble des vannes de r\u00e9gulation \u00e0 auto-actionnement :<\/p>\n<p>&nbsp;<\/p>\n<p>La vanne de r\u00e9gulation \u00e0 auto-actionnement ZZYP est principalement compos\u00e9e d'une vanne de r\u00e9gulation, d'un actionneur et d'un ressort pour le r\u00e9glage de la pression. Elle est adapt\u00e9e aux liquides, gaz et vapeur non corrosifs. Contr\u00f4le de pression avant la vanne dans la conduite du syst\u00e8me (lorsque la pression avant la vanne augmente, la vanne de r\u00e9gulation s'ouvre) ou apr\u00e8s la vanne (lorsque la pression apr\u00e8s la vanne augmente, la vanne de r\u00e9gulation s'ouvre). Largement utilis\u00e9e dans le p\u00e9trole, l'industrie chimique, l'\u00e9nergie \u00e9lectrique, la m\u00e9tallurgie, la m\u00e9decine, l'alimentation, le textile, la machinerie, le CVC. Les types d'action incluent la r\u00e9gulation de pression apr\u00e8s la vanne de r\u00e9duction de pression (type B) et la r\u00e9gulation de pression avant la vanne de d\u00e9charge de pression (type K).<\/p>\n<p>&nbsp;<\/p>\n<p>Caract\u00e9ristiques des vannes de r\u00e9gulation de pression \u00e0 auto-actionnement :<\/p>\n<p>&nbsp;<\/p>\n<p>Compar\u00e9e \u00e0 la vanne de r\u00e9gulation manuelle, la vanne de r\u00e9gulation de pression \u00e0 auto-actionnement pr\u00e9sente l'avantage d'un r\u00e9glage automatique ; compar\u00e9e \u00e0 la vanne de r\u00e9gulation \u00e9lectrique, son avantage est qu'elle ne n\u00e9cessite pas d'alimentation externe. La vanne de r\u00e9gulation \u00e0 auto-actionnement utilise la pression et la temp\u00e9rature du fluide qui la traverse comme source d'\u00e9nergie pour actionner la vanne automatiquement, sans n\u00e9cessiter d'alimentation externe ni d'instruments secondaires.<\/p>\n<p>&nbsp;<\/p>\n<p>Fonction des vannes de r\u00e9gulation de pression \u00e0 auto-actionnement :<\/p>\n<p>&nbsp;<\/p>\n<p>Toutes les vannes de r\u00e9gulation \u00e0 auto-actionnement utilisent le signal de retour (pression, pression diff\u00e9rentielle, temp\u00e9rature) \u00e0 la sortie de la vanne pour le transmettre \u00e0 l'actionneur via le tuyau de signal afin de modifier l'ouverture de la vanne et d'atteindre l'objectif de contr\u00f4le de la pression, du d\u00e9bit et de la temp\u00e9rature. Dans le syst\u00e8me de circulation d'eau ferm\u00e9 (tel que le syst\u00e8me de chauffage \u00e0 eau chaude, le syst\u00e8me d'eau glac\u00e9e de climatisation), l'utilisation correcte de cette vanne peut facilement r\u00e9aliser la distribution du d\u00e9bit du syst\u00e8me ; elle peut r\u00e9aliser l'\u00e9quilibre dynamique du syst\u00e8me ; elle peut grandement simplifier le travail de d\u00e9bogage du syst\u00e8me ; elle peut stabiliser l'\u00e9tat de fonctionnement de la pompe, etc.<\/p>\n<p>&nbsp;<\/p>\n<p>&nbsp;<\/p>\n<p>&nbsp;<\/p>\n<p>Param\u00e8tres des vannes de r\u00e9gulation de pression \u00e0 auto-actionnement :<\/p>\n<table>\n<colgroup>\n<col width=\"128px\" \/>\n<col width=\"678px\" \/><\/colgroup>\n<tbody>\n<tr>\n<td colspan=\"2\" rowspan=\"1\" align=\"\" valign=\"middle\" width=\"806\">\n<p class=\"paragraph text-align-type-left pap-line-1.3 pap-line-rule-auto pap-spacing-before-3pt pap-spacing-after-3pt\">Corps de vanne<\/p>\n<\/td>\n<\/tr>\n<tr>\n<td colspan=\"1\" rowspan=\"1\" align=\"\" valign=\"middle\" width=\"128\">\n<p class=\"paragraph text-align-type-left pap-line-1.3 pap-line-rule-auto pap-spacing-before-3pt pap-spacing-after-3pt\">forme<\/p>\n<\/td>\n<td colspan=\"1\" rowspan=\"1\" align=\"\" valign=\"middle\" width=\"678\">\n<p class=\"paragraph text-align-type-left pap-line-1.3 pap-line-rule-auto pap-spacing-before-3pt pap-spacing-after-3pt\">Vanne \u00e0 boisseau sph\u00e9rique coul\u00e9e droite<\/p>\n<\/td>\n<\/tr>\n<tr>\n<td colspan=\"1\" rowspan=\"1\" align=\"\" valign=\"middle\" width=\"128\">\n<p class=\"paragraph text-align-type-left pap-line-1.3 pap-line-rule-auto pap-spacing-before-3pt pap-spacing-after-3pt\">Diam\u00e8tre nominal<\/p>\n<\/td>\n<td colspan=\"1\" rowspan=\"1\" align=\"\" valign=\"middle\" width=\"678\">\n<p class=\"paragraph text-align-type-left pap-line-1.3 pap-line-rule-auto pap-spacing-before-3pt pap-spacing-after-3pt\">20, 25, 32, 40, 50, 65, 80, 100, 125, 150, 200, 250, 300 mm<\/p>\n<\/td>\n<\/tr>\n<tr>\n<td colspan=\"1\" rowspan=\"1\" align=\"\" valign=\"middle\" width=\"128\">\n<p class=\"paragraph text-align-type-left pap-line-1.3 pap-line-rule-auto pap-spacing-before-3pt pap-spacing-after-3pt\">Pression nominale<\/p>\n<\/td>\n<td colspan=\"1\" rowspan=\"1\" align=\"\" valign=\"middle\" width=\"678\">\n<p class=\"paragraph text-align-type-left pap-line-1.3 pap-line-rule-auto pap-spacing-before-3pt pap-spacing-after-3pt\">PN16, 40, 64 bar<\/p>\n<\/td>\n<\/tr>\n<tr>\n<td colspan=\"1\" rowspan=\"1\" align=\"\" valign=\"middle\" width=\"128\">\n<p class=\"paragraph text-align-type-left pap-line-1.3 pap-line-rule-auto pap-spacing-before-3pt pap-spacing-after-3pt\">Normes de brides<\/p>\n<\/td>\n<td colspan=\"1\" rowspan=\"1\" align=\"\" valign=\"middle\" width=\"678\">\n<p class=\"paragraph text-align-type-left pap-line-1.3 pap-line-rule-auto pap-spacing-before-3pt pap-spacing-after-3pt\">ANSI, JIS, DIN, GB, JB<\/p>\n<\/td>\n<\/tr>\n<tr>\n<td colspan=\"1\" rowspan=\"1\" align=\"\" valign=\"middle\" width=\"128\">\n<p class=\"paragraph text-align-type-left pap-line-1.3 pap-line-rule-auto pap-spacing-before-3pt pap-spacing-after-3pt\">Mat\u00e9riau<\/p>\n<\/td>\n<td colspan=\"1\" rowspan=\"1\" align=\"\" valign=\"middle\" width=\"678\">\n<p class=\"paragraph text-align-type-left pap-line-1.3 pap-line-rule-auto pap-spacing-before-3pt pap-spacing-after-3pt\">Acier moul\u00e9, acier inoxydable, etc.<\/p>\n<\/td>\n<\/tr>\n<tr>\n<td colspan=\"1\" rowspan=\"1\" align=\"\" valign=\"middle\" width=\"128\">\n<p class=\"paragraph text-align-type-left pap-line-1.3 pap-line-rule-auto pap-spacing-before-3pt pap-spacing-after-3pt\">capot sup\u00e9rieur de vanne<\/p>\n<\/td>\n<td colspan=\"1\" rowspan=\"1\" align=\"\" valign=\"middle\" width=\"678\">\n<p class=\"paragraph text-align-type-left pap-line-1.3 pap-line-rule-auto pap-spacing-before-3pt pap-spacing-after-3pt\">Type standard : -17-450\u2103<\/p>\n<\/td>\n<\/tr>\n<tr>\n<td colspan=\"1\" rowspan=\"1\" align=\"\" valign=\"middle\" width=\"128\">\n<p class=\"paragraph text-align-type-left pap-line-1.3 pap-line-rule-auto pap-spacing-before-3pt pap-spacing-after-3pt\">forme du capot de vanne<\/p>\n<\/td>\n<td colspan=\"1\" rowspan=\"1\" align=\"\" valign=\"middle\" width=\"678\">\n<p class=\"paragraph text-align-type-left pap-line-1.3 pap-line-rule-auto pap-spacing-before-3pt pap-spacing-after-3pt\">Type \u00e0 compression par boulon<\/p>\n<\/td>\n<\/tr>\n<tr>\n<td colspan=\"1\" rowspan=\"1\" align=\"\" valign=\"middle\" width=\"128\">\n<p class=\"paragraph text-align-type-left pap-line-1.3 pap-line-rule-auto pap-spacing-before-3pt pap-spacing-after-3pt\">garniture<\/p>\n<\/td>\n<td colspan=\"1\" rowspan=\"1\" align=\"\" valign=\"middle\" width=\"678\">\n<p class=\"paragraph text-align-type-left pap-line-1.3 pap-line-rule-auto pap-spacing-before-3pt pap-spacing-after-3pt\">Garniture en polyt\u00e9trafluoro\u00e9thyl\u00e8ne type V, garniture en amiante polyt\u00e9tracyano\u00e9thyl\u00e8ne impr\u00e9gn\u00e9e, garniture textile en amiante, garniture en graphite<\/p>\n<\/td>\n<\/tr>\n<tr>\n<td colspan=\"1\" rowspan=\"1\" align=\"\" valign=\"middle\" width=\"128\">\n<p class=\"paragraph text-align-type-left pap-line-1.3 pap-line-rule-auto pap-spacing-before-3pt pap-spacing-after-3pt\">Type de raccordement<\/p>\n<\/td>\n<td colspan=\"1\" rowspan=\"1\" align=\"\" valign=\"middle\" width=\"678\">\n<p class=\"paragraph text-align-type-left pap-line-1.3 pap-line-rule-auto pap-spacing-before-3pt pap-spacing-after-3pt\">Brides<\/p>\n<\/td>\n<\/tr>\n<\/tbody>\n<\/table>\n<table>\n<colgroup>\n<col width=\"128px\" \/>\n<col width=\"678px\" \/><\/colgroup>\n<tbody>\n<tr>\n<td colspan=\"2\" rowspan=\"1\" align=\"\" valign=\"middle\" width=\"806\">\n<p class=\"paragraph text-align-type-left pap-line-1.3 pap-line-rule-auto pap-spacing-before-3pt pap-spacing-after-3pt\">Composants internes de la vanne<\/p>\n<\/td>\n<\/tr>\n<tr>\n<td colspan=\"1\" rowspan=\"1\" align=\"\" valign=\"middle\" width=\"128\">\n<p class=\"paragraph text-align-type-left pap-line-1.3 pap-line-rule-auto pap-spacing-before-3pt pap-spacing-after-3pt\">type de noyau de vanne<\/p>\n<\/td>\n<td colspan=\"1\" rowspan=\"1\" align=\"\" valign=\"middle\" width=\"678\">\n<p class=\"paragraph text-align-type-left pap-line-1.3 pap-line-rule-auto pap-spacing-before-3pt pap-spacing-after-3pt\">Noyau de vanne \u00e0 si\u00e8ge unique, type manchon<\/p>\n<\/td>\n<\/tr>\n<tr>\n<td colspan=\"1\" rowspan=\"1\" align=\"\" valign=\"middle\" width=\"128\">\n<p class=\"paragraph text-align-type-left pap-line-1.3 pap-line-rule-auto pap-spacing-before-3pt pap-spacing-after-3pt\">Caract\u00e9ristiques de d\u00e9bit<\/p>\n<\/td>\n<td colspan=\"1\" rowspan=\"1\" align=\"\" valign=\"middle\" width=\"678\">\n<p class=\"paragraph text-align-type-left pap-line-1.3 pap-line-rule-auto pap-spacing-before-3pt pap-spacing-after-3pt\">Ouverture rapide<\/p>\n<\/td>\n<\/tr>\n<\/tbody>\n<\/table>\n<p class=\"paragraph text-align-type-left pap-line-1.3 pap-line-rule-auto pap-spacing-before-3pt pap-spacing-after-3pt\">Coefficient de d\u00e9bit de la vanne de r\u00e9gulation autonome :<\/p>\n<table>\n<colgroup>\n<col width=\"205px\" \/>\n<col width=\"53px\" \/>\n<col width=\"29px\" \/>\n<col width=\"29px\" \/>\n<col width=\"29px\" \/>\n<col width=\"29px\" \/>\n<col width=\"29px\" \/>\n<col width=\"29px\" \/>\n<col width=\"43px\" \/>\n<col width=\"43px\" \/>\n<col width=\"43px\" \/>\n<col width=\"43px\" \/>\n<col width=\"43px\" \/>\n<col width=\"58px\" \/>\n<col width=\"58px\" \/><\/colgroup>\n<tbody>\n<tr>\n<td colspan=\"15\" rowspan=\"1\" align=\"\" valign=\"middle\" width=\"763\">\n<p class=\"paragraph text-align-type-left pap-line-1.3 pap-line-rule-auto pap-spacing-before-3pt pap-spacing-after-3pt\">Coefficient de d\u00e9bit nominal, course nominale, rapport de pression<\/p>\n<\/td>\n<\/tr>\n<tr>\n<td colspan=\"1\" rowspan=\"1\" align=\"\" valign=\"middle\" width=\"205\">\n<p class=\"paragraph text-align-type-left pap-line-1.3 pap-line-rule-auto pap-spacing-before-3pt pap-spacing-after-3pt\">Diam\u00e8tre nominal DN (mm)<\/p>\n<\/td>\n<td colspan=\"1\" rowspan=\"1\" align=\"\" valign=\"middle\" width=\"53\">\n<p class=\"paragraph text-align-type-left pap-line-1.3 pap-line-rule-auto pap-spacing-before-3pt pap-spacing-after-3pt\">\n<\/td>\n<td colspan=\"1\" rowspan=\"1\" align=\"\" valign=\"middle\" width=\"29\">\n<p class=\"paragraph text-align-type-left pap-line-1.3 pap-line-rule-auto pap-spacing-before-3pt pap-spacing-after-3pt\">20<\/p>\n<\/td>\n<td colspan=\"1\" rowspan=\"1\" align=\"\" valign=\"middle\" width=\"29\">\n<p class=\"paragraph text-align-type-left pap-line-1.3 pap-line-rule-auto pap-spacing-before-3pt pap-spacing-after-3pt\">25<\/p>\n<\/td>\n<td colspan=\"1\" rowspan=\"1\" align=\"\" valign=\"middle\" width=\"29\">\n<p class=\"paragraph text-align-type-left pap-line-1.3 pap-line-rule-auto pap-spacing-before-3pt pap-spacing-after-3pt\">32<\/p>\n<\/td>\n<td colspan=\"1\" rowspan=\"1\" align=\"\" valign=\"middle\" width=\"29\">\n<p class=\"paragraph text-align-type-left pap-line-1.3 pap-line-rule-auto pap-spacing-before-3pt pap-spacing-after-3pt\">40<\/p>\n<\/td>\n<td colspan=\"1\" rowspan=\"1\" align=\"\" valign=\"middle\" width=\"29\">\n<p class=\"paragraph text-align-type-left pap-line-1.3 pap-line-rule-auto pap-spacing-before-3pt pap-spacing-after-3pt\">50<\/p>\n<\/td>\n<td colspan=\"1\" rowspan=\"1\" align=\"\" valign=\"middle\" width=\"29\">\n<p class=\"paragraph text-align-type-left pap-line-1.3 pap-line-rule-auto pap-spacing-before-3pt pap-spacing-after-3pt\">65<\/p>\n<\/td>\n<td colspan=\"1\" rowspan=\"1\" align=\"\" valign=\"middle\" width=\"43\">\n<p class=\"paragraph text-align-type-left pap-line-1.3 pap-line-rule-auto pap-spacing-before-3pt pap-spacing-after-3pt\">80<\/p>\n<\/td>\n<td colspan=\"1\" rowspan=\"1\" align=\"\" valign=\"middle\" width=\"43\">\n<p class=\"paragraph text-align-type-left pap-line-1.3 pap-line-rule-auto pap-spacing-before-3pt pap-spacing-after-3pt\">100<\/p>\n<\/td>\n<td colspan=\"1\" rowspan=\"1\" align=\"\" valign=\"middle\" width=\"43\">\n<p class=\"paragraph text-align-type-left pap-line-1.3 pap-line-rule-auto pap-spacing-before-3pt pap-spacing-after-3pt\">125<\/p>\n<\/td>\n<td colspan=\"1\" rowspan=\"1\" align=\"\" valign=\"middle\" width=\"43\">\n<p class=\"paragraph text-align-type-left pap-line-1.3 pap-line-rule-auto pap-spacing-before-3pt pap-spacing-after-3pt\">150<\/p>\n<\/td>\n<td colspan=\"1\" rowspan=\"1\" align=\"\" valign=\"middle\" width=\"43\">\n<p class=\"paragraph text-align-type-left pap-line-1.3 pap-line-rule-auto pap-spacing-before-3pt pap-spacing-after-3pt\">200<\/p>\n<\/td>\n<td colspan=\"1\" rowspan=\"1\" align=\"\" valign=\"middle\" width=\"58\">\n<p class=\"paragraph text-align-type-left pap-line-1.3 pap-line-rule-auto pap-spacing-before-3pt pap-spacing-after-3pt\">250<\/p>\n<\/td>\n<td colspan=\"1\" rowspan=\"1\" align=\"\" valign=\"middle\" width=\"58\">\n<p class=\"paragraph text-align-type-left pap-line-1.3 pap-line-rule-auto pap-spacing-before-3pt pap-spacing-after-3pt\">300<\/p>\n<\/td>\n<\/tr>\n<tr>\n<td colspan=\"1\" rowspan=\"1\" align=\"\" valign=\"middle\" width=\"205\">\n<p class=\"paragraph text-align-type-left pap-line-1.3 pap-line-rule-auto pap-spacing-before-3pt pap-spacing-after-3pt\">Coefficient de d\u00e9bit nominal KvS<\/p>\n<\/td>\n<td colspan=\"1\" rowspan=\"1\" align=\"\" valign=\"middle\" width=\"53\">\n<p class=\"paragraph text-align-type-left pap-line-1.3 pap-line-rule-auto pap-spacing-before-3pt pap-spacing-after-3pt\">\n<\/td>\n<td colspan=\"1\" rowspan=\"1\" align=\"\" valign=\"middle\" width=\"29\">\n<p class=\"paragraph text-align-type-left pap-line-1.3 pap-line-rule-auto pap-spacing-before-3pt pap-spacing-after-3pt\">7<\/p>\n<\/td>\n<td colspan=\"1\" rowspan=\"1\" align=\"\" valign=\"middle\" width=\"29\">\n<p class=\"paragraph text-align-type-left pap-line-1.3 pap-line-rule-auto pap-spacing-before-3pt pap-spacing-after-3pt\">11<\/p>\n<\/td>\n<td colspan=\"1\" rowspan=\"1\" align=\"\" valign=\"middle\" width=\"29\">\n<p class=\"paragraph text-align-type-left pap-line-1.3 pap-line-rule-auto pap-spacing-before-3pt pap-spacing-after-3pt\">20<\/p>\n<\/td>\n<td colspan=\"1\" rowspan=\"1\" align=\"\" valign=\"middle\" width=\"29\">\n<p class=\"paragraph text-align-type-left pap-line-1.3 pap-line-rule-auto pap-spacing-before-3pt pap-spacing-after-3pt\">30<\/p>\n<\/td>\n<td colspan=\"1\" rowspan=\"1\" align=\"\" valign=\"middle\" width=\"29\">\n<p class=\"paragraph text-align-type-left pap-line-1.3 pap-line-rule-auto pap-spacing-before-3pt pap-spacing-after-3pt\">48<\/p>\n<\/td>\n<td colspan=\"1\" rowspan=\"1\" align=\"\" valign=\"middle\" width=\"29\">\n<p class=\"paragraph text-align-type-left pap-line-1.3 pap-line-rule-auto pap-spacing-before-3pt pap-spacing-after-3pt\">75<\/p>\n<\/td>\n<td colspan=\"1\" rowspan=\"1\" align=\"\" valign=\"middle\" width=\"43\">\n<p class=\"paragraph text-align-type-left pap-line-1.3 pap-line-rule-auto pap-spacing-before-3pt pap-spacing-after-3pt\">120<\/p>\n<\/td>\n<td colspan=\"1\" rowspan=\"1\" align=\"\" valign=\"middle\" width=\"43\">\n<p class=\"paragraph text-align-type-left pap-line-1.3 pap-line-rule-auto pap-spacing-before-3pt pap-spacing-after-3pt\">190<\/p>\n<\/td>\n<td colspan=\"1\" rowspan=\"1\" align=\"\" valign=\"middle\" width=\"43\">\n<p class=\"paragraph text-align-type-left pap-line-1.3 pap-line-rule-auto pap-spacing-before-3pt pap-spacing-after-3pt\">300<\/p>\n<\/td>\n<td colspan=\"1\" rowspan=\"1\" align=\"\" valign=\"middle\" width=\"43\">\n<p class=\"paragraph text-align-type-left pap-line-1.3 pap-line-rule-auto pap-spacing-before-3pt pap-spacing-after-3pt\">480<\/p>\n<\/td>\n<td colspan=\"1\" rowspan=\"1\" align=\"\" valign=\"middle\" width=\"43\">\n<p class=\"paragraph text-align-type-left pap-line-1.3 pap-line-rule-auto pap-spacing-before-3pt pap-spacing-after-3pt\">750<\/p>\n<\/td>\n<td colspan=\"1\" rowspan=\"1\" align=\"\" valign=\"middle\" width=\"58\">\n<p class=\"paragraph text-align-type-left pap-line-1.3 pap-line-rule-auto pap-spacing-before-3pt pap-spacing-after-3pt\">1100<\/p>\n<\/td>\n<td colspan=\"1\" rowspan=\"1\" align=\"\" valign=\"middle\" width=\"58\">\n<p class=\"paragraph text-align-type-left pap-line-1.3 pap-line-rule-auto pap-spacing-before-3pt pap-spacing-after-3pt\">1750<\/p>\n<\/td>\n<\/tr>\n<tr>\n<td colspan=\"1\" rowspan=\"1\" align=\"\" valign=\"middle\" width=\"205\">\n<p class=\"paragraph text-align-type-left pap-line-1.3 pap-line-rule-auto pap-spacing-before-3pt pap-spacing-after-3pt\">Course nominale (mm)<\/p>\n<\/td>\n<td colspan=\"1\" rowspan=\"1\" align=\"\" valign=\"middle\" width=\"53\">\n<p class=\"paragraph text-align-type-left pap-line-1.3 pap-line-rule-auto pap-spacing-before-3pt pap-spacing-after-3pt\">\n<\/td>\n<td colspan=\"2\" rowspan=\"1\" align=\"\" valign=\"middle\" width=\"58\">\n<p class=\"paragraph text-align-type-left pap-line-1.3 pap-line-rule-auto pap-spacing-before-3pt pap-spacing-after-3pt\">8<\/p>\n<\/td>\n<td colspan=\"2\" rowspan=\"1\" align=\"\" valign=\"middle\" width=\"58\">\n<p class=\"paragraph text-align-type-left pap-line-1.3 pap-line-rule-auto pap-spacing-before-3pt pap-spacing-after-3pt\">11<\/p>\n<\/td>\n<td colspan=\"1\" rowspan=\"1\" align=\"\" valign=\"middle\" width=\"29\">\n<p class=\"paragraph text-align-type-left pap-line-1.3 pap-line-rule-auto pap-spacing-before-3pt pap-spacing-after-3pt\">14<\/p>\n<\/td>\n<td colspan=\"2\" rowspan=\"1\" align=\"\" valign=\"middle\" width=\"72\">\n<p class=\"paragraph text-align-type-left pap-line-1.3 pap-line-rule-auto pap-spacing-before-3pt pap-spacing-after-3pt\">20<\/p>\n<\/td>\n<td colspan=\"1\" rowspan=\"1\" align=\"\" valign=\"middle\" width=\"43\">\n<p class=\"paragraph text-align-type-left pap-line-1.3 pap-line-rule-auto pap-spacing-before-3pt pap-spacing-after-3pt\">25<\/p>\n<\/td>\n<td colspan=\"2\" rowspan=\"1\" align=\"\" valign=\"middle\" width=\"86\">\n<p class=\"paragraph text-align-type-left pap-line-1.3 pap-line-rule-auto pap-spacing-before-3pt pap-spacing-after-3pt\">40<\/p>\n<\/td>\n<td colspan=\"1\" rowspan=\"1\" align=\"\" valign=\"middle\" width=\"43\">\n<p class=\"paragraph text-align-type-left pap-line-1.3 pap-line-rule-auto pap-spacing-before-3pt pap-spacing-after-3pt\">50<\/p>\n<\/td>\n<td colspan=\"1\" rowspan=\"1\" align=\"\" valign=\"middle\" width=\"58\">\n<p class=\"paragraph text-align-type-left pap-line-1.3 pap-line-rule-auto pap-spacing-before-3pt pap-spacing-after-3pt\">60<\/p>\n<\/td>\n<td colspan=\"1\" rowspan=\"1\" align=\"\" valign=\"middle\" width=\"58\">\n<p class=\"paragraph text-align-type-left pap-line-1.3 pap-line-rule-auto pap-spacing-before-3pt pap-spacing-after-3pt\">70<\/p>\n<\/td>\n<\/tr>\n<tr>\n<td colspan=\"1\" rowspan=\"2\" align=\"\" valign=\"middle\" width=\"205\">\n<p class=\"paragraph text-align-type-left pap-line-1.3 pap-line-rule-auto pap-spacing-before-3pt pap-spacing-after-3pt\">Rapport de d\u00e9compression<\/p>\n<\/td>\n<td colspan=\"1\" rowspan=\"1\" align=\"\" valign=\"middle\" width=\"53\">\n<p class=\"paragraph text-align-type-left pap-line-1.3 pap-line-rule-auto pap-spacing-before-3pt pap-spacing-after-3pt\">maximum<\/p>\n<\/td>\n<td colspan=\"13\" rowspan=\"1\" align=\"\" valign=\"middle\" width=\"505\">\n<p class=\"paragraph text-align-type-left pap-line-1.3 pap-line-rule-auto pap-spacing-before-3pt pap-spacing-after-3pt\">10:1<\/p>\n<\/td>\n<\/tr>\n<tr>\n<td colspan=\"1\" rowspan=\"1\" align=\"\" valign=\"middle\" width=\"53\">\n<p class=\"paragraph text-align-type-left pap-line-1.3 pap-line-rule-auto pap-spacing-before-3pt pap-spacing-after-3pt\">minimum<\/p>\n<\/td>\n<td colspan=\"13\" rowspan=\"1\" align=\"\" valign=\"middle\" width=\"505\">\n<p class=\"paragraph text-align-type-left pap-line-1.3 pap-line-rule-auto pap-spacing-before-3pt pap-spacing-after-3pt\">10:8<\/p>\n<\/td>\n<\/tr>\n<\/tbody>\n<\/table>\n<p class=\"paragraph text-align-type-left pap-line-1.3 pap-line-rule-auto pap-spacing-before-3pt pap-spacing-after-3pt\">\n<\/div>","protected":false},"excerpt":{"rendered":"<p>La vanne de r\u00e9gulation \u00e0 auto-actionnement ZZYP est principalement compos\u00e9e d'une vanne de r\u00e9gulation, d'un actionneur et d'un ressort pour le r\u00e9glage de la pression. Elle est adapt\u00e9e aux liquides, gaz et vapeur non corrosifs. Contr\u00f4le de pression avant la vanne dans la conduite du syst\u00e8me (lorsque la pression avant la vanne augmente, la vanne de r\u00e9gulation s'ouvre) ou apr\u00e8s la vanne (lorsque la pression apr\u00e8s la vanne augmente, la vanne de r\u00e9gulation s'ouvre). Largement utilis\u00e9e dans le p\u00e9trole, l'industrie chimique, l'\u00e9nergie \u00e9lectrique, la m\u00e9tallurgie, la m\u00e9decine, l'alimentation, le textile, la machinerie, le CVC. Les types d'action incluent la r\u00e9gulation de pression apr\u00e8s la vanne de r\u00e9duction de pression (type B) et la r\u00e9gulation de pression avant la vanne de d\u00e9charge de pression (type K).<\/p>","protected":false},"featured_media":5548,"comment_status":"open","ping_status":"closed","template":"","meta":{"site-sidebar-layout":"default","site-content-layout":"default","ast-site-content-layout":"default","site-content-style":"default","site-sidebar-style":"default","ast-global-header-display":"","ast-banner-title-visibility":"","ast-main-header-display":"","ast-hfb-above-header-display":"","ast-hfb-below-header-display":"","ast-hfb-mobile-header-display":"","site-post-title":"","ast-breadcrumbs-content":"","ast-featured-img":"","footer-sml-layout":"","ast-disable-related-posts":"","theme-transparent-header-meta":"default","adv-header-id-meta":"","stick-header-meta":"default","header-above-stick-meta":"","header-main-stick-meta":"","header-below-stick-meta":"","astra-migrate-meta-layouts":"default","ast-page-background-enabled":"default","ast-page-background-meta":{"desktop":{"background-color":"","background-image":"","background-repeat":"repeat","background-position":"center center","background-size":"auto","background-attachment":"scroll","background-type":"","background-media":"","overlay-type":"","overlay-color":"","overlay-opacity":"","overlay-gradient":""},"tablet":{"background-color":"","background-image":"","background-repeat":"repeat","background-position":"center center","background-size":"auto","background-attachment":"scroll","background-type":"","background-media":"","overlay-type":"","overlay-color":"","overlay-opacity":"","overlay-gradient":""},"mobile":{"background-color":"","background-image":"","background-repeat":"repeat","background-position":"center center","background-size":"auto","background-attachment":"scroll","background-type":"","background-media":"","overlay-type":"","overlay-color":"","overlay-opacity":"","overlay-gradient":""}},"ast-content-background-meta":{"desktop":{"background-color":"var(--ast-global-color-5)","background-image":"","background-repeat":"repeat","background-position":"center center","background-size":"auto","background-attachment":"scroll","background-type":"","background-media":"","overlay-type":"","overlay-color":"","overlay-opacity":"","overlay-gradient":""},"tablet":{"background-color":"var(--ast-global-color-5)","background-image":"","background-repeat":"repeat","background-position":"center center","background-size":"auto","background-attachment":"scroll","background-type":"","background-media":"","overlay-type":"","overlay-color":"","overlay-opacity":"","overlay-gradient":""},"mobile":{"background-color":"var(--ast-global-color-5)","background-image":"","background-repeat":"repeat","background-position":"center center","background-size":"auto","background-attachment":"scroll","background-type":"","background-media":"","overlay-type":"","overlay-color":"","overlay-opacity":"","overlay-gradient":""}}},"product_brand":[],"product_cat":[178],"product_tag":[319],"class_list":{"0":"post-4829","1":"product","2":"type-product","3":"status-publish","4":"has-post-thumbnail","6":"product_cat-control-valves","7":"product_tag-petrochemical","8":"desktop-align-left","9":"tablet-align-left","10":"mobile-align-left","11":"ast-product-gallery-layout-horizontal-slider","12":"ast-product-gallery-with-no-image","13":"ast-product-tabs-layout-horizontal","14":"ast-qv-on-image","16":"first","17":"instock","18":"shipping-taxable","19":"product-type-simple"},"_links":{"self":[{"href":"https:\/\/raymonvalve.com\/fr\/wp-json\/wp\/v2\/product\/4829","targetHints":{"allow":["GET"]}}],"collection":[{"href":"https:\/\/raymonvalve.com\/fr\/wp-json\/wp\/v2\/product"}],"about":[{"href":"https:\/\/raymonvalve.com\/fr\/wp-json\/wp\/v2\/types\/product"}],"replies":[{"embeddable":true,"href":"https:\/\/raymonvalve.com\/fr\/wp-json\/wp\/v2\/comments?post=4829"}],"wp:featuredmedia":[{"embeddable":true,"href":"https:\/\/raymonvalve.com\/fr\/wp-json\/wp\/v2\/media\/5548"}],"wp:attachment":[{"href":"https:\/\/raymonvalve.com\/fr\/wp-json\/wp\/v2\/media?parent=4829"}],"wp:term":[{"taxonomy":"product_brand","embeddable":true,"href":"https:\/\/raymonvalve.com\/fr\/wp-json\/wp\/v2\/product_brand?post=4829"},{"taxonomy":"product_cat","embeddable":true,"href":"https:\/\/raymonvalve.com\/fr\/wp-json\/wp\/v2\/product_cat?post=4829"},{"taxonomy":"product_tag","embeddable":true,"href":"https:\/\/raymonvalve.com\/fr\/wp-json\/wp\/v2\/product_tag?post=4829"}],"curies":[{"name":"wp","href":"https:\/\/api.w.org\/{rel}","templated":true}]}}