{"id":4865,"date":"2022-09-05T14:23:06","date_gmt":"2022-09-05T06:23:06","guid":{"rendered":"https:\/\/limegreen-okapi-448594.hostingersite.com\/?post_type=product&#038;p=4865"},"modified":"2022-09-15T14:41:26","modified_gmt":"2022-09-15T06:41:26","slug":"bj45h-thermal-insulation-globe-valve","status":"publish","type":"product","link":"https:\/\/raymonvalve.com\/fr\/produit\/bj45h-thermal-insulation-globe-valve\/","title":{"rendered":"Vanne \u00e0 soupape d'isolation thermique BJ45H"},"content":{"rendered":"<div class=\"document\">\n<div class=\"document\">\n<div class=\"document\">\n<div class=\"productParameter\">\n<p>La partie d'ouverture et de fermeture de la vanne \u00e0 soupape d'isolation thermique est un disque de soupape en forme de bouchon, la surface d'\u00e9tanch\u00e9it\u00e9 est plane ou conique, et le disque de soupape se d\u00e9place lin\u00e9airement le long de la ligne centrale du fluide. La forme de mouvement de la tige de soupape comprend un type \u00e0 tige montante (la tige de soupape monte et descend, et la roue \u00e0 main ne monte pas et ne descend pas), et il existe \u00e9galement un type \u00e0 tige rotative montante (la roue \u00e0 main tourne et monte avec la tige de soupape, et l'\u00e9crou est dispos\u00e9 sur le corps de la soupape). La vanne \u00e0 soupape \u00e0 soufflet ne convient que pour une ouverture et une fermeture compl\u00e8tes, aucun r\u00e9glage ni \u00e9tranglement n'est autoris\u00e9.<\/p>\n<p>&nbsp;<\/p>\n<p>Principe de fonctionnement de la vanne \u00e0 soupape d'isolation thermique BJ45H :<\/p>\n<p>La vanne \u00e0 soupape d'isolation thermique est une vanne d'\u00e9tanch\u00e9it\u00e9 obligatoire, donc lorsque la vanne est ferm\u00e9e, une pression doit \u00eatre appliqu\u00e9e sur le disque de soupape pour forcer la surface d'\u00e9tanch\u00e9it\u00e9 \u00e0 ne pas fuir. Lorsque le fluide entre dans la vanne six par le dessous du disque de soupape, la r\u00e9sistance que la force de man\u0153uvre doit vaincre est la force de friction entre la tige de soupape et le garnissage, ainsi que la pouss\u00e9e g\u00e9n\u00e9r\u00e9e par la pression du fluide. La force de fermeture de la vanne est sup\u00e9rieure \u00e0 la force d'ouverture, le diam\u00e8tre de la tige de soupape doit donc \u00eatre important, sinon la d\u00e9faillance du sommet de la tige de soupape se produira. Ces derni\u00e8res ann\u00e9es, depuis l'apparition des vannes auto-\u00e9tanches, le sens d'\u00e9coulement du fluide de la vanne \u00e0 soupape d'isolation thermique a \u00e9t\u00e9 modifi\u00e9, passant du dessus du disque de soupape vers la cavit\u00e9 de la vanne. \u00c0 ce moment, sous l'action de la pression du fluide, la force de fermeture de la vanne est faible, tandis que la force d'ouverture est importante, et le diam\u00e8tre de la tige de soupape peut \u00eatre r\u00e9duit en cons\u00e9quence. Parall\u00e8lement, sous l'action du fluide, cette forme de vanne est \u00e9galement plus \u00e9tanche. Les \u201c Trois Chimies \u201d de mon pays stipulaient autrefois que le sens d'\u00e9coulement de la vanne \u00e0 soupape d'isolation thermique devait \u00eatre du haut vers le bas.<\/p>\n<p>Lorsque la vanne \u00e0 soupape d'isolation thermique est ouverte, lorsque la hauteur d'ouverture du disque de soupape est de 25 % \u00e0 30 % du diam\u00e8tre nominal, le d\u00e9bit atteint le maximum, indiquant que la vanne a atteint la position compl\u00e8tement ouverte. Par cons\u00e9quent, la position compl\u00e8tement ouverte de la vanne \u00e0 soupape doit \u00eatre d\u00e9termin\u00e9e par la course du disque de soupape.<\/p>\n<p>&nbsp;<\/p>\n<p>Domaine d'application de la vanne \u00e0 soupape d'isolation thermique BJ45H :<\/p>\n<p>La vanne \u00e0 soupape d'isolation thermique BJ45H convient aux pipelines des industries chimique et des engrais. La vapeur contenue dans la chemise peut emp\u00eacher le fluide de cristalliser.<\/p>\n<p>&nbsp;<\/p>\n<p>\u3010Application produit de la vanne \u00e0 soupape d'isolation thermique BJ45H\u3011<br \/>\nLes vannes \u00e0 soupape droites isol\u00e9es BJ45H, BJ45Y, BJ45W de type PN16~PN40 sont principalement utilis\u00e9es dans divers syst\u00e8mes tels que le p\u00e9trole, la chimie, la m\u00e9tallurgie et la pharmacie pour transporter des fluides \u00e0 haute viscosit\u00e9 qui se solidifient \u00e0 temp\u00e9rature ambiante.<\/p>\n<p>\u3010Norme d'ex\u00e9cution de la vanne \u00e0 soupape d'isolation thermique BJ45H\u3011<br \/>\nConception et fabrication : BS1873 BS5160 GB12233<br \/>\nTaille de bride : ANSIB16.5 JB\/T79 GB9113<br \/>\nPression et temp\u00e9rature : ANSIB16.34<br \/>\nLongueur hors tout : ANSIB16.10 BS1873 GB12221<br \/>\nTaille de raccordement \u00e0 souder bout \u00e0 bout : ANSIB16.25<br \/>\nInspection et essais : BS6755 GB\/T13927<\/p>\n<p>&nbsp;<\/p>\n<p>Vanne \u00e0 soupape isol\u00e9e BJ45H - forme principale et taille de raccordement<\/p>\n<div align=\"left\">\n<table border=\"0\" cellspacing=\"1\" cellpadding=\"0\">\n<tbody>\n<tr>\n<td rowspan=\"2\" bgcolor=\"#ffffff\">Diam\u00e8tre nominal<\/td>\n<td colspan=\"9\" bgcolor=\"#ffffff\" width=\"90%\">taille<\/td>\n<\/tr>\n<tr bgcolor=\"#c4fbce\">\n<td bgcolor=\"#ffffff\">L<\/td>\n<td bgcolor=\"#ffffff\">D<\/td>\n<td bgcolor=\"#ffffff\">D1<\/td>\n<td bgcolor=\"#ffffff\">D2<\/td>\n<td bgcolor=\"#ffffff\">b<\/td>\n<td bgcolor=\"#ffffff\">3-G<\/td>\n<td bgcolor=\"#ffffff\">Z-d<\/td>\n<td bgcolor=\"#ffffff\">H<\/td>\n<td bgcolor=\"#ffffff\">D0<\/td>\n<\/tr>\n<tr>\n<td colspan=\"10\" bgcolor=\"#ffffff\">BJ41W<\/td>\n<\/tr>\n<tr>\n<td bgcolor=\"#ffffff\">15<\/td>\n<td bgcolor=\"#ffffff\">130<\/td>\n<td bgcolor=\"#ffffff\">105<\/td>\n<td bgcolor=\"#ffffff\">75<\/td>\n<td bgcolor=\"#ffffff\">55<\/td>\n<td bgcolor=\"#ffffff\">14<\/td>\n<td bgcolor=\"#ffffff\">3\/8<\/td>\n<td bgcolor=\"#ffffff\">4-14<\/td>\n<td bgcolor=\"#ffffff\">175<\/td>\n<td bgcolor=\"#ffffff\">180<\/td>\n<\/tr>\n<tr>\n<td bgcolor=\"#ffffff\">20<\/td>\n<td bgcolor=\"#ffffff\">150<\/td>\n<td bgcolor=\"#ffffff\">115<\/td>\n<td bgcolor=\"#ffffff\">85<\/td>\n<td bgcolor=\"#ffffff\">68<\/td>\n<td bgcolor=\"#ffffff\">14<\/td>\n<td bgcolor=\"#ffffff\">3\/8<\/td>\n<td bgcolor=\"#ffffff\">4-14<\/td>\n<td bgcolor=\"#ffffff\">185<\/td>\n<td bgcolor=\"#ffffff\">180<\/td>\n<\/tr>\n<tr>\n<td bgcolor=\"#ffffff\">25<\/td>\n<td bgcolor=\"#ffffff\">160<\/td>\n<td bgcolor=\"#ffffff\">135<\/td>\n<td bgcolor=\"#ffffff\">100<\/td>\n<td bgcolor=\"#ffffff\">78<\/td>\n<td bgcolor=\"#ffffff\">16<\/td>\n<td bgcolor=\"#ffffff\">3\/8<\/td>\n<td bgcolor=\"#ffffff\">4-18<\/td>\n<td bgcolor=\"#ffffff\">210<\/td>\n<td bgcolor=\"#ffffff\">200<\/td>\n<\/tr>\n<tr>\n<td bgcolor=\"#ffffff\">32<\/td>\n<td bgcolor=\"#ffffff\">180<\/td>\n<td bgcolor=\"#ffffff\">145<\/td>\n<td bgcolor=\"#ffffff\">110<\/td>\n<td bgcolor=\"#ffffff\">85<\/td>\n<td bgcolor=\"#ffffff\">16<\/td>\n<td bgcolor=\"#ffffff\">3\/8<\/td>\n<td bgcolor=\"#ffffff\">4-18<\/td>\n<td bgcolor=\"#ffffff\">350<\/td>\n<td bgcolor=\"#ffffff\">200<\/td>\n<\/tr>\n<tr>\n<td bgcolor=\"#ffffff\">40<\/td>\n<td bgcolor=\"#ffffff\">200<\/td>\n<td bgcolor=\"#ffffff\">160<\/td>\n<td bgcolor=\"#ffffff\">125<\/td>\n<td bgcolor=\"#ffffff\">100<\/td>\n<td bgcolor=\"#ffffff\">16<\/td>\n<td bgcolor=\"#ffffff\">3\/8<\/td>\n<td bgcolor=\"#ffffff\">4-18<\/td>\n<td bgcolor=\"#ffffff\">360<\/td>\n<td bgcolor=\"#ffffff\">200<\/td>\n<\/tr>\n<tr>\n<td bgcolor=\"#ffffff\">50<\/td>\n<td bgcolor=\"#ffffff\">250<\/td>\n<td bgcolor=\"#ffffff\">180<\/td>\n<td bgcolor=\"#ffffff\">145<\/td>\n<td bgcolor=\"#ffffff\">120<\/td>\n<td bgcolor=\"#ffffff\">18<\/td>\n<td bgcolor=\"#ffffff\">1\/2<\/td>\n<td bgcolor=\"#ffffff\">4-18<\/td>\n<td bgcolor=\"#ffffff\">380<\/td>\n<td bgcolor=\"#ffffff\">240<\/td>\n<\/tr>\n<tr>\n<td bgcolor=\"#ffffff\">65<\/td>\n<td bgcolor=\"#ffffff\">265<\/td>\n<td bgcolor=\"#ffffff\">195<\/td>\n<td bgcolor=\"#ffffff\">160<\/td>\n<td bgcolor=\"#ffffff\">135<\/td>\n<td bgcolor=\"#ffffff\">20<\/td>\n<td bgcolor=\"#ffffff\">1\/2<\/td>\n<td bgcolor=\"#ffffff\">8-18<\/td>\n<td bgcolor=\"#ffffff\">440<\/td>\n<td bgcolor=\"#ffffff\">240<\/td>\n<\/tr>\n<tr>\n<td bgcolor=\"#ffffff\">80<\/td>\n<td bgcolor=\"#ffffff\">280<\/td>\n<td bgcolor=\"#ffffff\">215<\/td>\n<td bgcolor=\"#ffffff\">180<\/td>\n<td bgcolor=\"#ffffff\">155<\/td>\n<td bgcolor=\"#ffffff\">20<\/td>\n<td bgcolor=\"#ffffff\">1\/2<\/td>\n<td bgcolor=\"#ffffff\">8-18<\/td>\n<td bgcolor=\"#ffffff\">510<\/td>\n<td bgcolor=\"#ffffff\">280<\/td>\n<\/tr>\n<tr>\n<td bgcolor=\"#ffffff\">100<\/td>\n<td bgcolor=\"#ffffff\">300<\/td>\n<td bgcolor=\"#ffffff\">245<\/td>\n<td bgcolor=\"#ffffff\">210<\/td>\n<td bgcolor=\"#ffffff\">185<\/td>\n<td bgcolor=\"#ffffff\">22<\/td>\n<td bgcolor=\"#ffffff\">1\/2<\/td>\n<td bgcolor=\"#ffffff\">8-18<\/td>\n<td bgcolor=\"#ffffff\">620<\/td>\n<td bgcolor=\"#ffffff\">320<\/td>\n<\/tr>\n<tr>\n<td bgcolor=\"#ffffff\">125<\/td>\n<td bgcolor=\"#ffffff\">325<\/td>\n<td bgcolor=\"#ffffff\">280<\/td>\n<td bgcolor=\"#ffffff\">240<\/td>\n<td bgcolor=\"#ffffff\">210<\/td>\n<td bgcolor=\"#ffffff\">24<\/td>\n<td bgcolor=\"#ffffff\">1\/2<\/td>\n<td bgcolor=\"#ffffff\">8-23<\/td>\n<td bgcolor=\"#ffffff\">680<\/td>\n<td bgcolor=\"#ffffff\">360<\/td>\n<\/tr>\n<tr>\n<td bgcolor=\"#ffffff\">150<\/td>\n<td bgcolor=\"#ffffff\">350<\/td>\n<td bgcolor=\"#ffffff\">335<\/td>\n<td bgcolor=\"#ffffff\">295<\/td>\n<td bgcolor=\"#ffffff\">265<\/td>\n<td bgcolor=\"#ffffff\">26<\/td>\n<td bgcolor=\"#ffffff\">1\/2<\/td>\n<td bgcolor=\"#ffffff\">12-23<\/td>\n<td bgcolor=\"#ffffff\">818<\/td>\n<td bgcolor=\"#ffffff\">360<\/td>\n<\/tr>\n<tr>\n<td bgcolor=\"#ffffff\">200<\/td>\n<td bgcolor=\"#ffffff\">400<\/td>\n<td bgcolor=\"#ffffff\">405<\/td>\n<td bgcolor=\"#ffffff\">355<\/td>\n<td bgcolor=\"#ffffff\">320<\/td>\n<td bgcolor=\"#ffffff\">30<\/td>\n<td bgcolor=\"#ffffff\">1\/2<\/td>\n<td bgcolor=\"#ffffff\">12-25<\/td>\n<td bgcolor=\"#ffffff\">1200<\/td>\n<td bgcolor=\"#ffffff\">400<\/td>\n<\/tr>\n<tr>\n<td bgcolor=\"#ffffff\">250<\/td>\n<td bgcolor=\"#ffffff\">450<\/td>\n<td bgcolor=\"#ffffff\">460<\/td>\n<td bgcolor=\"#ffffff\">410<\/td>\n<td bgcolor=\"#ffffff\">375<\/td>\n<td bgcolor=\"#ffffff\">30<\/td>\n<td bgcolor=\"#ffffff\">1\/2<\/td>\n<td bgcolor=\"#ffffff\">12-25<\/td>\n<td bgcolor=\"#ffffff\">1450<\/td>\n<td bgcolor=\"#ffffff\">450<\/td>\n<\/tr>\n<tr>\n<td bgcolor=\"#ffffff\">300<\/td>\n<td bgcolor=\"#ffffff\">500<\/td>\n<td bgcolor=\"#ffffff\">520<\/td>\n<td bgcolor=\"#ffffff\">470<\/td>\n<td bgcolor=\"#ffffff\">435<\/td>\n<td bgcolor=\"#ffffff\">34<\/td>\n<td bgcolor=\"#ffffff\">1\/2<\/td>\n<td bgcolor=\"#ffffff\">16-25<\/td>\n<td bgcolor=\"#ffffff\">1600<\/td>\n<td bgcolor=\"#ffffff\">500<\/td>\n<\/tr>\n<\/tbody>\n<\/table>\n<\/div>\n<\/div>\n<\/div>\n<\/div>\n<\/div>","protected":false},"excerpt":{"rendered":"<p>La partie d'ouverture et de fermeture de la vanne \u00e0 soupape d'isolation thermique est un disque de soupape en forme de bouchon, la surface d'\u00e9tanch\u00e9it\u00e9 est plane ou conique, et le disque de soupape se d\u00e9place lin\u00e9airement le long de la ligne centrale du fluide. La forme de mouvement de la tige de soupape comprend un type \u00e0 tige montante (la tige de soupape monte et descend, et la roue \u00e0 main ne monte pas et ne descend pas), et il existe \u00e9galement un type \u00e0 tige rotative montante (la roue \u00e0 main tourne et monte avec la tige de soupape, et l'\u00e9crou est dispos\u00e9 sur le corps de la soupape). La vanne \u00e0 soupape \u00e0 soufflet ne convient que pour une ouverture et une fermeture compl\u00e8tes, aucun r\u00e9glage ni \u00e9tranglement n'est autoris\u00e9.<\/p>","protected":false},"featured_media":5576,"comment_status":"open","ping_status":"closed","template":"","meta":{"site-sidebar-layout":"default","site-content-layout":"default","ast-site-content-layout":"default","site-content-style":"default","site-sidebar-style":"default","ast-global-header-display":"","ast-banner-title-visibility":"","ast-main-header-display":"","ast-hfb-above-header-display":"","ast-hfb-below-header-display":"","ast-hfb-mobile-header-display":"","site-post-title":"","ast-breadcrumbs-content":"","ast-featured-img":"","footer-sml-layout":"","ast-disable-related-posts":"","theme-transparent-header-meta":"default","adv-header-id-meta":"","stick-header-meta":"default","header-above-stick-meta":"","header-main-stick-meta":"","header-below-stick-meta":"","astra-migrate-meta-layouts":"default","ast-page-background-enabled":"default","ast-page-background-meta":{"desktop":{"background-color":"","background-image":"","background-repeat":"repeat","background-position":"center center","background-size":"auto","background-attachment":"scroll","background-type":"","background-media":"","overlay-type":"","overlay-color":"","overlay-opacity":"","overlay-gradient":""},"tablet":{"background-color":"","background-image":"","background-repeat":"repeat","background-position":"center center","background-size":"auto","background-attachment":"scroll","background-type":"","background-media":"","overlay-type":"","overlay-color":"","overlay-opacity":"","overlay-gradient":""},"mobile":{"background-color":"","background-image":"","background-repeat":"repeat","background-position":"center center","background-size":"auto","background-attachment":"scroll","background-type":"","background-media":"","overlay-type":"","overlay-color":"","overlay-opacity":"","overlay-gradient":""}},"ast-content-background-meta":{"desktop":{"background-color":"var(--ast-global-color-5)","background-image":"","background-repeat":"repeat","background-position":"center center","background-size":"auto","background-attachment":"scroll","background-type":"","background-media":"","overlay-type":"","overlay-color":"","overlay-opacity":"","overlay-gradient":""},"tablet":{"background-color":"var(--ast-global-color-5)","background-image":"","background-repeat":"repeat","background-position":"center center","background-size":"auto","background-attachment":"scroll","background-type":"","background-media":"","overlay-type":"","overlay-color":"","overlay-opacity":"","overlay-gradient":""},"mobile":{"background-color":"var(--ast-global-color-5)","background-image":"","background-repeat":"repeat","background-position":"center center","background-size":"auto","background-attachment":"scroll","background-type":"","background-media":"","overlay-type":"","overlay-color":"","overlay-opacity":"","overlay-gradient":""}}},"product_brand":[],"product_cat":[174],"product_tag":[318],"class_list":{"0":"post-4865","1":"product","2":"type-product","3":"status-publish","4":"has-post-thumbnail","6":"product_cat-globe-valves","7":"product_tag-oil","8":"desktop-align-left","9":"tablet-align-left","10":"mobile-align-left","11":"ast-product-gallery-layout-horizontal-slider","12":"ast-product-gallery-with-no-image","13":"ast-product-tabs-layout-horizontal","14":"ast-qv-on-image","16":"first","17":"instock","18":"shipping-taxable","19":"product-type-simple"},"_links":{"self":[{"href":"https:\/\/raymonvalve.com\/fr\/wp-json\/wp\/v2\/product\/4865","targetHints":{"allow":["GET"]}}],"collection":[{"href":"https:\/\/raymonvalve.com\/fr\/wp-json\/wp\/v2\/product"}],"about":[{"href":"https:\/\/raymonvalve.com\/fr\/wp-json\/wp\/v2\/types\/product"}],"replies":[{"embeddable":true,"href":"https:\/\/raymonvalve.com\/fr\/wp-json\/wp\/v2\/comments?post=4865"}],"wp:featuredmedia":[{"embeddable":true,"href":"https:\/\/raymonvalve.com\/fr\/wp-json\/wp\/v2\/media\/5576"}],"wp:attachment":[{"href":"https:\/\/raymonvalve.com\/fr\/wp-json\/wp\/v2\/media?parent=4865"}],"wp:term":[{"taxonomy":"product_brand","embeddable":true,"href":"https:\/\/raymonvalve.com\/fr\/wp-json\/wp\/v2\/product_brand?post=4865"},{"taxonomy":"product_cat","embeddable":true,"href":"https:\/\/raymonvalve.com\/fr\/wp-json\/wp\/v2\/product_cat?post=4865"},{"taxonomy":"product_tag","embeddable":true,"href":"https:\/\/raymonvalve.com\/fr\/wp-json\/wp\/v2\/product_tag?post=4865"}],"curies":[{"name":"wp","href":"https:\/\/api.w.org\/{rel}","templated":true}]}}