{"id":4869,"date":"2022-09-05T15:15:12","date_gmt":"2022-09-05T07:15:12","guid":{"rendered":"https:\/\/limegreen-okapi-448594.hostingersite.com\/?post_type=product&#038;p=4869"},"modified":"2022-09-15T14:37:11","modified_gmt":"2022-09-15T06:37:11","slug":"j41b-ammonia-gas-globe-valve","status":"publish","type":"product","link":"https:\/\/raymonvalve.com\/fr\/produit\/j41b-ammonia-gas-globe-valve\/","title":{"rendered":"Vanne \u00e0 soupape pour gaz ammoniac J41B"},"content":{"rendered":"<div class=\"document\">\n<div class=\"document\">\n<div class=\"document\">\n<p>La vanne \u00e0 soupape J41B pour gaz ammoniac est sp\u00e9cialement con\u00e7ue pour les pipelines ou les appareils \u00e0 ammoniac et \u00e0 gaz. Sa structure tient compte des exigences de protection incendie. Le garnissage est en polyt\u00e9trafluoro\u00e9thyl\u00e8ne (PTFE), offrant une \u00e9tanch\u00e9it\u00e9 et une fiabilit\u00e9 sans fuite. Le mat\u00e9riau d'\u00e9tanch\u00e9it\u00e9 est en PTFE, souple et fiable. Elle convient aux syst\u00e8mes de tuyauterie de gaz ammoniac, de gaz de p\u00e9trole liqu\u00e9fi\u00e9 et de gaz fluor\u00e9. En tant que dispositif d'ouverture et de fermeture, elle convient \u00e9galement aux autres tuyauteries avec une temp\u00e9rature \u2264150\u2103. La vanne d'arr\u00eat pour ammoniac se caract\u00e9rise par une performance d'\u00e9tanch\u00e9it\u00e9 stable, une utilisation s\u00fbre et fiable, une forte r\u00e9sistance \u00e0 la corrosion, aucune fuite interne et externe du fluide, et une facilit\u00e9 d'utilisation. Le probl\u00e8me de mauvaise \u00e9tanch\u00e9it\u00e9 et de fuite facile est particuli\u00e8rement adapt\u00e9 au transport de gaz ammoniac et de gaz dans l'industrie chimique, et r\u00e9pond aux exigences d'une utilisation fiable \u00e0 long terme. Son \u00e9tanch\u00e9it\u00e9, sa maintenabilit\u00e9, sa s\u00e9curit\u00e9, etc.<\/p>\n<p>&nbsp;<\/p>\n<p>Caract\u00e9ristiques :<br \/>\n1. Compte tenu des inconv\u00e9nients de la faible r\u00e9sistance \u00e0 la corrosion et de la perforation facile de la coque des vannes ordinaires, et en fonction des caract\u00e9ristiques sp\u00e9cifiques du fluide, la vanne sp\u00e9ciale pour gaz ammoniac utilise de l'acier r\u00e9sistant \u00e0 la corrosion (acier au carbone \u00e0 basse temp\u00e9rature avec \u00e9l\u00e9ments d'alliage r\u00e9sistants \u00e0 la corrosion) comme mat\u00e9riau du corps de vanne, ce qui la rend r\u00e9sistante \u00e0 la corrosion par l'ammoniac gazeux et liquide. La temp\u00e9rature basse peut atteindre -40 \u2103, afin d'assurer les conditions de fonctionnement maximales et les exigences d'utilisation.<br \/>\n2. Le type de structure appari\u00e9e de la paire d'\u00e9tanch\u00e9it\u00e9 de la vanne \u00e0 soupape pour ammoniac est de type bille et plan, l'\u00e9tanch\u00e9it\u00e9 est auto-compens\u00e9e, l'effet de double assurance, la performance d'\u00e9tanch\u00e9it\u00e9 est stable, et il n'y a pas d'usure par adh\u00e9sion, ce qui r\u00e9sout efficacement le probl\u00e8me de la mauvaise performance d'\u00e9tanch\u00e9it\u00e9 et de la fuite facile des vannes ordinaires pour les pipelines chimiques.<br \/>\n3. La bride du produit adopte une structure d'\u00e9tanch\u00e9it\u00e9 concave-convexe, ce qui assure une \u00e9tanch\u00e9it\u00e9 fiable de la bride interm\u00e9diaire, m\u00eame lorsque la pression du pipeline fluctue.<br \/>\n4. Un mat\u00e9riau d'\u00e9tanch\u00e9it\u00e9 multi-couches en polyt\u00e9trafluoro\u00e9thyl\u00e8ne est utilis\u00e9 dans le dispositif d'\u00e9tanch\u00e9it\u00e9 sup\u00e9rieur pour former une \u00e9tanch\u00e9it\u00e9 combin\u00e9e afin de garantir que la vanne n'a aucune fuite de fluide au niveau de la bo\u00eete \u00e0 garniture pendant sa dur\u00e9e de vie, \u00e9liminant ainsi le point faible d'\u00e9tanch\u00e9it\u00e9 de la bo\u00eete \u00e0 garniture des vannes ordinaires, la fuite facile du fluide, et m\u00eame les accidents potentiels.<\/p>\n<p>&nbsp;<\/p>\n<p>La diff\u00e9rence entre la vanne d'arr\u00eat pour ammoniac et la vanne d'arr\u00eat ordinaire :<br \/>\nLa surface d'\u00e9tanch\u00e9it\u00e9 de la vanne \u00e0 soupape pour ammoniac adopte du t\u00e9trafluoro\u00e9thyl\u00e8ne import\u00e9, qui a de bonnes performances d'\u00e9tanch\u00e9it\u00e9 et une longue dur\u00e9e de vie. Les vannes d'arr\u00eat pour ammoniac utilisent souvent de l'ammoniac, de l'azote, de l'hydrog\u00e8ne, de l'argon, du fluor et d'autres gaz\/(liquides). Ces gaz sont g\u00e9n\u00e9ralement stock\u00e9s dans des r\u00e9servoirs de stockage d\u00e9di\u00e9s. Lors de l'utilisation, ils sont ouverts via la vanne d'arr\u00eat pour ammoniac, puis ajust\u00e9s par d'autres vannes de r\u00e9gulation, de sorte que le gaz est introduit dans le syst\u00e8me d'utilisation. La bride de la vanne d'ammoniac est g\u00e9n\u00e9ralement concave-convexe. Les principaux param\u00e8tres de conception de la vanne d'arr\u00eat pour ammoniac : Fluide applicable pour la vanne d'arr\u00eat pour ammoniac : gaz ammoniac, ammoniac liquide, etc. Temp\u00e9rature applicable : Babbitt -40+150\u2103, t\u00e9trafluoro-40\u2103+200\u2103.<\/p>\n<p>&nbsp;<\/p>\n<p>La diff\u00e9rence entre la vanne d'arr\u00eat pour ammoniac et les autres vannes d'arr\u00eat est la suivante :<br \/>\n1. La surface d'\u00e9tanch\u00e9it\u00e9 est en PTFE (alliage Babbitt), qui offre de bonnes performances d'\u00e9tanch\u00e9it\u00e9 et une longue dur\u00e9e de vie.<br \/>\n2. La bride interm\u00e9diaire est de structure concave-convexe, et la tige de vanne est connect\u00e9e par une tige cach\u00e9e.<br \/>\n3. La surface d'\u00e9tanch\u00e9it\u00e9 du corps de vanne adopte une forme convexe sph\u00e9rique, qui est associ\u00e9e au disque de vanne.<br \/>\n4. L'ammoniac n'est pas autoris\u00e9 \u00e0 entrer en contact direct avec le cuivre, l'aluminium ; y compris le plastique et le caoutchouc.<\/p>\n<\/div>\n<\/div>\n<\/div>","protected":false},"excerpt":{"rendered":"<p>La vanne \u00e0 soupape J41B pour gaz ammoniac est sp\u00e9cialement con\u00e7ue pour les pipelines ou les appareils \u00e0 ammoniac et \u00e0 gaz. Sa structure tient compte des exigences de protection incendie. Le garnissage est en polyt\u00e9trafluoro\u00e9thyl\u00e8ne (PTFE), offrant une \u00e9tanch\u00e9it\u00e9 et une fiabilit\u00e9 sans fuite. Le mat\u00e9riau d'\u00e9tanch\u00e9it\u00e9 est en PTFE, souple et fiable. Elle convient aux syst\u00e8mes de tuyauterie de gaz ammoniac, de gaz de p\u00e9trole liqu\u00e9fi\u00e9 et de gaz fluor\u00e9. En tant que dispositif d'ouverture et de fermeture, elle convient \u00e9galement aux autres tuyauteries avec une temp\u00e9rature \u2264150\u2103. La vanne d'arr\u00eat pour ammoniac se caract\u00e9rise par une performance d'\u00e9tanch\u00e9it\u00e9 stable, une utilisation s\u00fbre et fiable, une forte r\u00e9sistance \u00e0 la corrosion, aucune fuite interne et externe du fluide, et une facilit\u00e9 d'utilisation. Le probl\u00e8me de mauvaise \u00e9tanch\u00e9it\u00e9 et de fuite facile est particuli\u00e8rement adapt\u00e9 au transport de gaz ammoniac et de gaz dans l'industrie chimique, et r\u00e9pond aux exigences d'une utilisation fiable \u00e0 long terme. Son \u00e9tanch\u00e9it\u00e9, sa maintenabilit\u00e9, sa s\u00e9curit\u00e9, etc.<\/p>","protected":false},"featured_media":5580,"comment_status":"open","ping_status":"closed","template":"","meta":{"site-sidebar-layout":"default","site-content-layout":"default","ast-site-content-layout":"default","site-content-style":"default","site-sidebar-style":"default","ast-global-header-display":"","ast-banner-title-visibility":"","ast-main-header-display":"","ast-hfb-above-header-display":"","ast-hfb-below-header-display":"","ast-hfb-mobile-header-display":"","site-post-title":"","ast-breadcrumbs-content":"","ast-featured-img":"","footer-sml-layout":"","ast-disable-related-posts":"","theme-transparent-header-meta":"default","adv-header-id-meta":"","stick-header-meta":"default","header-above-stick-meta":"","header-main-stick-meta":"","header-below-stick-meta":"","astra-migrate-meta-layouts":"default","ast-page-background-enabled":"default","ast-page-background-meta":{"desktop":{"background-color":"","background-image":"","background-repeat":"repeat","background-position":"center center","background-size":"auto","background-attachment":"scroll","background-type":"","background-media":"","overlay-type":"","overlay-color":"","overlay-opacity":"","overlay-gradient":""},"tablet":{"background-color":"","background-image":"","background-repeat":"repeat","background-position":"center center","background-size":"auto","background-attachment":"scroll","background-type":"","background-media":"","overlay-type":"","overlay-color":"","overlay-opacity":"","overlay-gradient":""},"mobile":{"background-color":"","background-image":"","background-repeat":"repeat","background-position":"center center","background-size":"auto","background-attachment":"scroll","background-type":"","background-media":"","overlay-type":"","overlay-color":"","overlay-opacity":"","overlay-gradient":""}},"ast-content-background-meta":{"desktop":{"background-color":"var(--ast-global-color-5)","background-image":"","background-repeat":"repeat","background-position":"center center","background-size":"auto","background-attachment":"scroll","background-type":"","background-media":"","overlay-type":"","overlay-color":"","overlay-opacity":"","overlay-gradient":""},"tablet":{"background-color":"var(--ast-global-color-5)","background-image":"","background-repeat":"repeat","background-position":"center center","background-size":"auto","background-attachment":"scroll","background-type":"","background-media":"","overlay-type":"","overlay-color":"","overlay-opacity":"","overlay-gradient":""},"mobile":{"background-color":"var(--ast-global-color-5)","background-image":"","background-repeat":"repeat","background-position":"center center","background-size":"auto","background-attachment":"scroll","background-type":"","background-media":"","overlay-type":"","overlay-color":"","overlay-opacity":"","overlay-gradient":""}}},"product_brand":[],"product_cat":[174],"product_tag":[319],"class_list":{"0":"post-4869","1":"product","2":"type-product","3":"status-publish","4":"has-post-thumbnail","6":"product_cat-globe-valves","7":"product_tag-petrochemical","8":"desktop-align-left","9":"tablet-align-left","10":"mobile-align-left","11":"ast-product-gallery-layout-horizontal-slider","12":"ast-product-gallery-with-no-image","13":"ast-product-tabs-layout-horizontal","14":"ast-qv-on-image","16":"first","17":"instock","18":"shipping-taxable","19":"product-type-simple"},"_links":{"self":[{"href":"https:\/\/raymonvalve.com\/fr\/wp-json\/wp\/v2\/product\/4869","targetHints":{"allow":["GET"]}}],"collection":[{"href":"https:\/\/raymonvalve.com\/fr\/wp-json\/wp\/v2\/product"}],"about":[{"href":"https:\/\/raymonvalve.com\/fr\/wp-json\/wp\/v2\/types\/product"}],"replies":[{"embeddable":true,"href":"https:\/\/raymonvalve.com\/fr\/wp-json\/wp\/v2\/comments?post=4869"}],"wp:featuredmedia":[{"embeddable":true,"href":"https:\/\/raymonvalve.com\/fr\/wp-json\/wp\/v2\/media\/5580"}],"wp:attachment":[{"href":"https:\/\/raymonvalve.com\/fr\/wp-json\/wp\/v2\/media?parent=4869"}],"wp:term":[{"taxonomy":"product_brand","embeddable":true,"href":"https:\/\/raymonvalve.com\/fr\/wp-json\/wp\/v2\/product_brand?post=4869"},{"taxonomy":"product_cat","embeddable":true,"href":"https:\/\/raymonvalve.com\/fr\/wp-json\/wp\/v2\/product_cat?post=4869"},{"taxonomy":"product_tag","embeddable":true,"href":"https:\/\/raymonvalve.com\/fr\/wp-json\/wp\/v2\/product_tag?post=4869"}],"curies":[{"name":"wp","href":"https:\/\/api.w.org\/{rel}","templated":true}]}}