{"id":4879,"date":"2022-09-06T10:38:01","date_gmt":"2022-09-06T02:38:01","guid":{"rendered":"https:\/\/limegreen-okapi-448594.hostingersite.com\/?post_type=product&#038;p=4879"},"modified":"2022-10-25T14:00:59","modified_gmt":"2022-10-25T06:00:59","slug":"hydraulic-control-slow-closing-ball-valve","status":"publish","type":"product","link":"https:\/\/raymonvalve.com\/fr\/produit\/hydraulic-control-slow-closing-ball-valve\/","title":{"rendered":"Vanne \u00e0 boisseau sph\u00e9rique \u00e0 fermeture lente \u00e0 commande hydraulique HBQ747(0)F(H) pour centrale hydro\u00e9lectrique"},"content":{"rendered":"<div class=\"document\">\n<div class=\"document\">\n<div class=\"document\">\n<div class=\"document\">\n<div class=\"document\">\n<div class=\"document\">\n<p>Introduction du produit : Vanne \u00e0 boisseau sph\u00e9rique \u00e0 fermeture lente \u00e0 commande hydraulique pour centrale hydro\u00e9lectrique<\/p>\n<p>La vanne \u00e0 boisseau sph\u00e9rique \u00e0 fermeture lente \u00e0 commande hydraulique est l'\u00e9quipement de contr\u00f4le de pipeline le plus avanc\u00e9 au pays et \u00e0 l'\u00e9tranger. Elle est principalement install\u00e9e \u00e0 l'entr\u00e9e de la turbine de la centrale hydro\u00e9lectrique et utilis\u00e9e comme vanne d'entr\u00e9e de la turbine ; fonction de clapet anti-retour et de vanne \u00e0 opercule. En fonctionnement, la vanne coop\u00e8re avec le moteur principal du pipeline, selon le principe du processus de transition hydraulique, gr\u00e2ce aux proc\u00e9dures d'ouverture et de fermeture pr\u00e9d\u00e9finies, le coup de b\u00e9lier du pipeline est efficacement \u00e9limin\u00e9, la coupure fiable du pipeline est r\u00e9alis\u00e9e et la s\u00e9curit\u00e9 du syst\u00e8me de pipeline est prot\u00e9g\u00e9e.<br \/>\nLa vanne \u00e0 boisseau sph\u00e9rique \u00e0 fermeture lente \u00e0 commande hydraulique produite par notre soci\u00e9t\u00e9 a un faible coefficient de r\u00e9sistance \u00e0 l'\u00e9coulement, un haut degr\u00e9 d'automatisation, des fonctions compl\u00e8tes et des performances stables et fiables. Sur la base d'une collecte, d'une recherche et d'un r\u00e9sum\u00e9 approfondis des performances de produits similaires au pays et \u00e0 l'\u00e9tranger, les concepteurs de notre soci\u00e9t\u00e9 ont introduit des vannes, la pression hydraulique. Un certain nombre de r\u00e9sultats de recherche dans les industries \u00e9lectrique et autres ont \u00e9t\u00e9 accumul\u00e9s et ont d\u00e9velopp\u00e9 une nouvelle g\u00e9n\u00e9ration de produits intelligents, \u00e0 haute efficacit\u00e9 et \u00e9conomes en \u00e9nergie. La soci\u00e9t\u00e9 dispose d'une solide force technique et peut la concevoir ind\u00e9pendamment selon les exigences sp\u00e9ciales des utilisateurs, afin de r\u00e9pondre aux besoins des utilisateurs pour ce type de produits de nombreuses mani\u00e8res.<\/p>\n<p>Ce produit pr\u00e9sente principalement les caract\u00e9ristiques suivantes :<br \/>\n1. Elle peut remplacer les fonctions de la vanne \u00e0 opercule \u00e9lectrique et du clapet anti-retour d'origine \u00e0 la sortie de la pompe, et int\u00e9grer les syst\u00e8mes m\u00e9canique, \u00e9lectrique et hydraulique en un seul, r\u00e9duisant l'encombrement et l'investissement en infrastructure.<br \/>\n2. La fonction de contr\u00f4le \u00e9lectro-hydraulique est compl\u00e8te et peut \u00eatre utilis\u00e9e comme un syst\u00e8me ind\u00e9pendant pour le d\u00e9bogage et le contr\u00f4le locaux sans configuration suppl\u00e9mentaire ; elle peut \u00e9galement \u00eatre utilis\u00e9e comme une unit\u00e9 d'\u00e9quipement du syst\u00e8me de contr\u00f4le distribu\u00e9 (DCS), qui est centralis\u00e9e par l'ordinateur central via le canal d'E\/S. Elle peut r\u00e9aliser une op\u00e9ration de liaison avec la pompe \u00e0 eau, la turbine hydraulique, la vanne de d\u00e9rivation et d'autres \u00e9quipements de pipeline ; elle est \u00e9galement \u00e9quip\u00e9e d'une fonction manuelle, qui peut ouvrir et fermer la vanne manuellement en l'absence d'alimentation \u00e9lectrique, afin de r\u00e9pondre aux exigences de d\u00e9bogage et de contr\u00f4le de la vanne dans des conditions de fonctionnement sp\u00e9ciales.<br \/>\n3. Bonne contr\u00f4labilit\u00e9, large plage de r\u00e9glage et forte adaptabilit\u00e9. Le syst\u00e8me de contr\u00f4le \u00e9lectro-hydraulique dispose de plusieurs points de r\u00e9glage, et les proc\u00e9dures d'ouverture et de fermeture peuvent \u00eatre d\u00e9finies selon diff\u00e9rentes exigences de contr\u00f4le de pipeline pour garantir que la vanne peut automatiquement s'ouvrir et se fermer rapidement selon le temps et l'angle pr\u00e9d\u00e9finis lorsque les conditions d'ouverture et de fermeture de la vanne sont remplies. , deux \u00e9tapes de fermeture lente. Et elle peut r\u00e9aliser une fermeture de vanne non \u00e9lectrique, \u00e9liminer efficacement le coup de b\u00e9lier destructeur, pr\u00e9venir les accidents deemballement des pompes et des groupes turbines hydrauliques, r\u00e9duire la fluctuation de pression du syst\u00e8me de r\u00e9seau de tuyauterie et assurer le fonctionnement s\u00fbr et fiable de l'\u00e9quipement.<br \/>\n4. La surface d'\u00e9tanch\u00e9it\u00e9 de la vanne principale est une structure d'\u00e9tanch\u00e9it\u00e9 m\u00e9tallique \u00e0 triple excentration ou une structure d'\u00e9tanch\u00e9it\u00e9 en caoutchouc \u00e0 double excentration, qui est facile \u00e0 ouvrir et \u00e0 fermer, et a une \u00e9tanch\u00e9it\u00e9 fiable ; et il y a une excentration agrandie suppl\u00e9mentaire, ce qui conf\u00e8re \u00e0 la vanne de bonnes performances d'auto-fermeture et d'auto-\u00e9tanch\u00e9it\u00e9. Les plaques de vanne de diam\u00e8tre moyen et petit sont con\u00e7ues comme une structure de plaque profil\u00e9e, et les plaques de vanne de grand diam\u00e8tre sont con\u00e7ues comme une structure de treillis \u00e0 double plaque, avec un faible d\u00e9placement et un flux d'eau lisse. Le coefficient de r\u00e9sistance \u00e0 l'\u00e9coulement de la vanne n'est que de 0,1 \u00e0 0,6, ce qui est bien inf\u00e9rieur \u00e0 celui du clapet anti-retour (1,7 \u00e0 2,6), l'effet d'\u00e9conomie d'\u00e9nergie est \u00e9vident.<\/p>\n<p>&nbsp;<\/p>\n<p>Norme et sp\u00e9cification pour vanne \u00e0 boisseau sph\u00e9rique \u00e0 fermeture lente \u00e0 commande hydraulique pour centrale hydro\u00e9lectrique<\/p>\n<div>\n<table border=\"0\" cellspacing=\"1\" cellpadding=\"3\">\n<tbody>\n<tr>\n<td bgcolor=\"#ffffff\">Normes du produit<\/td>\n<td colspan=\"2\" bgcolor=\"#ffffff\">GB\/T 14478, GB\/T 12238, JB\/T 8527<\/td>\n<\/tr>\n<tr>\n<td bgcolor=\"#ffffff\">Dispositif d'entra\u00eenement<\/td>\n<td colspan=\"2\" bgcolor=\"#ffffff\" data-spm-anchor-id=\"a261y.25179003.137725730131935.i1.2f485d4bRJ3lbZ\">JB\/T 5299<\/td>\n<\/tr>\n<tr>\n<td bgcolor=\"#ffffff\">Longueur de construction<\/td>\n<td colspan=\"2\" bgcolor=\"#ffffff\">GB\/T 12221<\/td>\n<\/tr>\n<tr>\n<td rowspan=\"3\" bgcolor=\"#ffffff\">Bride<\/td>\n<td bgcolor=\"#ffffff\">Bride en fonte grise<\/td>\n<td bgcolor=\"#ffffff\">GB\/T 17241.6<\/td>\n<\/tr>\n<tr>\n<td bgcolor=\"#ffffff\">Bride en fonte sph\u00e9ro\u00efdale<\/td>\n<td bgcolor=\"#ffffff\">GB\/T 12380.1~12380.3<\/td>\n<\/tr>\n<tr>\n<td bgcolor=\"#ffffff\">Bride en acier<\/td>\n<td bgcolor=\"#ffffff\">GB\/T 9112~9131<\/td>\n<\/tr>\n<tr>\n<td bgcolor=\"#ffffff\">Accumulateur<\/td>\n<td colspan=\"2\" bgcolor=\"#ffffff\">GB\/T 2352<\/td>\n<\/tr>\n<tr>\n<td bgcolor=\"#ffffff\">Test<\/td>\n<td colspan=\"2\" bgcolor=\"#ffffff\">GB\/T 14478, GB\/T 13927<\/td>\n<\/tr>\n<tr>\n<td bgcolor=\"#ffffff\">Garantie Qualit\u00e9<\/td>\n<td colspan=\"2\" bgcolor=\"#ffffff\">ISO9001<\/td>\n<\/tr>\n<\/tbody>\n<\/table>\n<\/div>\n<p>&nbsp;<\/p>\n<p>Remarque : D'autres normes pertinentes et normes \u00e9trang\u00e8res peuvent \u00eatre utilis\u00e9es, et la taille de la bride peut \u00eatre fabriqu\u00e9e selon les exigences de l'utilisateur, mais cela doit \u00eatre indiqu\u00e9 dans le contrat de commande.<\/p>\n<p>&nbsp;<\/p>\n<p>Param\u00e8tres de base de la vanne \u00e0 boisseau sph\u00e9rique \u00e0 fermeture lente contr\u00f4l\u00e9e hydrauliquement pour centrale hydro\u00e9lectrique<\/p>\n<div>\n<table border=\"0\" cellspacing=\"1\" cellpadding=\"3\">\n<tbody>\n<tr>\n<td colspan=\"2\" bgcolor=\"#ffffff\">Diam\u00e8tre Nominal DN\uff08mm\uff09<\/td>\n<td bgcolor=\"#ffffff\">150~2400<\/td>\n<\/tr>\n<tr>\n<td colspan=\"2\" bgcolor=\"#ffffff\">Pression Nominale PN\uff08MPa\uff09<\/td>\n<td bgcolor=\"#ffffff\">0.25~4.0<\/td>\n<\/tr>\n<tr>\n<td rowspan=\"2\" bgcolor=\"#ffffff\">Pression d'\u00e9preuve<br \/>\nPs\uff08MPa\uff09<\/td>\n<td bgcolor=\"#ffffff\">\u00c9tanch\u00e9it\u00e9<\/td>\n<td bgcolor=\"#ffffff\">1.1 \u00d7 PN<\/td>\n<\/tr>\n<tr>\n<td bgcolor=\"#ffffff\">R\u00e9sistance<\/td>\n<td bgcolor=\"#ffffff\">1.5 \u00d7 PN<\/td>\n<\/tr>\n<tr>\n<td colspan=\"2\" bgcolor=\"#ffffff\">Pression de service (MPa)<\/td>\n<td bgcolor=\"#ffffff\">1.0 \u00d7 PN<\/td>\n<\/tr>\n<tr>\n<td colspan=\"2\" bgcolor=\"#ffffff\">Temp\u00e9rature d'application (\u2103)<\/td>\n<td bgcolor=\"#ffffff\">\u226480<\/td>\n<\/tr>\n<tr>\n<td colspan=\"2\" bgcolor=\"#ffffff\">Fluide d'application<\/td>\n<td bgcolor=\"#ffffff\">Eau, Eau de mer, Eau avec pl\u00e2tre et sable, Huile<\/td>\n<\/tr>\n<\/tbody>\n<\/table>\n<\/div>\n<p>Remarque : 1. 1 MPa = 10,2 kgf\/cm\u00b2 2. Lors de l'utilisation dans les centrales hydro\u00e9lectriques, la pression d'\u00e9preuve d'\u00e9tanch\u00e9it\u00e9 peut \u00eatre calcul\u00e9e selon la hauteur de charge hydrostatique la plus \u00e9lev\u00e9e de la centrale.<\/p>\n<p>&nbsp;<\/p>\n<p>Param\u00e8tres sp\u00e9ciaux de la vanne \u00e0 boisseau sph\u00e9rique \u00e0 fermeture lente \u00e0 commande hydraulique pour centrale hydro\u00e9lectrique<\/p>\n<div>\n<table border=\"0\" cellspacing=\"1\" cellpadding=\"3\">\n<tbody>\n<tr>\n<td bgcolor=\"#ffffff\">Article<\/td>\n<td colspan=\"2\" bgcolor=\"#ffffff\">Plage de r\u00e9glage<\/td>\n<td bgcolor=\"#ffffff\">Param\u00e8tres de sortie d'usine<\/td>\n<\/tr>\n<tr>\n<td bgcolor=\"#ffffff\">Temps d'ouverture (R\u00e9glable)<\/td>\n<td colspan=\"2\" bgcolor=\"#ffffff\">15~60 secondes<\/td>\n<td bgcolor=\"#ffffff\">30<\/td>\n<\/tr>\n<tr>\n<td rowspan=\"2\" bgcolor=\"#ffffff\">Temps de fermeture (R\u00e9glable)<\/td>\n<td bgcolor=\"#ffffff\">Fermeture rapide<\/td>\n<td bgcolor=\"#ffffff\">5~25<\/td>\n<td bgcolor=\"#ffffff\">8<\/td>\n<\/tr>\n<tr>\n<td bgcolor=\"#ffffff\">Fermeture lente<\/td>\n<td bgcolor=\"#ffffff\">8~60<\/td>\n<td bgcolor=\"#ffffff\">20<\/td>\n<\/tr>\n<tr>\n<td rowspan=\"2\" bgcolor=\"#ffffff\">Angle de fermeture (R\u00e9glable)<\/td>\n<td bgcolor=\"#ffffff\">Fermeture rapide<\/td>\n<td bgcolor=\"#ffffff\">70\u00b110\u00b0<\/td>\n<td bgcolor=\"#ffffff\">70<\/td>\n<\/tr>\n<tr>\n<td bgcolor=\"#ffffff\">Fermeture lente<\/td>\n<td bgcolor=\"#ffffff\">20\u00b110\u00b0<\/td>\n<td bgcolor=\"#ffffff\">20<\/td>\n<\/tr>\n<tr>\n<td bgcolor=\"#ffffff\">Coefficient de r\u00e9sistance \u00e0 l'\u00e9coulement minimum<\/td>\n<td colspan=\"3\" bgcolor=\"#ffffff\">0.1<\/td>\n<\/tr>\n<\/tbody>\n<\/table>\n<\/div>\n<p>&nbsp;<\/p>\n<p>S\u00e9lection des mat\u00e9riaux pour les pi\u00e8ces principales de la vanne \u00e0 boisseau sph\u00e9rique \u00e0 fermeture lente \u00e0 commande hydraulique de type centrale hydro\u00e9lectrique<\/p>\n<div>\n<table border=\"0\" cellspacing=\"1\" cellpadding=\"3\">\n<tbody>\n<tr>\n<td bgcolor=\"#ffffff\">Nom<\/td>\n<td bgcolor=\"#ffffff\">Mat\u00e9riau<\/td>\n<\/tr>\n<tr>\n<td bgcolor=\"#ffffff\">Corps<\/td>\n<td bgcolor=\"#ffffff\">Fonte grise, Fonte \u00e0 graphite sph\u00e9ro\u00efdal, Acier au carbone<\/td>\n<\/tr>\n<tr>\n<td bgcolor=\"#ffffff\">Disque<\/td>\n<td bgcolor=\"#ffffff\">Fonte grise, Fonte \u00e0 graphite sph\u00e9ro\u00efdal, Acier au carbone<\/td>\n<\/tr>\n<tr>\n<td bgcolor=\"#ffffff\">Tige<\/td>\n<td bgcolor=\"#ffffff\">Acier inoxydable, Acier au carbone<\/td>\n<\/tr>\n<tr>\n<td bgcolor=\"#ffffff\">Bague d'\u00e9tanch\u00e9it\u00e9 de corps<\/td>\n<td bgcolor=\"#ffffff\">Alliage de cuivre, Acier inoxydable<\/td>\n<\/tr>\n<tr>\n<td bgcolor=\"#ffffff\">Bague d'\u00e9tanch\u00e9it\u00e9 de disque<\/td>\n<td bgcolor=\"#ffffff\">NBR de haute qualit\u00e9, Graphite souple \/ Acier inoxydable<\/td>\n<\/tr>\n<tr>\n<td bgcolor=\"#ffffff\">Arbre de transmission<\/td>\n<td bgcolor=\"#ffffff\">Alliage de cuivre<\/td>\n<\/tr>\n<tr>\n<td bgcolor=\"#ffffff\">Garniture<\/td>\n<td bgcolor=\"#ffffff\">Bague d'\u00e9tanch\u00e9it\u00e9 en V, Graphite souple<\/td>\n<\/tr>\n<tr>\n<td bgcolor=\"#ffffff\">Paroi<\/td>\n<td bgcolor=\"#ffffff\">Acier au carbone<\/td>\n<\/tr>\n<\/tbody>\n<\/table>\n<\/div>\n<p>&nbsp;<\/p>\n<p>&nbsp;<\/p>\n<\/div>\n<\/div>\n<\/div>\n<\/div>\n<\/div>\n<\/div>","protected":false},"excerpt":{"rendered":"<p>La vanne \u00e0 boisseau sph\u00e9rique \u00e0 fermeture lente \u00e0 commande hydraulique est l'\u00e9quipement de contr\u00f4le de pipeline le plus avanc\u00e9 au pays et \u00e0 l'\u00e9tranger. Elle est principalement install\u00e9e \u00e0 l'entr\u00e9e de la turbine de la centrale hydro\u00e9lectrique et utilis\u00e9e comme vanne d'entr\u00e9e de la turbine ; fonction de clapet anti-retour et de vanne \u00e0 opercule. En fonctionnement, la vanne coop\u00e8re avec le moteur principal du pipeline, selon le principe du processus de transition hydraulique, gr\u00e2ce aux proc\u00e9dures d'ouverture et de fermeture pr\u00e9d\u00e9finies, le coup de b\u00e9lier du pipeline est efficacement \u00e9limin\u00e9, la coupure fiable du pipeline est r\u00e9alis\u00e9e et la s\u00e9curit\u00e9 du syst\u00e8me de pipeline est prot\u00e9g\u00e9e.<\/p>","protected":false},"featured_media":5613,"comment_status":"open","ping_status":"closed","template":"","meta":{"site-sidebar-layout":"default","site-content-layout":"default","ast-site-content-layout":"default","site-content-style":"default","site-sidebar-style":"default","ast-global-header-display":"","ast-banner-title-visibility":"","ast-main-header-display":"","ast-hfb-above-header-display":"","ast-hfb-below-header-display":"","ast-hfb-mobile-header-display":"","site-post-title":"","ast-breadcrumbs-content":"","ast-featured-img":"","footer-sml-layout":"","ast-disable-related-posts":"","theme-transparent-header-meta":"default","adv-header-id-meta":"","stick-header-meta":"default","header-above-stick-meta":"","header-main-stick-meta":"","header-below-stick-meta":"","astra-migrate-meta-layouts":"default","ast-page-background-enabled":"default","ast-page-background-meta":{"desktop":{"background-color":"","background-image":"","background-repeat":"repeat","background-position":"center center","background-size":"auto","background-attachment":"scroll","background-type":"","background-media":"","overlay-type":"","overlay-color":"","overlay-opacity":"","overlay-gradient":""},"tablet":{"background-color":"","background-image":"","background-repeat":"repeat","background-position":"center center","background-size":"auto","background-attachment":"scroll","background-type":"","background-media":"","overlay-type":"","overlay-color":"","overlay-opacity":"","overlay-gradient":""},"mobile":{"background-color":"","background-image":"","background-repeat":"repeat","background-position":"center center","background-size":"auto","background-attachment":"scroll","background-type":"","background-media":"","overlay-type":"","overlay-color":"","overlay-opacity":"","overlay-gradient":""}},"ast-content-background-meta":{"desktop":{"background-color":"var(--ast-global-color-5)","background-image":"","background-repeat":"repeat","background-position":"center center","background-size":"auto","background-attachment":"scroll","background-type":"","background-media":"","overlay-type":"","overlay-color":"","overlay-opacity":"","overlay-gradient":""},"tablet":{"background-color":"var(--ast-global-color-5)","background-image":"","background-repeat":"repeat","background-position":"center center","background-size":"auto","background-attachment":"scroll","background-type":"","background-media":"","overlay-type":"","overlay-color":"","overlay-opacity":"","overlay-gradient":""},"mobile":{"background-color":"var(--ast-global-color-5)","background-image":"","background-repeat":"repeat","background-position":"center center","background-size":"auto","background-attachment":"scroll","background-type":"","background-media":"","overlay-type":"","overlay-color":"","overlay-opacity":"","overlay-gradient":""}}},"product_brand":[],"product_cat":[18],"product_tag":[],"class_list":{"0":"post-4879","1":"product","2":"type-product","3":"status-publish","4":"has-post-thumbnail","6":"product_cat-ball-valves","7":"desktop-align-left","8":"tablet-align-left","9":"mobile-align-left","10":"ast-product-gallery-layout-horizontal-slider","11":"ast-product-gallery-with-no-image","12":"ast-product-tabs-layout-horizontal","13":"ast-qv-on-image","15":"first","16":"instock","17":"shipping-taxable","18":"product-type-simple"},"_links":{"self":[{"href":"https:\/\/raymonvalve.com\/fr\/wp-json\/wp\/v2\/product\/4879","targetHints":{"allow":["GET"]}}],"collection":[{"href":"https:\/\/raymonvalve.com\/fr\/wp-json\/wp\/v2\/product"}],"about":[{"href":"https:\/\/raymonvalve.com\/fr\/wp-json\/wp\/v2\/types\/product"}],"replies":[{"embeddable":true,"href":"https:\/\/raymonvalve.com\/fr\/wp-json\/wp\/v2\/comments?post=4879"}],"wp:featuredmedia":[{"embeddable":true,"href":"https:\/\/raymonvalve.com\/fr\/wp-json\/wp\/v2\/media\/5613"}],"wp:attachment":[{"href":"https:\/\/raymonvalve.com\/fr\/wp-json\/wp\/v2\/media?parent=4879"}],"wp:term":[{"taxonomy":"product_brand","embeddable":true,"href":"https:\/\/raymonvalve.com\/fr\/wp-json\/wp\/v2\/product_brand?post=4879"},{"taxonomy":"product_cat","embeddable":true,"href":"https:\/\/raymonvalve.com\/fr\/wp-json\/wp\/v2\/product_cat?post=4879"},{"taxonomy":"product_tag","embeddable":true,"href":"https:\/\/raymonvalve.com\/fr\/wp-json\/wp\/v2\/product_tag?post=4879"}],"curies":[{"name":"wp","href":"https:\/\/api.w.org\/{rel}","templated":true}]}}