{"id":715,"date":"2022-08-04T11:24:04","date_gmt":"2022-08-04T03:24:04","guid":{"rendered":"https:\/\/limegreen-okapi-448594.hostingersite.com\/?post_type=product&#038;p=715"},"modified":"2022-09-05T14:22:13","modified_gmt":"2022-09-05T06:22:13","slug":"small-diameter-single-seat-control-valve","status":"publish","type":"product","link":"https:\/\/raymonvalve.com\/fr\/produit\/small-diameter-single-seat-control-valve\/","title":{"rendered":"Vanne de r\u00e9gulation \u00e0 si\u00e8ge unique de petit diam\u00e8tre"},"content":{"rendered":"<p>Elle est utilis\u00e9e pour r\u00e9guler les fluides \u00e0 micro-d\u00e9bit sous diverses pressions et temp\u00e9ratures. Le corps de la vanne poss\u00e8de un canal profil\u00e9 en S, offrant une faible perte de charge, un d\u00e9bit \u00e9lev\u00e9, une large plage d'ajustement et une grande pr\u00e9cision des caract\u00e9ristiques de d\u00e9bit. Conforme \u00e0 la norme IEC60534-2.<\/p>\n<p>Donn\u00e9es techniques\u00a0:<\/p>\n<p>-DN : 15-25<br \/>\n-Pression : PN16-110<br \/>\nClasse ANSI 150-600<br \/>\n\u2013 Norme de raccordement : GB, DIN, ANSI, JIS, etc. \u2013 Temp\u00e9rature : -196\u2103~+566\u2103 - Plage Cv : 0,01-14<br \/>\n\u2013 Caract\u00e9ristiques de d\u00e9bit : pourcentage \u00e9gal, lin\u00e9aire \u2013 Fuite : classes N, V et V<\/p>\n<p>Mat\u00e9riau :<\/p>\n<p>\u2013 Corps : acier au carbone, acier inoxydable, acier alli\u00e9 sp\u00e9cial \u2013 Garniture : acier inoxydable, acier inoxydable + traitement tremp\u00e9<br \/>\nAcier inoxydable + carbure c\u00e9ment\u00e9, acier alli\u00e9 sp\u00e9cial acier inoxydable + PTFE<\/p>\n<p>Optionnel :<\/p>\n<p>\u2013 Garnitures de d\u00e9pressurisation anti-cavitation \u2013 \u00c9tanch\u00e9it\u00e9 par soufflet \u2013 Chemise d'isolation<br \/>\n-Garniture d'\u00e9tanch\u00e9it\u00e9 \u00e0 faible fuite Lwft<\/p>\n<p>Caract\u00e9ristiques :<\/p>\n<p>\u2013 Conception soign\u00e9e pour un entretien facile \u2013 Conception robuste et compacte<br \/>\n\u2013 Capacit\u00e9 d'arr\u00eat classe IV, V et V \u2013 Conception \u00e0 haut d\u00e9bit<br \/>\n\u2013 Le canal du corps de vanne est optimis\u00e9 pour une meilleure stabilit\u00e9 d'\u00e9coulement<br \/>\n-Actionneur pneumatique compact multi-bombes<br \/>\n\u2013 Communaut\u00e9 optimale de composants entre toutes les tailles<\/p>","protected":false},"excerpt":{"rendered":"<p>Elle est utilis\u00e9e pour r\u00e9guler les fluides \u00e0 micro-d\u00e9bit sous diverses pressions et temp\u00e9ratures. Le corps de la vanne poss\u00e8de un canal profil\u00e9 en S, offrant une faible perte de charge, un d\u00e9bit \u00e9lev\u00e9, une large plage d'ajustement et une grande pr\u00e9cision des caract\u00e9ristiques de d\u00e9bit. Conforme \u00e0 la norme IEC60534-2.<\/p>","protected":false},"featured_media":3687,"comment_status":"open","ping_status":"closed","template":"","meta":{"site-sidebar-layout":"default","site-content-layout":"default","ast-site-content-layout":"default","site-content-style":"default","site-sidebar-style":"default","ast-global-header-display":"","ast-banner-title-visibility":"","ast-main-header-display":"","ast-hfb-above-header-display":"","ast-hfb-below-header-display":"","ast-hfb-mobile-header-display":"","site-post-title":"","ast-breadcrumbs-content":"","ast-featured-img":"","footer-sml-layout":"","ast-disable-related-posts":"","theme-transparent-header-meta":"default","adv-header-id-meta":"","stick-header-meta":"default","header-above-stick-meta":"","header-main-stick-meta":"","header-below-stick-meta":"","astra-migrate-meta-layouts":"default","ast-page-background-enabled":"default","ast-page-background-meta":{"desktop":{"background-color":"","background-image":"","background-repeat":"repeat","background-position":"center center","background-size":"auto","background-attachment":"scroll","background-type":"","background-media":"","overlay-type":"","overlay-color":"","overlay-opacity":"","overlay-gradient":""},"tablet":{"background-color":"","background-image":"","background-repeat":"repeat","background-position":"center center","background-size":"auto","background-attachment":"scroll","background-type":"","background-media":"","overlay-type":"","overlay-color":"","overlay-opacity":"","overlay-gradient":""},"mobile":{"background-color":"","background-image":"","background-repeat":"repeat","background-position":"center center","background-size":"auto","background-attachment":"scroll","background-type":"","background-media":"","overlay-type":"","overlay-color":"","overlay-opacity":"","overlay-gradient":""}},"ast-content-background-meta":{"desktop":{"background-color":"var(--ast-global-color-5)","background-image":"","background-repeat":"repeat","background-position":"center center","background-size":"auto","background-attachment":"scroll","background-type":"","background-media":"","overlay-type":"","overlay-color":"","overlay-opacity":"","overlay-gradient":""},"tablet":{"background-color":"var(--ast-global-color-5)","background-image":"","background-repeat":"repeat","background-position":"center center","background-size":"auto","background-attachment":"scroll","background-type":"","background-media":"","overlay-type":"","overlay-color":"","overlay-opacity":"","overlay-gradient":""},"mobile":{"background-color":"var(--ast-global-color-5)","background-image":"","background-repeat":"repeat","background-position":"center center","background-size":"auto","background-attachment":"scroll","background-type":"","background-media":"","overlay-type":"","overlay-color":"","overlay-opacity":"","overlay-gradient":""}}},"product_brand":[],"product_cat":[295,178],"product_tag":[],"class_list":{"0":"post-715","1":"product","2":"type-product","3":"status-publish","4":"has-post-thumbnail","6":"product_cat-globe-pneumatic-control-valve","7":"product_cat-control-valves","8":"desktop-align-left","9":"tablet-align-left","10":"mobile-align-left","11":"ast-product-gallery-layout-horizontal-slider","12":"ast-product-gallery-with-no-image","13":"ast-product-tabs-layout-horizontal","14":"ast-qv-on-image","16":"first","17":"instock","18":"shipping-taxable","19":"product-type-simple"},"_links":{"self":[{"href":"https:\/\/raymonvalve.com\/fr\/wp-json\/wp\/v2\/product\/715","targetHints":{"allow":["GET"]}}],"collection":[{"href":"https:\/\/raymonvalve.com\/fr\/wp-json\/wp\/v2\/product"}],"about":[{"href":"https:\/\/raymonvalve.com\/fr\/wp-json\/wp\/v2\/types\/product"}],"replies":[{"embeddable":true,"href":"https:\/\/raymonvalve.com\/fr\/wp-json\/wp\/v2\/comments?post=715"}],"wp:featuredmedia":[{"embeddable":true,"href":"https:\/\/raymonvalve.com\/fr\/wp-json\/wp\/v2\/media\/3687"}],"wp:attachment":[{"href":"https:\/\/raymonvalve.com\/fr\/wp-json\/wp\/v2\/media?parent=715"}],"wp:term":[{"taxonomy":"product_brand","embeddable":true,"href":"https:\/\/raymonvalve.com\/fr\/wp-json\/wp\/v2\/product_brand?post=715"},{"taxonomy":"product_cat","embeddable":true,"href":"https:\/\/raymonvalve.com\/fr\/wp-json\/wp\/v2\/product_cat?post=715"},{"taxonomy":"product_tag","embeddable":true,"href":"https:\/\/raymonvalve.com\/fr\/wp-json\/wp\/v2\/product_tag?post=715"}],"curies":[{"name":"wp","href":"https:\/\/api.w.org\/{rel}","templated":true}]}}