{"id":3705,"date":"2022-08-24T09:17:02","date_gmt":"2022-08-24T01:17:02","guid":{"rendered":"https:\/\/limegreen-okapi-448594.hostingersite.com\/?post_type=product&#038;p=3705"},"modified":"2022-09-05T13:45:56","modified_gmt":"2022-09-05T05:45:56","slug":"general-angle-valve","status":"publish","type":"product","link":"https:\/\/raymonvalve.com\/it\/prodotto\/general-angle-valve\/","title":{"rendered":"Valvola angolare generale"},"content":{"rendered":"<p>Utilizzata per controllare una variet\u00e0 di fluidi di processo, gas e vapore. Il suo design soddisfa i requisiti degli standard EN e ASME. Il corpo valvola ha una struttura compatta, una piccola perdita di carico, un'elevata portata, un ampio campo di regolazione, un'elevata precisione delle caratteristiche di flusso e conformit\u00e0 allo standard IEC60534-2.<\/p>\n<p>Dati tecnici:<\/p>\n<p>-DN:40-300 -Pressione: PN16-110<br \/>\nANSI Classe 150-600<br \/>\n-Standard di connessione: GBDIN, ANSI JIS, ecc. -Temperatura: -196~+566\u2103 -Gamma CV: 10-1400<br \/>\n\u2013 Caratteristiche di flusso: Percentuale uguale, lineare \u2013 Perdite: Classe V e VI<\/p>\n<p>Materiale:<\/p>\n<p>\u2013 Corpo: acciaio al carbonio, acciaio inossidabile, acciaio speciale legato \u2013 Trim: acciaio inossidabile. Acciaio inossidabile + temprato.<br \/>\nAcciaio inossidabile + carburo cementato, acciaio legato speciale acciaio inossidabile + PTFE<\/p>\n<p>Opzionale:<\/p>\n<p>\u2013 Tenuta a soffietto \u2013 Camicia di isolamento<br \/>\n-Guarnizione Luft a bassa perdita<\/p>\n<p>Caratteristiche:<\/p>\n<p>-Attuatore ottimizzato per varie condizioni di alimentazione dell'aria<br \/>\n\u2013 Capacit\u00e0 di arresto raggiunge i livelli V, V e V<br \/>\n-Design ad alta portata<br \/>\n-Il canale del corpo del filo \u00e8 ottimizzato, il che \u00e8 pi\u00f9 favorevole alla stabilit\u00e0 del flusso<br \/>\n\u2013 Ottimale comunanza dei componenti tra tutte le dimensioni<\/p>","protected":false},"excerpt":{"rendered":"<p>Utilizzata per controllare una variet\u00e0 di fluidi di processo, gas e vapore. Il suo design soddisfa i requisiti degli standard EN e ASME. Il corpo valvola ha una struttura compatta, una piccola perdita di carico, un'elevata portata, un ampio campo di regolazione, un'elevata precisione delle caratteristiche di flusso e conformit\u00e0 allo standard IEC60534-2.<\/p>","protected":false},"featured_media":3706,"comment_status":"open","ping_status":"closed","template":"","meta":{"site-sidebar-layout":"default","site-content-layout":"default","ast-site-content-layout":"default","site-content-style":"default","site-sidebar-style":"default","ast-global-header-display":"","ast-banner-title-visibility":"","ast-main-header-display":"","ast-hfb-above-header-display":"","ast-hfb-below-header-display":"","ast-hfb-mobile-header-display":"","site-post-title":"","ast-breadcrumbs-content":"","ast-featured-img":"","footer-sml-layout":"","ast-disable-related-posts":"","theme-transparent-header-meta":"default","adv-header-id-meta":"","stick-header-meta":"default","header-above-stick-meta":"","header-main-stick-meta":"","header-below-stick-meta":"","astra-migrate-meta-layouts":"default","ast-page-background-enabled":"default","ast-page-background-meta":{"desktop":{"background-color":"","background-image":"","background-repeat":"repeat","background-position":"center center","background-size":"auto","background-attachment":"scroll","background-type":"","background-media":"","overlay-type":"","overlay-color":"","overlay-opacity":"","overlay-gradient":""},"tablet":{"background-color":"","background-image":"","background-repeat":"repeat","background-position":"center center","background-size":"auto","background-attachment":"scroll","background-type":"","background-media":"","overlay-type":"","overlay-color":"","overlay-opacity":"","overlay-gradient":""},"mobile":{"background-color":"","background-image":"","background-repeat":"repeat","background-position":"center center","background-size":"auto","background-attachment":"scroll","background-type":"","background-media":"","overlay-type":"","overlay-color":"","overlay-opacity":"","overlay-gradient":""}},"ast-content-background-meta":{"desktop":{"background-color":"var(--ast-global-color-5)","background-image":"","background-repeat":"repeat","background-position":"center center","background-size":"auto","background-attachment":"scroll","background-type":"","background-media":"","overlay-type":"","overlay-color":"","overlay-opacity":"","overlay-gradient":""},"tablet":{"background-color":"var(--ast-global-color-5)","background-image":"","background-repeat":"repeat","background-position":"center center","background-size":"auto","background-attachment":"scroll","background-type":"","background-media":"","overlay-type":"","overlay-color":"","overlay-opacity":"","overlay-gradient":""},"mobile":{"background-color":"var(--ast-global-color-5)","background-image":"","background-repeat":"repeat","background-position":"center center","background-size":"auto","background-attachment":"scroll","background-type":"","background-media":"","overlay-type":"","overlay-color":"","overlay-opacity":"","overlay-gradient":""}}},"product_brand":[],"product_cat":[178,316,295],"product_tag":[],"class_list":{"0":"post-3705","1":"product","2":"type-product","3":"status-publish","4":"has-post-thumbnail","6":"product_cat-control-valves","7":"product_cat-angle-valve","8":"product_cat-globe-pneumatic-control-valve","9":"desktop-align-left","10":"tablet-align-left","11":"mobile-align-left","12":"ast-product-gallery-layout-horizontal-slider","13":"ast-product-gallery-with-no-image","14":"ast-product-tabs-layout-horizontal","15":"ast-qv-on-image","17":"first","18":"instock","19":"shipping-taxable","20":"product-type-simple"},"_links":{"self":[{"href":"https:\/\/raymonvalve.com\/it\/wp-json\/wp\/v2\/product\/3705","targetHints":{"allow":["GET"]}}],"collection":[{"href":"https:\/\/raymonvalve.com\/it\/wp-json\/wp\/v2\/product"}],"about":[{"href":"https:\/\/raymonvalve.com\/it\/wp-json\/wp\/v2\/types\/product"}],"replies":[{"embeddable":true,"href":"https:\/\/raymonvalve.com\/it\/wp-json\/wp\/v2\/comments?post=3705"}],"wp:featuredmedia":[{"embeddable":true,"href":"https:\/\/raymonvalve.com\/it\/wp-json\/wp\/v2\/media\/3706"}],"wp:attachment":[{"href":"https:\/\/raymonvalve.com\/it\/wp-json\/wp\/v2\/media?parent=3705"}],"wp:term":[{"taxonomy":"product_brand","embeddable":true,"href":"https:\/\/raymonvalve.com\/it\/wp-json\/wp\/v2\/product_brand?post=3705"},{"taxonomy":"product_cat","embeddable":true,"href":"https:\/\/raymonvalve.com\/it\/wp-json\/wp\/v2\/product_cat?post=3705"},{"taxonomy":"product_tag","embeddable":true,"href":"https:\/\/raymonvalve.com\/it\/wp-json\/wp\/v2\/product_tag?post=3705"}],"curies":[{"name":"wp","href":"https:\/\/api.w.org\/{rel}","templated":true}]}}