{"id":4879,"date":"2022-09-06T10:38:01","date_gmt":"2022-09-06T02:38:01","guid":{"rendered":"https:\/\/limegreen-okapi-448594.hostingersite.com\/?post_type=product&#038;p=4879"},"modified":"2022-10-25T14:00:59","modified_gmt":"2022-10-25T06:00:59","slug":"hydraulic-control-slow-closing-ball-valve","status":"publish","type":"product","link":"https:\/\/raymonvalve.com\/it\/prodotto\/hydraulic-control-slow-closing-ball-valve\/","title":{"rendered":"Valvola a sfera a chiusura lenta a controllo idraulico HBQ747(0)F(H) per centrale idroelettrica"},"content":{"rendered":"<div class=\"document\">\n<div class=\"document\">\n<div class=\"document\">\n<div class=\"document\">\n<div class=\"document\">\n<div class=\"document\">\n<p>Introduzione al prodotto: Valvola a sfera a chiusura lenta a controllo idraulico per centrale idroelettrica<\/p>\n<p>La valvola a sfera a chiusura lenta a controllo idraulico \u00e8 l'attrezzatura di controllo di pipeline pi\u00f9 avanzata in patria e all'estero. \u00c8 installata principalmente all'ingresso della turbina della centrale idroelettrica e utilizzata come valvola di ingresso della turbina; Funzione di valvola di ritegno e valvola a saracinesca. Durante il funzionamento, la valvola coopera con il motore principale della pipeline, secondo il principio del processo di transizione idraulica, attraverso procedure di apertura e chiusura preimpostate, il colpo d'ariete della pipeline viene efficacemente eliminato, viene realizzato il blocco affidabile della pipeline e la sicurezza del sistema di pipeline \u00e8 protetta.<br \/>\nLa valvola a sfera a chiusura lenta a controllo idraulico prodotta dalla nostra azienda ha un coefficiente di resistenza al flusso ridotto, un elevato grado di automazione, funzioni complete e prestazioni stabili e affidabili. Sulla base di un'ampia raccolta, ricerca e sintesi delle prestazioni di prodotti simili in patria e all'estero, i progettisti della nostra azienda hanno introdotto valvole, pressione idraulica e numerosi risultati di ricerca in altri settori, accumulando e sviluppando una nuova generazione di prodotti intelligenti, ad alta efficienza e a risparmio energetico. L'azienda dispone di una forte forza tecnica e pu\u00f2 progettarla in modo indipendente in base ai requisiti speciali degli utenti, in modo da soddisfare le esigenze degli utenti per questo tipo di prodotti in molti modi.<\/p>\n<p>Questo prodotto presenta principalmente le seguenti caratteristiche:<br \/>\n1. Pu\u00f2 sostituire le funzioni della valvola a saracinesca elettrica e della valvola di ritegno originali all'uscita della pompa, integrando i sistemi meccanico, elettrico e idraulico in un unico insieme, riducendo lo spazio occupato e gli investimenti infrastrutturali.<br \/>\n2. La funzione di controllo elettroidraulico \u00e8 completa e pu\u00f2 essere utilizzata come sistema indipendente per il debug e il controllo locale senza configurazione aggiuntiva; pu\u00f2 anche essere utilizzata come unit\u00e0 di apparecchiatura del sistema di controllo distribuito (DCS), centralizzata dal computer centrale tramite il canale I\/O. Pu\u00f2 realizzare operazioni di collegamento con pompe, turbine idrauliche, valvole di bypass e altre apparecchiature di pipeline; \u00e8 inoltre dotata di funzione manuale, che pu\u00f2 aprire e chiudere la valvola manualmente in assenza di alimentazione, in modo da soddisfare i requisiti di debug e controllo della valvola in condizioni operative speciali.<br \/>\n3. Buona controllabilit\u00e0, ampio intervallo di regolazione e forte adattabilit\u00e0. Il sistema di controllo elettroidraulico dispone di pi\u00f9 punti di regolazione e le procedure di apertura e chiusura possono essere impostate in base a diversi requisiti di controllo della pipeline per garantire che la valvola possa aprirsi e chiudersi automaticamente rapidamente secondo il tempo e l'angolo preimpostati quando le condizioni di apertura e chiusura della valvola sono soddisfatte. , due stadi di chiusura lenta. E pu\u00f2 realizzare la chiusura della valvola non elettrica, eliminare efficacemente il colpo d'ariete distruttivo, prevenire il verificarsi di incidenti di fuga delle unit\u00e0 di pompe e turbine idrauliche, ridurre la fluttuazione della pressione del sistema di rete idrica e garantire il funzionamento sicuro e affidabile delle apparecchiature.<br \/>\n4. La superficie di tenuta della valvola principale \u00e8 una struttura a triplo eccentrico a tenuta metallica o a doppio eccentrico a tenuta in gomma, facile da aprire e chiudere e con una tenuta affidabile; e c'\u00e8 un eccentrico maggiorato aggiuntivo, che conferisce alla valvola buone prestazioni di auto-chiusura e auto-tenuta. Le piastre a sfera di diametro medio e piccolo sono progettate come una struttura a piastra aerodinamica, e le piastre a sfera di grande diametro sono progettate come una struttura a traliccio a doppia piastra, con piccolo spostamento e flusso d'acqua regolare. Il coefficiente di resistenza al flusso della valvola \u00e8 solo 0,1~0,6, che \u00e8 molto inferiore a quello della valvola di ritegno (1,7\uff5e2,6), l'effetto di risparmio energetico \u00e8 evidente.<\/p>\n<p>&nbsp;<\/p>\n<p>Standard e specifiche per valvole a sfera a chiusura lenta a controllo idraulico per centrali idroelettriche<\/p>\n<div>\n<table border=\"0\" cellspacing=\"1\" cellpadding=\"3\">\n<tbody>\n<tr>\n<td bgcolor=\"#ffffff\">Standard del prodotto<\/td>\n<td colspan=\"2\" bgcolor=\"#ffffff\">GB\/T 14478, GB\/T 12238, JB\/T 8527<\/td>\n<\/tr>\n<tr>\n<td bgcolor=\"#ffffff\">Dispositivo di azionamento<\/td>\n<td colspan=\"2\" bgcolor=\"#ffffff\" data-spm-anchor-id=\"a261y.25179003.137725730131935.i1.2f485d4bRJ3lbZ\">JB\/T 5299<\/td>\n<\/tr>\n<tr>\n<td bgcolor=\"#ffffff\">Lunghezza costruttiva<\/td>\n<td colspan=\"2\" bgcolor=\"#ffffff\">GB\/T 12221<\/td>\n<\/tr>\n<tr>\n<td rowspan=\"3\" bgcolor=\"#ffffff\">Flangia<\/td>\n<td bgcolor=\"#ffffff\">Flangia in ghisa grigia<\/td>\n<td bgcolor=\"#ffffff\">GB\/T 17241.6<\/td>\n<\/tr>\n<tr>\n<td bgcolor=\"#ffffff\">Flangia in ghisa sferoidale<\/td>\n<td bgcolor=\"#ffffff\">GB\/T 12380.1~12380.3<\/td>\n<\/tr>\n<tr>\n<td bgcolor=\"#ffffff\">Flangia in acciaio<\/td>\n<td bgcolor=\"#ffffff\">GB\/T 9112~9131<\/td>\n<\/tr>\n<tr>\n<td bgcolor=\"#ffffff\">Accumulatore<\/td>\n<td colspan=\"2\" bgcolor=\"#ffffff\">GB\/T 2352<\/td>\n<\/tr>\n<tr>\n<td bgcolor=\"#ffffff\">Test<\/td>\n<td colspan=\"2\" bgcolor=\"#ffffff\">GB\/T 14478, GB\/T 13927<\/td>\n<\/tr>\n<tr>\n<td bgcolor=\"#ffffff\">Garanzia di qualit\u00e0<\/td>\n<td colspan=\"2\" bgcolor=\"#ffffff\">ISO9001<\/td>\n<\/tr>\n<\/tbody>\n<\/table>\n<\/div>\n<p>&nbsp;<\/p>\n<p>Nota: Possono essere utilizzati altri standard pertinenti e standard esteri, e la dimensione della flangia pu\u00f2 essere prodotta secondo i requisiti dell'utente, ma ci\u00f2 deve essere indicato nel contratto d'ordine.<\/p>\n<p>&nbsp;<\/p>\n<p>Parametri di base della valvola a sfera a chiusura lenta controllata idraulicamente per centrale idroelettrica<\/p>\n<div>\n<table border=\"0\" cellspacing=\"1\" cellpadding=\"3\">\n<tbody>\n<tr>\n<td colspan=\"2\" bgcolor=\"#ffffff\">Diametro nominale DN (mm)<\/td>\n<td bgcolor=\"#ffffff\">150~2400<\/td>\n<\/tr>\n<tr>\n<td colspan=\"2\" bgcolor=\"#ffffff\">Pressione nominale PN (MPa)<\/td>\n<td bgcolor=\"#ffffff\">0.25~4.0<\/td>\n<\/tr>\n<tr>\n<td rowspan=\"2\" bgcolor=\"#ffffff\">Pressione di prova<br \/>\nPs (MPa)<\/td>\n<td bgcolor=\"#ffffff\">Tenuta<\/td>\n<td bgcolor=\"#ffffff\">1.1 \u00d7 PN<\/td>\n<\/tr>\n<tr>\n<td bgcolor=\"#ffffff\">Resistenza<\/td>\n<td bgcolor=\"#ffffff\">1.5 \u00d7 PN<\/td>\n<\/tr>\n<tr>\n<td colspan=\"2\" bgcolor=\"#ffffff\">Pressione di esercizio (MPa)<\/td>\n<td bgcolor=\"#ffffff\">1.0 \u00d7 PN<\/td>\n<\/tr>\n<tr>\n<td colspan=\"2\" bgcolor=\"#ffffff\">Temperatura applicata (\u00b0C)<\/td>\n<td bgcolor=\"#ffffff\">\u226480<\/td>\n<\/tr>\n<tr>\n<td colspan=\"2\" bgcolor=\"#ffffff\">Fluido applicato<\/td>\n<td bgcolor=\"#ffffff\">Acqua, Acqua di mare, Acqua con gesso e sabbia, Olio<\/td>\n<\/tr>\n<\/tbody>\n<\/table>\n<\/div>\n<p>Nota: 1. 1Mpa=10.2\u338ff\/c\u33a1 2. Se utilizzata in centrali idroelettriche, la pressione di prova di tenuta pu\u00f2 essere calcolata in base alla massima prevalenza della centrale.<\/p>\n<p>&nbsp;<\/p>\n<p>Parametri speciali della valvola a sfera a chiusura lenta controllata idraulicamente per centrali idroelettriche<\/p>\n<div>\n<table border=\"0\" cellspacing=\"1\" cellpadding=\"3\">\n<tbody>\n<tr>\n<td bgcolor=\"#ffffff\">Articolo<\/td>\n<td colspan=\"2\" bgcolor=\"#ffffff\">Intervallo di regolazione<\/td>\n<td bgcolor=\"#ffffff\">Parametri per la spedizione dalla fabbrica<\/td>\n<\/tr>\n<tr>\n<td bgcolor=\"#ffffff\">Tempo di apertura (regolabile)<\/td>\n<td colspan=\"2\" bgcolor=\"#ffffff\">15~60 secondi<\/td>\n<td bgcolor=\"#ffffff\">30<\/td>\n<\/tr>\n<tr>\n<td rowspan=\"2\" bgcolor=\"#ffffff\">Tempo di chiusura (regolabile)<\/td>\n<td bgcolor=\"#ffffff\">Chiusura rapida<\/td>\n<td bgcolor=\"#ffffff\">5~25<\/td>\n<td bgcolor=\"#ffffff\">8<\/td>\n<\/tr>\n<tr>\n<td bgcolor=\"#ffffff\">Chiusura lenta<\/td>\n<td bgcolor=\"#ffffff\">8~60<\/td>\n<td bgcolor=\"#ffffff\">20<\/td>\n<\/tr>\n<tr>\n<td rowspan=\"2\" bgcolor=\"#ffffff\">Angolo di chiusura (regolabile)<\/td>\n<td bgcolor=\"#ffffff\">Chiusura rapida<\/td>\n<td bgcolor=\"#ffffff\">70\u00b110\u00b0<\/td>\n<td bgcolor=\"#ffffff\">70<\/td>\n<\/tr>\n<tr>\n<td bgcolor=\"#ffffff\">Chiusura lenta<\/td>\n<td bgcolor=\"#ffffff\">20\u00b110\u00b0<\/td>\n<td bgcolor=\"#ffffff\">20<\/td>\n<\/tr>\n<tr>\n<td bgcolor=\"#ffffff\">Coefficiente minimo di resistenza al flusso<\/td>\n<td colspan=\"3\" bgcolor=\"#ffffff\">0.1<\/td>\n<\/tr>\n<\/tbody>\n<\/table>\n<\/div>\n<p>&nbsp;<\/p>\n<p>Selezione materiali per le parti principali della valvola a sfera a chiusura lenta idraulicamente controllata tipo centrale idroelettrica<\/p>\n<div>\n<table border=\"0\" cellspacing=\"1\" cellpadding=\"3\">\n<tbody>\n<tr>\n<td bgcolor=\"#ffffff\">Nome<\/td>\n<td bgcolor=\"#ffffff\">Materiale<\/td>\n<\/tr>\n<tr>\n<td bgcolor=\"#ffffff\">Corpo<\/td>\n<td bgcolor=\"#ffffff\">Ghisa grigia, Ghisa sferoidale, Acciaio al carbonio<\/td>\n<\/tr>\n<tr>\n<td bgcolor=\"#ffffff\">Disco<\/td>\n<td bgcolor=\"#ffffff\">Ghisa grigia, Ghisa sferoidale, Acciaio al carbonio<\/td>\n<\/tr>\n<tr>\n<td bgcolor=\"#ffffff\">Albero<\/td>\n<td bgcolor=\"#ffffff\">Acciaio inossidabile, Acciaio al carbonio<\/td>\n<\/tr>\n<tr>\n<td bgcolor=\"#ffffff\">Anello di tenuta corpo<\/td>\n<td bgcolor=\"#ffffff\">Lega di rame, Acciaio inossidabile<\/td>\n<\/tr>\n<tr>\n<td bgcolor=\"#ffffff\">Anello di tenuta disco<\/td>\n<td bgcolor=\"#ffffff\">NBR di alta qualit\u00e0, Acciaio inossidabile\/Grafite morbida<\/td>\n<\/tr>\n<tr>\n<td bgcolor=\"#ffffff\">Albero di trasmissione<\/td>\n<td bgcolor=\"#ffffff\">Lega di rame<\/td>\n<\/tr>\n<tr>\n<td bgcolor=\"#ffffff\">Guarnizione<\/td>\n<td bgcolor=\"#ffffff\">Anello di tenuta a V, Grafite morbida<\/td>\n<\/tr>\n<tr>\n<td bgcolor=\"#ffffff\">Pannello murale<\/td>\n<td bgcolor=\"#ffffff\">Acciaio al carbonio<\/td>\n<\/tr>\n<\/tbody>\n<\/table>\n<\/div>\n<p>&nbsp;<\/p>\n<p>&nbsp;<\/p>\n<\/div>\n<\/div>\n<\/div>\n<\/div>\n<\/div>\n<\/div>","protected":false},"excerpt":{"rendered":"<p>La valvola a sfera a chiusura lenta a controllo idraulico \u00e8 l'attrezzatura di controllo di pipeline pi\u00f9 avanzata in patria e all'estero. \u00c8 installata principalmente all'ingresso della turbina della centrale idroelettrica e utilizzata come valvola di ingresso della turbina; Funzione di valvola di ritegno e valvola a saracinesca. Durante il funzionamento, la valvola coopera con il motore principale della pipeline, secondo il principio del processo di transizione idraulica, attraverso procedure di apertura e chiusura preimpostate, il colpo d'ariete della pipeline viene efficacemente eliminato, viene realizzato il blocco affidabile della pipeline e la sicurezza del sistema di pipeline \u00e8 protetta.<\/p>","protected":false},"featured_media":5613,"comment_status":"open","ping_status":"closed","template":"","meta":{"site-sidebar-layout":"default","site-content-layout":"default","ast-site-content-layout":"default","site-content-style":"default","site-sidebar-style":"default","ast-global-header-display":"","ast-banner-title-visibility":"","ast-main-header-display":"","ast-hfb-above-header-display":"","ast-hfb-below-header-display":"","ast-hfb-mobile-header-display":"","site-post-title":"","ast-breadcrumbs-content":"","ast-featured-img":"","footer-sml-layout":"","ast-disable-related-posts":"","theme-transparent-header-meta":"default","adv-header-id-meta":"","stick-header-meta":"default","header-above-stick-meta":"","header-main-stick-meta":"","header-below-stick-meta":"","astra-migrate-meta-layouts":"default","ast-page-background-enabled":"default","ast-page-background-meta":{"desktop":{"background-color":"","background-image":"","background-repeat":"repeat","background-position":"center center","background-size":"auto","background-attachment":"scroll","background-type":"","background-media":"","overlay-type":"","overlay-color":"","overlay-opacity":"","overlay-gradient":""},"tablet":{"background-color":"","background-image":"","background-repeat":"repeat","background-position":"center center","background-size":"auto","background-attachment":"scroll","background-type":"","background-media":"","overlay-type":"","overlay-color":"","overlay-opacity":"","overlay-gradient":""},"mobile":{"background-color":"","background-image":"","background-repeat":"repeat","background-position":"center center","background-size":"auto","background-attachment":"scroll","background-type":"","background-media":"","overlay-type":"","overlay-color":"","overlay-opacity":"","overlay-gradient":""}},"ast-content-background-meta":{"desktop":{"background-color":"var(--ast-global-color-5)","background-image":"","background-repeat":"repeat","background-position":"center center","background-size":"auto","background-attachment":"scroll","background-type":"","background-media":"","overlay-type":"","overlay-color":"","overlay-opacity":"","overlay-gradient":""},"tablet":{"background-color":"var(--ast-global-color-5)","background-image":"","background-repeat":"repeat","background-position":"center center","background-size":"auto","background-attachment":"scroll","background-type":"","background-media":"","overlay-type":"","overlay-color":"","overlay-opacity":"","overlay-gradient":""},"mobile":{"background-color":"var(--ast-global-color-5)","background-image":"","background-repeat":"repeat","background-position":"center center","background-size":"auto","background-attachment":"scroll","background-type":"","background-media":"","overlay-type":"","overlay-color":"","overlay-opacity":"","overlay-gradient":""}}},"product_brand":[],"product_cat":[18],"product_tag":[],"class_list":{"0":"post-4879","1":"product","2":"type-product","3":"status-publish","4":"has-post-thumbnail","6":"product_cat-ball-valves","7":"desktop-align-left","8":"tablet-align-left","9":"mobile-align-left","10":"ast-product-gallery-layout-horizontal-slider","11":"ast-product-gallery-with-no-image","12":"ast-product-tabs-layout-horizontal","13":"ast-qv-on-image","15":"first","16":"instock","17":"shipping-taxable","18":"product-type-simple"},"_links":{"self":[{"href":"https:\/\/raymonvalve.com\/it\/wp-json\/wp\/v2\/product\/4879","targetHints":{"allow":["GET"]}}],"collection":[{"href":"https:\/\/raymonvalve.com\/it\/wp-json\/wp\/v2\/product"}],"about":[{"href":"https:\/\/raymonvalve.com\/it\/wp-json\/wp\/v2\/types\/product"}],"replies":[{"embeddable":true,"href":"https:\/\/raymonvalve.com\/it\/wp-json\/wp\/v2\/comments?post=4879"}],"wp:featuredmedia":[{"embeddable":true,"href":"https:\/\/raymonvalve.com\/it\/wp-json\/wp\/v2\/media\/5613"}],"wp:attachment":[{"href":"https:\/\/raymonvalve.com\/it\/wp-json\/wp\/v2\/media?parent=4879"}],"wp:term":[{"taxonomy":"product_brand","embeddable":true,"href":"https:\/\/raymonvalve.com\/it\/wp-json\/wp\/v2\/product_brand?post=4879"},{"taxonomy":"product_cat","embeddable":true,"href":"https:\/\/raymonvalve.com\/it\/wp-json\/wp\/v2\/product_cat?post=4879"},{"taxonomy":"product_tag","embeddable":true,"href":"https:\/\/raymonvalve.com\/it\/wp-json\/wp\/v2\/product_tag?post=4879"}],"curies":[{"name":"wp","href":"https:\/\/api.w.org\/{rel}","templated":true}]}}