{"id":4880,"date":"2022-09-06T13:46:43","date_gmt":"2022-09-06T05:46:43","guid":{"rendered":"https:\/\/limegreen-okapi-448594.hostingersite.com\/?post_type=product&#038;p=4880"},"modified":"2022-09-15T14:30:46","modified_gmt":"2022-09-15T06:30:46","slug":"ndkz64h-y-vacuum-isolation-manual-gate-valve","status":"publish","type":"product","link":"https:\/\/raymonvalve.com\/it\/prodotto\/ndkz64h-y-vacuum-isolation-manual-gate-valve\/","title":{"rendered":"Valvola a saracinesca manuale per isolamento vuoto NDKZ64H-Y"},"content":{"rendered":"<div class=\"document\">\n<div class=\"document\">\n<div class=\"document\">\n<div class=\"document\">\n<div class=\"document\">\n<div class=\"document\">\n<div class=\"document\">\n<div id=\"offer-title-13772573013167-1\" class=\"offer-title-wrapper\" data-module-id=\"13772573013167\" data-title=\"\u5546\u54c1\u63cf\u8ff0\">\n<div class=\"offer-title-content\">\n<p>descrizione prodotto<br \/>\nUsi e caratteristiche<\/p>\n<p>La valvola a saracinesca per vuoto e la valvola a saracinesca per isolamento vuoto presentano due forme di connessione: flangia e saldatura. Esistono due tipi di metodi di azionamento: manuale ed elettrico. La valvola \u00e8 adatta per tubazioni con temperatura di esercizio \u2264425\u2103 e \u2264550\u2103, e il fluido di lavoro \u00e8 acqua, vapore o aria.<\/p>\n<p>\u00c8 un miglioramento rispetto alla normale valvola a saracinesca manuale. La differenza \u00e8 che un anello di tenuta per vuoto \u00e8 aggiunto alla guarnizione del premistoppa della valvola a saracinesca per vuoto, che ha la funzione di auto-espansione e compressione, e ha migliori prestazioni di tenuta dell'aria rispetto alla normale valvola a saracinesca. La valvola \u00e8 adatta per temperature di esercizio \u2264 425 \u2103 (acciaio al cromo-molibdeno tipo NKZ44Y \u00e8 \u2264 550 \u2103), il fluido di lavoro \u00e8 acqua, vapore o aria, come dispositivo di apertura e chiusura; particolarmente adatta per la condensazione della turbina a vapore nelle centrali termoelettriche e per i sistemi a vuoto a pressione negativa, svolge il ruolo di isolamento e tenuta del vuoto.<\/p>\n<\/div>\n<\/div>\n<div id=\"detailContentContainer\" class=\"detail-description-content fd-editor\">\n<div class=\"content-detail\">\n<table border=\"0\">\n<tbody>\n<tr>\n<td bgcolor=\"#cccccc\"><strong>Parametri:<\/strong><\/td>\n<\/tr>\n<\/tbody>\n<\/table>\n<p>Diametro nominale: DN50-DN800<br \/>\nPressione nominale: 1.6Mpa-10Mpa<br \/>\nTemperatura applicabile: \u2264550\u2103<br \/>\nFluido applicabile: acqua, vapore, aria<br \/>\nMateriale corpo: acciaio fuso, acciaio al carbonio, acciaio al cromo-molibdeno<br \/>\nMetodo di connessione: connessione flangiata<br \/>\nProgettazione e produzione: GB12234<br \/>\nLunghezza costruttiva: GB12221<br \/>\nStandard flangia: GB9113; JB79<br \/>\nTest di ispezione: GB\/T13927; HG\/T9092<\/p>\n<table border=\"0\">\n<tbody>\n<tr>\n<td bgcolor=\"#cccccc\"><strong>Caratteristiche valvola a saracinesca per vuoto:<\/strong><\/td>\n<\/tr>\n<\/tbody>\n<\/table>\n<p>\u2460 La camera della baderna con struttura di tenuta per vuoto \u00e8 progettata per isolare il sistema dall'atmosfera e offre buone prestazioni di protezione ambientale;<br \/>\n\u2461 Selezione dei materiali, in linea con gli standard pertinenti e qualit\u00e0 dei materiali affidabile;<br \/>\n\u2462 L'accoppiamento delle coppie di tenuta \u00e8 ragionevole, migliorando le prestazioni di tenuta e garantendo una lunga durata;<br \/>\n\u2463 Le parti di apertura e chiusura adottano una tenuta elastica bidirezionale di saracinesche parallele, con bassa forza di attrito, facile apertura e chiusura, manutenzione conveniente, tenuta affidabile e alte prestazioni;<br \/>\n\u2464 L'otturatore della valvola \u00e8 temprato e rinvenuto con trattamento di nitrurazione, che offre buona resistenza alla corrosione, ai graffi e all'usura;<br \/>\n\u2465 La guarnizione della flangia \u00e8 realizzata in materiale composito, con un elevato coefficiente di espansione e buona tenuta all'aria, garantendo un isolamento affidabile tra il sistema e l'atmosfera.<\/p>\n<p>&nbsp;<\/p>\n<p>&nbsp;<\/p>\n<p>&nbsp;<\/p>\n<\/div>\n<\/div>\n<\/div>\n<\/div>\n<\/div>\n<\/div>\n<\/div>\n<\/div>\n<\/div>","protected":false},"excerpt":{"rendered":"<p>descrizione prodotto<br \/>\nUsi e caratteristiche<\/p>\n<p>La valvola a saracinesca per vuoto e la valvola a saracinesca per isolamento vuoto presentano due forme di connessione: flangia e saldatura. Esistono due tipi di metodi di azionamento: manuale ed elettrico. La valvola \u00e8 adatta per tubazioni con temperatura di esercizio \u2264425\u2103 e \u2264550\u2103, e il fluido di lavoro \u00e8 acqua, vapore o aria.<\/p>","protected":false},"featured_media":4882,"comment_status":"open","ping_status":"closed","template":"","meta":{"site-sidebar-layout":"default","site-content-layout":"default","ast-site-content-layout":"default","site-content-style":"default","site-sidebar-style":"default","ast-global-header-display":"","ast-banner-title-visibility":"","ast-main-header-display":"","ast-hfb-above-header-display":"","ast-hfb-below-header-display":"","ast-hfb-mobile-header-display":"","site-post-title":"","ast-breadcrumbs-content":"","ast-featured-img":"","footer-sml-layout":"","ast-disable-related-posts":"","theme-transparent-header-meta":"default","adv-header-id-meta":"","stick-header-meta":"default","header-above-stick-meta":"","header-main-stick-meta":"","header-below-stick-meta":"","astra-migrate-meta-layouts":"default","ast-page-background-enabled":"default","ast-page-background-meta":{"desktop":{"background-color":"","background-image":"","background-repeat":"repeat","background-position":"center center","background-size":"auto","background-attachment":"scroll","background-type":"","background-media":"","overlay-type":"","overlay-color":"","overlay-opacity":"","overlay-gradient":""},"tablet":{"background-color":"","background-image":"","background-repeat":"repeat","background-position":"center center","background-size":"auto","background-attachment":"scroll","background-type":"","background-media":"","overlay-type":"","overlay-color":"","overlay-opacity":"","overlay-gradient":""},"mobile":{"background-color":"","background-image":"","background-repeat":"repeat","background-position":"center center","background-size":"auto","background-attachment":"scroll","background-type":"","background-media":"","overlay-type":"","overlay-color":"","overlay-opacity":"","overlay-gradient":""}},"ast-content-background-meta":{"desktop":{"background-color":"var(--ast-global-color-5)","background-image":"","background-repeat":"repeat","background-position":"center center","background-size":"auto","background-attachment":"scroll","background-type":"","background-media":"","overlay-type":"","overlay-color":"","overlay-opacity":"","overlay-gradient":""},"tablet":{"background-color":"var(--ast-global-color-5)","background-image":"","background-repeat":"repeat","background-position":"center center","background-size":"auto","background-attachment":"scroll","background-type":"","background-media":"","overlay-type":"","overlay-color":"","overlay-opacity":"","overlay-gradient":""},"mobile":{"background-color":"var(--ast-global-color-5)","background-image":"","background-repeat":"repeat","background-position":"center center","background-size":"auto","background-attachment":"scroll","background-type":"","background-media":"","overlay-type":"","overlay-color":"","overlay-opacity":"","overlay-gradient":""}}},"product_brand":[],"product_cat":[175],"product_tag":[],"class_list":{"0":"post-4880","1":"product","2":"type-product","3":"status-publish","4":"has-post-thumbnail","6":"product_cat-gate-valves","7":"desktop-align-left","8":"tablet-align-left","9":"mobile-align-left","10":"ast-product-gallery-layout-horizontal-slider","11":"ast-product-gallery-with-no-image","12":"ast-product-tabs-layout-horizontal","13":"ast-qv-on-image","15":"first","16":"instock","17":"shipping-taxable","18":"product-type-simple"},"_links":{"self":[{"href":"https:\/\/raymonvalve.com\/it\/wp-json\/wp\/v2\/product\/4880","targetHints":{"allow":["GET"]}}],"collection":[{"href":"https:\/\/raymonvalve.com\/it\/wp-json\/wp\/v2\/product"}],"about":[{"href":"https:\/\/raymonvalve.com\/it\/wp-json\/wp\/v2\/types\/product"}],"replies":[{"embeddable":true,"href":"https:\/\/raymonvalve.com\/it\/wp-json\/wp\/v2\/comments?post=4880"}],"wp:featuredmedia":[{"embeddable":true,"href":"https:\/\/raymonvalve.com\/it\/wp-json\/wp\/v2\/media\/4882"}],"wp:attachment":[{"href":"https:\/\/raymonvalve.com\/it\/wp-json\/wp\/v2\/media?parent=4880"}],"wp:term":[{"taxonomy":"product_brand","embeddable":true,"href":"https:\/\/raymonvalve.com\/it\/wp-json\/wp\/v2\/product_brand?post=4880"},{"taxonomy":"product_cat","embeddable":true,"href":"https:\/\/raymonvalve.com\/it\/wp-json\/wp\/v2\/product_cat?post=4880"},{"taxonomy":"product_tag","embeddable":true,"href":"https:\/\/raymonvalve.com\/it\/wp-json\/wp\/v2\/product_tag?post=4880"}],"curies":[{"name":"wp","href":"https:\/\/api.w.org\/{rel}","templated":true}]}}