{"id":4887,"date":"2022-09-06T14:34:17","date_gmt":"2022-09-06T06:34:17","guid":{"rendered":"https:\/\/limegreen-okapi-448594.hostingersite.com\/?post_type=product&#038;p=4887"},"modified":"2022-09-15T14:05:55","modified_gmt":"2022-09-15T06:05:55","slug":"dz40y-cryogenic-gate-valve","status":"publish","type":"product","link":"https:\/\/raymonvalve.com\/it\/prodotto\/dz40y-cryogenic-gate-valve\/","title":{"rendered":"Valvola a saracinesca criogenica DZ40Y"},"content":{"rendered":"<div class=\"document\">\n<div class=\"document\">\n<div class=\"document\">\n<div class=\"document\">\n<div class=\"document\">\n<div class=\"document\">\n<div class=\"document\">\n<div id=\"offer-title-13772573013167-1\" class=\"offer-title-wrapper\" data-module-id=\"13772573013167\" data-title=\"\u5546\u54c1\u63cf\u8ff0\">\n<div class=\"offer-title-content\">\n<div class=\"document\">\n<div class=\"document\">\n<p>Valvola a saracinesca criogenica<\/p>\n<p>La valvola a saracinesca \u00e8 una valvola di intercettazione di uso comune, utilizzata principalmente per connettere o interrompere il fluido nella tubazione, e non \u00e8 adatta per la regolazione del flusso del fluido. La valvola a saracinesca \u00e8 adatta per un'ampia gamma di pressioni, temperature e diametri, specialmente per tubazioni di diametro medio e grande.<\/p>\n<p>Principali vantaggi della valvola a saracinesca:<\/p>\n<p>(1) La resistenza al fluido \u00e8 ridotta. Il canale del fluido all'interno del corpo valvola della valvola a saracinesca \u00e8 a passaggio diretto e il fluido non cambia la sua direzione di flusso quando attraversa la valvola a saracinesca, quindi la resistenza al flusso \u00e8 ridotta.<\/p>\n<p>(2) L'apertura e la chiusura richiedono meno sforzo. Durante l'apertura e la chiusura, la direzione di movimento della saracinesca \u00e8 perpendicolare alla direzione di flusso del fluido. Rispetto alla valvola a globo, l'apertura e la chiusura della valvola a saracinesca richiedono meno sforzo.<\/p>\n<p>(3) La direzione del flusso del fluido generalmente non \u00e8 limitata. Il fluido pu\u00f2 fluire in qualsiasi direzione da entrambi i lati della valvola a saracinesca e pu\u00f2 essere connesso o interrotto. Facile da installare, adatta per tubazioni in cui la direzione del flusso del fluido pu\u00f2 cambiare.<\/p>\n<p>&nbsp;<\/p>\n<p>Specifiche delle prestazioni e materiali delle parti principali<\/p>\n<table>\n<colgroup>\n<col width=\"45px\" \/>\n<col width=\"78px\" \/>\n<col width=\"80px\" \/>\n<col width=\"33px\" \/>\n<col width=\"74px\" \/>\n<col width=\"4px\" \/>\n<col width=\"116px\" \/>\n<col width=\"107px\" \/>\n<col width=\"108px\" \/>\n<col width=\"96px\" \/><\/colgroup>\n<tbody>\n<tr>\n<td colspan=\"1\" rowspan=\"6\" align=\"\" valign=\"middle\" width=\"45\">\n<p class=\"paragraph text-align-type-left pap-line-1.3 pap-line-rule-auto pap-spacing-before-3pt pap-spacing-after-3pt\">Parti principali<\/p>\n<\/td>\n<td colspan=\"1\" rowspan=\"1\" align=\"\" valign=\"middle\" width=\"78\">corpo valvola<\/p>\n<p>coperchio valvola<\/td>\n<td colspan=\"1\" rowspan=\"1\" align=\"\" valign=\"middle\" width=\"80\">\n<p class=\"paragraph text-align-type-left pap-line-1.3 pap-line-rule-auto pap-spacing-before-3pt pap-spacing-after-3pt\">acciaio al carbonio<\/p>\n<\/td>\n<td colspan=\"2\" rowspan=\"1\" align=\"\" valign=\"middle\" width=\"107\">\n<p class=\"paragraph text-align-type-left pap-line-1.3 pap-line-rule-auto pap-spacing-before-3pt pap-spacing-after-3pt\">Acciaio inossidabile cromo-nichel-titanio<\/p>\n<\/td>\n<td colspan=\"2\" rowspan=\"1\" align=\"\" valign=\"middle\" width=\"120\">\n<p class=\"paragraph text-align-type-left pap-line-1.3 pap-line-rule-auto pap-spacing-before-3pt pap-spacing-after-3pt\">Acciaio inossidabile cromo-molibdeno-nichel-titanio<\/p>\n<\/td>\n<td colspan=\"1\" rowspan=\"1\" align=\"\" valign=\"middle\" width=\"107\">\n<p class=\"paragraph text-align-type-left pap-line-1.3 pap-line-rule-auto pap-spacing-before-3pt pap-spacing-after-3pt\">acciaio inossidabile al carbonio<\/p>\n<\/td>\n<td colspan=\"1\" rowspan=\"1\" align=\"\" valign=\"middle\" width=\"108\">\n<p class=\"paragraph text-align-type-left pap-line-1.3 pap-line-rule-auto pap-spacing-before-3pt pap-spacing-after-3pt\">acciaio legato al cromo-molibdeno<\/p>\n<\/td>\n<td colspan=\"1\" rowspan=\"1\" align=\"\" valign=\"middle\" width=\"96\">\n<p class=\"paragraph text-align-type-left pap-line-1.3 pap-line-rule-auto pap-spacing-before-3pt pap-spacing-after-3pt\">acciaio al carbonio criogenico<\/p>\n<\/td>\n<\/tr>\n<tr>\n<td colspan=\"1\" rowspan=\"1\" align=\"\" valign=\"middle\" width=\"78\">Saracinesca<\/p>\n<p>sede valvola<\/td>\n<td colspan=\"1\" rowspan=\"1\" align=\"\" valign=\"middle\" width=\"80\">\n<p class=\"paragraph text-align-type-left pap-line-1.3 pap-line-rule-auto pap-spacing-before-3pt pap-spacing-after-3pt\">acciaio al carbonio con riporto in carburo o acciaio inossidabile<\/p>\n<\/td>\n<td colspan=\"2\" rowspan=\"1\" align=\"\" valign=\"middle\" width=\"107\">Acciaio inossidabile cromo-nichel-titanio<\/p>\n<p>riporto lega dura<\/td>\n<td colspan=\"2\" rowspan=\"1\" align=\"\" valign=\"middle\" width=\"120\">Acciaio inossidabile cromo-molibdeno-nichel-titanio<\/p>\n<p>riporto lega dura<\/td>\n<td colspan=\"1\" rowspan=\"1\" align=\"\" valign=\"middle\" width=\"107\">\n<p class=\"paragraph text-align-type-left pap-line-1.3 pap-line-rule-auto pap-spacing-before-3pt pap-spacing-after-3pt\">acciaio inossidabile al carbonio<\/p>\n<\/td>\n<td colspan=\"1\" rowspan=\"1\" align=\"\" valign=\"middle\" width=\"108\">acciaio legato al cromo-molibdeno<\/p>\n<p>riporto lega dura<\/td>\n<td colspan=\"1\" rowspan=\"1\" align=\"\" valign=\"middle\" width=\"96\">\n<p class=\"paragraph text-align-type-left pap-line-1.3 pap-line-rule-auto pap-spacing-before-3pt pap-spacing-after-3pt\">acciaio inossidabile con riporto lega dura<\/p>\n<\/td>\n<\/tr>\n<tr>\n<td colspan=\"1\" rowspan=\"1\" align=\"\" valign=\"middle\" width=\"78\">\n<p class=\"paragraph text-align-type-left pap-line-1.3 pap-line-rule-auto pap-spacing-before-3pt pap-spacing-after-3pt\">stelo valvola<\/p>\n<\/td>\n<td colspan=\"1\" rowspan=\"1\" align=\"\" valign=\"middle\" width=\"80\">\n<p class=\"paragraph text-align-type-left pap-line-1.3 pap-line-rule-auto pap-spacing-before-3pt pap-spacing-after-3pt\">Acciaio Inossidabile Cromato<\/p>\n<\/td>\n<td colspan=\"2\" rowspan=\"1\" align=\"\" valign=\"middle\" width=\"107\">\n<p class=\"paragraph text-align-type-left pap-line-1.3 pap-line-rule-auto pap-spacing-before-3pt pap-spacing-after-3pt\">Acciaio inossidabile cromo-nichel-titanio<\/p>\n<\/td>\n<td colspan=\"2\" rowspan=\"1\" align=\"\" valign=\"middle\" width=\"120\">\n<p class=\"paragraph text-align-type-left pap-line-1.3 pap-line-rule-auto pap-spacing-before-3pt pap-spacing-after-3pt\">Acciaio inossidabile cromo-nichel-titanio<\/p>\n<\/td>\n<td colspan=\"1\" rowspan=\"1\" align=\"\" valign=\"middle\" width=\"107\">\n<p class=\"paragraph text-align-type-left pap-line-1.3 pap-line-rule-auto pap-spacing-before-3pt pap-spacing-after-3pt\">acciaio inossidabile al carbonio<\/p>\n<\/td>\n<td colspan=\"1\" rowspan=\"1\" align=\"\" valign=\"middle\" width=\"108\">\n<p class=\"paragraph text-align-type-left pap-line-1.3 pap-line-rule-auto pap-spacing-before-3pt pap-spacing-after-3pt\">acciaio legato al cromo-molibdeno<\/p>\n<\/td>\n<td colspan=\"1\" rowspan=\"1\" align=\"\" valign=\"middle\" width=\"96\">\n<p class=\"paragraph text-align-type-left pap-line-1.3 pap-line-rule-auto pap-spacing-before-3pt pap-spacing-after-3pt\">Acciaio inossidabile<\/p>\n<\/td>\n<\/tr>\n<tr>\n<td colspan=\"1\" rowspan=\"1\" align=\"\" valign=\"middle\" width=\"78\">\n<p class=\"paragraph text-align-type-left pap-line-1.3 pap-line-rule-auto pap-spacing-before-3pt pap-spacing-after-3pt\">guarnizione<\/p>\n<\/td>\n<td colspan=\"1\" rowspan=\"1\" align=\"\" valign=\"middle\" width=\"80\">\n<p class=\"paragraph text-align-type-left pap-line-1.3 pap-line-rule-auto pap-spacing-before-3pt pap-spacing-after-3pt\">guarnizione in grafite e amianto<\/p>\n<\/td>\n<td colspan=\"5\" rowspan=\"1\" align=\"\" valign=\"middle\" width=\"334\">\n<p class=\"paragraph text-align-type-left pap-line-1.3 pap-line-rule-auto pap-spacing-before-3pt pap-spacing-after-3pt\">guarnizione in politetrafluoroetilene (PTFE) e amianto<\/p>\n<\/td>\n<td colspan=\"1\" rowspan=\"1\" align=\"\" valign=\"middle\" width=\"108\">\n<p class=\"paragraph text-align-type-left pap-line-1.3 pap-line-rule-auto pap-spacing-before-3pt pap-spacing-after-3pt\">guarnizione in grafite flessibile e amianto<\/p>\n<\/td>\n<td colspan=\"1\" rowspan=\"1\" align=\"\" valign=\"middle\" width=\"96\">\n<p class=\"paragraph text-align-type-left pap-line-1.3 pap-line-rule-auto pap-spacing-before-3pt pap-spacing-after-3pt\">guarnizione in politetrafluoroetilene (PTFE) e amianto<\/p>\n<\/td>\n<\/tr>\n<tr>\n<td colspan=\"1\" rowspan=\"1\" align=\"\" valign=\"middle\" width=\"78\">\n<p class=\"paragraph text-align-type-left pap-line-1.3 pap-line-rule-auto pap-spacing-before-3pt pap-spacing-after-3pt\">Guarnizione<\/p>\n<\/td>\n<td colspan=\"1\" rowspan=\"1\" align=\"\" valign=\"middle\" width=\"80\">\n<p class=\"paragraph text-align-type-left pap-line-1.3 pap-line-rule-auto pap-spacing-before-3pt pap-spacing-after-3pt\">guarnizione in amianto<\/p>\n<\/td>\n<td colspan=\"5\" rowspan=\"1\" align=\"\" valign=\"middle\" width=\"334\">\n<p class=\"paragraph text-align-type-left pap-line-1.3 pap-line-rule-auto pap-spacing-before-3pt pap-spacing-after-3pt\">guarnizione spiralata in acciaio inossidabile con politetrafluoroetilene (PTFE)<\/p>\n<\/td>\n<td colspan=\"1\" rowspan=\"1\" align=\"\" valign=\"middle\" width=\"108\">\n<p class=\"paragraph text-align-type-left pap-line-1.3 pap-line-rule-auto pap-spacing-before-3pt pap-spacing-after-3pt\">grafite flessibile + acciaio inossidabile<\/p>\n<\/td>\n<td colspan=\"1\" rowspan=\"1\" align=\"\" valign=\"middle\" width=\"96\">\n<p class=\"paragraph text-align-type-left pap-line-1.3 pap-line-rule-auto pap-spacing-before-3pt pap-spacing-after-3pt\">politetrafluoroetilene<\/p>\n<\/td>\n<\/tr>\n<tr>\n<td colspan=\"1\" rowspan=\"1\" align=\"\" valign=\"middle\" width=\"78\">\n<p class=\"paragraph text-align-type-left pap-line-1.3 pap-line-rule-auto pap-spacing-before-3pt pap-spacing-after-3pt\">Dado dello stelo<\/p>\n<\/td>\n<td colspan=\"8\" rowspan=\"1\" align=\"\" valign=\"middle\" width=\"618\">\n<p class=\"paragraph text-align-type-left pap-line-1.3 pap-line-rule-auto pap-spacing-before-3pt pap-spacing-after-3pt\">Ghisa duttile nichelata \/ ZguAL10Fe3<\/p>\n<\/td>\n<\/tr>\n<tr>\n<td colspan=\"1\" rowspan=\"2\" align=\"\" valign=\"middle\" width=\"45\">\n<p class=\"paragraph text-align-type-left pap-line-1.3 pap-line-rule-auto pap-spacing-before-3pt pap-spacing-after-3pt\">Parametri principali<\/p>\n<\/td>\n<td colspan=\"1\" rowspan=\"1\" align=\"\" valign=\"middle\" width=\"78\">\n<p class=\"paragraph text-align-type-left pap-line-1.3 pap-line-rule-auto pap-spacing-before-3pt pap-spacing-after-3pt\">fluidi applicabili<\/p>\n<\/td>\n<td colspan=\"2\" rowspan=\"1\" align=\"\" valign=\"middle\" width=\"113\">\n<p class=\"paragraph text-align-type-left pap-line-1.3 pap-line-rule-auto pap-spacing-before-3pt pap-spacing-after-3pt\">acqua, vapore, olio<\/p>\n<\/td>\n<td colspan=\"2\" rowspan=\"1\" align=\"\" valign=\"middle\" width=\"78\">\n<p class=\"paragraph text-align-type-left pap-line-1.3 pap-line-rule-auto pap-spacing-before-3pt pap-spacing-after-3pt\">Tipo acido nitrico<\/p>\n<\/td>\n<td colspan=\"1\" rowspan=\"1\" align=\"\" valign=\"middle\" width=\"116\">\n<p class=\"paragraph text-align-type-left pap-line-1.3 pap-line-rule-auto pap-spacing-before-3pt pap-spacing-after-3pt\">Tipo acido acetico<\/p>\n<\/td>\n<td colspan=\"1\" rowspan=\"1\" align=\"\" valign=\"middle\" width=\"107\">\n<p class=\"paragraph text-align-type-left pap-line-1.3 pap-line-rule-auto pap-spacing-before-3pt pap-spacing-after-3pt\">Urea, liquido metilammonio, ecc.<\/p>\n<\/td>\n<td colspan=\"1\" rowspan=\"1\" align=\"\" valign=\"middle\" width=\"108\">\n<p class=\"paragraph text-align-type-left pap-line-1.3 pap-line-rule-auto pap-spacing-before-3pt pap-spacing-after-3pt\">Acqua, Vapore, Petrolio e Prodotti Petroliferi<\/p>\n<\/td>\n<td colspan=\"1\" rowspan=\"1\" align=\"\" valign=\"middle\" width=\"96\">\n<p class=\"paragraph text-align-type-left pap-line-1.3 pap-line-rule-auto pap-spacing-before-3pt pap-spacing-after-3pt\">Gas ammoniaca, ammoniaca liquida<\/p>\n<\/td>\n<\/tr>\n<tr>\n<td colspan=\"1\" rowspan=\"1\" align=\"\" valign=\"middle\" width=\"78\">\n<p class=\"paragraph text-align-type-left pap-line-1.3 pap-line-rule-auto pap-spacing-before-3pt pap-spacing-after-3pt\">Temperatura applicabile \u2103<\/p>\n<\/td>\n<td colspan=\"2\" rowspan=\"1\" align=\"\" valign=\"middle\" width=\"113\">\n<p class=\"paragraph text-align-type-left pap-line-1.3 pap-line-rule-auto pap-spacing-before-3pt pap-spacing-after-3pt\">\u2264425<\/p>\n<\/td>\n<td colspan=\"2\" rowspan=\"1\" align=\"\" valign=\"middle\" width=\"78\">\n<p class=\"paragraph text-align-type-left pap-line-1.3 pap-line-rule-auto pap-spacing-before-3pt pap-spacing-after-3pt\">\u2264200<\/p>\n<\/td>\n<td colspan=\"1\" rowspan=\"1\" align=\"\" valign=\"middle\" width=\"116\">\n<p class=\"paragraph text-align-type-left pap-line-1.3 pap-line-rule-auto pap-spacing-before-3pt pap-spacing-after-3pt\">\u2264200<\/p>\n<\/td>\n<td colspan=\"1\" rowspan=\"1\" align=\"\" valign=\"middle\" width=\"107\">\n<p class=\"paragraph text-align-type-left pap-line-1.3 pap-line-rule-auto pap-spacing-before-3pt pap-spacing-after-3pt\">\u2264200<\/p>\n<\/td>\n<td colspan=\"1\" rowspan=\"1\" align=\"\" valign=\"middle\" width=\"108\">\n<p class=\"paragraph text-align-type-left pap-line-1.3 pap-line-rule-auto pap-spacing-before-3pt pap-spacing-after-3pt\">\u2264550<\/p>\n<\/td>\n<td colspan=\"1\" rowspan=\"1\" align=\"\" valign=\"middle\" width=\"96\">\n<p class=\"paragraph text-align-type-left pap-line-1.3 pap-line-rule-auto pap-spacing-before-3pt pap-spacing-after-3pt\">-45\uff5e150<\/p>\n<\/td>\n<\/tr>\n<\/tbody>\n<\/table>\n<p class=\"paragraph text-align-type-left pap-line-1.3 pap-line-rule-auto pap-spacing-before-3pt pap-spacing-after-3pt\">\n<\/div>\n<\/div>\n<\/div>\n<\/div>\n<\/div>\n<\/div>\n<\/div>\n<\/div>\n<\/div>\n<\/div>\n<\/div>","protected":false},"excerpt":{"rendered":"<p>La valvola a saracinesca \u00e8 una valvola di intercettazione di uso comune, utilizzata principalmente per connettere o interrompere il fluido nella tubazione, e non \u00e8 adatta per la regolazione del flusso del fluido. La valvola a saracinesca \u00e8 adatta per un'ampia gamma di pressioni, temperature e diametri, specialmente per tubazioni di diametro medio e grande.<\/p>","protected":false},"featured_media":5636,"comment_status":"open","ping_status":"closed","template":"","meta":{"site-sidebar-layout":"default","site-content-layout":"default","ast-site-content-layout":"default","site-content-style":"default","site-sidebar-style":"default","ast-global-header-display":"","ast-banner-title-visibility":"","ast-main-header-display":"","ast-hfb-above-header-display":"","ast-hfb-below-header-display":"","ast-hfb-mobile-header-display":"","site-post-title":"","ast-breadcrumbs-content":"","ast-featured-img":"","footer-sml-layout":"","ast-disable-related-posts":"","theme-transparent-header-meta":"default","adv-header-id-meta":"","stick-header-meta":"default","header-above-stick-meta":"","header-main-stick-meta":"","header-below-stick-meta":"","astra-migrate-meta-layouts":"default","ast-page-background-enabled":"default","ast-page-background-meta":{"desktop":{"background-color":"","background-image":"","background-repeat":"repeat","background-position":"center center","background-size":"auto","background-attachment":"scroll","background-type":"","background-media":"","overlay-type":"","overlay-color":"","overlay-opacity":"","overlay-gradient":""},"tablet":{"background-color":"","background-image":"","background-repeat":"repeat","background-position":"center center","background-size":"auto","background-attachment":"scroll","background-type":"","background-media":"","overlay-type":"","overlay-color":"","overlay-opacity":"","overlay-gradient":""},"mobile":{"background-color":"","background-image":"","background-repeat":"repeat","background-position":"center center","background-size":"auto","background-attachment":"scroll","background-type":"","background-media":"","overlay-type":"","overlay-color":"","overlay-opacity":"","overlay-gradient":""}},"ast-content-background-meta":{"desktop":{"background-color":"var(--ast-global-color-5)","background-image":"","background-repeat":"repeat","background-position":"center center","background-size":"auto","background-attachment":"scroll","background-type":"","background-media":"","overlay-type":"","overlay-color":"","overlay-opacity":"","overlay-gradient":""},"tablet":{"background-color":"var(--ast-global-color-5)","background-image":"","background-repeat":"repeat","background-position":"center center","background-size":"auto","background-attachment":"scroll","background-type":"","background-media":"","overlay-type":"","overlay-color":"","overlay-opacity":"","overlay-gradient":""},"mobile":{"background-color":"var(--ast-global-color-5)","background-image":"","background-repeat":"repeat","background-position":"center center","background-size":"auto","background-attachment":"scroll","background-type":"","background-media":"","overlay-type":"","overlay-color":"","overlay-opacity":"","overlay-gradient":""}}},"product_brand":[],"product_cat":[175],"product_tag":[322,318,319,323],"class_list":{"0":"post-4887","1":"product","2":"type-product","3":"status-publish","4":"has-post-thumbnail","6":"product_cat-gate-valves","7":"product_tag-electric-power","8":"product_tag-oil","9":"product_tag-petrochemical","10":"product_tag-water-resources","11":"desktop-align-left","12":"tablet-align-left","13":"mobile-align-left","14":"ast-product-gallery-layout-horizontal-slider","15":"ast-product-gallery-with-no-image","16":"ast-product-tabs-layout-horizontal","17":"ast-qv-on-image","19":"first","20":"instock","21":"shipping-taxable","22":"product-type-simple"},"_links":{"self":[{"href":"https:\/\/raymonvalve.com\/it\/wp-json\/wp\/v2\/product\/4887","targetHints":{"allow":["GET"]}}],"collection":[{"href":"https:\/\/raymonvalve.com\/it\/wp-json\/wp\/v2\/product"}],"about":[{"href":"https:\/\/raymonvalve.com\/it\/wp-json\/wp\/v2\/types\/product"}],"replies":[{"embeddable":true,"href":"https:\/\/raymonvalve.com\/it\/wp-json\/wp\/v2\/comments?post=4887"}],"wp:featuredmedia":[{"embeddable":true,"href":"https:\/\/raymonvalve.com\/it\/wp-json\/wp\/v2\/media\/5636"}],"wp:attachment":[{"href":"https:\/\/raymonvalve.com\/it\/wp-json\/wp\/v2\/media?parent=4887"}],"wp:term":[{"taxonomy":"product_brand","embeddable":true,"href":"https:\/\/raymonvalve.com\/it\/wp-json\/wp\/v2\/product_brand?post=4887"},{"taxonomy":"product_cat","embeddable":true,"href":"https:\/\/raymonvalve.com\/it\/wp-json\/wp\/v2\/product_cat?post=4887"},{"taxonomy":"product_tag","embeddable":true,"href":"https:\/\/raymonvalve.com\/it\/wp-json\/wp\/v2\/product_tag?post=4887"}],"curies":[{"name":"wp","href":"https:\/\/api.w.org\/{rel}","templated":true}]}}