{"id":3688,"date":"2022-08-24T08:35:10","date_gmt":"2022-08-24T00:35:10","guid":{"rendered":"https:\/\/limegreen-okapi-448594.hostingersite.com\/?post_type=product&#038;p=3688"},"modified":"2022-09-05T14:18:18","modified_gmt":"2022-09-05T06:18:18","slug":"single-seat-control-valve","status":"publish","type":"product","link":"https:\/\/raymonvalve.com\/pt\/produto\/single-seat-control-valve\/","title":{"rendered":"V\u00e1lvula de controle com sede \u00fanica"},"content":{"rendered":"<p>Projetada para controlar uma ampla gama de fluidos de processo, gases e vapor de acordo com as normas EN e ASME. O corpo Fujian possui um canal S-streamline, com baixa perda de carga e alta vaz\u00e3o. Ampla faixa de ajuste, alta precis\u00e3o das caracter\u00edsticas de vaz\u00e3o, em conformidade com a norma IEC60534-2.<\/p>\n<p>Dados t\u00e9cnicos:<\/p>\n<p>-DN:40-400<br \/>\n-Press\u00e3o: PN16-110<br \/>\nClasse ANSI 150-600<br \/>\n-Padr\u00e3o de conex\u00e3o: GBDIN, ANSIJIS, etc. -Temperatura: -196~+566\u2103 -Faixa de Cv: 10-3200<br \/>\n\u2013 Caracter\u00edsticas de fluxo: Porcentagem igual, linear \u2013 Vazamento: Classes V, V e V<\/p>\n<p>Material:<\/p>\n<p>\u2013 Corpo: a\u00e7o carbono, a\u00e7o inoxid\u00e1vel, a\u00e7o liga especial \u2013 Internos: a\u00e7o inoxid\u00e1vel. A\u00e7o inoxid\u00e1vel + endurecido.<br \/>\nA\u00e7o inoxid\u00e1vel + carboneto cimentado, a\u00e7o de liga especial a\u00e7o inoxid\u00e1vel + PTFE<\/p>\n<p>Opcional:<\/p>\n<p>\u2013 Selo de foles \u2013 Camisa de isolamento<br \/>\n\u2013 Embalagem Luft de baixa vaz\u00e3o<\/p>\n<p>Caracter\u00edsticas:<\/p>\n<p>-Atuador otimizado para diversas condi\u00e7\u00f5es de suprimento de ar<br \/>\n\u2013 Capacidade de estanqueidade atinge n\u00edveis V, V e V<br \/>\n\u2013 Design de alto fluxo<br \/>\n- O canal do corpo da v\u00e1lvula \u00e9 otimizado para melhor estabilidade de fluxo<br \/>\n\u2013 Otimiza\u00e7\u00e3o da intercambialidade de componentes entre todos os tamanhos<\/p>","protected":false},"excerpt":{"rendered":"<p>Projetada para controlar uma ampla gama de fluidos de processo, gases e vapor de acordo com as normas EN e ASME. O corpo Fujian possui um canal S-streamline, com baixa perda de carga e alta vaz\u00e3o. Ampla faixa de ajuste, alta precis\u00e3o das caracter\u00edsticas de vaz\u00e3o, em conformidade com a norma IEC60534-2.<\/p>","protected":false},"featured_media":3689,"comment_status":"open","ping_status":"closed","template":"","meta":{"site-sidebar-layout":"default","site-content-layout":"default","ast-site-content-layout":"default","site-content-style":"default","site-sidebar-style":"default","ast-global-header-display":"","ast-banner-title-visibility":"","ast-main-header-display":"","ast-hfb-above-header-display":"","ast-hfb-below-header-display":"","ast-hfb-mobile-header-display":"","site-post-title":"","ast-breadcrumbs-content":"","ast-featured-img":"","footer-sml-layout":"","ast-disable-related-posts":"","theme-transparent-header-meta":"default","adv-header-id-meta":"","stick-header-meta":"default","header-above-stick-meta":"","header-main-stick-meta":"","header-below-stick-meta":"","astra-migrate-meta-layouts":"default","ast-page-background-enabled":"default","ast-page-background-meta":{"desktop":{"background-color":"","background-image":"","background-repeat":"repeat","background-position":"center center","background-size":"auto","background-attachment":"scroll","background-type":"","background-media":"","overlay-type":"","overlay-color":"","overlay-opacity":"","overlay-gradient":""},"tablet":{"background-color":"","background-image":"","background-repeat":"repeat","background-position":"center center","background-size":"auto","background-attachment":"scroll","background-type":"","background-media":"","overlay-type":"","overlay-color":"","overlay-opacity":"","overlay-gradient":""},"mobile":{"background-color":"","background-image":"","background-repeat":"repeat","background-position":"center center","background-size":"auto","background-attachment":"scroll","background-type":"","background-media":"","overlay-type":"","overlay-color":"","overlay-opacity":"","overlay-gradient":""}},"ast-content-background-meta":{"desktop":{"background-color":"var(--ast-global-color-5)","background-image":"","background-repeat":"repeat","background-position":"center center","background-size":"auto","background-attachment":"scroll","background-type":"","background-media":"","overlay-type":"","overlay-color":"","overlay-opacity":"","overlay-gradient":""},"tablet":{"background-color":"var(--ast-global-color-5)","background-image":"","background-repeat":"repeat","background-position":"center center","background-size":"auto","background-attachment":"scroll","background-type":"","background-media":"","overlay-type":"","overlay-color":"","overlay-opacity":"","overlay-gradient":""},"mobile":{"background-color":"var(--ast-global-color-5)","background-image":"","background-repeat":"repeat","background-position":"center center","background-size":"auto","background-attachment":"scroll","background-type":"","background-media":"","overlay-type":"","overlay-color":"","overlay-opacity":"","overlay-gradient":""}}},"product_brand":[],"product_cat":[295,178],"product_tag":[],"class_list":{"0":"post-3688","1":"product","2":"type-product","3":"status-publish","4":"has-post-thumbnail","6":"product_cat-globe-pneumatic-control-valve","7":"product_cat-control-valves","8":"desktop-align-left","9":"tablet-align-left","10":"mobile-align-left","11":"ast-product-gallery-layout-horizontal-slider","12":"ast-product-gallery-with-no-image","13":"ast-product-tabs-layout-horizontal","14":"ast-qv-on-image","16":"first","17":"instock","18":"shipping-taxable","19":"product-type-simple"},"_links":{"self":[{"href":"https:\/\/raymonvalve.com\/pt\/wp-json\/wp\/v2\/product\/3688","targetHints":{"allow":["GET"]}}],"collection":[{"href":"https:\/\/raymonvalve.com\/pt\/wp-json\/wp\/v2\/product"}],"about":[{"href":"https:\/\/raymonvalve.com\/pt\/wp-json\/wp\/v2\/types\/product"}],"replies":[{"embeddable":true,"href":"https:\/\/raymonvalve.com\/pt\/wp-json\/wp\/v2\/comments?post=3688"}],"wp:featuredmedia":[{"embeddable":true,"href":"https:\/\/raymonvalve.com\/pt\/wp-json\/wp\/v2\/media\/3689"}],"wp:attachment":[{"href":"https:\/\/raymonvalve.com\/pt\/wp-json\/wp\/v2\/media?parent=3688"}],"wp:term":[{"taxonomy":"product_brand","embeddable":true,"href":"https:\/\/raymonvalve.com\/pt\/wp-json\/wp\/v2\/product_brand?post=3688"},{"taxonomy":"product_cat","embeddable":true,"href":"https:\/\/raymonvalve.com\/pt\/wp-json\/wp\/v2\/product_cat?post=3688"},{"taxonomy":"product_tag","embeddable":true,"href":"https:\/\/raymonvalve.com\/pt\/wp-json\/wp\/v2\/product_tag?post=3688"}],"curies":[{"name":"wp","href":"https:\/\/api.w.org\/{rel}","templated":true}]}}