{"id":3692,"date":"2022-08-24T08:51:13","date_gmt":"2022-08-24T00:51:13","guid":{"rendered":"https:\/\/limegreen-okapi-448594.hostingersite.com\/?post_type=product&#038;p=3692"},"modified":"2022-09-05T14:08:01","modified_gmt":"2022-09-05T06:08:01","slug":"dcb-cage-type-control-valve","status":"publish","type":"product","link":"https:\/\/raymonvalve.com\/pt\/produto\/dcb-cage-type-control-valve\/","title":{"rendered":"DCB cage type Control valve"},"content":{"rendered":"<p>The pressure balance design is adopted, the valve body is S streamline, and the guide vane is provided to improve the smooth flow of the fluid around the sleeve, and the advantage is that the pressure drop loss is small. Large flow, wide adjustable range, high accuracy of flow characteristics, in line with IEC60534-2 standard. Suitable for controlling high temperature, low temperature and high pressure differential fluid.<\/p>\n<p>Dados t\u00e9cnicos:<\/p>\n<p>-DN:40-400<br \/>\n-Press\u00e3o: PN16-110<br \/>\nClasse ANSI 150-600<br \/>\n-Connection standard: GBDIN, ANSIJIS, etc. -Temperature: -196~+566\u2103 -Cv range: 11-3200<br \/>\n&#8211; Flow characteristics: Equal percentage, linear &#8211; Leakage: Class I, N.V and V<\/p>\n<p>Material:<\/p>\n<p>\u2013 Corpo: a\u00e7o carbono, a\u00e7o inoxid\u00e1vel, a\u00e7o liga especial \u2013 Internos: a\u00e7o inoxid\u00e1vel, a\u00e7o inoxid\u00e1vel + tratamento de endurecimento,<br \/>\nStainless Steel + Carbide Special Alloy Steel Stainless Steel + PTFE<\/p>\n<p>Opcional:<\/p>\n<p>\u2013 Selo de foles \u2013 Camisa de isolamento<br \/>\n\u2013 Embalagem Luft de baixa vaz\u00e3o<\/p>\n<p>Caracter\u00edsticas:<\/p>\n<p>- Design com balanceamento de press\u00e3o<br \/>\n\u2013 Bem projetada para f\u00e1cil manuten\u00e7\u00e3o<br \/>\n\u2013 Design de alto fluxo \u2013 Anti-flash e cavita\u00e7\u00e3o<br \/>\n&#8211; The line body channel is optimized, which is more conducive to the implicit characterization of the flow<br \/>\n&#8211; Shut-off capability to V, V and V classes &#8211; Inlet seal ring structure (optional)<br \/>\n\u2013 Otimiza\u00e7\u00e3o da intercambialidade de componentes entre todos os tamanhos<\/p>","protected":false},"excerpt":{"rendered":"<p>The pressure balance design is adopted, the valve body is S streamline, and the guide vane is provided to improve the smooth flow of the fluid around the sleeve, and the advantage is that the pressure drop loss is small. Large flow, wide adjustable range, high accuracy of flow characteristics, in line with IEC60534-2 standard. Suitable for controlling high temperature, low temperature and high pressure differential fluid.<\/p>","protected":false},"featured_media":3693,"comment_status":"open","ping_status":"closed","template":"","meta":{"site-sidebar-layout":"default","site-content-layout":"default","ast-site-content-layout":"default","site-content-style":"default","site-sidebar-style":"default","ast-global-header-display":"","ast-banner-title-visibility":"","ast-main-header-display":"","ast-hfb-above-header-display":"","ast-hfb-below-header-display":"","ast-hfb-mobile-header-display":"","site-post-title":"","ast-breadcrumbs-content":"","ast-featured-img":"","footer-sml-layout":"","ast-disable-related-posts":"","theme-transparent-header-meta":"default","adv-header-id-meta":"","stick-header-meta":"default","header-above-stick-meta":"","header-main-stick-meta":"","header-below-stick-meta":"","astra-migrate-meta-layouts":"default","ast-page-background-enabled":"default","ast-page-background-meta":{"desktop":{"background-color":"","background-image":"","background-repeat":"repeat","background-position":"center center","background-size":"auto","background-attachment":"scroll","background-type":"","background-media":"","overlay-type":"","overlay-color":"","overlay-opacity":"","overlay-gradient":""},"tablet":{"background-color":"","background-image":"","background-repeat":"repeat","background-position":"center center","background-size":"auto","background-attachment":"scroll","background-type":"","background-media":"","overlay-type":"","overlay-color":"","overlay-opacity":"","overlay-gradient":""},"mobile":{"background-color":"","background-image":"","background-repeat":"repeat","background-position":"center center","background-size":"auto","background-attachment":"scroll","background-type":"","background-media":"","overlay-type":"","overlay-color":"","overlay-opacity":"","overlay-gradient":""}},"ast-content-background-meta":{"desktop":{"background-color":"var(--ast-global-color-5)","background-image":"","background-repeat":"repeat","background-position":"center center","background-size":"auto","background-attachment":"scroll","background-type":"","background-media":"","overlay-type":"","overlay-color":"","overlay-opacity":"","overlay-gradient":""},"tablet":{"background-color":"var(--ast-global-color-5)","background-image":"","background-repeat":"repeat","background-position":"center center","background-size":"auto","background-attachment":"scroll","background-type":"","background-media":"","overlay-type":"","overlay-color":"","overlay-opacity":"","overlay-gradient":""},"mobile":{"background-color":"var(--ast-global-color-5)","background-image":"","background-repeat":"repeat","background-position":"center center","background-size":"auto","background-attachment":"scroll","background-type":"","background-media":"","overlay-type":"","overlay-color":"","overlay-opacity":"","overlay-gradient":""}}},"product_brand":[],"product_cat":[295,178],"product_tag":[],"class_list":{"0":"post-3692","1":"product","2":"type-product","3":"status-publish","4":"has-post-thumbnail","6":"product_cat-globe-pneumatic-control-valve","7":"product_cat-control-valves","8":"desktop-align-left","9":"tablet-align-left","10":"mobile-align-left","11":"ast-product-gallery-layout-horizontal-slider","12":"ast-product-gallery-with-no-image","13":"ast-product-tabs-layout-horizontal","14":"ast-qv-on-image","16":"first","17":"instock","18":"shipping-taxable","19":"product-type-simple"},"_links":{"self":[{"href":"https:\/\/raymonvalve.com\/pt\/wp-json\/wp\/v2\/product\/3692","targetHints":{"allow":["GET"]}}],"collection":[{"href":"https:\/\/raymonvalve.com\/pt\/wp-json\/wp\/v2\/product"}],"about":[{"href":"https:\/\/raymonvalve.com\/pt\/wp-json\/wp\/v2\/types\/product"}],"replies":[{"embeddable":true,"href":"https:\/\/raymonvalve.com\/pt\/wp-json\/wp\/v2\/comments?post=3692"}],"wp:featuredmedia":[{"embeddable":true,"href":"https:\/\/raymonvalve.com\/pt\/wp-json\/wp\/v2\/media\/3693"}],"wp:attachment":[{"href":"https:\/\/raymonvalve.com\/pt\/wp-json\/wp\/v2\/media?parent=3692"}],"wp:term":[{"taxonomy":"product_brand","embeddable":true,"href":"https:\/\/raymonvalve.com\/pt\/wp-json\/wp\/v2\/product_brand?post=3692"},{"taxonomy":"product_cat","embeddable":true,"href":"https:\/\/raymonvalve.com\/pt\/wp-json\/wp\/v2\/product_cat?post=3692"},{"taxonomy":"product_tag","embeddable":true,"href":"https:\/\/raymonvalve.com\/pt\/wp-json\/wp\/v2\/product_tag?post=3692"}],"curies":[{"name":"wp","href":"https:\/\/api.w.org\/{rel}","templated":true}]}}