{"id":3694,"date":"2022-08-24T08:55:25","date_gmt":"2022-08-24T00:55:25","guid":{"rendered":"https:\/\/limegreen-okapi-448594.hostingersite.com\/?post_type=product&#038;p=3694"},"modified":"2022-09-05T14:05:34","modified_gmt":"2022-09-05T06:05:34","slug":"dcn-low-noise-control-valve","status":"publish","type":"product","link":"https:\/\/raymonvalve.com\/pt\/produto\/dcn-low-noise-control-valve\/","title":{"rendered":"V\u00e1lvula de controle de baixo ru\u00eddo DCN"},"content":{"rendered":"<p>\u00c9 projetada principalmente para reduzir o ru\u00eddo de fluidos compress\u00edveis. Para se adaptar \u00e0 estrangula\u00e7\u00e3o, difus\u00e3o e expans\u00e3o de gases, existem muitos furos sim\u00e9tricos pequenos na luva para reduzir a queda de press\u00e3o.<\/p>\n<p>Dados t\u00e9cnicos:<\/p>\n<p>-DN:40-400 -Press\u00e3o:PN16-110<br \/>\nClasse ANSI 150-600<br \/>\n\u2013 Padr\u00e3o de conex\u00e3o: GB, DIN, ANSI, JIS, etc. \u2013 Temperatura: -46~+566\u2103 \u2013 Faixa de Cv: 11-2800 \u2013 Caracter\u00edsticas de fluxo: Linear \u2013 Vazamento: Classe I, V<\/p>\n<p>Material:<\/p>\n<p>\u2013 Corpo: a\u00e7o carbono, a\u00e7o inoxid\u00e1vel, a\u00e7o liga especial \u2013 Internos: a\u00e7o inoxid\u00e1vel, a\u00e7o inoxid\u00e1vel + tratamento de endurecimento,<br \/>\nA\u00e7o inoxid\u00e1vel + carboneto. A\u00e7o liga especial<\/p>\n<p>Opcional:<\/p>\n<p>-Estrutura de veda\u00e7\u00e3o com sede \u00fanica balanceada por gaiola<\/p>\n<p>\u2013 Embalagem Luft de baixa vaz\u00e3o<\/p>\n<p>Caracter\u00edsticas:<\/p>\n<p>\u2013 Design simples da luva de balanceamento porosa<br \/>\n\u2013 Forte capacidade de redu\u00e7\u00e3o de ru\u00eddo, baixo ru\u00eddo<br \/>\n-Material de internos (trim) padr\u00e3o<br \/>\n\u2013 Trim de v\u00e1lvula de troca r\u00e1pida \u2013 atuador pneum\u00e1tico compacto com m\u00faltiplas molas<br \/>\n\u2013 Otimiza\u00e7\u00e3o da intercambialidade de componentes entre todos os tamanhos<\/p>","protected":false},"excerpt":{"rendered":"<p>\u00c9 projetada principalmente para reduzir o ru\u00eddo de fluidos compress\u00edveis. Para se adaptar \u00e0 estrangula\u00e7\u00e3o, difus\u00e3o e expans\u00e3o de gases, existem muitos furos sim\u00e9tricos pequenos na luva para reduzir a queda de press\u00e3o.<\/p>","protected":false},"featured_media":3695,"comment_status":"open","ping_status":"closed","template":"","meta":{"site-sidebar-layout":"default","site-content-layout":"default","ast-site-content-layout":"default","site-content-style":"default","site-sidebar-style":"default","ast-global-header-display":"","ast-banner-title-visibility":"","ast-main-header-display":"","ast-hfb-above-header-display":"","ast-hfb-below-header-display":"","ast-hfb-mobile-header-display":"","site-post-title":"","ast-breadcrumbs-content":"","ast-featured-img":"","footer-sml-layout":"","ast-disable-related-posts":"","theme-transparent-header-meta":"default","adv-header-id-meta":"","stick-header-meta":"default","header-above-stick-meta":"","header-main-stick-meta":"","header-below-stick-meta":"","astra-migrate-meta-layouts":"default","ast-page-background-enabled":"default","ast-page-background-meta":{"desktop":{"background-color":"","background-image":"","background-repeat":"repeat","background-position":"center center","background-size":"auto","background-attachment":"scroll","background-type":"","background-media":"","overlay-type":"","overlay-color":"","overlay-opacity":"","overlay-gradient":""},"tablet":{"background-color":"","background-image":"","background-repeat":"repeat","background-position":"center center","background-size":"auto","background-attachment":"scroll","background-type":"","background-media":"","overlay-type":"","overlay-color":"","overlay-opacity":"","overlay-gradient":""},"mobile":{"background-color":"","background-image":"","background-repeat":"repeat","background-position":"center center","background-size":"auto","background-attachment":"scroll","background-type":"","background-media":"","overlay-type":"","overlay-color":"","overlay-opacity":"","overlay-gradient":""}},"ast-content-background-meta":{"desktop":{"background-color":"var(--ast-global-color-5)","background-image":"","background-repeat":"repeat","background-position":"center center","background-size":"auto","background-attachment":"scroll","background-type":"","background-media":"","overlay-type":"","overlay-color":"","overlay-opacity":"","overlay-gradient":""},"tablet":{"background-color":"var(--ast-global-color-5)","background-image":"","background-repeat":"repeat","background-position":"center center","background-size":"auto","background-attachment":"scroll","background-type":"","background-media":"","overlay-type":"","overlay-color":"","overlay-opacity":"","overlay-gradient":""},"mobile":{"background-color":"var(--ast-global-color-5)","background-image":"","background-repeat":"repeat","background-position":"center center","background-size":"auto","background-attachment":"scroll","background-type":"","background-media":"","overlay-type":"","overlay-color":"","overlay-opacity":"","overlay-gradient":""}}},"product_brand":[],"product_cat":[295,178],"product_tag":[],"class_list":{"0":"post-3694","1":"product","2":"type-product","3":"status-publish","4":"has-post-thumbnail","6":"product_cat-globe-pneumatic-control-valve","7":"product_cat-control-valves","8":"desktop-align-left","9":"tablet-align-left","10":"mobile-align-left","11":"ast-product-gallery-layout-horizontal-slider","12":"ast-product-gallery-with-no-image","13":"ast-product-tabs-layout-horizontal","14":"ast-qv-on-image","16":"first","17":"instock","18":"shipping-taxable","19":"product-type-simple"},"_links":{"self":[{"href":"https:\/\/raymonvalve.com\/pt\/wp-json\/wp\/v2\/product\/3694","targetHints":{"allow":["GET"]}}],"collection":[{"href":"https:\/\/raymonvalve.com\/pt\/wp-json\/wp\/v2\/product"}],"about":[{"href":"https:\/\/raymonvalve.com\/pt\/wp-json\/wp\/v2\/types\/product"}],"replies":[{"embeddable":true,"href":"https:\/\/raymonvalve.com\/pt\/wp-json\/wp\/v2\/comments?post=3694"}],"wp:featuredmedia":[{"embeddable":true,"href":"https:\/\/raymonvalve.com\/pt\/wp-json\/wp\/v2\/media\/3695"}],"wp:attachment":[{"href":"https:\/\/raymonvalve.com\/pt\/wp-json\/wp\/v2\/media?parent=3694"}],"wp:term":[{"taxonomy":"product_brand","embeddable":true,"href":"https:\/\/raymonvalve.com\/pt\/wp-json\/wp\/v2\/product_brand?post=3694"},{"taxonomy":"product_cat","embeddable":true,"href":"https:\/\/raymonvalve.com\/pt\/wp-json\/wp\/v2\/product_cat?post=3694"},{"taxonomy":"product_tag","embeddable":true,"href":"https:\/\/raymonvalve.com\/pt\/wp-json\/wp\/v2\/product_tag?post=3694"}],"curies":[{"name":"wp","href":"https:\/\/api.w.org\/{rel}","templated":true}]}}