{"id":3697,"date":"2022-08-24T09:01:09","date_gmt":"2022-08-24T01:01:09","guid":{"rendered":"https:\/\/limegreen-okapi-448594.hostingersite.com\/?post_type=product&#038;p=3697"},"modified":"2022-09-05T14:01:42","modified_gmt":"2022-09-05T06:01:42","slug":"large-diameter-sleeve-control-valve","status":"publish","type":"product","link":"https:\/\/raymonvalve.com\/pt\/produto\/large-diameter-sleeve-control-valve\/","title":{"rendered":"Large diameter sleeve control valve"},"content":{"rendered":"<p>The pressure balance design is adopted, the body is S streamlined, the pressure drop loss is small, the flow rate is large, the adjustable range is wide, and the flow characteristic accuracy is high. It can be widely used in process control of chemical, petroleum, metallurgy and other industrial fluids.<\/p>\n<p>Dados t\u00e9cnicos:<\/p>\n<p>-DN:300-400 -Pressure:PN16-64<br \/>\nANSI Class 150-300<br \/>\n&#8211; Connection standard: GB, DIN, ANSI, JIS, etc. &#8211; Temperature: -40\u2103~+450\u2103 -Cv range: 2020-3200<br \/>\n\u2013 Caracter\u00edsticas de fluxo: Porcentagem igual, linear \u2013 Vazamento: Classe I, V e V<\/p>\n<p>Material:<\/p>\n<p>\u2013 Corpo: a\u00e7o carbono, a\u00e7o inoxid\u00e1vel, a\u00e7o de liga especial \u2013 Internos: a\u00e7o inoxid\u00e1vel, a\u00e7o inoxid\u00e1vel + tratamento de endurecimento.<br \/>\nA\u00e7o inoxid\u00e1vel + carboneto cimentado, a\u00e7o de liga especial a\u00e7o inoxid\u00e1vel + PTFE<\/p>\n<p>Opcional:<\/p>\n<p>\u2013 Veda\u00e7\u00e3o com fole<\/p>\n<p>-Estrutura de veda\u00e7\u00e3o com sede \u00fanica balanceada por gaiola<\/p>\n<p>\u2013 Embalagem Luft de baixa vaz\u00e3o<\/p>\n<p>Caracter\u00edsticas:<\/p>\n<p>- Design com balanceamento de press\u00e3o<br \/>\n\u2013 Bem projetada para f\u00e1cil manuten\u00e7\u00e3o<br \/>\n\u2013 Design de alto fluxo<br \/>\n\u2013 Anti-flash e cavita\u00e7\u00e3o<br \/>\n-Internos (trim) de troca r\u00e1pida<br \/>\n\u2013 Otimiza\u00e7\u00e3o da intercambialidade de componentes entre todos os tamanhos<\/p>","protected":false},"excerpt":{"rendered":"<p>The pressure balance design is adopted, the body is S streamlined, the pressure drop loss is small, the flow rate is large, the adjustable range is wide, and the flow characteristic accuracy is high. It can be widely used in process control of chemical, petroleum, metallurgy and other industrial fluids.<\/p>","protected":false},"featured_media":3698,"comment_status":"open","ping_status":"closed","template":"","meta":{"site-sidebar-layout":"default","site-content-layout":"default","ast-site-content-layout":"default","site-content-style":"default","site-sidebar-style":"default","ast-global-header-display":"","ast-banner-title-visibility":"","ast-main-header-display":"","ast-hfb-above-header-display":"","ast-hfb-below-header-display":"","ast-hfb-mobile-header-display":"","site-post-title":"","ast-breadcrumbs-content":"","ast-featured-img":"","footer-sml-layout":"","ast-disable-related-posts":"","theme-transparent-header-meta":"default","adv-header-id-meta":"","stick-header-meta":"default","header-above-stick-meta":"","header-main-stick-meta":"","header-below-stick-meta":"","astra-migrate-meta-layouts":"default","ast-page-background-enabled":"default","ast-page-background-meta":{"desktop":{"background-color":"","background-image":"","background-repeat":"repeat","background-position":"center center","background-size":"auto","background-attachment":"scroll","background-type":"","background-media":"","overlay-type":"","overlay-color":"","overlay-opacity":"","overlay-gradient":""},"tablet":{"background-color":"","background-image":"","background-repeat":"repeat","background-position":"center center","background-size":"auto","background-attachment":"scroll","background-type":"","background-media":"","overlay-type":"","overlay-color":"","overlay-opacity":"","overlay-gradient":""},"mobile":{"background-color":"","background-image":"","background-repeat":"repeat","background-position":"center center","background-size":"auto","background-attachment":"scroll","background-type":"","background-media":"","overlay-type":"","overlay-color":"","overlay-opacity":"","overlay-gradient":""}},"ast-content-background-meta":{"desktop":{"background-color":"var(--ast-global-color-5)","background-image":"","background-repeat":"repeat","background-position":"center center","background-size":"auto","background-attachment":"scroll","background-type":"","background-media":"","overlay-type":"","overlay-color":"","overlay-opacity":"","overlay-gradient":""},"tablet":{"background-color":"var(--ast-global-color-5)","background-image":"","background-repeat":"repeat","background-position":"center center","background-size":"auto","background-attachment":"scroll","background-type":"","background-media":"","overlay-type":"","overlay-color":"","overlay-opacity":"","overlay-gradient":""},"mobile":{"background-color":"var(--ast-global-color-5)","background-image":"","background-repeat":"repeat","background-position":"center center","background-size":"auto","background-attachment":"scroll","background-type":"","background-media":"","overlay-type":"","overlay-color":"","overlay-opacity":"","overlay-gradient":""}}},"product_brand":[],"product_cat":[295,178],"product_tag":[],"class_list":{"0":"post-3697","1":"product","2":"type-product","3":"status-publish","4":"has-post-thumbnail","6":"product_cat-globe-pneumatic-control-valve","7":"product_cat-control-valves","8":"desktop-align-left","9":"tablet-align-left","10":"mobile-align-left","11":"ast-product-gallery-layout-horizontal-slider","12":"ast-product-gallery-with-no-image","13":"ast-product-tabs-layout-horizontal","14":"ast-qv-on-image","16":"first","17":"instock","18":"shipping-taxable","19":"product-type-simple"},"_links":{"self":[{"href":"https:\/\/raymonvalve.com\/pt\/wp-json\/wp\/v2\/product\/3697","targetHints":{"allow":["GET"]}}],"collection":[{"href":"https:\/\/raymonvalve.com\/pt\/wp-json\/wp\/v2\/product"}],"about":[{"href":"https:\/\/raymonvalve.com\/pt\/wp-json\/wp\/v2\/types\/product"}],"replies":[{"embeddable":true,"href":"https:\/\/raymonvalve.com\/pt\/wp-json\/wp\/v2\/comments?post=3697"}],"wp:featuredmedia":[{"embeddable":true,"href":"https:\/\/raymonvalve.com\/pt\/wp-json\/wp\/v2\/media\/3698"}],"wp:attachment":[{"href":"https:\/\/raymonvalve.com\/pt\/wp-json\/wp\/v2\/media?parent=3697"}],"wp:term":[{"taxonomy":"product_brand","embeddable":true,"href":"https:\/\/raymonvalve.com\/pt\/wp-json\/wp\/v2\/product_brand?post=3697"},{"taxonomy":"product_cat","embeddable":true,"href":"https:\/\/raymonvalve.com\/pt\/wp-json\/wp\/v2\/product_cat?post=3697"},{"taxonomy":"product_tag","embeddable":true,"href":"https:\/\/raymonvalve.com\/pt\/wp-json\/wp\/v2\/product_tag?post=3697"}],"curies":[{"name":"wp","href":"https:\/\/api.w.org\/{rel}","templated":true}]}}