{"id":3702,"date":"2022-08-24T09:10:43","date_gmt":"2022-08-24T01:10:43","guid":{"rendered":"https:\/\/limegreen-okapi-448594.hostingersite.com\/?post_type=product&#038;p=3702"},"modified":"2022-09-05T13:52:55","modified_gmt":"2022-09-05T05:52:55","slug":"high-pressure-cage-control-valve","status":"publish","type":"product","link":"https:\/\/raymonvalve.com\/pt\/produto\/high-pressure-cage-control-valve\/","title":{"rendered":"V\u00e1lvula de Controle com Gaiola de Alta Press\u00e3o"},"content":{"rendered":"<p>Amplamente utilizada onde se requer boa estabilidade din\u00e2mica e baixo ru\u00eddo. Ocasi\u00f5es de alta press\u00e3o com pouca corros\u00e3o por cavita\u00e7\u00e3o. O design balanceado por press\u00e3o permite alta press\u00e3o. O corpo da v\u00e1lvula possui fluxo em S. A perda de carga \u00e9 pequena, o fluxo \u00e9 grande, a faixa de ajuste \u00e9 ampla e a precis\u00e3o da caracter\u00edstica de fluxo \u00e9 alta.<\/p>\n<p>Dados t\u00e9cnicos:<\/p>\n<p>-DN:40-300<br \/>\n-Press\u00e3o: ANSI Classe 900-2500<br \/>\n\u2013 Padr\u00e3o de conex\u00e3o: GB, DIN, ANSI, JIS, etc. \u2013 Temperatura: -46~+566\u2103 - Faixa de Cv: 12-1600<br \/>\n\u2013 Caracter\u00edsticas de fluxo: Porcentagem igual, linear \u2013 Vazamento: Classe I, V e V<\/p>\n<p>Material:<\/p>\n<p>\u2013 Corpo: a\u00e7o carbono, a\u00e7o inoxid\u00e1vel, a\u00e7o de liga especial \u2013 Internos: a\u00e7o inoxid\u00e1vel, a\u00e7o inoxid\u00e1vel + tratamento de endurecimento<br \/>\nA\u00e7o inoxid\u00e1vel + carboneto, a\u00e7o liga especial<\/p>\n<p>Opcional:<\/p>\n<p>-Estrutura de veda\u00e7\u00e3o com sede \u00fanica balanceada por gaiola<\/p>\n<p>\u2013 Embalagem Luft de baixa vaz\u00e3o<\/p>\n<p>Caracter\u00edsticas:<\/p>\n<p>- Design com balanceamento de press\u00e3o<br \/>\n\u2013 Anti-flash e cavita\u00e7\u00e3o<br \/>\n-Material de internos (trim) padr\u00e3o<br \/>\n\u2013 Anti-flash e cavita\u00e7\u00e3o<br \/>\n\u2013 Possui excelente capacidade de queda de press\u00e3o total<br \/>\n\u2013 Otimiza\u00e7\u00e3o da intercambialidade de componentes entre todos os tamanhos<\/p>","protected":false},"excerpt":{"rendered":"<p>Amplamente utilizada onde se requer boa estabilidade din\u00e2mica e baixo ru\u00eddo. Ocasi\u00f5es de alta press\u00e3o com pouca corros\u00e3o por cavita\u00e7\u00e3o. O design balanceado por press\u00e3o permite alta press\u00e3o. O corpo da v\u00e1lvula possui fluxo em S. A perda de carga \u00e9 pequena, o fluxo \u00e9 grande, a faixa de ajuste \u00e9 ampla e a precis\u00e3o da caracter\u00edstica de fluxo \u00e9 alta.<\/p>","protected":false},"featured_media":3701,"comment_status":"open","ping_status":"closed","template":"","meta":{"site-sidebar-layout":"default","site-content-layout":"default","ast-site-content-layout":"default","site-content-style":"default","site-sidebar-style":"default","ast-global-header-display":"","ast-banner-title-visibility":"","ast-main-header-display":"","ast-hfb-above-header-display":"","ast-hfb-below-header-display":"","ast-hfb-mobile-header-display":"","site-post-title":"","ast-breadcrumbs-content":"","ast-featured-img":"","footer-sml-layout":"","ast-disable-related-posts":"","theme-transparent-header-meta":"default","adv-header-id-meta":"","stick-header-meta":"default","header-above-stick-meta":"","header-main-stick-meta":"","header-below-stick-meta":"","astra-migrate-meta-layouts":"default","ast-page-background-enabled":"default","ast-page-background-meta":{"desktop":{"background-color":"","background-image":"","background-repeat":"repeat","background-position":"center center","background-size":"auto","background-attachment":"scroll","background-type":"","background-media":"","overlay-type":"","overlay-color":"","overlay-opacity":"","overlay-gradient":""},"tablet":{"background-color":"","background-image":"","background-repeat":"repeat","background-position":"center center","background-size":"auto","background-attachment":"scroll","background-type":"","background-media":"","overlay-type":"","overlay-color":"","overlay-opacity":"","overlay-gradient":""},"mobile":{"background-color":"","background-image":"","background-repeat":"repeat","background-position":"center center","background-size":"auto","background-attachment":"scroll","background-type":"","background-media":"","overlay-type":"","overlay-color":"","overlay-opacity":"","overlay-gradient":""}},"ast-content-background-meta":{"desktop":{"background-color":"var(--ast-global-color-5)","background-image":"","background-repeat":"repeat","background-position":"center center","background-size":"auto","background-attachment":"scroll","background-type":"","background-media":"","overlay-type":"","overlay-color":"","overlay-opacity":"","overlay-gradient":""},"tablet":{"background-color":"var(--ast-global-color-5)","background-image":"","background-repeat":"repeat","background-position":"center center","background-size":"auto","background-attachment":"scroll","background-type":"","background-media":"","overlay-type":"","overlay-color":"","overlay-opacity":"","overlay-gradient":""},"mobile":{"background-color":"var(--ast-global-color-5)","background-image":"","background-repeat":"repeat","background-position":"center center","background-size":"auto","background-attachment":"scroll","background-type":"","background-media":"","overlay-type":"","overlay-color":"","overlay-opacity":"","overlay-gradient":""}}},"product_brand":[],"product_cat":[295,178],"product_tag":[],"class_list":{"0":"post-3702","1":"product","2":"type-product","3":"status-publish","4":"has-post-thumbnail","6":"product_cat-globe-pneumatic-control-valve","7":"product_cat-control-valves","8":"desktop-align-left","9":"tablet-align-left","10":"mobile-align-left","11":"ast-product-gallery-layout-horizontal-slider","12":"ast-product-gallery-with-no-image","13":"ast-product-tabs-layout-horizontal","14":"ast-qv-on-image","16":"first","17":"instock","18":"shipping-taxable","19":"product-type-simple"},"_links":{"self":[{"href":"https:\/\/raymonvalve.com\/pt\/wp-json\/wp\/v2\/product\/3702","targetHints":{"allow":["GET"]}}],"collection":[{"href":"https:\/\/raymonvalve.com\/pt\/wp-json\/wp\/v2\/product"}],"about":[{"href":"https:\/\/raymonvalve.com\/pt\/wp-json\/wp\/v2\/types\/product"}],"replies":[{"embeddable":true,"href":"https:\/\/raymonvalve.com\/pt\/wp-json\/wp\/v2\/comments?post=3702"}],"wp:featuredmedia":[{"embeddable":true,"href":"https:\/\/raymonvalve.com\/pt\/wp-json\/wp\/v2\/media\/3701"}],"wp:attachment":[{"href":"https:\/\/raymonvalve.com\/pt\/wp-json\/wp\/v2\/media?parent=3702"}],"wp:term":[{"taxonomy":"product_brand","embeddable":true,"href":"https:\/\/raymonvalve.com\/pt\/wp-json\/wp\/v2\/product_brand?post=3702"},{"taxonomy":"product_cat","embeddable":true,"href":"https:\/\/raymonvalve.com\/pt\/wp-json\/wp\/v2\/product_cat?post=3702"},{"taxonomy":"product_tag","embeddable":true,"href":"https:\/\/raymonvalve.com\/pt\/wp-json\/wp\/v2\/product_tag?post=3702"}],"curies":[{"name":"wp","href":"https:\/\/api.w.org\/{rel}","templated":true}]}}