{"id":3709,"date":"2022-08-24T09:44:25","date_gmt":"2022-08-24T01:44:25","guid":{"rendered":"https:\/\/limegreen-okapi-448594.hostingersite.com\/?post_type=product&#038;p=3709"},"modified":"2022-09-05T12:03:17","modified_gmt":"2022-09-05T04:03:17","slug":"venturi-angle-valves","status":"publish","type":"product","link":"https:\/\/raymonvalve.com\/pt\/produto\/venturi-angle-valves\/","title":{"rendered":"Venturi Angle Valves"},"content":{"rendered":"<p>Designed with a venturi seat, it is suitable for controlling particulate-laden fluids and slurries, viscous or flashing fluids. The valve body has compact structure, small pressure drop loss, large flow rate, wide adjustable range and high flow characteristic accuracy.<\/p>\n<p>Dados t\u00e9cnicos:<\/p>\n<p>-DN:25-150 -Pressure:PN16-110<br \/>\nClasse ANSI 150-600<br \/>\n-Connection standard: GB, DIN, ANSIJIS, etc. -Temperature:-196~+566\u2103 -Cv range:11-850<br \/>\n&#8211; Flow characteristics; equal percentage, linear &#8211; Leakage: V and V classes<\/p>\n<p>Material:<\/p>\n<p>\u2013 Corpo: a\u00e7o carbono, a\u00e7o inoxid\u00e1vel, a\u00e7o de liga especial \u2013 Internos: a\u00e7o inoxid\u00e1vel, a\u00e7o inoxid\u00e1vel + tratamento de endurecimento.<br \/>\nA\u00e7o inoxid\u00e1vel + carboneto, a\u00e7o liga especial<\/p>\n<p>Opcional:<\/p>\n<p>\u2013 Veda\u00e7\u00e3o com fole<\/p>\n<p>-Revestimento isolante<\/p>\n<p>\u2013 Embalagem Luft de baixa vaz\u00e3o<\/p>\n<p>Caracter\u00edsticas:<\/p>\n<p>&#8211; Venturi structure design<br \/>\n-Material de internos (trim) padr\u00e3o<br \/>\n\u2013 Capacidade de estanqueidade atinge n\u00edveis V, V e V<br \/>\n\u2013 Anti-flash e cavita\u00e7\u00e3o<br \/>\n- O canal do corpo da v\u00e1lvula \u00e9 otimizado para melhor estabilidade de fluxo<br \/>\n\u2013 Otimiza\u00e7\u00e3o da intercambialidade de componentes entre todos os tamanhos<\/p>","protected":false},"excerpt":{"rendered":"<p>Designed with a venturi seat, it is suitable for controlling particulate-laden fluids and slurries, viscous or flashing fluids. The valve body has compact structure, small pressure drop loss, large flow rate, wide adjustable range and high flow characteristic accuracy.<\/p>","protected":false},"featured_media":3710,"comment_status":"open","ping_status":"closed","template":"","meta":{"site-sidebar-layout":"default","site-content-layout":"default","ast-site-content-layout":"default","site-content-style":"default","site-sidebar-style":"default","ast-global-header-display":"","ast-banner-title-visibility":"","ast-main-header-display":"","ast-hfb-above-header-display":"","ast-hfb-below-header-display":"","ast-hfb-mobile-header-display":"","site-post-title":"","ast-breadcrumbs-content":"","ast-featured-img":"","footer-sml-layout":"","ast-disable-related-posts":"","theme-transparent-header-meta":"default","adv-header-id-meta":"","stick-header-meta":"default","header-above-stick-meta":"","header-main-stick-meta":"","header-below-stick-meta":"","astra-migrate-meta-layouts":"default","ast-page-background-enabled":"default","ast-page-background-meta":{"desktop":{"background-color":"","background-image":"","background-repeat":"repeat","background-position":"center center","background-size":"auto","background-attachment":"scroll","background-type":"","background-media":"","overlay-type":"","overlay-color":"","overlay-opacity":"","overlay-gradient":""},"tablet":{"background-color":"","background-image":"","background-repeat":"repeat","background-position":"center center","background-size":"auto","background-attachment":"scroll","background-type":"","background-media":"","overlay-type":"","overlay-color":"","overlay-opacity":"","overlay-gradient":""},"mobile":{"background-color":"","background-image":"","background-repeat":"repeat","background-position":"center center","background-size":"auto","background-attachment":"scroll","background-type":"","background-media":"","overlay-type":"","overlay-color":"","overlay-opacity":"","overlay-gradient":""}},"ast-content-background-meta":{"desktop":{"background-color":"var(--ast-global-color-5)","background-image":"","background-repeat":"repeat","background-position":"center center","background-size":"auto","background-attachment":"scroll","background-type":"","background-media":"","overlay-type":"","overlay-color":"","overlay-opacity":"","overlay-gradient":""},"tablet":{"background-color":"var(--ast-global-color-5)","background-image":"","background-repeat":"repeat","background-position":"center center","background-size":"auto","background-attachment":"scroll","background-type":"","background-media":"","overlay-type":"","overlay-color":"","overlay-opacity":"","overlay-gradient":""},"mobile":{"background-color":"var(--ast-global-color-5)","background-image":"","background-repeat":"repeat","background-position":"center center","background-size":"auto","background-attachment":"scroll","background-type":"","background-media":"","overlay-type":"","overlay-color":"","overlay-opacity":"","overlay-gradient":""}}},"product_brand":[],"product_cat":[178,316,295],"product_tag":[],"class_list":{"0":"post-3709","1":"product","2":"type-product","3":"status-publish","4":"has-post-thumbnail","6":"product_cat-control-valves","7":"product_cat-angle-valve","8":"product_cat-globe-pneumatic-control-valve","9":"desktop-align-left","10":"tablet-align-left","11":"mobile-align-left","12":"ast-product-gallery-layout-horizontal-slider","13":"ast-product-gallery-with-no-image","14":"ast-product-tabs-layout-horizontal","15":"ast-qv-on-image","17":"first","18":"instock","19":"shipping-taxable","20":"product-type-simple"},"_links":{"self":[{"href":"https:\/\/raymonvalve.com\/pt\/wp-json\/wp\/v2\/product\/3709","targetHints":{"allow":["GET"]}}],"collection":[{"href":"https:\/\/raymonvalve.com\/pt\/wp-json\/wp\/v2\/product"}],"about":[{"href":"https:\/\/raymonvalve.com\/pt\/wp-json\/wp\/v2\/types\/product"}],"replies":[{"embeddable":true,"href":"https:\/\/raymonvalve.com\/pt\/wp-json\/wp\/v2\/comments?post=3709"}],"wp:featuredmedia":[{"embeddable":true,"href":"https:\/\/raymonvalve.com\/pt\/wp-json\/wp\/v2\/media\/3710"}],"wp:attachment":[{"href":"https:\/\/raymonvalve.com\/pt\/wp-json\/wp\/v2\/media?parent=3709"}],"wp:term":[{"taxonomy":"product_brand","embeddable":true,"href":"https:\/\/raymonvalve.com\/pt\/wp-json\/wp\/v2\/product_brand?post=3709"},{"taxonomy":"product_cat","embeddable":true,"href":"https:\/\/raymonvalve.com\/pt\/wp-json\/wp\/v2\/product_cat?post=3709"},{"taxonomy":"product_tag","embeddable":true,"href":"https:\/\/raymonvalve.com\/pt\/wp-json\/wp\/v2\/product_tag?post=3709"}],"curies":[{"name":"wp","href":"https:\/\/api.w.org\/{rel}","templated":true}]}}